{"id":11,"date":"2024-04-03T23:15:49","date_gmt":"2024-04-03T20:15:49","guid":{"rendered":"https:\/\/sisu.ut.ee\/vahetunnikorraldus\/43-liikumine-ja-tervis\/"},"modified":"2024-04-14T13:59:13","modified_gmt":"2024-04-14T10:59:13","slug":"43-liikumine-ja-tervis","status":"publish","type":"page","link":"https:\/\/sisu.ut.ee\/vahetunnikorraldus\/43-liikumine-ja-tervis\/","title":{"rendered":"Liikumine ja tervis"},"content":{"rendered":"<p>Viljandi G\u00fcmnaasiumis on \u00f5pilastel v\u00f5imalik igal ajal p\u00e4\u00e4seda koolimaja \u00fcmbritsevale terrassile, haljasalale ja palliplatsile.<\/p>\n\n\n\n<figure class=\"wp-block-table is-style-stripes\"><table class=\"table table-hover\"><tbody><tr><td>\u00a0<\/td><td>\n<ul>\n<li>Kuulake, kuidas on p\u00e4\u00e4steameti n\u00f5udmised koordineeritud \u00f5pilaste isikliku vabadusega ning vajadusega omavahel koost\u00f6\u00f6d teha.<\/li>\n<li>Arutlege, milliseid v\u00f5imalusi lisaks pallim\u00e4ngule oleks g\u00fcmnaasiumi\u00f5pilastele veel v\u00f5imalik vaba aja sisustamiseks luua, arvestades puitlaudisega terrassi olemasolu. Ideid genereerides arvestage ka erinevaid aastaaegu.<\/li>\n<li>Milliste vahenditega tagatakse, et kooli \u00fcmbruses ja koolimajas ei liiguks v\u00f5\u00f5raid?<\/li>\n<li>Millise s\u00f5numi annab \u00f5pilastele ja \u00f5petajatele rolleriparkla olemasolu?<\/li>\n<\/ul>\n<\/td><\/tr><\/tbody><\/table><\/figure>\n\n\n\n<p><\/p><div class=\"ratio ratio-16x9 mb-3\"><div class=\"video-placeholder-wrapper video-placeholder-wrapper--16x9\">\n\t\t\t    <div class=\"video-placeholder d-flex justify-content-center align-items-center\">\n\t\t\t        <div class=\"overlay text-white p-2 w-100 text-center d-block justify-content-center align-items-center\">\n\t\t\t            <div>Kolmandate osapoolte sisu n\u00e4gemiseks palun n\u00f5ustu k\u00fcpsistega.<\/div>\n\t\t\t            <button class=\"btn btn-secondary btn-sm mt-1 consent-change\">Muuda n\u00f5usolekut<\/button>\n\t\t\t        <\/div>\n\t\t\t    <\/div>\n\t\t\t<\/div>\n<\/div>\n\n\n\n<p class=\"has-text-align-center\"><a href=\"http:\/\/www.uttv.ee\/naita?id=18353\" target=\"_blank\" rel=\"noopener\">http:\/\/www.uttv.ee\/naita?id=18353<\/a><\/p>\n","protected":false},"excerpt":{"rendered":"<p>Viljandi G\u00fcmnaasiumis on \u00f5pilastel v\u00f5imalik igal ajal p\u00e4\u00e4seda koolimaja \u00fcmbritsevale terrassile, haljasalale ja palliplatsile. \u00a0 Kuulake, kuidas on p\u00e4\u00e4steameti n\u00f5udmised koordineeritud \u00f5pilaste isikliku vabadusega ning vajadusega omavahel koost\u00f6\u00f6d teha. Arutlege, milliseid v\u00f5imalusi lisaks pallim\u00e4ngule oleks g\u00fcmnaasiumi\u00f5pilastele veel v\u00f5imalik vaba aja &#8230;<\/p>\n","protected":false},"author":21,"featured_media":0,"parent":0,"menu_order":0,"comment_status":"closed","ping_status":"closed","template":"","meta":{"_acf_changed":false,"inline_featured_image":false,"footnotes":""},"class_list":["post-11","page","type-page","status-publish","hentry"],"acf":[],"_links":{"self":[{"href":"https:\/\/sisu.ut.ee\/vahetunnikorraldus\/wp-json\/wp\/v2\/pages\/11","targetHints":{"allow":["GET"]}}],"collection":[{"href":"https:\/\/sisu.ut.ee\/vahetunnikorraldus\/wp-json\/wp\/v2\/pages"}],"about":[{"href":"https:\/\/sisu.ut.ee\/vahetunnikorraldus\/wp-json\/wp\/v2\/types\/page"}],"author":[{"embeddable":true,"href":"https:\/\/sisu.ut.ee\/vahetunnikorraldus\/wp-json\/wp\/v2\/users\/21"}],"replies":[{"embeddable":true,"href":"https:\/\/sisu.ut.ee\/vahetunnikorraldus\/wp-json\/wp\/v2\/comments?post=11"}],"version-history":[{"count":2,"href":"https:\/\/sisu.ut.ee\/vahetunnikorraldus\/wp-json\/wp\/v2\/pages\/11\/revisions"}],"predecessor-version":[{"id":42,"href":"https:\/\/sisu.ut.ee\/vahetunnikorraldus\/wp-json\/wp\/v2\/pages\/11\/revisions\/42"}],"wp:attachment":[{"href":"https:\/\/sisu.ut.ee\/vahetunnikorraldus\/wp-json\/wp\/v2\/media?parent=11"}],"curies":[{"name":"wp","href":"https:\/\/api.w.org\/{rel}","templated":true}]}}