{"id":7,"date":"2024-04-04T01:59:37","date_gmt":"2024-04-03T22:59:37","guid":{"rendered":"https:\/\/sisu.ut.ee\/vaatluskunstitegevuses\/vaatlus\/"},"modified":"2024-04-15T15:38:56","modified_gmt":"2024-04-15T12:38:56","slug":"vaatlus","status":"publish","type":"page","link":"https:\/\/sisu.ut.ee\/vaatluskunstitegevuses\/vaatlus\/","title":{"rendered":"Vaatlus"},"content":{"rendered":"<p><strong>\u00a0 \u00a0 \u00a0<span style=\"color: #000000; font-size: medium;\"> \u00a0Vaatluseks<\/span><\/strong><span style=\"color: #000000; font-size: medium;\"> nimetatakse tegevust, kus toimub n\u00e4htuste, esemete tunnuste ja detailide m\u00e4rkamine ning kindla eesm\u00e4rgiga tajumine. Objektide kirjeldamisel \u00f5pitakse leidma neile iseloomulikke jooni ning neist olulisemaid esile tooma. Vaatlustegevuse eesm\u00e4rk \u00fctleb, millele soovitakse objekti vaatlemisel t\u00e4helepanu suunata. Sissejuhatav osa peaks \u00e4ratama lapses uudishimu, motiveerima teda r\u00e4\u00e4kima ja uurima. Vaatlustegevust kokkuv\u00f5ttes peaks esile tooma vaadeldud objekti p\u00f5hiteema, uued m\u00f5isted ja tekkinud kujutused.<\/span><\/p>\n\n\n\n<p><span style=\"color: #000000; font-size: medium;\">\u00a0 \u00a0 \u00a0 \u00a0Vaatlus on efektiivsem, eesm\u00e4rgip\u00e4rasem ja tulemuslikum, kui tegevus viiakse l\u00e4bi kindlate kavapunktide j\u00e4rgi (objekti suurus, kuju, v\u00e4rvus, inimestevahelised emotsioonid jne) ning suunatakse seda sobivate k\u00fcsimuste abil. Kogetut tuleks lasta lapsel koheselt rakendada maalides, meisterdades, voolides v\u00f5i joonistades, et ta saaks kujunenud m\u00f5tteid ja tundeid v\u00e4ljendada ning kinnistada.<\/span><\/p>\n\n\n\n<p><span style=\"color: #000000; font-size: medium;\"><em>Kuidas vaatlustegevus last arendab?<\/em><\/span><\/p>\n\n\n\n<ul class=\"wp-block-list\">\n<li><span style=\"color: #000000; font-size: medium;\">Aitab lapsel leida \u00fcmbritsevate asjade ja n\u00e4htuste olulisi seoseid, oskust m\u00e4rgata ja rakendada seda oma t\u00f6\u00f6des.<\/span><\/li>\n\n\n\n<li><span style=\"color: #000000; font-size: medium;\">Rikastab laste s\u00f5navara ja silmaringi.<\/span><\/li>\n\n\n\n<li><span style=\"color: #000000; font-size: medium;\">Arendab laste t\u00e4helepanu- ja keskendumisv\u00f5imet.<\/span><\/li>\n\n\n\n<li><span style=\"color: #000000; font-size: medium;\">Rakendada saab erinevaid meeli: n\u00e4gemist, maitsmist, kompimist, haistmist, kuulmist.<\/span><\/li>\n\n\n\n<li><span style=\"color: #000000; font-size: medium;\">Koos vaatlusega areneb lastel iseseisev m\u00f5tlemine ja enesev\u00e4ljendusoskus ning -julgus.<\/span><\/li>\n\n\n\n<li><span style=\"color: #000000; font-size: medium;\">Grupiga koos vaadeldes tekib oskus kuulata teisi, arutleda ja saada kinnitust oma arusaamadele.<\/span><\/li>\n\n\n\n<li><span style=\"color: #000000; font-size: medium;\">Vaatlus kutsub lapses esile erinevaid emotsioone, mida ta v\u00e4ljendab miimika, \u017eestide, kehakeele v\u00f5i intonatsiooni kaudu. Emotsioonid m\u00f5jutavad omakorda lapse kognitiivseid v\u00f5imeid \u2013 \u00a0t\u00e4helepanu, taju, m\u00f5tlemist.<\/span><\/li>\n<\/ul>\n\n\n\n<p><span style=\"color: #000000; font-size: medium;\">\u00a0 \u00a0<em><strong> Vaatlusest tuleb eristada m\u00f5istet\u00a0vaatama.\u00a0Viimase\u00a0all m\u00f5istetakse juhuslikku pilgu\u00a0suunamist v\u00f5i j\u00e4lgimist.<\/strong><\/em><\/span><\/p>\n\n\n\n<p class=\"has-text-align-left\">\u00a0<\/p>\n","protected":false},"excerpt":{"rendered":"<p>\u00a0 \u00a0 \u00a0 \u00a0Vaatluseks nimetatakse tegevust, kus toimub n\u00e4htuste, esemete tunnuste ja detailide m\u00e4rkamine ning kindla eesm\u00e4rgiga tajumine. Objektide kirjeldamisel \u00f5pitakse leidma neile iseloomulikke jooni ning neist olulisemaid esile tooma. Vaatlustegevuse eesm\u00e4rk \u00fctleb, millele soovitakse objekti vaatlemisel t\u00e4helepanu suunata. Sissejuhatav &#8230;<\/p>\n","protected":false},"author":58,"featured_media":0,"parent":0,"menu_order":0,"comment_status":"closed","ping_status":"closed","template":"","meta":{"_acf_changed":false,"inline_featured_image":false,"footnotes":""},"class_list":["post-7","page","type-page","status-publish","hentry"],"acf":[],"_links":{"self":[{"href":"https:\/\/sisu.ut.ee\/vaatluskunstitegevuses\/wp-json\/wp\/v2\/pages\/7","targetHints":{"allow":["GET"]}}],"collection":[{"href":"https:\/\/sisu.ut.ee\/vaatluskunstitegevuses\/wp-json\/wp\/v2\/pages"}],"about":[{"href":"https:\/\/sisu.ut.ee\/vaatluskunstitegevuses\/wp-json\/wp\/v2\/types\/page"}],"author":[{"embeddable":true,"href":"https:\/\/sisu.ut.ee\/vaatluskunstitegevuses\/wp-json\/wp\/v2\/users\/58"}],"replies":[{"embeddable":true,"href":"https:\/\/sisu.ut.ee\/vaatluskunstitegevuses\/wp-json\/wp\/v2\/comments?post=7"}],"version-history":[{"count":2,"href":"https:\/\/sisu.ut.ee\/vaatluskunstitegevuses\/wp-json\/wp\/v2\/pages\/7\/revisions"}],"predecessor-version":[{"id":36,"href":"https:\/\/sisu.ut.ee\/vaatluskunstitegevuses\/wp-json\/wp\/v2\/pages\/7\/revisions\/36"}],"wp:attachment":[{"href":"https:\/\/sisu.ut.ee\/vaatluskunstitegevuses\/wp-json\/wp\/v2\/media?parent=7"}],"curies":[{"name":"wp","href":"https:\/\/api.w.org\/{rel}","templated":true}]}}