{"id":5,"date":"2024-04-04T01:59:37","date_gmt":"2024-04-03T22:59:37","guid":{"rendered":"https:\/\/sisu.ut.ee\/vaatluskunstitegevuses\/nouanded\/"},"modified":"2024-04-04T01:59:40","modified_gmt":"2024-04-03T22:59:40","slug":"nouanded","status":"publish","type":"page","link":"https:\/\/sisu.ut.ee\/vaatluskunstitegevuses\/nouanded\/","title":{"rendered":"N\u00f5uanded"},"content":{"rendered":"<p><span style=\"font-size: large\"><span style=\"color: #0000ff\">\u00c4ra heida meelt, kui k\u00f5ik ei suju planeeritult!<\/span><span><\/span><br><\/span><\/p>\n\n<p><span style=\"font-size: large\"><span style=\"font-size: large\"><span style=\"font-size: large\"><span style=\"color: #000000\">Pea meeles:<\/span><br><\/span><\/span><\/span><\/p>\n<ul>\n<li><span style=\"font-size: large;color: #000000\">Oluline on lapse m\u00f5ttetegevus, mitte ,,\u00f5iged\u201d vastused!<\/span><\/li>\n<li><span style=\"font-size: large;color: #000000\">Ole valmis oma ettevalmistatud k\u00fcsimusi vaatluse k\u00e4igus muutma, paljud k\u00fcsimused tuleb \u00fcmber m\u00f5elda l\u00e4htuvalt laste vastustest!<\/span><\/li>\n<li><span style=\"font-size: large;color: #000000\">\u00c4ra kohku, kui k\u00fcsimused ei ole grammatiliselt \u00f5igesti esitatud, laps m\u00f5istab Sind ikka!<\/span><\/li>\n<li><span style=\"font-size: large;color: #000000\">Kiida last igasuguste vastuste puhul, ta ju pingutab!<\/span><\/li>\n<li><span style=\"font-size: large;color: #000000\">Kui laps Sinu k\u00fcsimusele ei vasta, siis v\u00f5ib selleks olla v\u00e4hemalt kaks p\u00f5hjust: ta lihtsalt ei oskagi midagi \u00f6elda v\u00f5i ta ei saa k\u00fcsimusest aru.\u00a0<\/span><\/li>\n<li><span style=\"font-size: large;color: #000000\">Arvesta, et laps ei ole alati valmis koost\u00f6\u00f6d tegema. Lisaks f\u00fc\u00fcsilisele \u00fcmbrusele v\u00f5ivad last h\u00e4irida ka \u00f5petaja kehakeel, n\u00e4oilme, h\u00e4\u00e4l v\u00f5i v\u00e4limus!\u00a0<\/span><\/li>\n<\/ul>\n","protected":false},"excerpt":{"rendered":"<p>\u00c4ra heida meelt, kui k\u00f5ik ei suju planeeritult! Pea meeles: Oluline on lapse m\u00f5ttetegevus, mitte ,,\u00f5iged\u201d vastused! Ole valmis oma ettevalmistatud k\u00fcsimusi vaatluse k\u00e4igus muutma, paljud k\u00fcsimused tuleb \u00fcmber m\u00f5elda l\u00e4htuvalt laste vastustest! \u00c4ra kohku, kui k\u00fcsimused ei ole grammatiliselt &#8230;<\/p>\n","protected":false},"author":58,"featured_media":0,"parent":0,"menu_order":0,"comment_status":"closed","ping_status":"closed","template":"","meta":{"_acf_changed":false,"inline_featured_image":false,"footnotes":""},"class_list":["post-5","page","type-page","status-publish","hentry"],"acf":[],"_links":{"self":[{"href":"https:\/\/sisu.ut.ee\/vaatluskunstitegevuses\/wp-json\/wp\/v2\/pages\/5","targetHints":{"allow":["GET"]}}],"collection":[{"href":"https:\/\/sisu.ut.ee\/vaatluskunstitegevuses\/wp-json\/wp\/v2\/pages"}],"about":[{"href":"https:\/\/sisu.ut.ee\/vaatluskunstitegevuses\/wp-json\/wp\/v2\/types\/page"}],"author":[{"embeddable":true,"href":"https:\/\/sisu.ut.ee\/vaatluskunstitegevuses\/wp-json\/wp\/v2\/users\/58"}],"replies":[{"embeddable":true,"href":"https:\/\/sisu.ut.ee\/vaatluskunstitegevuses\/wp-json\/wp\/v2\/comments?post=5"}],"version-history":[{"count":1,"href":"https:\/\/sisu.ut.ee\/vaatluskunstitegevuses\/wp-json\/wp\/v2\/pages\/5\/revisions"}],"predecessor-version":[{"id":23,"href":"https:\/\/sisu.ut.ee\/vaatluskunstitegevuses\/wp-json\/wp\/v2\/pages\/5\/revisions\/23"}],"wp:attachment":[{"href":"https:\/\/sisu.ut.ee\/vaatluskunstitegevuses\/wp-json\/wp\/v2\/media?parent=5"}],"curies":[{"name":"wp","href":"https:\/\/api.w.org\/{rel}","templated":true}]}}