{"id":4,"date":"2024-04-04T01:59:37","date_gmt":"2024-04-03T22:59:37","guid":{"rendered":"https:\/\/sisu.ut.ee\/vaatluskunstitegevuses\/oppematerjal\/"},"modified":"2024-04-04T01:59:40","modified_gmt":"2024-04-03T22:59:40","slug":"oppematerjal","status":"publish","type":"page","link":"https:\/\/sisu.ut.ee\/vaatluskunstitegevuses\/oppematerjal\/","title":{"rendered":"\u00d5ppevideo"},"content":{"rendered":"<p><span style=\"color: #0000ff\">\u00a0\u2190<span style=\"font-size: medium\">Tutvu hiljem ka j\u00e4rgmisel lehel oleva videoanaluusiga!\u00a0<\/span><\/span><\/p>\n\n<p><span style=\"color: #000000;font-size: medium\"><em>\u00d5ppevideo sisu:<\/em>\u00a0vaatlemine kuueaastase lapsega \u00f5petajapoolsete suunavate k\u00fcsimuste abil.<\/span><\/p>\n<p><span style=\"color: #000000;font-size: medium\"><em>Vaatluse eesm\u00e4rk:<\/em>\u00a0 Laps vaatleb koos \u00f5petajaga raamatuillustratsiooni<\/span><\/p>\n<p><span style=\"color: #000000;font-size: medium\">\u00a0 \u00a0 \u00a0 \u00a0 \u00a0 \u00a0 \u00a0 \u00a0 \u00a0 \u00a0 \u00a0 \u00a0 \u00a0 \u00a0 \u00a0 \u00a0 \u00a0 Laps v\u00e4ljendab \u00f5petaja suunavate k\u00fcsimuste abil oma m\u00f5tteid ja tundeid<\/span><\/p>\n<p><span style=\"color: #000000;font-size: medium\">\u00a0 \u00a0 \u00a0 \u00a0 \u00a0 \u00a0 \u00a0 \u00a0 \u00a0 \u00a0 \u00a0 \u00a0 \u00a0 \u00a0 \u00a0 \u00a0 \u00a0 Laps m\u00e4rkab pildil erinevaid objekte ja detaile<\/span><\/p>\n<p><span style=\"color: #000000;font-size: medium\">\u00a0 \u00a0 \u00a0 \u00a0 \u00a0 \u00a0 \u00a0 \u00a0 \u00a0 \u00a0 \u00a0 \u00a0 \u00a0 \u00a0 \u00a0 \u00a0 \u00a0 Laps leiab esemete ja n\u00e4htuste vahelisi seoseid \u00a0<\/span><\/p>\n<p><span style=\"color: #000000;font-size: medium\"><em>Valdkond:<\/em> \u00a0kunst, keel ja k\u00f5ne, matemaatika, mina ja keskkond<\/span><\/p>\n<p><span style=\"color: #000000;font-size: medium\"><em>Kasutatud materjal:<\/em> \u00a0G. L. Dozo raamat ,,Kui ma suureks saan hakkan\u2026\u201d, illustratsiooniautoriks on \u00a0M. Viale, pildil on kujutatud situatsiooni jalgpallim\u00e4ngust.<\/span><\/p>\n\n<p style=\"text-align: center\"><span style=\"font-size: medium\" class=\"file media-element file-os-files-link-icon\" data-file_info=\"%7B%22fid%22:%2214330%22,%22view_mode%22:%22os_files_link_icon%22,%22type%22:%22media%22%7D\"><img decoding=\"async\" class=\"file-icon\" src=\"\/modules\/file\/icons\/video-x-generic.png\" alt=\"\" title=\"video\/x-msvideo\"> <a href=\"https:\/\/sisu.ut.ee\/wp-content\/uploads\/sites\/155\/raamatuillustratsiooni_vaatlus_0.avi\">raamatuillustratsiooni_vaatlus.avi<\/a><\/span><\/p>\n<p style=\"text-align: center\"><span style=\"font-size: medium\" class=\"file media-element file-os-files-link-icon\" data-file_info=\"%7B%22fid%22:%2214330%22,%22view_mode%22:%22os_files_link_icon%22,%22type%22:%22media%22%7D\">(\u00f5ppevideo allalaadimiseks 41MB)<\/span><\/p>\n<p style=\"text-align: center\">\n<\/p><p style=\"text-align: center\">\n<\/p><p style=\"text-align: left\"><span style=\"color: #000000;font-size: medium\">Vaata videot uuesti ja p\u00fc\u00fca n\u00e4htut anal\u00fc\u00fcsida!\u00a0<\/span><\/p>\n<ul>\n<li><span style=\"color: #000000;font-size: medium\">Mille j\u00e4rgi eristad vaatluse erinevaid etappe: sissejuhatus, p\u00f5hiosa, kokkuv\u00f5te?<\/span><\/li>\n<li><span style=\"color: #000000;font-size: medium\">Kas ja kuidas said vaatluse eesm\u00e4rgid t\u00e4idetud?<\/span><\/li>\n<li><span style=\"color: #000000;font-size: medium\">Kuidas oli arvestatud lapse vanuse ja arengutasemega? Kas vaatlus tundus lapse jaoks liiga lihtne v\u00f5i keeruline?\u00a0<\/span><\/li>\n<li><span style=\"color: #000000;font-size: medium\">Kirjelda valitud pildi sobilikkust vaatluseks (objektide suuruste vahekord, \u00f5iged proportsioonid, loomulikud v\u00e4rvid jne).<\/span><\/li>\n<li><span style=\"color: #000000;font-size: medium\">Kas \u00f5petaja kasutas nii avatud kui suletus k\u00fcsimusi? Kas esitati ka abistavaid k\u00fcsimusi?<\/span><\/li>\n<li><span style=\"color: #000000;font-size: medium\">J\u00e4lgi lapse ja \u00f5petaja kehakeelt, kuidas nende suhe toimib. Kas on midagi, mis v\u00f5ib last tegevusel h\u00e4irida?\u00a0<\/span><\/li>\n<li><span style=\"color: #000000;font-size: medium\">Mis \u00f5nnestus, mis l\u00e4ks viltu?<\/span><\/li>\n<\/ul>\n","protected":false},"excerpt":{"rendered":"<p>\u00a0\u2190Tutvu hiljem ka j\u00e4rgmisel lehel oleva videoanaluusiga!\u00a0 \u00d5ppevideo sisu:\u00a0vaatlemine kuueaastase lapsega \u00f5petajapoolsete suunavate k\u00fcsimuste abil. Vaatluse eesm\u00e4rk:\u00a0 Laps vaatleb koos \u00f5petajaga raamatuillustratsiooni \u00a0 \u00a0 \u00a0 \u00a0 \u00a0 \u00a0 \u00a0 \u00a0 \u00a0 \u00a0 \u00a0 \u00a0 \u00a0 \u00a0 \u00a0 \u00a0 \u00a0 Laps &#8230;<\/p>\n","protected":false},"author":58,"featured_media":0,"parent":0,"menu_order":0,"comment_status":"closed","ping_status":"closed","template":"","meta":{"_acf_changed":false,"inline_featured_image":false,"footnotes":""},"class_list":["post-4","page","type-page","status-publish","hentry"],"acf":[],"_links":{"self":[{"href":"https:\/\/sisu.ut.ee\/vaatluskunstitegevuses\/wp-json\/wp\/v2\/pages\/4","targetHints":{"allow":["GET"]}}],"collection":[{"href":"https:\/\/sisu.ut.ee\/vaatluskunstitegevuses\/wp-json\/wp\/v2\/pages"}],"about":[{"href":"https:\/\/sisu.ut.ee\/vaatluskunstitegevuses\/wp-json\/wp\/v2\/types\/page"}],"author":[{"embeddable":true,"href":"https:\/\/sisu.ut.ee\/vaatluskunstitegevuses\/wp-json\/wp\/v2\/users\/58"}],"replies":[{"embeddable":true,"href":"https:\/\/sisu.ut.ee\/vaatluskunstitegevuses\/wp-json\/wp\/v2\/comments?post=4"}],"version-history":[{"count":1,"href":"https:\/\/sisu.ut.ee\/vaatluskunstitegevuses\/wp-json\/wp\/v2\/pages\/4\/revisions"}],"predecessor-version":[{"id":22,"href":"https:\/\/sisu.ut.ee\/vaatluskunstitegevuses\/wp-json\/wp\/v2\/pages\/4\/revisions\/22"}],"wp:attachment":[{"href":"https:\/\/sisu.ut.ee\/vaatluskunstitegevuses\/wp-json\/wp\/v2\/media?parent=4"}],"curies":[{"name":"wp","href":"https:\/\/api.w.org\/{rel}","templated":true}]}}