{"id":3,"date":"2024-04-04T01:59:37","date_gmt":"2024-04-03T22:59:37","guid":{"rendered":"https:\/\/sisu.ut.ee\/vaatluskunstitegevuses\/avaleht\/"},"modified":"2025-03-31T14:58:42","modified_gmt":"2025-03-31T11:58:42","slug":"avaleht","status":"publish","type":"page","link":"https:\/\/sisu.ut.ee\/vaatluskunstitegevuses\/","title":{"rendered":"Avaleht"},"content":{"rendered":"<p><span style=\"color: #000000; font-size: medium;\">\u00d5piobjekt on terviklik, taaskasutatav ja \u00f5ppimist toetav digitaalne interaktiivne oppematerjal. Selline \u00f5ppematerjal on lihtsasti kasutatav, sobib iseseisvaks \u00f5ppimiseks, on varustatud \u00f5pijuhiste, -eesm\u00e4rkide ja -v\u00e4ljundite ning enesekontrollivahenditega.<br><\/span><\/p>\n\n\n\n<p><span style=\"font-size: medium;\"><strong style=\"color: #000000; font-size: medium;\">\u00d5piobjekt ,, Raamatuillustratsiooni vaatluse l\u00e4biviimine kunstitegevuse valdkonnas 6<em>\u2013<\/em>7-aastaste lastega\u201d<\/strong><\/span><\/p>\n\n\n\n<p><span style=\"font-size: medium;\"><span style=\"color: #000000;\"><span style=\"color: #000000;\">\u00a0 \u00a0 \u00a0 \u00a0 \u00a0 \u00a0<em><strong>\u00a0<\/strong>Kellele ja miks? \u00a0 \u00a0 \u00a0<\/em> \u00a0 \u00a0 \u00a0 \u00a0 \u00a0 \u00a0 \u00a0 \u00a0 \u00a0<\/span> \u00a0 \u00a0 \u00a0 \u00a0 \u00a0 \u00a0 \u00a0<\/span> \u00a0 \u00a0 \u00a0<img loading=\"lazy\" decoding=\"async\" width=\"479\" height=\"310\" class=\"alignnone wp-image-11\" title=\"jaanus.png\" src=\"https:\/\/sisu.ut.ee\/wp-content\/uploads\/sites\/155\/jaanus.png\" alt=\"jaanus.png\" srcset=\"https:\/\/sisu.ut.ee\/wp-content\/uploads\/sites\/155\/jaanus.png 479w, https:\/\/sisu.ut.ee\/wp-content\/uploads\/sites\/155\/jaanus-300x194.png 300w\" sizes=\"auto, (max-width: 479px) 100vw, 479px\">\u00a0 \u00a0 \u00a0 \u00a0 \u00a0 \u00a0 \u00a0 \u00a0<\/span><\/p>\n\n\n\n<ul class=\"wp-block-list\">\n<li><span style=\"color: #000000; font-size: medium;\"><strong>eesm\u00e4rk:<\/strong>\u00a0anda alusteadmised lasteaia\u00f5petajale raamatuillustratsiooni vaatluse l\u00e4biviimiseks kunstitegevuse valdkonnas \u00a06<em>\u2013<\/em>7-aastaste lastega \u00f5petajapoolsete suunavate k\u00fcsimuste abil.<\/span><\/li>\n\n\n\n<li><span style=\"color: #000000; font-size: medium;\"><strong>\u00f5piv\u00e4ljund:<\/strong>\u00a0\u00f5ppija saab teoreetilise materjali kaudu \u00fclevaate vaatlusest ja selle vajalikkusest kunstivaldkonnas ning \u00f5pib teoreetilise materjali ning videofilmi p\u00f5hjal raamatuillustratsiooni vaatlust lastega ise l\u00e4bi viima.<\/span><\/li>\n\n\n\n<li><span style=\"color: #000000; font-size: medium;\"><strong>sihtr\u00fchm: <\/strong>\u00f5piobjekt on m\u00f5eldud lasteaia\u00f5petajatele, kes ei ole kasutanud vaatluse l\u00e4biviimisel raamatuillustratsioone, kuid neil on soov ja tahe seda \u00f5ppida.<\/span><\/li>\n<\/ul>\n\n\n\n<p><span style=\"color: #000000; font-size: medium;\">\u00a0 \u00a0 \u00a0\u00d5piobjekti<em>\u00a0,,Raamatuillustratsiooni vaatluse l\u00e4biviimine kunstitegevuse valdkonnas\u201d<\/em>\u00a0 eesm\u00e4rgid l\u00e4htuvad Koolieelse lasteasutuse riiklikust \u00f5ppekavast (2008), milles kunsti\u00f5petuse \u00fcheks eesm\u00e4rgiks\u00a0on, et \u00a0laps vaatleb \u00a0kunstiteoseid ning kirjeldab n\u00e4htut. \u00d5ppe- ja kasvatust\u00f6\u00f6 korraldamisel\u00a0suunatakse last vaatlema \u00a0ning selle tulemusel kasutab laps vaatlusel tehtud t\u00e4helepanekuid\u00a0\u00a0voolides, meisterdades, maalides ja joonistades. \u00d5ppe- ja kasvatustegevuse tulemusena\u00a06<em>\u2013<\/em>7-aastane laps vaatleb ja kirjeldab kunstiteoseid ning avaldab nende kohta arvamust; m\u00e4rkab \u00fcmbruses leiduvaid objekte, vaatleb ja kirjeldab nende detaile ja v\u00e4rve ning tajub meeleolu; kasutab kunstiteoseid ja raamatuillustratsioone oma t\u00f6\u00f6 l\u00e4htealusena, kujutab objekte neile iseloomulike tunnuste kaudu v\u00f5i vabal, endale isikup\u00e4rasel moel.<\/span><\/p>\n\n\n\n<p><span style=\"color: #000000; font-size: medium;\">\u2026\u2026\u2026\u2026\u2026\u2026\u2026\u2026\u2026\u2026\u2026\u2026\u2026\u2026\u2026\u2026\u2026\u2026\u2026\u2026\u2026\u2026\u2026\u2026\u2026\u2026\u2026\u2026\u2026\u2026\u2026\u2026\u2026\u2026\u2026\u2026\u2026\u2026\u2026\u2026\u2026\u2026\u2026\u2026\u2026\u2026\u2026\u2026\u2026\u2026\u2026\u2026\u2026..<\/span><\/p>\n\n\n\n<p><span style=\"color: #000000; font-size: medium;\"><em>Teadmiste kontrollimiseks ja \u00f5pitu meenutamiseks on \u00a0materjali juurde lisatud enesekontrolli test!<\/em><\/span><\/p>\n\n\n\n<p><span style=\"color: #000000; font-size: medium;\"><em>Pea meeles, et antud \u00f5piobjekt on ainult \u00fcks v\u00f5imalus paljudest! Ei ole ainu\u00f5iget juhendit, mille j\u00e4rgi kunsti<\/em><\/span><span style=\"color: #000000; font-size: medium;\"><em> vaadelda, anda saab ainult soovitusi.<\/em><\/span><\/p>\n","protected":false},"excerpt":{"rendered":"<p>\u00d5piobjekt on terviklik, taaskasutatav ja \u00f5ppimist toetav digitaalne interaktiivne oppematerjal. Selline \u00f5ppematerjal on lihtsasti kasutatav, sobib iseseisvaks \u00f5ppimiseks, on varustatud \u00f5pijuhiste, -eesm\u00e4rkide ja -v\u00e4ljundite ning enesekontrollivahenditega. \u00d5piobjekt ,, Raamatuillustratsiooni vaatluse l\u00e4biviimine kunstitegevuse valdkonnas 6\u20137-aastaste lastega\u201d \u00a0 \u00a0 \u00a0 \u00a0 \u00a0 &#8230;<\/p>\n","protected":false},"author":58,"featured_media":0,"parent":0,"menu_order":0,"comment_status":"closed","ping_status":"closed","template":"","meta":{"_acf_changed":false,"inline_featured_image":false,"footnotes":""},"class_list":["post-3","page","type-page","status-publish","hentry"],"acf":[],"_links":{"self":[{"href":"https:\/\/sisu.ut.ee\/vaatluskunstitegevuses\/wp-json\/wp\/v2\/pages\/3","targetHints":{"allow":["GET"]}}],"collection":[{"href":"https:\/\/sisu.ut.ee\/vaatluskunstitegevuses\/wp-json\/wp\/v2\/pages"}],"about":[{"href":"https:\/\/sisu.ut.ee\/vaatluskunstitegevuses\/wp-json\/wp\/v2\/types\/page"}],"author":[{"embeddable":true,"href":"https:\/\/sisu.ut.ee\/vaatluskunstitegevuses\/wp-json\/wp\/v2\/users\/58"}],"replies":[{"embeddable":true,"href":"https:\/\/sisu.ut.ee\/vaatluskunstitegevuses\/wp-json\/wp\/v2\/comments?post=3"}],"version-history":[{"count":3,"href":"https:\/\/sisu.ut.ee\/vaatluskunstitegevuses\/wp-json\/wp\/v2\/pages\/3\/revisions"}],"predecessor-version":[{"id":43,"href":"https:\/\/sisu.ut.ee\/vaatluskunstitegevuses\/wp-json\/wp\/v2\/pages\/3\/revisions\/43"}],"wp:attachment":[{"href":"https:\/\/sisu.ut.ee\/vaatluskunstitegevuses\/wp-json\/wp\/v2\/media?parent=3"}],"curies":[{"name":"wp","href":"https:\/\/api.w.org\/{rel}","templated":true}]}}