{"id":10,"date":"2024-04-04T01:59:38","date_gmt":"2024-04-03T22:59:38","guid":{"rendered":"https:\/\/sisu.ut.ee\/vaatluskunstitegevuses\/kasutatud-kirjandus\/"},"modified":"2024-04-04T01:59:40","modified_gmt":"2024-04-03T22:59:40","slug":"kasutatud-kirjandus","status":"publish","type":"page","link":"https:\/\/sisu.ut.ee\/vaatluskunstitegevuses\/kasutatud-kirjandus\/","title":{"rendered":"Kasutatud kirjandus"},"content":{"rendered":"<p><span style=\"font-size: medium;color: #000000\">Day, M. &amp; Hurwitz, A. (2012). <em>Children and Their Art: Art Education for Elementary and Middle School.<\/em> <\/span><\/p>\n<p><span style=\"font-size: medium;color: #000000\">\u00a0 \u00a0 \u00a0 International Edition.<\/span><\/p>\n<p><span style=\"font-size: medium;color: #000000\">Dozo, G. L. (2011). <em>Kui ma suureks saan, hakkan\u2026<\/em> . Tallinn: Koolibri.<\/span><\/p>\n<p><span style=\"font-size: medium;color: #000000\">Fisher, R. (2004).\u00a0<em>\u00d5petame lapsi \u00f5ppima.\u00a0<\/em>Kirjastus: AS Atlex.<\/span><\/p>\n<p><span style=\"font-size: medium;color: #000000\">Fisher, R. (2005). <em>\u00d5petame lapsi m\u00f5tlema.<\/em> Kirjastus: AS Atlex.<\/span><\/p>\n<p><span style=\"font-size: medium;color: #000000\">Forman, G. &amp; Hall, E. (2005). Wondering with children: The Importance of Observation in \u00a0Early Education.<\/span><\/p>\n<p><span style=\"font-size: medium;color: #000000\"><em>\u00a0 \u00a0 \u00a0 \u00a0Early childhood<\/em><\/span><em style=\"color: #000000;font-size: medium\">\u00a0Research\u00a0<\/em><em style=\"color: #000000;font-size: medium\">&amp; Practice, 22,<\/em><span style=\"font-size: medium;color: #000000\"> (7).\u00a0<\/span><\/p>\n<p><span style=\"font-size: medium;color: #000000\">Hallap, M.,&amp; Padrik, M. (2008). <em>Lapse k\u00f5ne arendamine.\u00a0<\/em>Tartu \u00dclikooli Kirjastus.<\/span><\/p>\n<p><span style=\"font-size: medium;color: #000000\">Hujala, E. (2004).<em> Uuenev alusharidus.\u00a0<\/em>Kirjastus: Ilo.<\/span><\/p>\n<p><span style=\"font-size: medium;color: #000000\">Juske, A. (2004).\u00a0<em>Joonistav laps. Onto- ja f\u00fclogeneetilised paralleelid.<\/em>\u00a0Eesti Kunstiakadeemia.\u00a0<\/span><\/p>\n<p><span style=\"font-size: medium;color: #000000\">Kangilaski, O. (1967). <em>Kunsti kukeaabits: algteadmisi kunstist ja kunstiajaloost. Tallinn: Punane T\u00e4ht.<\/em><\/span><\/p>\n<p><span style=\"font-size: medium;color: #000000\">Karlep, K. (2003). <em>K\u00f5nearendus. Emakeele abi\u00f5pe II.<\/em> Tartu \u00dclikooli Kirjastus.\u00a0<\/span><\/p>\n<p><span style=\"font-size: medium;color: #000000\"><em>Koolieelse lasteasutuse riiklik \u00f5ppekava.<\/em> (2008). K\u00fclastatud aadressil<\/span><\/p>\n<p><span style=\"font-size: medium;color: #000000\">\u00a0 \u00a0 \u00a0 \u00a0https:\/\/www.riigiteataja.ee\/akt\/12970917.<\/span><\/p>\n<p><span style=\"font-size: medium;color: #000000\">Kulderknup, E. (2008). <em>\u00d5ppe- ja kasvatustegevuse valdkonnad.<\/em> Kirjastus: Studium.<\/span><\/p>\n<p><span style=\"font-size: medium;color: #000000\">K\u00e4rner, E. (2006). <em>Kompositsiooni\u00f5petus.<\/em> Kirjastus: TEA.\u00a0<\/span><\/p>\n<p><span style=\"font-size: medium;color: #000000\">Laanes, M. L. (2014).<\/span><em style=\"color: #000000;font-size: medium\">Lasteillustratsioonid ja nende ajalugu n\u00f5ukogude ajast t\u00e4nap\u00e4evani.<\/em><span style=\"font-size: medium;color: #000000\">\u00a0L\u00f5put\u00f6\u00f6. <\/span><\/p>\n<p><span style=\"font-size: medium;color: #000000\">\u00a0 \u00a0 \u00a0 \u00a0Eesti Ettev\u00f5tlusk\u00f5rgkool Mainor.<\/span><\/p>\n<p><span style=\"font-size: medium;color: #000000\">Oll, T. (2009). Valdkond \u201eKunst\u201c. E. Kulderknup (Toim),\u00a0<\/span><em style=\"color: #000000;font-size: medium\">\u00d5ppe- ja kasvatustegevuse valdkonnad \u00a0<\/em><span style=\"font-size: medium;color: #000000\">(lk 74-90). <\/span><\/p>\n<p><span style=\"font-size: medium;color: #000000\">\u00a0 \u00a0 \u00a0 Tallinn: Studium.\u00a0<\/span><\/p>\n<p><span style=\"font-size: medium;color: #000000\">Vahter, E. (2008). Kunstitegevused. E.Kikas (Toim),\u00a0<\/span><em style=\"color: #000000;font-size: medium\">\u00d5ppimine ja \u00f5petamine koolieelses eas<\/em><span style=\"font-size: medium;color: #000000\">\u00a0\u00a0(lk 247-255).<\/span><\/p>\n<p><span style=\"font-size: medium;color: #000000\">\u00a0 \u00a0 \u00a0 \u00a0Tartu \u00dclikooli\u00a0Kirjastus.<\/span><\/p>\n<p>\u2026\u2026\u2026\u2026\u2026\u2026\u2026\u2026\u2026\u2026\u2026\u2026\u2026\u2026\u2026\u2026\u2026\u2026\u2026\u2026\u2026\u2026\u2026\u2026\u2026\u2026\u2026\u2026\u2026\u2026\u2026\u2026\u2026\u2026\u2026\u2026\u2026\u2026\u2026\u2026\u2026\u2026\u2026\u2026\u2026\u2026\u2026\u2026\u2026\u2026\u2026\u2026\u2026\u2026\u2026\u2026\u2026\u2026\u2026\u2026\u2026\u2026\u2026\u2026\u2026\u2026\u2026\u2026\u2026\u2026\u2026\u2026\u2026\u2026\u2026\u2026\u2026\u2026\u2026\u2026\u2026..<\/p>\n<p><span style=\"font-size: medium;color: #000000\">Illustratsioon raamatust: \u00a0<span>Dozo, G. L. (2011).\u00a0<\/span><em>Kui ma suureks saan, hakkan\u2026<\/em><span>\u00a0. Tallinn: Koolibri.<\/span><\/span><\/p>\n<p><span style=\"font-size: medium;color: #000000\">\u00a0 \u00a0 \u00a0 \u00a0 \u00a0 \u00a0 \u00a0 \u00a0 \u00a0<\/span><\/p>\n","protected":false},"excerpt":{"rendered":"<p>Day, M. &amp; Hurwitz, A. (2012). Children and Their Art: Art Education for Elementary and Middle School. \u00a0 \u00a0 \u00a0 International Edition. Dozo, G. L. (2011). Kui ma suureks saan, hakkan\u2026 . Tallinn: Koolibri. Fisher, R. (2004).\u00a0\u00d5petame lapsi \u00f5ppima.\u00a0Kirjastus: AS &#8230;<\/p>\n","protected":false},"author":58,"featured_media":0,"parent":0,"menu_order":0,"comment_status":"closed","ping_status":"closed","template":"","meta":{"_acf_changed":false,"inline_featured_image":false,"footnotes":""},"class_list":["post-10","page","type-page","status-publish","hentry"],"acf":[],"_links":{"self":[{"href":"https:\/\/sisu.ut.ee\/vaatluskunstitegevuses\/wp-json\/wp\/v2\/pages\/10","targetHints":{"allow":["GET"]}}],"collection":[{"href":"https:\/\/sisu.ut.ee\/vaatluskunstitegevuses\/wp-json\/wp\/v2\/pages"}],"about":[{"href":"https:\/\/sisu.ut.ee\/vaatluskunstitegevuses\/wp-json\/wp\/v2\/types\/page"}],"author":[{"embeddable":true,"href":"https:\/\/sisu.ut.ee\/vaatluskunstitegevuses\/wp-json\/wp\/v2\/users\/58"}],"replies":[{"embeddable":true,"href":"https:\/\/sisu.ut.ee\/vaatluskunstitegevuses\/wp-json\/wp\/v2\/comments?post=10"}],"version-history":[{"count":1,"href":"https:\/\/sisu.ut.ee\/vaatluskunstitegevuses\/wp-json\/wp\/v2\/pages\/10\/revisions"}],"predecessor-version":[{"id":20,"href":"https:\/\/sisu.ut.ee\/vaatluskunstitegevuses\/wp-json\/wp\/v2\/pages\/10\/revisions\/20"}],"wp:attachment":[{"href":"https:\/\/sisu.ut.ee\/vaatluskunstitegevuses\/wp-json\/wp\/v2\/media?parent=10"}],"curies":[{"name":"wp","href":"https:\/\/api.w.org\/{rel}","templated":true}]}}