{"id":7,"date":"2024-04-04T06:15:03","date_gmt":"2024-04-04T03:15:03","guid":{"rendered":"https:\/\/sisu.ut.ee\/vaatamisvaarsused\/oppevahendid\/"},"modified":"2024-04-22T15:49:07","modified_gmt":"2024-04-22T12:49:07","slug":"oppevahendid","status":"publish","type":"page","link":"https:\/\/sisu.ut.ee\/vaatamisvaarsused\/oppevahendid\/","title":{"rendered":"\u00d5ppevahendid"},"content":{"rendered":"<p style=\"text-align: center;\"><a href=\"https:\/\/sisu.ut.ee\/wp-content\/uploads\/sites\/438\/keila.pdf\" target=\"_blank\" rel=\"noopener\" data-fid=\"52517\">Keila juga<\/a><\/p>\n<p style=\"text-align: center;\"><a href=\"https:\/\/sisu.ut.ee\/wp-content\/uploads\/sites\/438\/tuhala.pdf\" target=\"_blank\" rel=\"noopener\" data-fid=\"52519\">Karstiv\u00e4li Tuhalas<\/a><\/p>\n<p style=\"text-align: center;\"><a href=\"https:\/\/sisu.ut.ee\/wp-content\/uploads\/sites\/438\/vasalemma.pdf\" target=\"_blank\" rel=\"noopener\" data-fid=\"52518\">Vasalemma karj\u00e4\u00e4ri geoloogia<\/a><\/p>\n<p style=\"text-align: center;\"><a href=\"https:\/\/sisu.ut.ee\/wp-content\/uploads\/sites\/438\/vasalemma_rif.pdf\" target=\"_blank\" rel=\"noopener\" data-fid=\"52520\">Vasalemma riffe moodustavad organismid<\/a><\/p>\n<p style=\"text-align: center;\"><a href=\"https:\/\/sisu.ut.ee\/wp-content\/uploads\/sites\/438\/viru.pdf\" target=\"_blank\" rel=\"noopener\" data-fid=\"52521\">Viru raba ja soode teke<\/a><\/p>\n<p style=\"text-align: center;\"><a href=\"https:\/\/sisu.ut.ee\/wp-content\/uploads\/sites\/438\/majakivi.pdf\" target=\"_blank\" rel=\"noopener\" data-fid=\"52522\">Juminda Majakivi<\/a><\/p>\n<p style=\"text-align: center;\"><a href=\"https:\/\/sisu.ut.ee\/wp-content\/uploads\/sites\/438\/harma_myyrid.pdf\" target=\"_blank\" rel=\"noopener\" data-fid=\"52523\">H\u00e4rma m\u00fc\u00fcrid<\/a><\/p>\n<p style=\"text-align: center;\"><a href=\"https:\/\/sisu.ut.ee\/wp-content\/uploads\/sites\/438\/harma_tornid.pdf\" target=\"_blank\" rel=\"noopener\" data-fid=\"52524\">Devoni ajastu liivakivitornid Piusa \u00fcrgorus<\/a><\/p>\n<p style=\"text-align: center;\"><a href=\"https:\/\/sisu.ut.ee\/wp-content\/uploads\/sites\/438\/karula.pdf\" target=\"_blank\" rel=\"noopener\" data-fid=\"52525\">Karula vaheldusrikas maastik<\/a><\/p>\n<p style=\"text-align: center;\"><a href=\"https:\/\/sisu.ut.ee\/wp-content\/uploads\/sites\/438\/liustike.pdf\" target=\"_blank\" rel=\"noopener\" data-fid=\"52526\">Liustikutekkelised pinnavormid L\u00f5una-Eesti k\u00f5rgustikel<\/a><\/p>\n<p style=\"text-align: center;\"><a href=\"https:\/\/sisu.ut.ee\/wp-content\/uploads\/sites\/438\/laanemeri.pdf\" target=\"_blank\" rel=\"noopener\" data-fid=\"52602\">Kainosoikumi j\u00e4\u00e4tumine ja L\u00e4\u00e4nemere areng<\/a><\/p>\n<p style=\"text-align: center;\"><a href=\"https:\/\/sisu.ut.ee\/wp-content\/uploads\/sites\/438\/pakrigeoloogia.pdf\" target=\"_blank\" rel=\"noopener\" data-fid=\"52603\">Geoloogilisi vorme Pakri pangal<\/a><\/p>\n<p>\u00a0<\/p>\n\n\n<div class=\"wp-block-group attached-files-group is-layout-constrained wp-block-group-is-layout-constrained\">\n<div class=\"wp-block-file\"><a id=\"wp-block-file--media-be9132c7-398b-40f2-8100-05f3f06c0a55\" href=\"https:\/\/sisu.ut.ee\/wp-content\/uploads\/sites\/438\/keila.pdf\" target=\"_blank\" rel=\"noreferrer noopener\">keila.pdf<\/a><\/div>\n\n\n\n<div class=\"wp-block-file\"><a id=\"wp-block-file--media-79300672-0473-48b6-b098-1abe30920d75\" href=\"https:\/\/sisu.ut.ee\/wp-content\/uploads\/sites\/438\/vasalemma.pdf\" target=\"_blank\" rel=\"noreferrer noopener\">vasalemma.pdf<\/a><\/div>\n\n\n\n<div class=\"wp-block-file\"><a id=\"wp-block-file--media-01b347ff-df78-4e22-b07b-5abcf90f535c\" href=\"https:\/\/sisu.ut.ee\/wp-content\/uploads\/sites\/438\/tuhala.pdf\" target=\"_blank\" rel=\"noreferrer noopener\">tuhala.pdf<\/a><\/div>\n\n\n\n<div class=\"wp-block-file\"><a id=\"wp-block-file--media-2cd6ae15-62c4-4fc5-b3ba-c205f4923983\" href=\"https:\/\/sisu.ut.ee\/wp-content\/uploads\/sites\/438\/vasalemma_rif.pdf\" target=\"_blank\" rel=\"noreferrer noopener\">vasalemma_rif.pdf<\/a><\/div>\n\n\n\n<div class=\"wp-block-file\"><a id=\"wp-block-file--media-6fa6dc76-c79c-4148-bb7b-786f1821eef7\" href=\"https:\/\/sisu.ut.ee\/wp-content\/uploads\/sites\/438\/viru.pdf\" target=\"_blank\" rel=\"noreferrer noopener\">viru.pdf<\/a><\/div>\n<\/div>\n","protected":false},"excerpt":{"rendered":"<p>Keila juga Karstiv\u00e4li Tuhalas Vasalemma karj\u00e4\u00e4ri geoloogia Vasalemma riffe moodustavad organismid Viru raba ja soode teke Juminda Majakivi H\u00e4rma m\u00fc\u00fcrid Devoni ajastu liivakivitornid Piusa \u00fcrgorus Karula vaheldusrikas maastik Liustikutekkelised pinnavormid L\u00f5una-Eesti k\u00f5rgustikel Kainosoikumi j\u00e4\u00e4tumine ja L\u00e4\u00e4nemere areng Geoloogilisi vorme Pakri &#8230;<\/p>\n","protected":false},"author":226,"featured_media":0,"parent":0,"menu_order":0,"comment_status":"closed","ping_status":"closed","template":"","meta":{"_acf_changed":false,"inline_featured_image":false,"footnotes":""},"class_list":["post-7","page","type-page","status-publish","hentry"],"acf":[],"_links":{"self":[{"href":"https:\/\/sisu.ut.ee\/vaatamisvaarsused\/wp-json\/wp\/v2\/pages\/7","targetHints":{"allow":["GET"]}}],"collection":[{"href":"https:\/\/sisu.ut.ee\/vaatamisvaarsused\/wp-json\/wp\/v2\/pages"}],"about":[{"href":"https:\/\/sisu.ut.ee\/vaatamisvaarsused\/wp-json\/wp\/v2\/types\/page"}],"author":[{"embeddable":true,"href":"https:\/\/sisu.ut.ee\/vaatamisvaarsused\/wp-json\/wp\/v2\/users\/226"}],"replies":[{"embeddable":true,"href":"https:\/\/sisu.ut.ee\/vaatamisvaarsused\/wp-json\/wp\/v2\/comments?post=7"}],"version-history":[{"count":3,"href":"https:\/\/sisu.ut.ee\/vaatamisvaarsused\/wp-json\/wp\/v2\/pages\/7\/revisions"}],"predecessor-version":[{"id":93,"href":"https:\/\/sisu.ut.ee\/vaatamisvaarsused\/wp-json\/wp\/v2\/pages\/7\/revisions\/93"}],"wp:attachment":[{"href":"https:\/\/sisu.ut.ee\/vaatamisvaarsused\/wp-json\/wp\/v2\/media?parent=7"}],"curies":[{"name":"wp","href":"https:\/\/api.w.org\/{rel}","templated":true}]}}