{"id":6,"date":"2024-04-04T06:15:03","date_gmt":"2024-04-04T03:15:03","guid":{"rendered":"https:\/\/sisu.ut.ee\/vaatamisvaarsused\/toolehed-paljandites\/"},"modified":"2024-04-04T06:15:12","modified_gmt":"2024-04-04T03:15:12","slug":"toolehed-paljandites","status":"publish","type":"page","link":"https:\/\/sisu.ut.ee\/vaatamisvaarsused\/toolehed-paljandites\/","title":{"rendered":"Iseseisva t\u00f6\u00f6 lehed paljandites"},"content":{"rendered":"<ol style=\"color:#000000;font-style:normal;font-weight:400;letter-spacing:normal;text-align:start;text-transform:none;background-color:#ffffff\">\n<li>\n\t\t<a data-fid=\"52485\" href=\"https:\/\/sisu.ut.ee\/wp-content\/uploads\/sites\/438\/tooleht_tuhala.pdf\">Tuhala karstiala ja Keila juga<\/a>\n<p>\n\t\t\t\u00a0\n\t\t<\/p>\n<\/li>\n<li>\n\t\t<a data-fid=\"52486\" href=\"https:\/\/sisu.ut.ee\/wp-content\/uploads\/sites\/438\/tooleht_vasalemma.pdf\">Vasalemma karj\u00e4\u00e4r<\/a>\n<p>\n\t\t\t\u00a0\n\t\t<\/p>\n<\/li>\n<li>\n\t\t<a data-fid=\"52487\" href=\"https:\/\/sisu.ut.ee\/wp-content\/uploads\/sites\/438\/tooleht_majakivi.pdf\">Juminda Majakivi Lahemaal ja Viru raba<\/a>\n<p>\n\t\t\t\u00a0\n\t\t<\/p>\n<\/li>\n<li>\n\t\t<a data-fid=\"52488\" href=\"https:\/\/sisu.ut.ee\/wp-content\/uploads\/sites\/438\/tooleht_harma.pdf\">H\u00e4rma m\u00fc\u00fcrid (Devoni liivakivi) ja Haanja k\u00f5rgustik<\/a>\n<p>\n\t\t\t\u00a0\n\t\t<\/p>\n<\/li>\n<li>\n\t\t<a data-fid=\"52489\" href=\"https:\/\/sisu.ut.ee\/wp-content\/uploads\/sites\/438\/tooleht_pakrigeoloogia.pdf\">L\u00e4\u00e4nemere areng ja Pakri pank<\/a>\n\t<\/li>\n<\/ol>\n","protected":false},"excerpt":{"rendered":"<p>Tuhala karstiala ja Keila juga \u00a0 Vasalemma karj\u00e4\u00e4r \u00a0 Juminda Majakivi Lahemaal ja Viru raba \u00a0 H\u00e4rma m\u00fc\u00fcrid (Devoni liivakivi) ja Haanja k\u00f5rgustik \u00a0 L\u00e4\u00e4nemere areng ja Pakri pank<\/p>\n","protected":false},"author":226,"featured_media":0,"parent":0,"menu_order":0,"comment_status":"closed","ping_status":"closed","template":"","meta":{"_acf_changed":false,"inline_featured_image":false,"footnotes":""},"class_list":["post-6","page","type-page","status-publish","hentry"],"acf":[],"_links":{"self":[{"href":"https:\/\/sisu.ut.ee\/vaatamisvaarsused\/wp-json\/wp\/v2\/pages\/6","targetHints":{"allow":["GET"]}}],"collection":[{"href":"https:\/\/sisu.ut.ee\/vaatamisvaarsused\/wp-json\/wp\/v2\/pages"}],"about":[{"href":"https:\/\/sisu.ut.ee\/vaatamisvaarsused\/wp-json\/wp\/v2\/types\/page"}],"author":[{"embeddable":true,"href":"https:\/\/sisu.ut.ee\/vaatamisvaarsused\/wp-json\/wp\/v2\/users\/226"}],"replies":[{"embeddable":true,"href":"https:\/\/sisu.ut.ee\/vaatamisvaarsused\/wp-json\/wp\/v2\/comments?post=6"}],"version-history":[{"count":1,"href":"https:\/\/sisu.ut.ee\/vaatamisvaarsused\/wp-json\/wp\/v2\/pages\/6\/revisions"}],"predecessor-version":[{"id":82,"href":"https:\/\/sisu.ut.ee\/vaatamisvaarsused\/wp-json\/wp\/v2\/pages\/6\/revisions\/82"}],"wp:attachment":[{"href":"https:\/\/sisu.ut.ee\/vaatamisvaarsused\/wp-json\/wp\/v2\/media?parent=6"}],"curies":[{"name":"wp","href":"https:\/\/api.w.org\/{rel}","templated":true}]}}