{"id":3,"date":"2024-04-04T06:15:03","date_gmt":"2024-04-04T03:15:03","guid":{"rendered":"https:\/\/sisu.ut.ee\/vaatamisvaarsused\/avaleht\/"},"modified":"2024-04-22T15:47:27","modified_gmt":"2024-04-22T12:47:27","slug":"avaleht","status":"publish","type":"page","link":"https:\/\/sisu.ut.ee\/vaatamisvaarsused\/","title":{"rendered":"Avaleht"},"content":{"rendered":"<p>Eesti on tuntud oma kaunite looduslike paikade poolest. Siinsete vaatamisv\u00e4\u00e4rsuste hulgas on koopaid, paljandeid, karstivorme, m\u00e4gesid, j\u00e4rvi ja allikaid.<\/p>\n<p><b>Geoloogiline loodusm\u00e4lestis (-monument)<\/b>\u00a0on erakordne ja ilmekas geoloogiline objekt, mis v\u00e4\u00e4rib s\u00e4ilitamist muutmata kujul ja mida on otstarbekas demonstreerida loodushariduslikel eesm\u00e4rkidel v\u00f5imalikult laialdaselt. Ta avab ilmekalt ja \u00fchet\u00e4henduslikult geoloogilise protsessi olemuse, mis ta tekitas.<\/p>\n<p>Loodusm\u00e4lestisel peavad olema ka teatud\u00a0<b>m\u00f5\u00f5tmelised piirid.<\/b>\u00a0N\u00e4iteks ei ole loodusm\u00e4lestis paleontoloogiline leid, haruldane mineraal vms, mis viiakse muuseumi v\u00f5i kollektsiooni. Siis on tegu eksponaadi v\u00f5i kollektsioonis\u00e4ilikuga. Kui suur v\u00f5ib loodusm\u00e4lestis aga maksimaalselt olla? R\u00e4ndrahnu ja paljandi k\u00f5rval on loodusm\u00e4lestiseks sageli m\u00f5ni pinnavorm v\u00f5i karstiala, mis h\u00f5lmab m\u00e4rkimisv\u00e4\u00e4rset pindala. Kokkuleppeliselt peab loodusm\u00e4lestis olema looduses vaadeldav \u2013\u00a0terviklikult n\u00e4htav \u00fchest-kahest punktist. Kui ta vajab vaatlemiseks suuremate vahemaade l\u00e4bimist, on ta midagi muud \u2013\u00a0maastiku\u00fcksus, kaitseala vms. K\u00fcsimuse teeb keerukamaks asjaolu, et \u00fcks loodusm\u00e4lestis v\u00f5ib paikneda teise sees. N\u00e4iteks v\u00f5ib kogukas r\u00e4ndrahn paikneda karstialal v\u00f5i j\u00f5eorus. K\u00f5ik s\u00f5ltub neil puhkudel sellest, mida me vaatama l\u00e4heme, niisiis v\u00f5ib loodusm\u00e4lestisena k\u00e4sitleda \u00fcheaegselt nii \u00fcht kui teist.<\/p>\n<p><b>Geoloogiliste ehk eluta looduse m\u00e4lestiste<\/b>\u00a0m\u00f5iste ja\u00a0<b>kaitse korraldamine<\/b>\u00a0ei ole eriti vana idee. P\u00f5hjus on lihtne: kui eluslooduse esindajate p\u00f6\u00f6rdumatu h\u00e4vimine liikide v\u00e4ljasuremise teel sai k\u00f5igile silmn\u00e4htavaks ja valusalt tajutavaks, siis kivisse talletatud unikaalsed loodusobjektid n\u00e4isid seisvat v\u00e4ljaspool ohtu \u2013\u00a0nad olid k\u00f5vast ja eluta ainest ning enamasti ka k\u00fcllalt suured. Ent inimtegevuse hoogustudes \u2013\u00a0eriti maavarade kaevandamisel, suurte ehitiste rajamisel, veehoidlate kujundamisel ning erinevatel maaparandust\u00f6\u00f6del \u2013\u00a0hakkas oht varitsema neidki ja m\u00f5nigi neist on t\u00e4naseks juba h\u00e4vinud. Seep\u00e4rast on arusaadav, miks ka eluta looduse m\u00e4lestiste \u2013\u00a0unikaalsete geoloogiliste objektide kaitsele on hakatud rohkem t\u00e4helepanu p\u00f6\u00f6rama.\u00a0<b>Eesti loodusm\u00e4lestiste hulgas on alusp\u00f5hjapaljandeid, koopaid, jugasid, erinevaid pinnavorme, karstiilminguid, allikaid ja meteoriidikraatreid.<\/b><\/p>\n<table class=\"table table-hover\">\n<tbody>\n<tr>\n<td>\n<ul>\n<li><a title=\"\" href=\"https:\/\/sisu.ut.ee\/vaatamisvaarsused\/keila\" target=\"_blank\" rel=\"noopener\" data-url=\"https:\/\/sisu.ut.ee\/vaatamisvaarsused\/keila\">Keila juga<\/a><\/li>\n<li><a title=\"\" href=\"https:\/\/sisu.ut.ee\/vaatamisvaarsused\/tuhala\" target=\"_blank\" rel=\"noopener\" data-url=\"https:\/\/sisu.ut.ee\/vaatamisvaarsused\/tuhala\">Tuhala karstiala<\/a><\/li>\n<li><a title=\"\" href=\"https:\/\/sisu.ut.ee\/vaatamisvaarsused\/vasalemma\" target=\"_blank\" rel=\"noopener\" data-url=\"https:\/\/sisu.ut.ee\/vaatamisvaarsused\/vasalemma\">Vasalemma rifilubjakivi<\/a><\/li>\n<li><a title=\"\" href=\"https:\/\/sisu.ut.ee\/vaatamisvaarsused\/viru\" target=\"_blank\" rel=\"noopener\" data-url=\"https:\/\/sisu.ut.ee\/vaatamisvaarsused\/viru\">Viru raba<\/a><\/li>\n<li><a title=\"\" href=\"https:\/\/sisu.ut.ee\/vaatamisvaarsused\/harma\" target=\"_blank\" rel=\"noopener\" data-url=\"https:\/\/sisu.ut.ee\/vaatamisvaarsused\/harma\">H\u00e4rma m\u00fc\u00fcrid<\/a><\/li>\n<li><a title=\"\" href=\"https:\/\/sisu.ut.ee\/vaatamisvaarsused\/pakri-pank\" target=\"_blank\" rel=\"noopener\" data-url=\"https:\/\/sisu.ut.ee\/vaatamisvaarsused\/pakri-pank\">Pakri pank<\/a><\/li>\n<\/ul>\n<\/td>\n<\/tr>\n<\/tbody>\n<\/table>\n<hr size=\"10\" width=\"10\">\n<table class=\"table table-hover\">\n<tbody>\n<tr>\n<td><a title=\"\" href=\"https:\/\/sisu.ut.ee\/vaatamisvaarsused\/oppevahendid\" target=\"_blank\" rel=\"noopener\" data-url=\"https:\/\/sisu.ut.ee\/vaatamisvaarsused\/oppevahendid\">\u00d5ppevahendid<\/a><a title=\"\" href=\"https:\/\/sisu.ut.ee\/vaatamisvaarsused\/toolehed-paljandites\" target=\"_blank\" rel=\"noopener\" data-url=\"https:\/\/sisu.ut.ee\/vaatamisvaarsused\/toolehed-paljandites\">Iseseisva t\u00f6\u00f6\u00a0lehed geoloogiamuuseumis<\/a>\n<p><a title=\"\" href=\"https:\/\/sisu.ut.ee\/vaatamisvaarsused\/kirjandust\" target=\"_blank\" rel=\"noopener\" data-url=\"https:\/\/sisu.ut.ee\/vaatamisvaarsused\/kirjandust\">Kirjandust \u00fcldisest geoloogiast<\/a><\/p>\n<p><a title=\"\" href=\"https:\/\/sisu.ut.ee\/vaatamisvaarsused\/tanuavaldused\" target=\"_blank\" rel=\"noopener\" data-url=\"https:\/\/sisu.ut.ee\/vaatamisvaarsused\/tanuavaldused\">T\u00e4nuavaldused<\/a><\/p><\/td>\n<\/tr>\n<\/tbody>\n<\/table>\n<p>\u00d5ppematerjalide koostamist toetas Keskkonnainsvesteeringute Keskus.<\/p>\n<p><img loading=\"lazy\" decoding=\"async\" class=\"alignnone size-full wp-image-90\" src=\"https:\/\/sisu.ut.ee\/wp-content\/uploads\/sites\/438\/kik_logo_rgb.jpg\" alt=\"\" width=\"199\" height=\"217\"><\/p>\n<p>\u00dcldise geoloogia \u00f5ppematerjali\u00a0koostaja on Mare Isakar.<br>\nCopyright \u00a9 2014\u00a0Mare Isakar<\/p>\n","protected":false},"excerpt":{"rendered":"<p>Eesti on tuntud oma kaunite looduslike paikade poolest. Siinsete vaatamisv\u00e4\u00e4rsuste hulgas on koopaid, paljandeid, karstivorme, m\u00e4gesid, j\u00e4rvi ja allikaid. Geoloogiline loodusm\u00e4lestis (-monument)\u00a0on erakordne ja ilmekas geoloogiline objekt, mis v\u00e4\u00e4rib s\u00e4ilitamist muutmata kujul ja mida on otstarbekas demonstreerida loodushariduslikel eesm\u00e4rkidel v\u00f5imalikult &#8230;<\/p>\n","protected":false},"author":226,"featured_media":0,"parent":0,"menu_order":0,"comment_status":"closed","ping_status":"closed","template":"","meta":{"_acf_changed":false,"inline_featured_image":false,"footnotes":""},"class_list":["post-3","page","type-page","status-publish","hentry"],"acf":[],"_links":{"self":[{"href":"https:\/\/sisu.ut.ee\/vaatamisvaarsused\/wp-json\/wp\/v2\/pages\/3","targetHints":{"allow":["GET"]}}],"collection":[{"href":"https:\/\/sisu.ut.ee\/vaatamisvaarsused\/wp-json\/wp\/v2\/pages"}],"about":[{"href":"https:\/\/sisu.ut.ee\/vaatamisvaarsused\/wp-json\/wp\/v2\/types\/page"}],"author":[{"embeddable":true,"href":"https:\/\/sisu.ut.ee\/vaatamisvaarsused\/wp-json\/wp\/v2\/users\/226"}],"replies":[{"embeddable":true,"href":"https:\/\/sisu.ut.ee\/vaatamisvaarsused\/wp-json\/wp\/v2\/comments?post=3"}],"version-history":[{"count":2,"href":"https:\/\/sisu.ut.ee\/vaatamisvaarsused\/wp-json\/wp\/v2\/pages\/3\/revisions"}],"predecessor-version":[{"id":91,"href":"https:\/\/sisu.ut.ee\/vaatamisvaarsused\/wp-json\/wp\/v2\/pages\/3\/revisions\/91"}],"wp:attachment":[{"href":"https:\/\/sisu.ut.ee\/vaatamisvaarsused\/wp-json\/wp\/v2\/media?parent=3"}],"curies":[{"name":"wp","href":"https:\/\/api.w.org\/{rel}","templated":true}]}}