{"id":6,"date":"2024-04-03T23:15:52","date_gmt":"2024-04-03T20:15:52","guid":{"rendered":"https:\/\/sisu.ut.ee\/vaartuskommunikatsioon\/1-kuidas-opiobjekti-kasutada\/"},"modified":"2024-04-03T23:15:55","modified_gmt":"2024-04-03T20:15:55","slug":"1-kuidas-opiobjekti-kasutada","status":"publish","type":"page","link":"https:\/\/sisu.ut.ee\/vaartuskommunikatsioon\/1-kuidas-opiobjekti-kasutada\/","title":{"rendered":"Kuidas \u00f5piobjekti kasutada?"},"content":{"rendered":"<p>T\u00e4ispikas videon\u00e4ites (vt Tagasisidestamine \u00f5ppeprotsessis) on v\u00f5imalik j\u00e4lgida ja anal\u00fc\u00fcsida erinevate tagasisidev\u00f5tete v\u00f5imalusi ja m\u00f5ju, sh:<\/p>\n<ul>\n<li>hinnangulist ja hinnanguvaba tagasisidet<\/li>\n<li>verbaalseid ja mitteverbaalseid v\u00e4ljendus\u00f5imalusi tagasiside andmiseks<\/li>\n<li>\u00f5petaja-\u00f5pilane, \u00f5petaja-klass ning \u00f5pilane-\u00f5pilane tagasisidestamist<\/li>\n<li><span style=\"line-height: 1.6em\">efektiivse ja ebaefektiivse tagasiside erinevust<\/span><\/li>\n<\/ul>\n<p><span style=\"line-height: 1.6em\">L\u00fchil\u00f5ikudes on eraldi k\u00e4sitletud \u00fcmbers\u00f5nastamist kui tagasisidev\u00f5tet ning vigu kui \u00f5ppimisv\u00f5imalusi.<\/span><\/p>\n<p><span style=\"line-height: 1.6em\">\u00d5piobjektis esitatud videol\u00f5ike saab korduvalt vaadata, nii\u00f6elda aega edasi-tagasi kerida, ning panna t\u00e4hele ja anal\u00fc\u00fcsida detaile, millest pedagoogiline praktika koosneb. Videon\u00e4idetele lisaks esitatud teoreetiline materjal loob tausta, k\u00fcsimused, eneseanal\u00fc\u00fcsi- ja m\u00e4rkamis\u00fclesanded v\u00f5imaldavad \u00f5ppijal arendada oma m\u00e4rkamis- ja refleksioonioskusi ning siduda \u00f5pitavat oma pedagoogilise praktikaga.<\/span><\/p>\n","protected":false},"excerpt":{"rendered":"<p>T\u00e4ispikas videon\u00e4ites (vt Tagasisidestamine \u00f5ppeprotsessis) on v\u00f5imalik j\u00e4lgida ja anal\u00fc\u00fcsida erinevate tagasisidev\u00f5tete v\u00f5imalusi ja m\u00f5ju, sh: hinnangulist ja hinnanguvaba tagasisidet verbaalseid ja mitteverbaalseid v\u00e4ljendus\u00f5imalusi tagasiside andmiseks \u00f5petaja-\u00f5pilane, \u00f5petaja-klass ning \u00f5pilane-\u00f5pilane tagasisidestamist efektiivse ja ebaefektiivse tagasiside erinevust L\u00fchil\u00f5ikudes on eraldi k\u00e4sitletud &#8230;<\/p>\n","protected":false},"author":21,"featured_media":0,"parent":0,"menu_order":0,"comment_status":"closed","ping_status":"closed","template":"","meta":{"_acf_changed":false,"inline_featured_image":false,"footnotes":""},"class_list":["post-6","page","type-page","status-publish","hentry"],"acf":[],"_links":{"self":[{"href":"https:\/\/sisu.ut.ee\/vaartuskommunikatsioon\/wp-json\/wp\/v2\/pages\/6","targetHints":{"allow":["GET"]}}],"collection":[{"href":"https:\/\/sisu.ut.ee\/vaartuskommunikatsioon\/wp-json\/wp\/v2\/pages"}],"about":[{"href":"https:\/\/sisu.ut.ee\/vaartuskommunikatsioon\/wp-json\/wp\/v2\/types\/page"}],"author":[{"embeddable":true,"href":"https:\/\/sisu.ut.ee\/vaartuskommunikatsioon\/wp-json\/wp\/v2\/users\/21"}],"replies":[{"embeddable":true,"href":"https:\/\/sisu.ut.ee\/vaartuskommunikatsioon\/wp-json\/wp\/v2\/comments?post=6"}],"version-history":[{"count":1,"href":"https:\/\/sisu.ut.ee\/vaartuskommunikatsioon\/wp-json\/wp\/v2\/pages\/6\/revisions"}],"predecessor-version":[{"id":35,"href":"https:\/\/sisu.ut.ee\/vaartuskommunikatsioon\/wp-json\/wp\/v2\/pages\/6\/revisions\/35"}],"wp:attachment":[{"href":"https:\/\/sisu.ut.ee\/vaartuskommunikatsioon\/wp-json\/wp\/v2\/media?parent=6"}],"curies":[{"name":"wp","href":"https:\/\/api.w.org\/{rel}","templated":true}]}}