{"id":5,"date":"2024-04-03T23:15:52","date_gmt":"2024-04-03T20:15:52","guid":{"rendered":"https:\/\/sisu.ut.ee\/vaartuskommunikatsioon\/umbersonastamine\/"},"modified":"2024-04-14T14:12:37","modified_gmt":"2024-04-14T11:12:37","slug":"umbersonastamine","status":"publish","type":"page","link":"https:\/\/sisu.ut.ee\/vaartuskommunikatsioon\/umbersonastamine\/","title":{"rendered":"\u00dcmbers\u00f5nastamine"},"content":{"rendered":"<p>\u00dcmbers\u00f5nastamine eeldab aktiivset kuulamist. Vestluskaaslase \u00f6eldut saab \u00fcmber s\u00f5nastada mitmel moel:<\/p>\n<ul>\n<li>kokkuv\u00f5tlik umbersonastamine (v\u00f5imaldab l\u00fchidalt peegeldada, kuidas teise inimese \u00f6eldust aru saite, v\u00f5i v\u00e4lja tuua selle olulisemad aspektid)<\/li>\n<li>s\u00f5na-s\u00f5nalt umbersonastamine<\/li>\n<li>nihestatud v\u00f5i kohandatud umbersonastamine (v\u00f5imaldab muuta r\u00f5huasetust v\u00f5i s\u00f5nastada kriitika ettepanekuks)<\/li>\n<\/ul>\n<p>Vaata videon\u00e4idet ja anal\u00fc\u00fcsi seda j\u00e4rgnevate k\u00fcsimuste valguses.<\/p>\n<p style=\"text-align: center;\"><span style=\"line-height: 1.6em;\"><div class=\"ratio ratio-16x9 mb-3\"><div class=\"video-placeholder-wrapper video-placeholder-wrapper--16x9\">\n\t\t\t    <div class=\"video-placeholder d-flex justify-content-center align-items-center\">\n\t\t\t        <div class=\"overlay text-white p-2 w-100 text-center d-block justify-content-center align-items-center\">\n\t\t\t            <div>Kolmandate osapoolte sisu n\u00e4gemiseks palun n\u00f5ustu k\u00fcpsistega.<\/div>\n\t\t\t            <button class=\"btn btn-secondary btn-sm mt-1 consent-change\">Muuda n\u00f5usolekut<\/button>\n\t\t\t        <\/div>\n\t\t\t    <\/div>\n\t\t\t<\/div>\n<\/div><\/span><\/p>\n<p style=\"text-align: center;\"><span style=\"line-height: 1.6em;\"><a href=\"http:\/\/uttv.ee\/naita?id=18409\" target=\"_blank\" rel=\"noopener\">http:\/\/uttv.ee\/naita?id=18409<\/a><\/span><\/p>\n<p><img loading=\"lazy\" decoding=\"async\" width=\"48\" height=\"48\" class=\"alignnone wp-image-15\" style=\"float: left; margin: 0px 10px;\" title=\"ymar_kysim2rgiikoon.png\" src=\"https:\/\/sisu.ut.ee\/wp-content\/uploads\/sites\/64\/ymar_kysim2rgiikoon.png\" alt=\"ymar_kysim2rgiikoon.png\">Kuidas \u00f5petaja\u00a0annab m\u00e4rku, et ta kuulas ja m\u00f5istis \u00f5pilase \u00f6eldut?<\/p>\n<p>J\u00e4lgi, kuidas \u00f5petaja pehmendab hinnanguid ning aitab s\u00f5nastada kriitika konstruktiivseks ettepanekuks.<\/p>\n","protected":false},"excerpt":{"rendered":"<p>\u00dcmbers\u00f5nastamine eeldab aktiivset kuulamist. Vestluskaaslase \u00f6eldut saab \u00fcmber s\u00f5nastada mitmel moel: kokkuv\u00f5tlik umbersonastamine (v\u00f5imaldab l\u00fchidalt peegeldada, kuidas teise inimese \u00f6eldust aru saite, v\u00f5i v\u00e4lja tuua selle olulisemad aspektid) s\u00f5na-s\u00f5nalt umbersonastamine nihestatud v\u00f5i kohandatud umbersonastamine (v\u00f5imaldab muuta r\u00f5huasetust v\u00f5i s\u00f5nastada kriitika &#8230;<\/p>\n","protected":false},"author":21,"featured_media":0,"parent":0,"menu_order":0,"comment_status":"closed","ping_status":"closed","template":"","meta":{"_acf_changed":false,"inline_featured_image":false,"footnotes":""},"class_list":["post-5","page","type-page","status-publish","hentry"],"acf":[],"_links":{"self":[{"href":"https:\/\/sisu.ut.ee\/vaartuskommunikatsioon\/wp-json\/wp\/v2\/pages\/5","targetHints":{"allow":["GET"]}}],"collection":[{"href":"https:\/\/sisu.ut.ee\/vaartuskommunikatsioon\/wp-json\/wp\/v2\/pages"}],"about":[{"href":"https:\/\/sisu.ut.ee\/vaartuskommunikatsioon\/wp-json\/wp\/v2\/types\/page"}],"author":[{"embeddable":true,"href":"https:\/\/sisu.ut.ee\/vaartuskommunikatsioon\/wp-json\/wp\/v2\/users\/21"}],"replies":[{"embeddable":true,"href":"https:\/\/sisu.ut.ee\/vaartuskommunikatsioon\/wp-json\/wp\/v2\/comments?post=5"}],"version-history":[{"count":2,"href":"https:\/\/sisu.ut.ee\/vaartuskommunikatsioon\/wp-json\/wp\/v2\/pages\/5\/revisions"}],"predecessor-version":[{"id":47,"href":"https:\/\/sisu.ut.ee\/vaartuskommunikatsioon\/wp-json\/wp\/v2\/pages\/5\/revisions\/47"}],"wp:attachment":[{"href":"https:\/\/sisu.ut.ee\/vaartuskommunikatsioon\/wp-json\/wp\/v2\/media?parent=5"}],"curies":[{"name":"wp","href":"https:\/\/api.w.org\/{rel}","templated":true}]}}