{"id":4,"date":"2024-04-03T23:15:52","date_gmt":"2024-04-03T20:15:52","guid":{"rendered":"https:\/\/sisu.ut.ee\/vaartuskommunikatsioon\/oppe-protsess\/"},"modified":"2024-04-03T23:15:55","modified_gmt":"2024-04-03T20:15:55","slug":"oppe-protsess","status":"publish","type":"page","link":"https:\/\/sisu.ut.ee\/vaartuskommunikatsioon\/oppe-protsess\/","title":{"rendered":"Tagasisidestamine \u00f5ppeprotsessis"},"content":{"rendered":"<p><span style=\"line-height: 1.6em\">Vaata videot ja vasta j\u00e4rgnevatele k\u00fcsimustele. K\u00fcsimuste j\u00e4rele on \u00a0m\u00e4rgitud, millistest l\u00f5ikudest v\u00f5ib leida vastuseid v\u00f5i k\u00f5ige iseloomulikumaid n\u00e4iteid.<\/span><\/p>\n<p style=\"text-align: center\"><\/p><div class=\"ratio ratio-16x9 mb-3\"><div class=\"video-placeholder-wrapper video-placeholder-wrapper--16x9\">\n\t\t\t    <div class=\"video-placeholder d-flex justify-content-center align-items-center\">\n\t\t\t        <div class=\"overlay text-white p-2 w-100 text-center d-block justify-content-center align-items-center\">\n\t\t\t            <div>Kolmandate osapoolte sisu n\u00e4gemiseks palun n\u00f5ustu k\u00fcpsistega.<\/div>\n\t\t\t            <button class=\"btn btn-secondary btn-sm mt-1 consent-change\">Muuda n\u00f5usolekut<\/button>\n\t\t\t        <\/div>\n\t\t\t    <\/div>\n\t\t\t<\/div>\n<\/div>\n<p style=\"text-align: center\"><a href=\"http:\/\/uttv.ee\/naita?id=18419\" target=\"_blank\" rel=\"noopener\">http:\/\/uttv.ee\/naita?id=1841<\/a><\/p>\n<table class=\"table table-hover\" border=\"0\">\n<tbody>\n<tr>\n<td><img loading=\"lazy\" decoding=\"async\" width=\"48\" height=\"48\" class=\"alignnone wp-image-15\" src=\"https:\/\/sisu.ut.ee\/wp-content\/uploads\/sites\/64\/ymar_kysim2rgiikoon.png\" title=\"ymar_kysim2rgiikoon.png\" alt=\"ymar_kysim2rgiikoon.png\"><\/td>\n<td>\n<ul>\n<li>Milliseid s\u00f5nu kasutab \u00f5petaja kiire ja tihedalt esineva tagaside andmisel? (vt videol\u00f5iku 00:00-02:45)<\/li>\n<li>Kas tagasisidet antakse \u00f5pilase isikule v\u00f5i tema tegevusele? (vt videol\u00f5iku 02:45-05:22)<\/li>\n<li>Kas tagasisidet antakse \u00fchele \u00f5pilasele v\u00f5i r\u00fchmale? (vt videol\u00f5iku 02:45-05:22)<\/li>\n<li>Kuidas on korraldatud tagasiside andmine klassi ees teksti lugevatele \u00f5pilastele? (vt videol\u00f5ike 02:45-03:55 ja 08:20-09:25)<\/li>\n<li>Kuidas \u00f5petaja annab hinnangu \u00f5pilastelt tulevale tagasisidele ning liidab sellele omapoolse tagasiside? (vt videol\u00f5iku 08:20-09:25)<\/li>\n<li>Too n\u00e4iteid \u00f5petaja hinnanguvabast tagasisidest. (vt videol\u00f5iku 15:50-16:49)<\/li>\n<li>Too n\u00e4iteid \u00f5petaja kirjeldavast tagasisidest. (vt videol\u00f5iku 15:50-16:49)<\/li>\n<li>Millise mitteverbaalse tegevusega soovitab \u00f5petaja \u00f5igesti vastanud \u00f5pilastel ennast kiita? (09:59-10:27)<\/li>\n<li>Milliseid verbaalseid ja mitteverbaalseid v\u00e4ljendusv\u00f5imalusi kasutab \u00f5petaja \u00f5pilastele tagasiside andmiseks? (vt videol\u00f5iku\u00a015:50-16:50)<\/li>\n<li>\u00d5petaja kasutab \u00f5pilase lause kordamist tagasiside andmiseks. Kas ta sel viisil n\u00f5ustub \u00f5pilase vastusega v\u00f5i mitte? Millel p\u00f5hineb teie arvamus? (vt videol\u00f5iku\u00a017:30-18:42)<\/li>\n<\/ul>\n<\/td>\n<\/tr>\n<\/tbody>\n<\/table>\n","protected":false},"excerpt":{"rendered":"<p>Vaata videot ja vasta j\u00e4rgnevatele k\u00fcsimustele. K\u00fcsimuste j\u00e4rele on \u00a0m\u00e4rgitud, millistest l\u00f5ikudest v\u00f5ib leida vastuseid v\u00f5i k\u00f5ige iseloomulikumaid n\u00e4iteid. Kolmandate osapoolte sisu n\u00e4gemiseks palun n\u00f5ustu k\u00fcpsistega. Muuda n\u00f5usolekut http:\/\/uttv.ee\/naita?id=1841 Milliseid s\u00f5nu kasutab \u00f5petaja kiire ja tihedalt esineva tagaside andmisel? (vt &#8230;<\/p>\n","protected":false},"author":21,"featured_media":0,"parent":0,"menu_order":0,"comment_status":"closed","ping_status":"closed","template":"","meta":{"_acf_changed":false,"inline_featured_image":false,"footnotes":""},"class_list":["post-4","page","type-page","status-publish","hentry"],"acf":[],"_links":{"self":[{"href":"https:\/\/sisu.ut.ee\/vaartuskommunikatsioon\/wp-json\/wp\/v2\/pages\/4","targetHints":{"allow":["GET"]}}],"collection":[{"href":"https:\/\/sisu.ut.ee\/vaartuskommunikatsioon\/wp-json\/wp\/v2\/pages"}],"about":[{"href":"https:\/\/sisu.ut.ee\/vaartuskommunikatsioon\/wp-json\/wp\/v2\/types\/page"}],"author":[{"embeddable":true,"href":"https:\/\/sisu.ut.ee\/vaartuskommunikatsioon\/wp-json\/wp\/v2\/users\/21"}],"replies":[{"embeddable":true,"href":"https:\/\/sisu.ut.ee\/vaartuskommunikatsioon\/wp-json\/wp\/v2\/comments?post=4"}],"version-history":[{"count":1,"href":"https:\/\/sisu.ut.ee\/vaartuskommunikatsioon\/wp-json\/wp\/v2\/pages\/4\/revisions"}],"predecessor-version":[{"id":33,"href":"https:\/\/sisu.ut.ee\/vaartuskommunikatsioon\/wp-json\/wp\/v2\/pages\/4\/revisions\/33"}],"wp:attachment":[{"href":"https:\/\/sisu.ut.ee\/vaartuskommunikatsioon\/wp-json\/wp\/v2\/media?parent=4"}],"curies":[{"name":"wp","href":"https:\/\/api.w.org\/{rel}","templated":true}]}}