{"id":3,"date":"2024-04-03T23:15:52","date_gmt":"2024-04-03T20:15:52","guid":{"rendered":"https:\/\/sisu.ut.ee\/vaartuskommunikatsioon\/avaleht\/"},"modified":"2024-04-14T14:08:55","modified_gmt":"2024-04-14T11:08:55","slug":"avaleht","status":"publish","type":"page","link":"https:\/\/sisu.ut.ee\/vaartuskommunikatsioon\/","title":{"rendered":"Avaleht"},"content":{"rendered":"<p><span style=\"line-height: 1.6em;\">Autorid: Halliki Harro-Loit, Eva Ingerpuu-R\u00fcmmel \u00a0(anal\u00fc\u00fcs), Eleri L\u00f5hmus (kaamerat\u00f6\u00f6 ja montaa\u017e), Inga Kukk (\u00f5piobjekti teostus)<\/span><\/p>\n\n\n\n<figure class=\"wp-block-image size-large is-resized\"><img loading=\"lazy\" decoding=\"async\" width=\"1024\" height=\"536\" src=\"https:\/\/sisu.ut.ee\/wp-content\/uploads\/sites\/64\/tagasiside_ymbers6nast-2-1024x536.jpg\" alt=\"\" class=\"wp-image-19\" style=\"width:504px;height:auto\" srcset=\"https:\/\/sisu.ut.ee\/wp-content\/uploads\/sites\/64\/tagasiside_ymbers6nast-2-1024x536.jpg 1024w, https:\/\/sisu.ut.ee\/wp-content\/uploads\/sites\/64\/tagasiside_ymbers6nast-2-300x157.jpg 300w, https:\/\/sisu.ut.ee\/wp-content\/uploads\/sites\/64\/tagasiside_ymbers6nast-2-768x402.jpg 768w, https:\/\/sisu.ut.ee\/wp-content\/uploads\/sites\/64\/tagasiside_ymbers6nast-2.jpg 1359w\" sizes=\"auto, (max-width: 1024px) 100vw, 1024px\"><\/figure>\n\n\n\n<p>\u00d5piobjekti maht: 0,15 EAP<\/p>\n\n\n\n<h2 class=\"wp-block-heading\">\u00d5PIOBJEKTI EESM\u00c4RK JA SIHTR\u00dcHM<\/h2>\n\n\n\n<p>\u00d5piobjektis tutvustatakse erinevaid\u00a0tunniformaadis kasutatavaid suhtlus- ja tagasisideviise ning v\u00e4\u00e4rtuste kujundamise v\u00f5imalusi.<\/p>\n\n\n\n<p>\u00d5piobjektiga on oodatud tutvuma nii \u00f5petajakoolituse \u00fcli\u00f5pilased kui ka t\u00e4ienduskoolituses osalevad ja teised tegev\u00f5petajad.<\/p>\n\n\n\n<p>Salvestatud \u00f5piolukord, \u00f5pikeskkond, tund vms v\u00f5imaldab virtuaalses keskkonnas tuua kokku erinevad kogemused (eri \u00f5petajate tunnid, eri koolide ruumid, erinevad \u00f5pik\u00e4sitlused), mis rikastavad meie arusaama hea pedagoogilise praktika mitmekesisusest.\u00a0Videon\u00e4idete eesm\u00e4rk on suunata \u00f5ppijat m\u00e4rkama erinevaid \u00f5ppeprotsessi aspekte (nt \u00f5petaja ainealased didaktilised v\u00f5tted, suhtlusviisid, laudade asetus klassis\u00a0jms). Tavaolukorras toimivad k\u00f5ik need aspektid korraga ning nende koostoimet on keeruline hoomata ja teadvustada.<\/p>\n\n\n\n<h2 class=\"wp-block-heading\">\u00d5PIV\u00c4LJUNDID<\/h2>\n\n\n\n<p><span style=\"background-color: #ffffff;\">\u00d5piobjekti l\u00e4bit\u00f6\u00f6tanu:<\/span><\/p>\n\n\n\n<ul class=\"wp-block-list\">\n<li><span style=\"background-color: #ffffff;\">tunneb erinevaid tagasiside andmise viise<\/span><\/li>\n\n\n\n<li><span style=\"background-color: #ffffff;\">oskab video p\u00f5hjal anal\u00fc\u00fcsida \u00f5petajalt ja \u00f5pilaselt saadavat tagasisidet ning \u00f5petaja ja \u00f5pilaste koost\u00f6\u00f6s antavat\u00a0 tagasisidet<br><\/span><\/li>\n\n\n\n<li><span style=\"background-color: #ffffff;\">anal\u00fc\u00fcsib tagasiside v\u00f5imalusi oma praktikas<\/span><\/li>\n<\/ul>\n\n\n\n<h2 class=\"wp-block-heading\">\u00a0TARTU, 2013<\/h2>\n","protected":false},"excerpt":{"rendered":"<p>Autorid: Halliki Harro-Loit, Eva Ingerpuu-R\u00fcmmel \u00a0(anal\u00fc\u00fcs), Eleri L\u00f5hmus (kaamerat\u00f6\u00f6 ja montaa\u017e), Inga Kukk (\u00f5piobjekti teostus) \u00d5piobjekti maht: 0,15 EAP \u00d5PIOBJEKTI EESM\u00c4RK JA SIHTR\u00dcHM \u00d5piobjektis tutvustatakse erinevaid\u00a0tunniformaadis kasutatavaid suhtlus- ja tagasisideviise ning v\u00e4\u00e4rtuste kujundamise v\u00f5imalusi. \u00d5piobjektiga on oodatud tutvuma nii \u00f5petajakoolituse &#8230;<\/p>\n","protected":false},"author":21,"featured_media":0,"parent":0,"menu_order":0,"comment_status":"closed","ping_status":"closed","template":"","meta":{"_acf_changed":false,"inline_featured_image":false,"footnotes":""},"class_list":["post-3","page","type-page","status-publish","hentry"],"acf":[],"_links":{"self":[{"href":"https:\/\/sisu.ut.ee\/vaartuskommunikatsioon\/wp-json\/wp\/v2\/pages\/3","targetHints":{"allow":["GET"]}}],"collection":[{"href":"https:\/\/sisu.ut.ee\/vaartuskommunikatsioon\/wp-json\/wp\/v2\/pages"}],"about":[{"href":"https:\/\/sisu.ut.ee\/vaartuskommunikatsioon\/wp-json\/wp\/v2\/types\/page"}],"author":[{"embeddable":true,"href":"https:\/\/sisu.ut.ee\/vaartuskommunikatsioon\/wp-json\/wp\/v2\/users\/21"}],"replies":[{"embeddable":true,"href":"https:\/\/sisu.ut.ee\/vaartuskommunikatsioon\/wp-json\/wp\/v2\/comments?post=3"}],"version-history":[{"count":3,"href":"https:\/\/sisu.ut.ee\/vaartuskommunikatsioon\/wp-json\/wp\/v2\/pages\/3\/revisions"}],"predecessor-version":[{"id":43,"href":"https:\/\/sisu.ut.ee\/vaartuskommunikatsioon\/wp-json\/wp\/v2\/pages\/3\/revisions\/43"}],"wp:attachment":[{"href":"https:\/\/sisu.ut.ee\/vaartuskommunikatsioon\/wp-json\/wp\/v2\/media?parent=3"}],"curies":[{"name":"wp","href":"https:\/\/api.w.org\/{rel}","templated":true}]}}