{"id":13,"date":"2024-04-03T23:15:53","date_gmt":"2024-04-03T20:15:53","guid":{"rendered":"https:\/\/sisu.ut.ee\/vaartuskommunikatsioon\/4-kokkuvote\/"},"modified":"2024-04-03T23:15:55","modified_gmt":"2024-04-03T20:15:55","slug":"4-kokkuvote","status":"publish","type":"page","link":"https:\/\/sisu.ut.ee\/vaartuskommunikatsioon\/4-kokkuvote\/","title":{"rendered":"Kokkuv\u00f5te"},"content":{"rendered":"<p>Igap\u00e4evane klassirutiin on kokkuleppeline \u2013 ka selles osas, mis on tagasiside v\u00f5i hindamiskultuur, millist tagasisidet oodatakse ja antakse.<\/p>\n<table class=\"table table-hover\" border=\"0\">\n<tbody>\n<tr>\n<td><img loading=\"lazy\" decoding=\"async\" width=\"48\" height=\"48\" class=\"alignnone wp-image-15\" style=\"line-height: 1.6em;text-align: -webkit-center;max-width: none !important;float: left\" src=\"https:\/\/sisu.ut.ee\/wp-content\/uploads\/sites\/64\/ymar_kysim2rgiikoon.png\" title=\"ymar_kysim2rgiikoon.png\" alt=\"ymar_kysim2rgiikoon.png\"><\/td>\n<td>\n<ul>\n<li>Milline on tagasisidekultuur sinu koolis?<\/li>\n<li><span style=\"line-height: 1.6em\">M\u00f5tle j\u00e4rgnevatele aspektidele:<\/span><\/li>\n<\/ul>\n<ul>\n<ul>\n<ul>\n<li><span style=\"line-height: 1.6em\">Mille kohta tagasisidet antakse, milline on tagasiside maht (nt kas k\u00f5ik vead v\u00f5i m\u00f5ned)?<\/span><\/li>\n<li><span style=\"line-height: 1.6em\">Mis vormis tagasisidet antakse (k\u00fcsimused? hinded? kui hinded, siis millised on hindamiskriteeriumid? kui hinne on liiga \u00fcldine, siis ei anna see piisavat tagasisidet)?<\/span><\/li>\n<li><span style=\"line-height: 1.6em\">Kas tagasiside on tasakaalus \u2013 konstruktiivne kriitika versus tunnustus saavutuste eest, aga ka viited arenguv\u00f5imalustele?<\/span><\/li>\n<li><span style=\"line-height: 1.6em\">Millal antakse tagasisidet isikule, millal teole, millal tulemusele?<\/span><\/li>\n<\/ul>\n<\/ul>\n<\/ul>\n<\/td>\n<\/tr>\n<\/tbody>\n<\/table>\n<p><br style=\"line-height: 1.6em\"><span style=\"line-height: 1.6em\">NB! Tagasisidet saab ka k\u00fcsida. Siis on oluline l\u00e4bi m\u00f5elda, millele k\u00fcsija tagasisidet tahab ja millele mitte (\u00f5petajal on oluline sellest kokkuleppest kinni pidada).<\/span><\/p>\n","protected":false},"excerpt":{"rendered":"<p>Igap\u00e4evane klassirutiin on kokkuleppeline \u2013 ka selles osas, mis on tagasiside v\u00f5i hindamiskultuur, millist tagasisidet oodatakse ja antakse. Milline on tagasisidekultuur sinu koolis? M\u00f5tle j\u00e4rgnevatele aspektidele: Mille kohta tagasisidet antakse, milline on tagasiside maht (nt kas k\u00f5ik vead v\u00f5i m\u00f5ned)? &#8230;<\/p>\n","protected":false},"author":21,"featured_media":0,"parent":0,"menu_order":0,"comment_status":"closed","ping_status":"closed","template":"","meta":{"_acf_changed":false,"inline_featured_image":false,"footnotes":""},"class_list":["post-13","page","type-page","status-publish","hentry"],"acf":[],"_links":{"self":[{"href":"https:\/\/sisu.ut.ee\/vaartuskommunikatsioon\/wp-json\/wp\/v2\/pages\/13","targetHints":{"allow":["GET"]}}],"collection":[{"href":"https:\/\/sisu.ut.ee\/vaartuskommunikatsioon\/wp-json\/wp\/v2\/pages"}],"about":[{"href":"https:\/\/sisu.ut.ee\/vaartuskommunikatsioon\/wp-json\/wp\/v2\/types\/page"}],"author":[{"embeddable":true,"href":"https:\/\/sisu.ut.ee\/vaartuskommunikatsioon\/wp-json\/wp\/v2\/users\/21"}],"replies":[{"embeddable":true,"href":"https:\/\/sisu.ut.ee\/vaartuskommunikatsioon\/wp-json\/wp\/v2\/comments?post=13"}],"version-history":[{"count":1,"href":"https:\/\/sisu.ut.ee\/vaartuskommunikatsioon\/wp-json\/wp\/v2\/pages\/13\/revisions"}],"predecessor-version":[{"id":31,"href":"https:\/\/sisu.ut.ee\/vaartuskommunikatsioon\/wp-json\/wp\/v2\/pages\/13\/revisions\/31"}],"wp:attachment":[{"href":"https:\/\/sisu.ut.ee\/vaartuskommunikatsioon\/wp-json\/wp\/v2\/media?parent=13"}],"curies":[{"name":"wp","href":"https:\/\/api.w.org\/{rel}","templated":true}]}}