{"id":10,"date":"2024-04-03T23:15:52","date_gmt":"2024-04-03T20:15:52","guid":{"rendered":"https:\/\/sisu.ut.ee\/vaartuskommunikatsioon\/32-opetaja-viga-kui-oppimisvoimalus\/"},"modified":"2024-04-14T14:11:33","modified_gmt":"2024-04-14T11:11:33","slug":"32-opetaja-viga-kui-oppimisvoimalus","status":"publish","type":"page","link":"https:\/\/sisu.ut.ee\/vaartuskommunikatsioon\/32-opetaja-viga-kui-oppimisvoimalus\/","title":{"rendered":"\u00d5petaja viga kui \u00f5ppimisv\u00f5imalus"},"content":{"rendered":"<p>Kui \u00f5pilane v\u00f5i ka \u00f5petaja teeb vea tunnis teiste kuuldes, siis on see talle sageli ebamugav. \u00d5petajal on v\u00f5imalus v\u00e4hendada \u00f5pilases tekkivat pinget, kui \u00f5petaja t\u00e4nab \u00f5pilast \u00f5ppeprotsessis (mitte hindelise harjutuse sooritamisel) tehtud vea eest, sest nii saavad k\u00f5ik esiletulnud veast \u00f5ppida. \u00d5pilase tehtud viga annab \u00f5petajale tagasisidet selle kohta, kuidas \u00f5pilasel uue osa omandamine l\u00e4heb ja millised aspektid valmistavad raskusi.<\/p>\n<p><span style=\"background-color: #ffffff;\">Ka \u00f5petajal v\u00f5ib ette tulla vigu, mille \u201ckinnim\u00e4tsimisega\u201d kaotab ta \u00fche harjutamise v\u00f5imaluse. \u00d5petaja saab v\u00e4\u00e4rtuslikku tagasisidet \u00f5pilase edasij\u00f5udmise kohta, kui \u00f5pilane annab teada \u00f5petajal tekkinud veast. Kui \u00f5pilane on m\u00e4rganud \u00f5petaja viga, saab \u00f5petaja paluda \u00f5pilastel viga parandada. J\u00e4rgnevas videol\u00f5igus on n\u00e4ha, kuidas \u00f5petaja tehtud viga muutub harjutuseks.<\/span><\/p>\n<p>Vaata videol\u00f5iku ja vasta j\u00e4rgnevatele k\u00fcsimustele.<\/p>\n<p style=\"text-align: center;\"><\/p><div class=\"ratio ratio-16x9 mb-3\"><div class=\"video-placeholder-wrapper video-placeholder-wrapper--16x9\">\n\t\t\t    <div class=\"video-placeholder d-flex justify-content-center align-items-center\">\n\t\t\t        <div class=\"overlay text-white p-2 w-100 text-center d-block justify-content-center align-items-center\">\n\t\t\t            <div>Kolmandate osapoolte sisu n\u00e4gemiseks palun n\u00f5ustu k\u00fcpsistega.<\/div>\n\t\t\t            <button class=\"btn btn-secondary btn-sm mt-1 consent-change\">Muuda n\u00f5usolekut<\/button>\n\t\t\t        <\/div>\n\t\t\t    <\/div>\n\t\t\t<\/div>\n<\/div>\n<p style=\"text-align: center;\"><a href=\"http:\/\/uttv.ee\/naita?id=18418\" target=\"_blank\" rel=\"noopener\">http:\/\/uttv.ee\/naita?id=18418<\/a><\/p>\n<p><span style=\"line-height: 1.6em;\"><img loading=\"lazy\" decoding=\"async\" width=\"48\" height=\"48\" class=\"alignnone wp-image-15\" style=\"float: left; margin: 10px 20px;\" title=\"ymar_kysim2rgiikoon.png\" src=\"https:\/\/sisu.ut.ee\/wp-content\/uploads\/sites\/64\/ymar_kysim2rgiikoon.png\" alt=\"ymar_kysim2rgiikoon.png\"><\/span><\/p>\n<p><span style=\"line-height: 1.6em;\">\u00d5petaja on teinud vea planeedi nime kirjutades. \u00d5petaja muudab vea harjutuseks. Kuidas saavad algklassi \u00f5pilased harjutada lugemisoskust, \u00f5igekirja ja h\u00e4\u00e4limist \u00f5petaja vea kaudu?<\/span><\/p>\n<p><span style=\"line-height: 1.6em;\">Milliseid vigu oled kohanud \u00f5petajatel \u00f5pilasena v\u00f5i ise praktiseeriva \u00f5petajana? Kuidas need olukorrad lahendati? Milliseid harjutusi oleks saanud teha selliste vigade p\u00f5hjal?<\/span><\/p>\n","protected":false},"excerpt":{"rendered":"<p>Kui \u00f5pilane v\u00f5i ka \u00f5petaja teeb vea tunnis teiste kuuldes, siis on see talle sageli ebamugav. \u00d5petajal on v\u00f5imalus v\u00e4hendada \u00f5pilases tekkivat pinget, kui \u00f5petaja t\u00e4nab \u00f5pilast \u00f5ppeprotsessis (mitte hindelise harjutuse sooritamisel) tehtud vea eest, sest nii saavad k\u00f5ik esiletulnud &#8230;<\/p>\n","protected":false},"author":21,"featured_media":0,"parent":0,"menu_order":0,"comment_status":"closed","ping_status":"closed","template":"","meta":{"_acf_changed":false,"inline_featured_image":false,"footnotes":""},"class_list":["post-10","page","type-page","status-publish","hentry"],"acf":[],"_links":{"self":[{"href":"https:\/\/sisu.ut.ee\/vaartuskommunikatsioon\/wp-json\/wp\/v2\/pages\/10","targetHints":{"allow":["GET"]}}],"collection":[{"href":"https:\/\/sisu.ut.ee\/vaartuskommunikatsioon\/wp-json\/wp\/v2\/pages"}],"about":[{"href":"https:\/\/sisu.ut.ee\/vaartuskommunikatsioon\/wp-json\/wp\/v2\/types\/page"}],"author":[{"embeddable":true,"href":"https:\/\/sisu.ut.ee\/vaartuskommunikatsioon\/wp-json\/wp\/v2\/users\/21"}],"replies":[{"embeddable":true,"href":"https:\/\/sisu.ut.ee\/vaartuskommunikatsioon\/wp-json\/wp\/v2\/comments?post=10"}],"version-history":[{"count":2,"href":"https:\/\/sisu.ut.ee\/vaartuskommunikatsioon\/wp-json\/wp\/v2\/pages\/10\/revisions"}],"predecessor-version":[{"id":45,"href":"https:\/\/sisu.ut.ee\/vaartuskommunikatsioon\/wp-json\/wp\/v2\/pages\/10\/revisions\/45"}],"wp:attachment":[{"href":"https:\/\/sisu.ut.ee\/vaartuskommunikatsioon\/wp-json\/wp\/v2\/media?parent=10"}],"curies":[{"name":"wp","href":"https:\/\/api.w.org\/{rel}","templated":true}]}}