{"id":9,"date":"2024-04-04T08:40:06","date_gmt":"2024-04-04T05:40:06","guid":{"rendered":"https:\/\/sisu.ut.ee\/v66rliikidejakliimamuutustem6ju\/publikatsioonid\/"},"modified":"2024-04-09T11:26:44","modified_gmt":"2024-04-09T08:26:44","slug":"publikatsioonid","status":"publish","type":"page","link":"https:\/\/sisu.ut.ee\/v66rliikidejakliimamuutustem6ju\/publikatsioonid\/","title":{"rendered":"Publikatsioonid"},"content":{"rendered":"<p>1.\u00a0N\u00f5omaa, K.; Kotta, J.; Szava-Kovats, R.; Herk\u00fcl, K.; Hubel, K.; Eschbaum, R.; Vetemaa, M. 2022. Novel fish predator causes sustained changes in its prey populations. Frontiers in Marine Science, 9, 849878. Loe artiklit <a title=\"\" href=\"https:\/\/www.frontiersin.org\/articles\/10.3389\/fmars.2022.849878\/full\" target=\"_blank\" rel=\"noopener\" data-url=\"https:\/\/www.frontiersin.org\/articles\/10.3389\/fmars.2022.849878\/full\">SIIT<\/a>.2.<\/p>\n<p>2.\u00a0Beleem, I.B.; Kotta, J.; Barboza, F.R. Effects of an Invasive Mud Crab on a Macroalgae-Dominated Habitat of the Baltic Sea under Different Temperature Regimes.\u00a0Diversity\u00a0<b>2023<\/b>,\u00a015, 644. <a title=\"\" href=\"https:\/\/www.mdpi.com\/1424-2818\/15\/5\/644\" target=\"_blank\" rel=\"noopener\" data-url=\"https:\/\/www.mdpi.com\/1424-2818\/15\/5\/644\">SIIT<\/a>.<\/p>\n<p>3.<strong>\u00a0Valmis esimene omataoline mere v\u00f5\u00f5rliikide m\u00f5ju uuring maailmas<\/strong> \u2013\u00a0Tartu \u00dclikooli P\u00e4rnu kolled\u017ei ja Eesti Mereinstituudi teadlased uurisid\u00a0L\u00e4\u00e4nemeres laialt levinud v\u00f5\u00f5rliikide m\u00f5ju inimese poolt tarbitavatele loodush\u00fcvedele. Loe t\u00e4psemalt<strong>\u00a0<\/strong><a title=\"\" href=\"https:\/\/parnu.ut.ee\/et\/sisu\/valmis-esimene-omataoline-mere-voorliikide-moju-uuring-maailmas\" target=\"_blank\" rel=\"noopener\" data-url=\"https:\/\/parnu.ut.ee\/et\/sisu\/valmis-esimene-omataoline-mere-voorliikide-moju-uuring-maailmas\">SIIT<\/a>.<\/p>\n<p>Loe orginaalartiklit <a title=\"\" href=\"https:\/\/www.sciencedirect.com\/science\/article\/abs\/pii\/S0048969722070759?via%3Dihub\" target=\"_blank\" rel=\"noopener\" data-url=\"https:\/\/www.sciencedirect.com\/science\/article\/abs\/pii\/S0048969722070759?via%3Dihub\">SIIT<\/a>.\u00a0<em>Ojaveer, H., Einberg, H., Lehtiniemi, M., Outinen, O., Zaiko, A., Jelmert, A. and Kotta, J., 2023. Quantifying impacts of human pressures on ecosystem services: Effects of widespread non-indigenous species in the Baltic Sea. Science of The Total Environment, 858, p.159975.\u00a0<\/em><\/p>\n<p>4.\u00a0P\u00f5ldma Maria; Lennuk, Lennart (2023). Kutsumata k\u00fclalised Eesti meres. Toimetajad: Jonne Kotta, Kristiina N\u00f5omaa, Greta Reisalu, Tiia M\u00f6ller-Raid, Arno P\u00f5llum\u00e4e. V\u00e4ljaandja: Tartu \u00dclikooli Eesti mereinstituut. Teostus: Menu Meedia. Tallinna Raamatutr\u00fckikoda ISBN 978-9916-731-06-2<\/p>\n","protected":false},"excerpt":{"rendered":"<p>1.\u00a0N\u00f5omaa, K.; Kotta, J.; Szava-Kovats, R.; Herk\u00fcl, K.; Hubel, K.; Eschbaum, R.; Vetemaa, M. 2022. Novel fish predator causes sustained changes in its prey populations. Frontiers in Marine Science, 9, 849878. Loe artiklit SIIT.2. 2.\u00a0Beleem, I.B.; Kotta, J.; Barboza, F.R. &#8230;<\/p>\n","protected":false},"author":314,"featured_media":0,"parent":0,"menu_order":0,"comment_status":"closed","ping_status":"closed","template":"","meta":{"_acf_changed":false,"inline_featured_image":false,"footnotes":""},"class_list":["post-9","page","type-page","status-publish","hentry"],"acf":[],"_links":{"self":[{"href":"https:\/\/sisu.ut.ee\/v66rliikidejakliimamuutustem6ju\/wp-json\/wp\/v2\/pages\/9","targetHints":{"allow":["GET"]}}],"collection":[{"href":"https:\/\/sisu.ut.ee\/v66rliikidejakliimamuutustem6ju\/wp-json\/wp\/v2\/pages"}],"about":[{"href":"https:\/\/sisu.ut.ee\/v66rliikidejakliimamuutustem6ju\/wp-json\/wp\/v2\/types\/page"}],"author":[{"embeddable":true,"href":"https:\/\/sisu.ut.ee\/v66rliikidejakliimamuutustem6ju\/wp-json\/wp\/v2\/users\/314"}],"replies":[{"embeddable":true,"href":"https:\/\/sisu.ut.ee\/v66rliikidejakliimamuutustem6ju\/wp-json\/wp\/v2\/comments?post=9"}],"version-history":[{"count":2,"href":"https:\/\/sisu.ut.ee\/v66rliikidejakliimamuutustem6ju\/wp-json\/wp\/v2\/pages\/9\/revisions"}],"predecessor-version":[{"id":126,"href":"https:\/\/sisu.ut.ee\/v66rliikidejakliimamuutustem6ju\/wp-json\/wp\/v2\/pages\/9\/revisions\/126"}],"wp:attachment":[{"href":"https:\/\/sisu.ut.ee\/v66rliikidejakliimamuutustem6ju\/wp-json\/wp\/v2\/media?parent=9"}],"curies":[{"name":"wp","href":"https:\/\/api.w.org\/{rel}","templated":true}]}}