{"id":8,"date":"2024-04-04T08:40:06","date_gmt":"2024-04-04T05:40:06","guid":{"rendered":"https:\/\/sisu.ut.ee\/v66rliikidejakliimamuutustem6ju\/projektist\/"},"modified":"2025-06-11T18:50:40","modified_gmt":"2025-06-11T15:50:40","slug":"projektist","status":"publish","type":"page","link":"https:\/\/sisu.ut.ee\/v66rliikidejakliimamuutustem6ju\/","title":{"rendered":"Projektist"},"content":{"rendered":"<p><span style=\"line-height: 150%;\"><span style=\"line-height: 150%;\"><span style=\"font-weight: normal;\">Kontakt:<\/span><\/span><strong><span style=\"line-height: 150%;\"><span style=\"font-weight: normal;\"> Kristiina Nurkse, kristiina.nurkse@ut.ee<\/span><\/span><\/strong><\/span><\/p>\n\n\n\n<p><span style=\"line-height: 150%;\"><strong><span style=\"line-height: 150%;\"><span style=\"font-weight: normal;\">Projekti kestus: 01.12.2021\u221231.03.2024<\/span><\/span><\/strong><\/span><\/p>\n\n\n\n<p><span style=\"line-height: 150%;\"><strong><span style=\"line-height: 150%;\"><span style=\"font-weight: normal;\">Projekti t\u00fc\u00fcp: Teadus- ja arendusprojekt<\/span><\/span><\/strong><\/span><\/p>\n\n\n\n<p><span style=\"line-height: 150%;\"><strong><span style=\"line-height: 150%;\"><span style=\"font-weight: normal;\">Rahastaja: SA Keskkonnainvesteeringute Keskus<\/span><\/span><\/strong><\/span><\/p>\n\n\n\n<p><span style=\"line-height: 150%;\"><strong><span style=\"line-height: 150%;\"><span style=\"font-weight: normal;\">Rahastusprogramm: EMP ja Norra finantsmehhanismid 2014\u20132021, Programm \u201eKliimamuutuste leevendamine ja nendega kohanemine\u201c; KIK keskkonnaprogramm<\/span><\/span><\/strong><\/span><\/p>\n\n\n\n<p><span style=\"line-height: 150%;\"><strong><span style=\"line-height: 150%;\"><span style=\"font-weight: normal;\">Kogu projekti eelarve: 470 000 EUR<\/span><\/span><\/strong><\/span><\/p>\n\n\n\n<p>Andmed Eesti teadusinfos\u00fcsteemis:\u00a0<a href=\"https:\/\/www.etis.ee\/Portal\/Projects\/Display\/9438b8a2-f197-4c0c-8fd9-96b8c97fe330\" target=\"_blank\" rel=\"noopener noreferrer\">ETIS<\/a><\/p>\n\n\n\n<p><strong>K\u00e4esoleva projekti k\u00e4igus uuritakse<\/strong>\u00a0merekeskkonnas v\u00f5\u00f5rliikide leviku ohjamise ja \u00f6kos\u00fcsteemide kliimamuutustele vastupanuv\u00f5ime suurendamise v\u00f5imalusi, esitatakse soovitusi j\u00e4tkusuutlike temaatiliste lahenduste v\u00e4ljat\u00f6\u00f6tamiseks ning koostatakse metoodikad edaspidiseks tegevuseks. Lisaks eelpooltoodule on projekti oluliseks osaks v\u00f5\u00f5rliikide ja kliimamuutuste m\u00f5jude kohta k\u00e4ivate teadmiste levitamine ning sidususr\u00fchmade koolitamine m\u00f5jude tuvastamise ning leevendusmeetmete rakendamise osas.<\/p>\n\n\n\n<div class=\"wp-block-columns is-layout-flex wp-container-core-columns-is-layout-9d6595d7 wp-block-columns-is-layout-flex\">\n<div class=\"wp-block-column is-layout-flow wp-block-column-is-layout-flow\">\n<figure class=\"wp-block-image alignleft size-full is-resized\"><img loading=\"lazy\" decoding=\"async\" width=\"419\" height=\"294\" src=\"https:\/\/sisu.ut.ee\/wp-content\/uploads\/sites\/633\/419-294-max.png\" alt=\"v\u00e4ike\" class=\"wp-image-60\" style=\"width:250px\" srcset=\"https:\/\/sisu.ut.ee\/wp-content\/uploads\/sites\/633\/419-294-max.png 419w, https:\/\/sisu.ut.ee\/wp-content\/uploads\/sites\/633\/419-294-max-300x211.png 300w\" sizes=\"auto, (max-width: 419px) 100vw, 419px\"><\/figure>\n<\/div>\n\n\n\n<div class=\"wp-block-column is-layout-flow wp-block-column-is-layout-flow\">\n<figure class=\"wp-block-image alignleft size-full\"><img loading=\"lazy\" decoding=\"async\" width=\"378\" height=\"213\" src=\"https:\/\/sisu.ut.ee\/wp-content\/uploads\/sites\/633\/kik_toetab_varv.jpg\" alt=\"kik\" class=\"wp-image-36\" srcset=\"https:\/\/sisu.ut.ee\/wp-content\/uploads\/sites\/633\/kik_toetab_varv.jpg 378w, https:\/\/sisu.ut.ee\/wp-content\/uploads\/sites\/633\/kik_toetab_varv-300x169.jpg 300w\" sizes=\"auto, (max-width: 378px) 100vw, 378px\"><\/figure>\n<\/div>\n<\/div>\n","protected":false},"excerpt":{"rendered":"<p>Kontakt: Kristiina Nurkse, kristiina.nurkse@ut.ee Projekti kestus: 01.12.2021\u221231.03.2024 Projekti t\u00fc\u00fcp: Teadus- ja arendusprojekt Rahastaja: SA Keskkonnainvesteeringute Keskus Rahastusprogramm: EMP ja Norra finantsmehhanismid 2014\u20132021, Programm \u201eKliimamuutuste leevendamine ja nendega kohanemine\u201c; KIK keskkonnaprogramm Kogu projekti eelarve: 470 000 EUR Andmed Eesti teadusinfos\u00fcsteemis:\u00a0ETIS K\u00e4esoleva &#8230;<\/p>\n","protected":false},"author":314,"featured_media":0,"parent":0,"menu_order":0,"comment_status":"closed","ping_status":"closed","template":"","meta":{"_acf_changed":false,"inline_featured_image":false,"footnotes":""},"class_list":["post-8","page","type-page","status-publish","hentry"],"acf":[],"_links":{"self":[{"href":"https:\/\/sisu.ut.ee\/v66rliikidejakliimamuutustem6ju\/wp-json\/wp\/v2\/pages\/8","targetHints":{"allow":["GET"]}}],"collection":[{"href":"https:\/\/sisu.ut.ee\/v66rliikidejakliimamuutustem6ju\/wp-json\/wp\/v2\/pages"}],"about":[{"href":"https:\/\/sisu.ut.ee\/v66rliikidejakliimamuutustem6ju\/wp-json\/wp\/v2\/types\/page"}],"author":[{"embeddable":true,"href":"https:\/\/sisu.ut.ee\/v66rliikidejakliimamuutustem6ju\/wp-json\/wp\/v2\/users\/314"}],"replies":[{"embeddable":true,"href":"https:\/\/sisu.ut.ee\/v66rliikidejakliimamuutustem6ju\/wp-json\/wp\/v2\/comments?post=8"}],"version-history":[{"count":5,"href":"https:\/\/sisu.ut.ee\/v66rliikidejakliimamuutustem6ju\/wp-json\/wp\/v2\/pages\/8\/revisions"}],"predecessor-version":[{"id":250,"href":"https:\/\/sisu.ut.ee\/v66rliikidejakliimamuutustem6ju\/wp-json\/wp\/v2\/pages\/8\/revisions\/250"}],"wp:attachment":[{"href":"https:\/\/sisu.ut.ee\/v66rliikidejakliimamuutustem6ju\/wp-json\/wp\/v2\/media?parent=8"}],"curies":[{"name":"wp","href":"https:\/\/api.w.org\/{rel}","templated":true}]}}