{"id":27,"date":"2024-04-04T08:40:07","date_gmt":"2024-04-04T05:40:07","guid":{"rendered":"https:\/\/sisu.ut.ee\/v66rliikidejakliimamuutustem6ju\/invasive-species-childrens-book\/"},"modified":"2024-04-09T17:04:09","modified_gmt":"2024-04-09T14:04:09","slug":"invasive-species-childrens-book","status":"publish","type":"page","link":"https:\/\/sisu.ut.ee\/v66rliikidejakliimamuutustem6ju\/invasive-species-childrens-book\/?lang=en","title":{"rendered":"Invasive species children`s book"},"content":{"rendered":"<figure class=\"wp-block-gallery has-nested-images columns-default wp-block-gallery-1 is-layout-flex wp-block-gallery-is-layout-flex\">\n<figure class=\"wp-block-image\"><img loading=\"lazy\" decoding=\"async\" width=\"678\" height=\"966\" data-id=\"44\" src=\"https:\/\/sisu.ut.ee\/wp-content\/uploads\/sites\/633\/voorliikide_raamatu_kaanepilt.png\" alt=\"Raamat1\" class=\"wp-image-44\" title=\"voorliikide_raamatu_kaanepilt.png\" srcset=\"https:\/\/sisu.ut.ee\/wp-content\/uploads\/sites\/633\/voorliikide_raamatu_kaanepilt.png 678w, https:\/\/sisu.ut.ee\/wp-content\/uploads\/sites\/633\/voorliikide_raamatu_kaanepilt-211x300.png 211w\" sizes=\"auto, (max-width: 678px) 100vw, 678px\"><\/figure>\n\n\n\n<figure class=\"wp-block-image\"><img loading=\"lazy\" decoding=\"async\" width=\"673\" height=\"961\" data-id=\"45\" src=\"https:\/\/sisu.ut.ee\/wp-content\/uploads\/sites\/633\/voorliikide_raamatu_kaanepilt_2.png\" alt=\"raamat2\" class=\"wp-image-45\" title=\"voorliikide_raamatu_kaanepilt_2.png\" srcset=\"https:\/\/sisu.ut.ee\/wp-content\/uploads\/sites\/633\/voorliikide_raamatu_kaanepilt_2.png 673w, https:\/\/sisu.ut.ee\/wp-content\/uploads\/sites\/633\/voorliikide_raamatu_kaanepilt_2-210x300.png 210w\" sizes=\"auto, (max-width: 673px) 100vw, 673px\"><\/figure>\n<\/figure>\n\n\n\n<p><strong>Writing a children\u2019s book on invasive species<\/strong><\/p>\n\n\n\n<p>With the support of the project, a children\u2019s book on invasive species has been created, with the main aim of stimulating children\u2019s interest in the sea and giving a boost to marine science activities.\u00a0<br>Raising awareness and understanding of invasive species and their distribution and impact, and stimulating interest in the subject among children, is critical and will play an important role in shaping future decisions and choices in life. The scientific text of the book is written on the basis that it is practical, educational, and easy to read and understand. The book is intended to be used as a support material for school lessons or for interest groups in relevant subjects.<\/p>\n\n\n\n<p>A total of 5000 copies were printed and will be distributed to schools in Estonia and for use in recreational education.<\/p>\n\n\n\n<p>The children\u2019s book \u201cUninvited Guests in the Estonian Sea\u201d talks about both microscopic and visible invasive species. On the 32 pages of the book, a total of 12 invasive species are introduced, some of which have arrived in Estonian waters a long time ago and others only recently. The most recent (in last 30 years) species introduced to Estonian waters are the cladocerans <em>Cercopagis pengoi<\/em> and <em>Evadne anonyx<\/em>, gammarid amphipod <em>Gammarus tigrinus<\/em>, shrimp <em>Palaemon elegans<\/em>, polychaeta <em>Marenzelleria neglecta<\/em> and <em>Laonome xeprovala<\/em>, mollusc <em>Rangia cuneata<\/em>, crab <em>Rhithropanopeus harrisii<\/em> and fish <em>Neogobius melanostomus<\/em>, and the oldest (centurys ago) invasive species described in Estonian waters are clams <em>Mya arenaria<\/em> and <em>Dreissena polymorpha<\/em>, and barnacle Amphibalanus improvisus. In the book you will learn about each of them, what they look like, how big they are, what they eat, where they can be seen and what impact they have had on our local marine ecosystem. In addition to the description of those 12 species, there are also chapters about how invasive species spread from one area to another and what people can do to prevent their spread.<\/p>\n\n\n\n<p>Download the book here (only in Estonian):\u00a0<span class=\"file media-element file-os-files-link\" data-file_info=\"%7B%22fid%22:80602,%22view_mode%22:%22os_files_link%22,%22type%22:%22media%22%7D\"><img decoding=\"async\" class=\"file-icon\" src=\"\/profiles\/openscholar\/modules\/os\/modules\/os_files\/icons\/application-pdf.svg\" alt=\"\"> <a href=\"https:\/\/sisu.ut.ee\/wp-content\/uploads\/sites\/633\/kutsumata_kylialised_eesti_vetes_veeb.pdf\">KUTSUMATA K\u00dcLALISED L\u00c4\u00c4NEMERES<\/a><\/span><\/p>\n\n\n\n<figure class=\"wp-block-gallery has-nested-images columns-default is-cropped wp-block-gallery-2 is-layout-flex wp-block-gallery-is-layout-flex\">\n<figure class=\"wp-block-image\"><img loading=\"lazy\" decoding=\"async\" width=\"923\" height=\"2000\" data-id=\"51\" src=\"https:\/\/sisu.ut.ee\/wp-content\/uploads\/sites\/633\/rhitropanopeus_harrisii_larvae.jpg\" alt=\"Rhitrhopanopeus harrisii larvae\" class=\"wp-image-51\" title=\"rhitropanopeus_harrisii_larvae.jpg\" srcset=\"https:\/\/sisu.ut.ee\/wp-content\/uploads\/sites\/633\/rhitropanopeus_harrisii_larvae.jpg 923w, https:\/\/sisu.ut.ee\/wp-content\/uploads\/sites\/633\/rhitropanopeus_harrisii_larvae-138x300.jpg 138w, https:\/\/sisu.ut.ee\/wp-content\/uploads\/sites\/633\/rhitropanopeus_harrisii_larvae-473x1024.jpg 473w, https:\/\/sisu.ut.ee\/wp-content\/uploads\/sites\/633\/rhitropanopeus_harrisii_larvae-768x1664.jpg 768w, https:\/\/sisu.ut.ee\/wp-content\/uploads\/sites\/633\/rhitropanopeus_harrisii_larvae-709x1536.jpg 709w\" sizes=\"auto, (max-width: 923px) 100vw, 923px\"><\/figure>\n\n\n\n<figure class=\"wp-block-image\"><img loading=\"lazy\" decoding=\"async\" width=\"1998\" height=\"2000\" data-id=\"46\" src=\"https:\/\/sisu.ut.ee\/wp-content\/uploads\/sites\/633\/amphibalanus_improvisus.jpg\" alt=\"Amphibalanus improvisus\" class=\"wp-image-46\" title=\"amphibalanus_improvisus.jpg\" srcset=\"https:\/\/sisu.ut.ee\/wp-content\/uploads\/sites\/633\/amphibalanus_improvisus.jpg 1998w, https:\/\/sisu.ut.ee\/wp-content\/uploads\/sites\/633\/amphibalanus_improvisus-300x300.jpg 300w, https:\/\/sisu.ut.ee\/wp-content\/uploads\/sites\/633\/amphibalanus_improvisus-1024x1024.jpg 1024w, https:\/\/sisu.ut.ee\/wp-content\/uploads\/sites\/633\/amphibalanus_improvisus-150x150.jpg 150w, https:\/\/sisu.ut.ee\/wp-content\/uploads\/sites\/633\/amphibalanus_improvisus-768x769.jpg 768w, https:\/\/sisu.ut.ee\/wp-content\/uploads\/sites\/633\/amphibalanus_improvisus-1534x1536.jpg 1534w, https:\/\/sisu.ut.ee\/wp-content\/uploads\/sites\/633\/amphibalanus_improvisus-1920x1922.jpg 1920w\" sizes=\"auto, (max-width: 1998px) 100vw, 1998px\"><\/figure>\n\n\n\n<figure class=\"wp-block-image\"><img loading=\"lazy\" decoding=\"async\" width=\"2560\" height=\"1861\" data-id=\"41\" src=\"https:\/\/sisu.ut.ee\/wp-content\/uploads\/sites\/633\/img_20230320_0009-scaled.jpg\" alt=\"Palaemon\" class=\"wp-image-41\" title=\"img_20230320_0009.jpg\" srcset=\"https:\/\/sisu.ut.ee\/wp-content\/uploads\/sites\/633\/img_20230320_0009-scaled.jpg 2560w, https:\/\/sisu.ut.ee\/wp-content\/uploads\/sites\/633\/img_20230320_0009-300x218.jpg 300w, https:\/\/sisu.ut.ee\/wp-content\/uploads\/sites\/633\/img_20230320_0009-1024x744.jpg 1024w, https:\/\/sisu.ut.ee\/wp-content\/uploads\/sites\/633\/img_20230320_0009-768x558.jpg 768w, https:\/\/sisu.ut.ee\/wp-content\/uploads\/sites\/633\/img_20230320_0009-1536x1117.jpg 1536w\" sizes=\"auto, (max-width: 2560px) 100vw, 2560px\"><\/figure>\n\n\n\n<figure class=\"wp-block-image\"><img loading=\"lazy\" decoding=\"async\" width=\"2000\" height=\"1454\" data-id=\"48\" src=\"https:\/\/sisu.ut.ee\/wp-content\/uploads\/sites\/633\/gammarus_tigrinus.jpg\" alt=\"Gammarus tigrinus\" class=\"wp-image-48\" title=\"gammarus_tigrinus.jpg\" srcset=\"https:\/\/sisu.ut.ee\/wp-content\/uploads\/sites\/633\/gammarus_tigrinus.jpg 2000w, https:\/\/sisu.ut.ee\/wp-content\/uploads\/sites\/633\/gammarus_tigrinus-300x218.jpg 300w, https:\/\/sisu.ut.ee\/wp-content\/uploads\/sites\/633\/gammarus_tigrinus-1024x744.jpg 1024w, https:\/\/sisu.ut.ee\/wp-content\/uploads\/sites\/633\/gammarus_tigrinus-768x558.jpg 768w, https:\/\/sisu.ut.ee\/wp-content\/uploads\/sites\/633\/gammarus_tigrinus-1536x1117.jpg 1536w, https:\/\/sisu.ut.ee\/wp-content\/uploads\/sites\/633\/gammarus_tigrinus-1920x1396.jpg 1920w\" sizes=\"auto, (max-width: 2000px) 100vw, 2000px\"><\/figure>\n\n\n\n<figure class=\"wp-block-image\"><img loading=\"lazy\" decoding=\"async\" width=\"2000\" height=\"1454\" data-id=\"47\" src=\"https:\/\/sisu.ut.ee\/wp-content\/uploads\/sites\/633\/evadne_anonyx_01.jpg\" alt=\"Evadne2\" class=\"wp-image-47\" title=\"evadne_anonyx_01.jpg\" srcset=\"https:\/\/sisu.ut.ee\/wp-content\/uploads\/sites\/633\/evadne_anonyx_01.jpg 2000w, https:\/\/sisu.ut.ee\/wp-content\/uploads\/sites\/633\/evadne_anonyx_01-300x218.jpg 300w, https:\/\/sisu.ut.ee\/wp-content\/uploads\/sites\/633\/evadne_anonyx_01-1024x744.jpg 1024w, https:\/\/sisu.ut.ee\/wp-content\/uploads\/sites\/633\/evadne_anonyx_01-768x558.jpg 768w, https:\/\/sisu.ut.ee\/wp-content\/uploads\/sites\/633\/evadne_anonyx_01-1536x1117.jpg 1536w, https:\/\/sisu.ut.ee\/wp-content\/uploads\/sites\/633\/evadne_anonyx_01-1920x1396.jpg 1920w\" sizes=\"auto, (max-width: 2000px) 100vw, 2000px\"><\/figure>\n\n\n\n<figure class=\"wp-block-image\"><img loading=\"lazy\" decoding=\"async\" width=\"2000\" height=\"2000\" data-id=\"49\" src=\"https:\/\/sisu.ut.ee\/wp-content\/uploads\/sites\/633\/marenzelleria_neglecta.jpg\" alt=\"Marenzelleria spp.\" class=\"wp-image-49\" title=\"marenzelleria_neglecta.jpg\" srcset=\"https:\/\/sisu.ut.ee\/wp-content\/uploads\/sites\/633\/marenzelleria_neglecta.jpg 2000w, https:\/\/sisu.ut.ee\/wp-content\/uploads\/sites\/633\/marenzelleria_neglecta-300x300.jpg 300w, https:\/\/sisu.ut.ee\/wp-content\/uploads\/sites\/633\/marenzelleria_neglecta-1024x1024.jpg 1024w, https:\/\/sisu.ut.ee\/wp-content\/uploads\/sites\/633\/marenzelleria_neglecta-150x150.jpg 150w, https:\/\/sisu.ut.ee\/wp-content\/uploads\/sites\/633\/marenzelleria_neglecta-768x768.jpg 768w, https:\/\/sisu.ut.ee\/wp-content\/uploads\/sites\/633\/marenzelleria_neglecta-1536x1536.jpg 1536w, https:\/\/sisu.ut.ee\/wp-content\/uploads\/sites\/633\/marenzelleria_neglecta-1920x1920.jpg 1920w\" sizes=\"auto, (max-width: 2000px) 100vw, 2000px\"><\/figure>\n\n\n\n<figure class=\"wp-block-image\"><img loading=\"lazy\" decoding=\"async\" width=\"2000\" height=\"1454\" data-id=\"50\" src=\"https:\/\/sisu.ut.ee\/wp-content\/uploads\/sites\/633\/neogobius_melanostomus.jpg\" alt=\"Neogobius melanostomus\" class=\"wp-image-50\" title=\"neogobius_melanostomus.jpg\" srcset=\"https:\/\/sisu.ut.ee\/wp-content\/uploads\/sites\/633\/neogobius_melanostomus.jpg 2000w, https:\/\/sisu.ut.ee\/wp-content\/uploads\/sites\/633\/neogobius_melanostomus-300x218.jpg 300w, https:\/\/sisu.ut.ee\/wp-content\/uploads\/sites\/633\/neogobius_melanostomus-1024x744.jpg 1024w, https:\/\/sisu.ut.ee\/wp-content\/uploads\/sites\/633\/neogobius_melanostomus-768x558.jpg 768w, https:\/\/sisu.ut.ee\/wp-content\/uploads\/sites\/633\/neogobius_melanostomus-1536x1117.jpg 1536w, https:\/\/sisu.ut.ee\/wp-content\/uploads\/sites\/633\/neogobius_melanostomus-1920x1396.jpg 1920w\" sizes=\"auto, (max-width: 2000px) 100vw, 2000px\"><\/figure>\n<\/figure>\n\n\n\n<p><strong>Illustrations from left to right:\u00a0<\/strong>Harris mud crab larvae <em>(Rhitropanopeus harrisii)<\/em>, Bay barnacle larvae <em>(Amphibalanus improvisus)<\/em>, Grass prawn <em>(Palaemon elegans)<\/em>, tiger scud\u00a0<em>(Gammarus tigrinus)<\/em>, a\u00a0small cladoceran<em>\u00a0<\/em>(<em>Evadne anonyx<\/em>; below<em>)<\/em>, a spionid polychaete<em> (Marenzelleria neglecta)<\/em>\u00a0and round goby <em>(Neogobius melanostomus)<\/em>. Author:\u00a0Lennart Lennuk\u00a0<\/p>\n","protected":false},"excerpt":{"rendered":"<p>Writing a children\u2019s book on invasive species With the support of the project, a children\u2019s book on invasive species has been created, with the main aim of stimulating children\u2019s interest in the sea and giving a boost to marine science &#8230;<\/p>\n","protected":false},"author":314,"featured_media":0,"parent":0,"menu_order":0,"comment_status":"closed","ping_status":"closed","template":"","meta":{"_acf_changed":false,"inline_featured_image":false,"footnotes":""},"class_list":["post-27","page","type-page","status-publish","hentry"],"acf":[],"_links":{"self":[{"href":"https:\/\/sisu.ut.ee\/v66rliikidejakliimamuutustem6ju\/wp-json\/wp\/v2\/pages\/27","targetHints":{"allow":["GET"]}}],"collection":[{"href":"https:\/\/sisu.ut.ee\/v66rliikidejakliimamuutustem6ju\/wp-json\/wp\/v2\/pages"}],"about":[{"href":"https:\/\/sisu.ut.ee\/v66rliikidejakliimamuutustem6ju\/wp-json\/wp\/v2\/types\/page"}],"author":[{"embeddable":true,"href":"https:\/\/sisu.ut.ee\/v66rliikidejakliimamuutustem6ju\/wp-json\/wp\/v2\/users\/314"}],"replies":[{"embeddable":true,"href":"https:\/\/sisu.ut.ee\/v66rliikidejakliimamuutustem6ju\/wp-json\/wp\/v2\/comments?post=27"}],"version-history":[{"count":3,"href":"https:\/\/sisu.ut.ee\/v66rliikidejakliimamuutustem6ju\/wp-json\/wp\/v2\/pages\/27\/revisions"}],"predecessor-version":[{"id":247,"href":"https:\/\/sisu.ut.ee\/v66rliikidejakliimamuutustem6ju\/wp-json\/wp\/v2\/pages\/27\/revisions\/247"}],"wp:attachment":[{"href":"https:\/\/sisu.ut.ee\/v66rliikidejakliimamuutustem6ju\/wp-json\/wp\/v2\/media?parent=27"}],"curies":[{"name":"wp","href":"https:\/\/api.w.org\/{rel}","templated":true}]}}