{"id":268,"date":"2025-06-11T19:10:25","date_gmt":"2025-06-11T16:10:25","guid":{"rendered":"https:\/\/sisu.ut.ee\/v66rliikidejakliimamuutustem6ju\/?page_id=268"},"modified":"2025-08-07T11:06:57","modified_gmt":"2025-08-07T08:06:57","slug":"anna-teada-voorliigi-leiust","status":"publish","type":"page","link":"https:\/\/sisu.ut.ee\/v66rliikidejakliimamuutustem6ju\/demoleht\/anna-teada-voorliigi-leiust\/","title":{"rendered":"Anna teada v\u00f5\u00f5rliigi leiust!"},"content":{"rendered":"<p><\/p>\n\n\n\n<p>Eesti Mereinstituut kogub v\u00f5\u00f5rliikide leiukohti, panusta ka Sina v\u00f5\u00f5rliikide leviku ja m\u00f5jude uurimisse:<\/p>\n\n\n\n<p>Raporteeri oma Mehhiko kiilkarbi leid <a href=\"https:\/\/arcg.is\/1CC1011\">SIIN!<\/a><\/p>\n\n\n\n<p>Raporteeri oma Hiina villk\u00e4ppkrabi leid <a href=\"https:\/\/arcg.is\/1ybn1G1\">SIIN!<\/a><\/p>\n\n\n\n<p>Raporteeri oma hariliku r\u00e4ndkrabi leid <a href=\"https:\/\/arcg.is\/rHvni\">SIIN!<\/a><\/p>\n\n\n\n<p><\/p>\n\n\n\n<p>Loe t\u00e4psemalt liikide kohta siit:<\/p>\n\n\n\n<div data-wp-interactive=\"core\/file\" class=\"wp-block-file\"><object data-wp-bind--hidden=\"!state.hasPdfPreview\" hidden class=\"wp-block-file__embed\" data=\"https:\/\/sisu.ut.ee\/wp-content\/uploads\/sites\/633\/rangia_cuneata_EST-1.pdf\" type=\"application\/pdf\" style=\"width:100%;height:600px\" aria-label=\"Lisa rangia_cuneata_EST.\"><\/object><a id=\"wp-block-file--media-a9746a68-f8ca-46a1-93a8-6e39f0700f21\" href=\"https:\/\/sisu.ut.ee\/wp-content\/uploads\/sites\/633\/rangia_cuneata_EST-1.pdf\">rangia_cuneata_EST<\/a><a href=\"https:\/\/sisu.ut.ee\/wp-content\/uploads\/sites\/633\/rangia_cuneata_EST-1.pdf\" class=\"wp-block-file__button wp-element-button\" download aria-describedby=\"wp-block-file--media-a9746a68-f8ca-46a1-93a8-6e39f0700f21\">Laadi alla<\/a><\/div>\n\n\n\n<p><\/p>\n\n\n\n<p><\/p>\n\n\n\n<div data-wp-interactive=\"core\/file\" class=\"wp-block-file\"><object data-wp-bind--hidden=\"!state.hasPdfPreview\" hidden class=\"wp-block-file__embed\" data=\"https:\/\/sisu.ut.ee\/wp-content\/uploads\/sites\/633\/eriocheir_sinensis_EST-1.pdf\" type=\"application\/pdf\" style=\"width:100%;height:600px\" aria-label=\"Lisa eriocheir_sinensis_EST.\"><\/object><a id=\"wp-block-file--media-0b480bc7-678d-46ec-b4a0-7addf895eb75\" href=\"https:\/\/sisu.ut.ee\/wp-content\/uploads\/sites\/633\/eriocheir_sinensis_EST-1.pdf\">eriocheir_sinensis_EST<\/a><a href=\"https:\/\/sisu.ut.ee\/wp-content\/uploads\/sites\/633\/eriocheir_sinensis_EST-1.pdf\" class=\"wp-block-file__button wp-element-button\" download aria-describedby=\"wp-block-file--media-0b480bc7-678d-46ec-b4a0-7addf895eb75\">Laadi alla<\/a><\/div>\n\n\n\n<div data-wp-interactive=\"core\/file\" class=\"wp-block-file\"><object data-wp-bind--hidden=\"!state.hasPdfPreview\" hidden class=\"wp-block-file__embed\" data=\"https:\/\/sisu.ut.ee\/wp-content\/uploads\/sites\/633\/mudcrab_factsheet_EST-1.pdf\" type=\"application\/pdf\" style=\"width:100%;height:600px\" aria-label=\"Lisa mudcrab_factsheet_EST.\"><\/object><a id=\"wp-block-file--media-029a5a0d-c1fa-4b26-860b-f6574a6590bc\" href=\"https:\/\/sisu.ut.ee\/wp-content\/uploads\/sites\/633\/mudcrab_factsheet_EST-1.pdf\">mudcrab_factsheet_EST<\/a><a href=\"https:\/\/sisu.ut.ee\/wp-content\/uploads\/sites\/633\/mudcrab_factsheet_EST-1.pdf\" class=\"wp-block-file__button wp-element-button\" download aria-describedby=\"wp-block-file--media-029a5a0d-c1fa-4b26-860b-f6574a6590bc\">Laadi alla<\/a><\/div>\n","protected":false},"excerpt":{"rendered":"<p>Eesti Mereinstituut kogub v\u00f5\u00f5rliikide leiukohti, panusta ka Sina v\u00f5\u00f5rliikide leviku ja m\u00f5jude uurimisse: Raporteeri oma Mehhiko kiilkarbi leid SIIN! Raporteeri oma Hiina villk\u00e4ppkrabi leid SIIN! Raporteeri oma hariliku r\u00e4ndkrabi leid SIIN! Loe t\u00e4psemalt liikide kohta siit:<\/p>\n","protected":false},"author":314,"featured_media":0,"parent":2,"menu_order":0,"comment_status":"closed","ping_status":"closed","template":"","meta":{"_acf_changed":false,"inline_featured_image":false,"footnotes":""},"class_list":["post-268","page","type-page","status-publish","hentry"],"acf":[],"_links":{"self":[{"href":"https:\/\/sisu.ut.ee\/v66rliikidejakliimamuutustem6ju\/wp-json\/wp\/v2\/pages\/268","targetHints":{"allow":["GET"]}}],"collection":[{"href":"https:\/\/sisu.ut.ee\/v66rliikidejakliimamuutustem6ju\/wp-json\/wp\/v2\/pages"}],"about":[{"href":"https:\/\/sisu.ut.ee\/v66rliikidejakliimamuutustem6ju\/wp-json\/wp\/v2\/types\/page"}],"author":[{"embeddable":true,"href":"https:\/\/sisu.ut.ee\/v66rliikidejakliimamuutustem6ju\/wp-json\/wp\/v2\/users\/314"}],"replies":[{"embeddable":true,"href":"https:\/\/sisu.ut.ee\/v66rliikidejakliimamuutustem6ju\/wp-json\/wp\/v2\/comments?post=268"}],"version-history":[{"count":5,"href":"https:\/\/sisu.ut.ee\/v66rliikidejakliimamuutustem6ju\/wp-json\/wp\/v2\/pages\/268\/revisions"}],"predecessor-version":[{"id":288,"href":"https:\/\/sisu.ut.ee\/v66rliikidejakliimamuutustem6ju\/wp-json\/wp\/v2\/pages\/268\/revisions\/288"}],"up":[{"embeddable":true,"href":"https:\/\/sisu.ut.ee\/v66rliikidejakliimamuutustem6ju\/wp-json\/wp\/v2\/pages\/2"}],"wp:attachment":[{"href":"https:\/\/sisu.ut.ee\/v66rliikidejakliimamuutustem6ju\/wp-json\/wp\/v2\/media?parent=268"}],"curies":[{"name":"wp","href":"https:\/\/api.w.org\/{rel}","templated":true}]}}