{"id":14,"date":"2024-04-04T08:40:07","date_gmt":"2024-04-04T05:40:07","guid":{"rendered":"https:\/\/sisu.ut.ee\/v66rliikidejakliimamuutustem6ju\/voorliikide-lasteraamat\/"},"modified":"2024-04-09T17:00:53","modified_gmt":"2024-04-09T14:00:53","slug":"voorliikide-lasteraamat","status":"publish","type":"page","link":"https:\/\/sisu.ut.ee\/v66rliikidejakliimamuutustem6ju\/voorliikide-lasteraamat\/","title":{"rendered":"V\u00f5\u00f5rliikide lasteraamat"},"content":{"rendered":"<figure class=\"wp-block-gallery has-nested-images columns-default is-cropped wp-block-gallery-1 is-layout-flex wp-block-gallery-is-layout-flex\">\n<figure class=\"wp-block-image size-large\"><a href=\"https:\/\/sisu.ut.ee\/wp-content\/uploads\/sites\/633\/voorliikide_raamatu_kaanepilt.png\"><img loading=\"lazy\" decoding=\"async\" width=\"678\" height=\"966\" data-id=\"44\" src=\"https:\/\/sisu.ut.ee\/wp-content\/uploads\/sites\/633\/voorliikide_raamatu_kaanepilt.png\" alt=\"Raamat1\" class=\"wp-image-44\" title=\"voorliikide_raamatu_kaanepilt.png\" srcset=\"https:\/\/sisu.ut.ee\/wp-content\/uploads\/sites\/633\/voorliikide_raamatu_kaanepilt.png 678w, https:\/\/sisu.ut.ee\/wp-content\/uploads\/sites\/633\/voorliikide_raamatu_kaanepilt-211x300.png 211w\" sizes=\"auto, (max-width: 678px) 100vw, 678px\"><\/a><\/figure>\n\n\n\n<figure class=\"wp-block-image size-large\"><a href=\"https:\/\/sisu.ut.ee\/wp-content\/uploads\/sites\/633\/voorliikide_raamatu_kaanepilt_2.png\"><img loading=\"lazy\" decoding=\"async\" width=\"673\" height=\"961\" data-id=\"45\" src=\"https:\/\/sisu.ut.ee\/wp-content\/uploads\/sites\/633\/voorliikide_raamatu_kaanepilt_2.png\" alt=\"raamat2\" class=\"wp-image-45\" title=\"voorliikide_raamatu_kaanepilt_2.png\" srcset=\"https:\/\/sisu.ut.ee\/wp-content\/uploads\/sites\/633\/voorliikide_raamatu_kaanepilt_2.png 673w, https:\/\/sisu.ut.ee\/wp-content\/uploads\/sites\/633\/voorliikide_raamatu_kaanepilt_2-210x300.png 210w\" sizes=\"auto, (max-width: 673px) 100vw, 673px\"><\/a><\/figure>\n<\/figure>\n\n\n\n<p><strong>Projekti toel on valminud v\u00f5\u00f5rliikide teemaline lasteraamat<\/strong>, mille peaeesm\u00e4rgiks on \u00e4ratada lastes s\u00fcgavamat huvi meres toimuva vastu ning anda hoogu mereteadust tutvustavatele tegevustele. Teadlikkuse t\u00f5stmine v\u00f5\u00f5rliikide teemal ja nende leviku ning m\u00f5ju tutvustamine ja lastele arusaadavaks tegemine ning selle teema vastu huvi \u00e4ratamine on olulise t\u00e4htsusega, m\u00e4ngides olulist rolli elus edasiste otsuste ja valikute tegemisel. Raamatu koostamisel on silmas peetud, et see oleks praktiline, \u00f5petlik ja lihtsasti loetav. Eesti mere v\u00f5\u00f5rliike tutvustav raamat on m\u00f5eldud kasutamiseks toetava materjalina \u00f5ppet\u00f6\u00f6s ja huviringides.<\/p>\n\n\n\n<p>Raamatut on tr\u00fckitud 5000 eksemplari ja jagatakse Eesti \u00fcldhariduskoolidele ning huviharidusega tegelevatele asutustele.<\/p>\n\n\n\n<p>Lasteraamatus \u201eKutsumata k\u00fclalised Eesti meres\u201c on juttu nii mikroskoopilistest kui silmaga n\u00e4htavatest v\u00f5\u00f5rliikidest. Raamatu 32. lehek\u00fcljel on kokku k\u00e4sitletud 12. v\u00f5\u00f5rliiki, kellest osa on Eesti vetesse saabunud juba v\u00e4ga ammu ja teised alles hiljuti. Hiljutisemad (viimase 30 aasta jooksul) Eesti vetesse toodud liigid on vesikirbulised pikasabaline konksik ja \u00fcmar r\u00fcbik, samuti v\u00f6\u00f6t-kirpv\u00e4hk, elegantne krevett, virgiinia korgitsuss, ogajas tolmuhari, mehhiko kiilkarp, harrise mudakrabi ja \u00fcmarmudil ning juba pikemat aega (sajandeid) Eesti vetes elutsenud liiva-uurikkarp, tavaline t\u00f5ruv\u00e4hk ja muutlik r\u00e4ndkarp. Iga\u00fche kohta neist saab raamatust teada, milline ta v\u00e4lja n\u00e4eb, kui suur ta on, mida ta s\u00f6\u00f6b, kus teda n\u00e4ha v\u00f5ib ning millist m\u00f5ju ta on avaldanud meie kohalikule mere \u00f6kos\u00fcsteemile. Lisaks liikide k\u00e4sitlusele on juttu ka sellest, kuidas v\u00f5\u00f5rliigid \u00fchest piirkonnast teise levivad ning mida inimene ise saab teha, et v\u00f5\u00f5rliikide levimist \u00e4ra hoida.<\/p>\n\n\n\n<p>Vaata ja lae raamat alla siit raamatut siit:\u00a0\u00a0<span class=\"file media-element file-os-files-link\" data-file_info=\"%7B%22fid%22:80602,%22view_mode%22:%22os_files_link%22,%22type%22:%22media%22%7D\"><img decoding=\"async\" class=\"file-icon\" src=\"\/profiles\/openscholar\/modules\/os\/modules\/os_files\/icons\/application-pdf.svg\" alt=\"\"> <a href=\"https:\/\/sisu.ut.ee\/wp-content\/uploads\/sites\/633\/kutsumata_kylialised_eesti_vetes_veeb.pdf\">KUTSUMATA K\u00dcLALISED L\u00c4\u00c4NEMERES<\/a><\/span><\/p>\n\n\n\n<figure class=\"wp-block-gallery has-nested-images columns-default is-cropped wp-block-gallery-2 is-layout-flex wp-block-gallery-is-layout-flex\">\n<figure class=\"wp-block-image size-large\"><a href=\"https:\/\/sisu.ut.ee\/wp-content\/uploads\/sites\/633\/rhitropanopeus_harrisii_larvae.jpg\"><img loading=\"lazy\" decoding=\"async\" width=\"473\" height=\"1024\" data-id=\"51\" src=\"https:\/\/sisu.ut.ee\/wp-content\/uploads\/sites\/633\/rhitropanopeus_harrisii_larvae-473x1024.jpg\" alt=\"Rhitrhopanopeus harrisii larvae\" class=\"wp-image-51\" title=\"rhitropanopeus_harrisii_larvae.jpg\" srcset=\"https:\/\/sisu.ut.ee\/wp-content\/uploads\/sites\/633\/rhitropanopeus_harrisii_larvae-473x1024.jpg 473w, https:\/\/sisu.ut.ee\/wp-content\/uploads\/sites\/633\/rhitropanopeus_harrisii_larvae-138x300.jpg 138w, https:\/\/sisu.ut.ee\/wp-content\/uploads\/sites\/633\/rhitropanopeus_harrisii_larvae-768x1664.jpg 768w, https:\/\/sisu.ut.ee\/wp-content\/uploads\/sites\/633\/rhitropanopeus_harrisii_larvae-709x1536.jpg 709w, https:\/\/sisu.ut.ee\/wp-content\/uploads\/sites\/633\/rhitropanopeus_harrisii_larvae.jpg 923w\" sizes=\"auto, (max-width: 473px) 100vw, 473px\"><\/a><\/figure>\n\n\n\n<figure class=\"wp-block-image size-large\"><a href=\"https:\/\/sisu.ut.ee\/wp-content\/uploads\/sites\/633\/amphibalanus_improvisus.jpg\"><img loading=\"lazy\" decoding=\"async\" width=\"1024\" height=\"1024\" data-id=\"46\" src=\"https:\/\/sisu.ut.ee\/wp-content\/uploads\/sites\/633\/amphibalanus_improvisus-1024x1024.jpg\" alt=\"Amphibalanus improvisus\" class=\"wp-image-46\" title=\"amphibalanus_improvisus.jpg\" srcset=\"https:\/\/sisu.ut.ee\/wp-content\/uploads\/sites\/633\/amphibalanus_improvisus-1024x1024.jpg 1024w, https:\/\/sisu.ut.ee\/wp-content\/uploads\/sites\/633\/amphibalanus_improvisus-300x300.jpg 300w, https:\/\/sisu.ut.ee\/wp-content\/uploads\/sites\/633\/amphibalanus_improvisus-150x150.jpg 150w, https:\/\/sisu.ut.ee\/wp-content\/uploads\/sites\/633\/amphibalanus_improvisus-768x769.jpg 768w, https:\/\/sisu.ut.ee\/wp-content\/uploads\/sites\/633\/amphibalanus_improvisus-1534x1536.jpg 1534w, https:\/\/sisu.ut.ee\/wp-content\/uploads\/sites\/633\/amphibalanus_improvisus-1920x1922.jpg 1920w, https:\/\/sisu.ut.ee\/wp-content\/uploads\/sites\/633\/amphibalanus_improvisus.jpg 1998w\" sizes=\"auto, (max-width: 1024px) 100vw, 1024px\"><\/a><\/figure>\n\n\n\n<figure class=\"wp-block-image size-large\"><a href=\"https:\/\/sisu.ut.ee\/wp-content\/uploads\/sites\/633\/img_20230320_0009-scaled.jpg\"><img loading=\"lazy\" decoding=\"async\" width=\"1024\" height=\"744\" data-id=\"41\" src=\"https:\/\/sisu.ut.ee\/wp-content\/uploads\/sites\/633\/img_20230320_0009-1024x744.jpg\" alt=\"Palaemon\" class=\"wp-image-41\" title=\"img_20230320_0009.jpg\" srcset=\"https:\/\/sisu.ut.ee\/wp-content\/uploads\/sites\/633\/img_20230320_0009-1024x744.jpg 1024w, https:\/\/sisu.ut.ee\/wp-content\/uploads\/sites\/633\/img_20230320_0009-300x218.jpg 300w, https:\/\/sisu.ut.ee\/wp-content\/uploads\/sites\/633\/img_20230320_0009-768x558.jpg 768w, https:\/\/sisu.ut.ee\/wp-content\/uploads\/sites\/633\/img_20230320_0009-1536x1117.jpg 1536w\" sizes=\"auto, (max-width: 1024px) 100vw, 1024px\"><\/a><\/figure>\n\n\n\n<figure class=\"wp-block-image size-large\"><a href=\"https:\/\/sisu.ut.ee\/wp-content\/uploads\/sites\/633\/gammarus_tigrinus.jpg\"><img loading=\"lazy\" decoding=\"async\" width=\"1024\" height=\"744\" data-id=\"48\" src=\"https:\/\/sisu.ut.ee\/wp-content\/uploads\/sites\/633\/gammarus_tigrinus-1024x744.jpg\" alt=\"Gammarus tigrinus\" class=\"wp-image-48\" title=\"gammarus_tigrinus.jpg\" srcset=\"https:\/\/sisu.ut.ee\/wp-content\/uploads\/sites\/633\/gammarus_tigrinus-1024x744.jpg 1024w, https:\/\/sisu.ut.ee\/wp-content\/uploads\/sites\/633\/gammarus_tigrinus-300x218.jpg 300w, https:\/\/sisu.ut.ee\/wp-content\/uploads\/sites\/633\/gammarus_tigrinus-768x558.jpg 768w, https:\/\/sisu.ut.ee\/wp-content\/uploads\/sites\/633\/gammarus_tigrinus-1536x1117.jpg 1536w, https:\/\/sisu.ut.ee\/wp-content\/uploads\/sites\/633\/gammarus_tigrinus-1920x1396.jpg 1920w, https:\/\/sisu.ut.ee\/wp-content\/uploads\/sites\/633\/gammarus_tigrinus.jpg 2000w\" sizes=\"auto, (max-width: 1024px) 100vw, 1024px\"><\/a><\/figure>\n\n\n\n<figure class=\"wp-block-image size-large\"><a href=\"https:\/\/sisu.ut.ee\/wp-content\/uploads\/sites\/633\/evadne_anonyx_01.jpg\"><img loading=\"lazy\" decoding=\"async\" width=\"1024\" height=\"744\" data-id=\"47\" src=\"https:\/\/sisu.ut.ee\/wp-content\/uploads\/sites\/633\/evadne_anonyx_01-1024x744.jpg\" alt=\"Evadne2\" class=\"wp-image-47\" title=\"evadne_anonyx_01.jpg\" srcset=\"https:\/\/sisu.ut.ee\/wp-content\/uploads\/sites\/633\/evadne_anonyx_01-1024x744.jpg 1024w, https:\/\/sisu.ut.ee\/wp-content\/uploads\/sites\/633\/evadne_anonyx_01-300x218.jpg 300w, https:\/\/sisu.ut.ee\/wp-content\/uploads\/sites\/633\/evadne_anonyx_01-768x558.jpg 768w, https:\/\/sisu.ut.ee\/wp-content\/uploads\/sites\/633\/evadne_anonyx_01-1536x1117.jpg 1536w, https:\/\/sisu.ut.ee\/wp-content\/uploads\/sites\/633\/evadne_anonyx_01-1920x1396.jpg 1920w, https:\/\/sisu.ut.ee\/wp-content\/uploads\/sites\/633\/evadne_anonyx_01.jpg 2000w\" sizes=\"auto, (max-width: 1024px) 100vw, 1024px\"><\/a><\/figure>\n\n\n\n<figure class=\"wp-block-image size-large\"><a href=\"https:\/\/sisu.ut.ee\/wp-content\/uploads\/sites\/633\/marenzelleria_neglecta.jpg\"><img loading=\"lazy\" decoding=\"async\" width=\"1024\" height=\"1024\" data-id=\"49\" src=\"https:\/\/sisu.ut.ee\/wp-content\/uploads\/sites\/633\/marenzelleria_neglecta-1024x1024.jpg\" alt=\"Marenzelleria spp.\" class=\"wp-image-49\" title=\"marenzelleria_neglecta.jpg\" srcset=\"https:\/\/sisu.ut.ee\/wp-content\/uploads\/sites\/633\/marenzelleria_neglecta-1024x1024.jpg 1024w, https:\/\/sisu.ut.ee\/wp-content\/uploads\/sites\/633\/marenzelleria_neglecta-300x300.jpg 300w, https:\/\/sisu.ut.ee\/wp-content\/uploads\/sites\/633\/marenzelleria_neglecta-150x150.jpg 150w, https:\/\/sisu.ut.ee\/wp-content\/uploads\/sites\/633\/marenzelleria_neglecta-768x768.jpg 768w, https:\/\/sisu.ut.ee\/wp-content\/uploads\/sites\/633\/marenzelleria_neglecta-1536x1536.jpg 1536w, https:\/\/sisu.ut.ee\/wp-content\/uploads\/sites\/633\/marenzelleria_neglecta-1920x1920.jpg 1920w, https:\/\/sisu.ut.ee\/wp-content\/uploads\/sites\/633\/marenzelleria_neglecta.jpg 2000w\" sizes=\"auto, (max-width: 1024px) 100vw, 1024px\"><\/a><\/figure>\n\n\n\n<figure class=\"wp-block-image size-large\"><a href=\"https:\/\/sisu.ut.ee\/wp-content\/uploads\/sites\/633\/neogobius_melanostomus.jpg\"><img loading=\"lazy\" decoding=\"async\" width=\"1024\" height=\"744\" data-id=\"50\" src=\"https:\/\/sisu.ut.ee\/wp-content\/uploads\/sites\/633\/neogobius_melanostomus-1024x744.jpg\" alt=\"Neogobius melanostomus\" class=\"wp-image-50\" title=\"neogobius_melanostomus.jpg\" srcset=\"https:\/\/sisu.ut.ee\/wp-content\/uploads\/sites\/633\/neogobius_melanostomus-1024x744.jpg 1024w, https:\/\/sisu.ut.ee\/wp-content\/uploads\/sites\/633\/neogobius_melanostomus-300x218.jpg 300w, https:\/\/sisu.ut.ee\/wp-content\/uploads\/sites\/633\/neogobius_melanostomus-768x558.jpg 768w, https:\/\/sisu.ut.ee\/wp-content\/uploads\/sites\/633\/neogobius_melanostomus-1536x1117.jpg 1536w, https:\/\/sisu.ut.ee\/wp-content\/uploads\/sites\/633\/neogobius_melanostomus-1920x1396.jpg 1920w, https:\/\/sisu.ut.ee\/wp-content\/uploads\/sites\/633\/neogobius_melanostomus.jpg 2000w\" sizes=\"auto, (max-width: 1024px) 100vw, 1024px\"><\/a><\/figure>\n<\/figure>\n\n\n\n<p><strong>Pildid vasakult paremale:<\/strong>. Hariliku r\u00e4ndkrabi vastne <em>(Rhitropanopeus harrisii)<\/em>, tavalise t\u00f5ruv\u00e4hi vastne <em>(Amphibalanus improvisus)<\/em>, elegantne krevett <em>(Palaemon elegans)<\/em>, v\u00f6\u00f6tkirpv\u00e4hk <em>(Gammarus tigrinus)<\/em>, \u00fcmar r\u00fcbik (<em>Evadne anonyx<\/em>; alumine<em>)<\/em>, Virgiinia korgitsuss\u00a0<em>(Marenzelleria neglecta)<\/em> ja \u00fcmarmudil <em>(Neogobius melanostomus)<\/em>. Autor: Lennart Lennuk<\/p>\n\n\n\n<div class=\"wp-block-group attached-files-group is-layout-constrained wp-block-group-is-layout-constrained\">\n<div class=\"wp-block-file\"><a id=\"wp-block-file--media-1ce9dd45-8762-4eca-8b2b-b2213f94a001\" href=\"https:\/\/sisu.ut.ee\/wp-content\/uploads\/sites\/633\/kutsumata_kylialised_eesti_vetes_veeb.pdf\" target=\"_blank\" rel=\"noreferrer noopener\">KUTSUMATA K\u00dcLALISED L\u00c4\u00c4NEMERES<\/a><\/div>\n<\/div>\n","protected":false},"excerpt":{"rendered":"<p>Projekti toel on valminud v\u00f5\u00f5rliikide teemaline lasteraamat, mille peaeesm\u00e4rgiks on \u00e4ratada lastes s\u00fcgavamat huvi meres toimuva vastu ning anda hoogu mereteadust tutvustavatele tegevustele. Teadlikkuse t\u00f5stmine v\u00f5\u00f5rliikide teemal ja nende leviku ning m\u00f5ju tutvustamine ja lastele arusaadavaks tegemine ning selle teema &#8230;<\/p>\n","protected":false},"author":314,"featured_media":0,"parent":0,"menu_order":0,"comment_status":"closed","ping_status":"closed","template":"","meta":{"_acf_changed":false,"inline_featured_image":false,"footnotes":""},"class_list":["post-14","page","type-page","status-publish","hentry"],"acf":[],"_links":{"self":[{"href":"https:\/\/sisu.ut.ee\/v66rliikidejakliimamuutustem6ju\/wp-json\/wp\/v2\/pages\/14","targetHints":{"allow":["GET"]}}],"collection":[{"href":"https:\/\/sisu.ut.ee\/v66rliikidejakliimamuutustem6ju\/wp-json\/wp\/v2\/pages"}],"about":[{"href":"https:\/\/sisu.ut.ee\/v66rliikidejakliimamuutustem6ju\/wp-json\/wp\/v2\/types\/page"}],"author":[{"embeddable":true,"href":"https:\/\/sisu.ut.ee\/v66rliikidejakliimamuutustem6ju\/wp-json\/wp\/v2\/users\/314"}],"replies":[{"embeddable":true,"href":"https:\/\/sisu.ut.ee\/v66rliikidejakliimamuutustem6ju\/wp-json\/wp\/v2\/comments?post=14"}],"version-history":[{"count":5,"href":"https:\/\/sisu.ut.ee\/v66rliikidejakliimamuutustem6ju\/wp-json\/wp\/v2\/pages\/14\/revisions"}],"predecessor-version":[{"id":245,"href":"https:\/\/sisu.ut.ee\/v66rliikidejakliimamuutustem6ju\/wp-json\/wp\/v2\/pages\/14\/revisions\/245"}],"wp:attachment":[{"href":"https:\/\/sisu.ut.ee\/v66rliikidejakliimamuutustem6ju\/wp-json\/wp\/v2\/media?parent=14"}],"curies":[{"name":"wp","href":"https:\/\/api.w.org\/{rel}","templated":true}]}}