{"id":13,"date":"2024-04-04T08:40:07","date_gmt":"2024-04-04T05:40:07","guid":{"rendered":"https:\/\/sisu.ut.ee\/v66rliikidejakliimamuutustem6ju\/planwise4blue-platvorm-0\/"},"modified":"2024-04-09T15:43:42","modified_gmt":"2024-04-09T12:43:42","slug":"planwise4blue-platvorm-0","status":"publish","type":"page","link":"https:\/\/sisu.ut.ee\/v66rliikidejakliimamuutustem6ju\/planwise4blue-platvorm-0\/","title":{"rendered":"PlanWise4Blue platvorm"},"content":{"rendered":"<p>Projekti toel loodud teadmine ja alusandmestik integreeritakse veebiportaali <a title=\"\" href=\"https:\/\/gis.sea.ee\/pw4b\/adrienne\/IL_map\" target=\"_blank\" rel=\"noopener\" data-url=\"https:\/\/gis.sea.ee\/pw4b\/adrienne\/IL_map\">PlanWise4Blue<\/a>, mis v\u00f5imaldab loodud anal\u00fc\u00fctilist t\u00f6\u00f6riista piiranguteta jagada k\u00f5ikidele huvir\u00fchmadele sh. avalikkusele. Portaali lisatakse ka spetsiaalne projekti toel loodud koolitusmaterjal v\u00f5imaldamaks k\u00f5ikidel huvilistel teostada v\u00f5\u00f5rliikidega seotud andmep\u00f5hiseid anal\u00fc\u00fcse eesm\u00e4rgiga v\u00e4hendada v\u00f5\u00f5rliikide m\u00f5ju merekeskkonnale ja suurendada v\u00f5\u00f5rliikide m\u00f5jude kohta k\u00e4ivat teadlikkust. Selle t\u00f6\u00f6riista abil loodame parandada Keskkonnaministeeriumi, Keskkonnaameti, Keskkonnaagentuuri ja kohalike omavalitsus\u00fcksuste tehtavate keskkonnaotsuste kvaliteeti, kuna t\u00f6\u00f6riista abil tehtud anal\u00fc\u00fcside ja nende p\u00f5hjal vastuv\u00f5etud otsuste abil on v\u00f5imalik leevendada v\u00f5\u00f5rliikide m\u00f5ju merekeskkonnas.<\/p>\n\n\n\n<p><span style=\"line-height: 150%;\">Meie l\u00e4henemisviis h\u00f5lmab 1) avaldatud teaduskirjanduse ja\/v\u00f5i seire andmebaaside metaanal\u00fc\u00fcsi, mis n\u00e4itvad v\u00f5\u00f5rliikide eraldi ja\/v\u00f5i s\u00fcnergilist m\u00f5ju erinevatele \u00f6kos\u00fcsteemi elementidele ning 2) selliste standardiseeritud m\u00f5ju suuruse hinnangute ja erinevate \u00f6kos\u00fcsteemi komponentide levikukaartide \u00fchendamist kumulatiivse m\u00f5ju hindamise raamistikku (t\u00e4psem metoodika kirjeldus: Kotta, J.; Fetissov, M.; Szava-Kovats, R.; Aps, R.; Martin, G. 2020. Online tool to integrate evidence-based knowledge into cumulative effects assessments: Linking human pressures to multiple nature assets. Environmental Advances, 2, 100026.). Osad uuritud surveteguritest v\u00f5ivad olla hallatavad (nt. eutrofeerumine) ja teised mittehallatavad (nt. v\u00f5\u00f5rliigid). Veebit\u00f6\u00f6riist v\u00f5imaldab hinnata mittehallatavate survetegurite m\u00f5ju hallatavate survetegurite kontekstis ning n\u00e4idata, kas osade hallatavate survetegurite intensiivsuse muutmisel on oodata ka v\u00f5\u00f5rliikide kumulatiivsete m\u00f5jude v\u00e4henemine. Sellise metoodilise l\u00e4henemise kaudu saab v\u00f5imalikuks erinevate inimtegevuste ja sissetoodud v\u00f5\u00f5rliikide \u2013 nii praeguste kui ka tulevaste \u2013 eraldi- ja koosm\u00f5jude prognoosimine. Tegevuse tulemusel valmib metoodika ja veebit\u00f6\u00f6riist, mis on praktiliselt rakendatav MSFD D2C2 raporteerimisel. Loodud metoodikat on v\u00f5imalik rakendada mujal L\u00e4\u00e4nemeres ja teistes mere\u00f6kos\u00fcsteemides.<\/span><\/p>\n\n\n\n<p><strong>Aastal 2023 j\u00e4tkub<\/strong> v\u00f5\u00f5rliikide alusandmestiku t\u00e4iendamine ja andmete integreerimine portaali.<\/p>\n","protected":false},"excerpt":{"rendered":"<p>Projekti toel loodud teadmine ja alusandmestik integreeritakse veebiportaali PlanWise4Blue, mis v\u00f5imaldab loodud anal\u00fc\u00fctilist t\u00f6\u00f6riista piiranguteta jagada k\u00f5ikidele huvir\u00fchmadele sh. avalikkusele. Portaali lisatakse ka spetsiaalne projekti toel loodud koolitusmaterjal v\u00f5imaldamaks k\u00f5ikidel huvilistel teostada v\u00f5\u00f5rliikidega seotud andmep\u00f5hiseid anal\u00fc\u00fcse eesm\u00e4rgiga v\u00e4hendada v\u00f5\u00f5rliikide m\u00f5ju &#8230;<\/p>\n","protected":false},"author":314,"featured_media":0,"parent":0,"menu_order":0,"comment_status":"closed","ping_status":"closed","template":"","meta":{"_acf_changed":false,"inline_featured_image":false,"footnotes":""},"class_list":["post-13","page","type-page","status-publish","hentry"],"acf":[],"_links":{"self":[{"href":"https:\/\/sisu.ut.ee\/v66rliikidejakliimamuutustem6ju\/wp-json\/wp\/v2\/pages\/13","targetHints":{"allow":["GET"]}}],"collection":[{"href":"https:\/\/sisu.ut.ee\/v66rliikidejakliimamuutustem6ju\/wp-json\/wp\/v2\/pages"}],"about":[{"href":"https:\/\/sisu.ut.ee\/v66rliikidejakliimamuutustem6ju\/wp-json\/wp\/v2\/types\/page"}],"author":[{"embeddable":true,"href":"https:\/\/sisu.ut.ee\/v66rliikidejakliimamuutustem6ju\/wp-json\/wp\/v2\/users\/314"}],"replies":[{"embeddable":true,"href":"https:\/\/sisu.ut.ee\/v66rliikidejakliimamuutustem6ju\/wp-json\/wp\/v2\/comments?post=13"}],"version-history":[{"count":2,"href":"https:\/\/sisu.ut.ee\/v66rliikidejakliimamuutustem6ju\/wp-json\/wp\/v2\/pages\/13\/revisions"}],"predecessor-version":[{"id":239,"href":"https:\/\/sisu.ut.ee\/v66rliikidejakliimamuutustem6ju\/wp-json\/wp\/v2\/pages\/13\/revisions\/239"}],"wp:attachment":[{"href":"https:\/\/sisu.ut.ee\/v66rliikidejakliimamuutustem6ju\/wp-json\/wp\/v2\/media?parent=13"}],"curies":[{"name":"wp","href":"https:\/\/api.w.org\/{rel}","templated":true}]}}