{"id":12,"date":"2024-04-04T08:40:07","date_gmt":"2024-04-04T05:40:07","guid":{"rendered":"https:\/\/sisu.ut.ee\/v66rliikidejakliimamuutustem6ju\/uudised\/"},"modified":"2024-05-14T22:03:46","modified_gmt":"2024-05-14T19:03:46","slug":"uudised","status":"publish","type":"page","link":"https:\/\/sisu.ut.ee\/v66rliikidejakliimamuutustem6ju\/uudised\/","title":{"rendered":"Uudised"},"content":{"rendered":"<p><strong>T\u00e4helepanu! <\/strong>Tartu \u00dclikooli Eesti mereinsituut kogub infot Hariliku r\u00e4ndkarbi leviku kohta Eesti rannikumeres<\/p>\n<p><img loading=\"lazy\" decoding=\"async\" class=\"alignnone size-medium wp-image-257\" src=\"https:\/\/sisu.ut.ee\/wp-content\/uploads\/sites\/633\/crab_66_cropped-1-300x196.png\" alt=\"\" width=\"300\" height=\"196\" srcset=\"https:\/\/sisu.ut.ee\/wp-content\/uploads\/sites\/633\/crab_66_cropped-1-300x196.png 300w, https:\/\/sisu.ut.ee\/wp-content\/uploads\/sites\/633\/crab_66_cropped-1.png 514w\" sizes=\"auto, (max-width: 300px) 100vw, 300px\">\u00a0 \u00a0 \u00a0 <img loading=\"lazy\" decoding=\"async\" class=\"alignnone size-medium wp-image-259\" src=\"https:\/\/sisu.ut.ee\/wp-content\/uploads\/sites\/633\/crabs_in_aquaria-300x169.png\" alt=\"\" width=\"300\" height=\"169\" srcset=\"https:\/\/sisu.ut.ee\/wp-content\/uploads\/sites\/633\/crabs_in_aquaria-300x169.png 300w, https:\/\/sisu.ut.ee\/wp-content\/uploads\/sites\/633\/crabs_in_aquaria.png 393w\" sizes=\"auto, (max-width: 300px) 100vw, 300px\"><\/p>\n<p>Raporteeri hariliku r\u00e4ndkrabi leid: <a href=\"https:\/\/arcg.is\/rHvni\">SIIN<\/a><\/p>\n<p><strong>Loe t\u00e4psemalt liigi kohta:\u00a0<\/strong><a href=\"https:\/\/sisu.ut.ee\/wp-content\/uploads\/sites\/633\/mudcrab_factsheet_EST.pdf\">Harilik r\u00e4ndkrabi Eestis<\/a><\/p>\n<p><strong>S\u00dcNDMUSED<\/strong><\/p>\n<p><strong>Aastal 2024<\/strong> toimus projekti l\u00f5pukonverents Tallinnas koost\u00f6\u00f6s Maa\u00fclikooliga. Loe t\u00e4psemalt <a href=\"http:\/\/ais.emu.ee\">SIIT<\/a>.<\/p>\n<p>Konverentsi j\u00e4relvaatamiseks kirjuta soov kristiina.nurkse@ut.ee.<\/p>\n<p><strong>S\u00fcndmused aastal 2023:<\/strong><\/p>\n<p>1. 13.04.2023 toimus v\u00f5\u00f5rliikide infohommiku Keskonnaministeeriumis:<\/p>\n<p style=\"margin-left: 40px;\">Tartu \u00dclikooli mereteadlased tutvustavad oma viimaste aastate uuringute tulemusi v\u00f5\u00f5rliikide kohta ja nende m\u00f5judest kohalikule mere\u00f6kos\u00fcsteemile.<\/p>\n<p style=\"margin-left: 40px;\"><u>P\u00e4evakava:<\/u><\/p>\n<p style=\"margin-left: 40px;\">Henn Ojaveer:\u00a0Rahvusvaheline seadusandlik raamistik ja v\u00f5\u00f5rliikide m\u00f5jude hindamismetoodikad.<\/p>\n<p style=\"margin-left: 40px;\"><strong>Vaata ettekande slaide siit:<\/strong>\u00a0<span class=\"file media-element file-os-files-link\" data-file_info=\"%7B%22fid%22:%2281218%22,%22view_mode%22:%22os_files_link%22,%22type%22:%22media%22%7D\"><img decoding=\"async\" class=\"file-icon\" src=\"\/profiles\/openscholar\/modules\/os\/modules\/os_files\/icons\/application-pdf.svg\" alt=\"\"> <a href=\"https:\/\/sisu.ut.ee\/wp-content\/uploads\/sites\/633\/ojaveer_2023_seadusandlus_ja_mojude_metoodikad.pdf\">Seadusandlus ja m\u00f5jude metoodikadtoodikad.pdf<\/a><\/span><\/p>\n<p style=\"margin-left: 40px;\">Kristiina N\u00f5omaa: V\u00f5\u00f5rliikide \u00f6koloogilised m\u00f5jud.<\/p>\n<p>2. \u00dcmarmudila sotsiaalmajandusliku uuringu tulemuste tutvustamine\u00a0<a title=\"\" href=\"https:\/\/www.saartekalandus.ee\/?p=5567\" target=\"_blank\" rel=\"noopener\" data-url=\"https:\/\/www.saartekalandus.ee\/?p=5567\">Nasva rahvamajas 19. mai 13:30<\/a>.<\/p>\n<p>3.\u00a023.11.2023 toimus v\u00f5\u00f5rliikide teemalise lastelraamatu esitlus\u00a0Loodusmuuseumis. Vaata \u00fcrituse pilte siit:\u00a0<a id=\"LPlnk703080\" href=\"https:\/\/www.facebook.com\/eestiloodusmuuseum\" target=\"_blank\" rel=\"noopener noreferrer\" data-auth=\"NotApplicable\" data-linkindex=\"0\">https:\/\/www.facebook.com\/eestiloodusmuuseum<\/a><\/p>\n<p>Raamatut tutvustati ka noorte saates NOVA: https:\/\/jupiter.err.ee\/1609206866\/nova<\/p>\n<p><strong>Aastal 2022 tutvustati projekti raames erinevatel \u00fcritustel ja publikatsioonides v\u00f5\u00f5rliikide m\u00f5jusid:\u00a0<\/strong><\/p>\n<p>1.\u00a0\u00a0 \u00a0Populaarteaduslik saade v\u00f5\u00f5rliikide kasutusv\u00f5imalustest:<br>\nhttps:\/\/www.levila.ee\/video\/parnu-lahe-uut-mere-elanikku-soomas<\/p>\n<p>2.\u00a0\u00a0 \u00a0V\u00f5\u00f5rliikide m\u00f5jude tutvustamine:<br>\nhttps:\/\/novaator.err.ee\/1608731158\/pealtnagija-eesti-peale-ihuvad-hammast-pesukarud-ja-nahtamatu-seen<br>\nhttps:\/\/novaator.err.ee\/1608815383\/uuring-voorliikide-moju-laanemerele-on-vorreldav-kliimamuutustega<\/p>\n<p>Suulised ettekanded rahvusvahelistel konverentsidel ja koosolekutel:<\/p>\n<p>I.\u00a0\u00a0 \u00a0Kotta, J.; Ojaveer, H.; Fetissov, M.; Orav-Kotta, H.; Lees, L.; K\u00f5ivupuu, A.; Szava-Kovats, R. 2022. Integrating ecological impacts of non-indigenous species within a cumulative effect assessment framework. NEOBIOTA 2022, 12th International Conference on Biological Invasions, Biological Invasions in a Changing World, Tartu, Estonia, 12\u201316 September 2022.<br>\nII.\u00a0\u00a0 \u00a0N\u00f5omaa, K.; Kotta, J.; Szava-Kovats, R.;: Herk\u00fcl, K.; Eschbaum, R.; Vetemaa, M. 2022. Novel fish predator causes sustained changes in its prey populations. NEOBIOTA 2022, 12th International Conference on Biological Invasions, Biological Invasions in a Changing World, Tartu, Estonia, 12\u201316 September 2022<br>\nIII.\u00a0\u00a0 \u00a0Beleem, IB; Kotta, J.; Barboza FR. 2022. Temperature modulates the community-wide effects of an invasive mud crab in a key baltic sea macroalgal-dominated habitat. NEOBIOTA 2022, 12th International Conference on Biological Invasions, Biological Invasions in a Changing World, Tartu, Estonia, 12\u201316 September 2022<br>\nIV.\u00a0\u00a0 \u00a0N\u00f5omaa, K. 2022. Round goby long-term impact on benthic communities. Presentaion at the Workshop on Stickleback and Round Goby in the Baltic Sea (WKSTARGATE). 22\u201325 august 2022<br>\nV.\u00a0\u00a0 \u00a0N\u00f5omaa, K. 2022. Understanding marine invasions \u2013 from the lab to the sea. Ettekanne konverentsil \u201cEesti Mereteadus 2022\u201d. 14. oktoober 2022<\/p>\n","protected":false},"excerpt":{"rendered":"<p>T\u00e4helepanu! Tartu \u00dclikooli Eesti mereinsituut kogub infot Hariliku r\u00e4ndkarbi leviku kohta Eesti rannikumeres \u00a0 \u00a0 \u00a0 Raporteeri hariliku r\u00e4ndkrabi leid: SIIN Loe t\u00e4psemalt liigi kohta:\u00a0Harilik r\u00e4ndkrabi Eestis S\u00dcNDMUSED Aastal 2024 toimus projekti l\u00f5pukonverents Tallinnas koost\u00f6\u00f6s Maa\u00fclikooliga. Loe t\u00e4psemalt SIIT. Konverentsi &#8230;<\/p>\n","protected":false},"author":314,"featured_media":0,"parent":0,"menu_order":0,"comment_status":"closed","ping_status":"closed","template":"","meta":{"_acf_changed":false,"inline_featured_image":false,"footnotes":""},"class_list":["post-12","page","type-page","status-publish","hentry"],"acf":[],"_links":{"self":[{"href":"https:\/\/sisu.ut.ee\/v66rliikidejakliimamuutustem6ju\/wp-json\/wp\/v2\/pages\/12","targetHints":{"allow":["GET"]}}],"collection":[{"href":"https:\/\/sisu.ut.ee\/v66rliikidejakliimamuutustem6ju\/wp-json\/wp\/v2\/pages"}],"about":[{"href":"https:\/\/sisu.ut.ee\/v66rliikidejakliimamuutustem6ju\/wp-json\/wp\/v2\/types\/page"}],"author":[{"embeddable":true,"href":"https:\/\/sisu.ut.ee\/v66rliikidejakliimamuutustem6ju\/wp-json\/wp\/v2\/users\/314"}],"replies":[{"embeddable":true,"href":"https:\/\/sisu.ut.ee\/v66rliikidejakliimamuutustem6ju\/wp-json\/wp\/v2\/comments?post=12"}],"version-history":[{"count":3,"href":"https:\/\/sisu.ut.ee\/v66rliikidejakliimamuutustem6ju\/wp-json\/wp\/v2\/pages\/12\/revisions"}],"predecessor-version":[{"id":261,"href":"https:\/\/sisu.ut.ee\/v66rliikidejakliimamuutustem6ju\/wp-json\/wp\/v2\/pages\/12\/revisions\/261"}],"wp:attachment":[{"href":"https:\/\/sisu.ut.ee\/v66rliikidejakliimamuutustem6ju\/wp-json\/wp\/v2\/media?parent=12"}],"curies":[{"name":"wp","href":"https:\/\/api.w.org\/{rel}","templated":true}]}}