{"id":11,"date":"2024-04-04T08:40:06","date_gmt":"2024-04-04T05:40:06","guid":{"rendered":"https:\/\/sisu.ut.ee\/v66rliikidejakliimamuutustem6ju\/voorliikide-uuringud\/"},"modified":"2024-04-09T11:19:04","modified_gmt":"2024-04-09T08:19:04","slug":"voorliikide-uuringud","status":"publish","type":"page","link":"https:\/\/sisu.ut.ee\/v66rliikidejakliimamuutustem6ju\/voorliikide-uuringud\/","title":{"rendered":"V\u00f5\u00f5rliikide uuringud"},"content":{"rendered":"<p>\r\n\tV\u00f5\u00f5rliikide uuringud k\u00e4sitlevad erinevaid teemasid:\r\n<\/p>\r\n\r\n<ul>\r\n\t<li>\r\n\t\tHinnatakse eraldi- ja koosm\u00f5ju eluta ja elusale keskkonnale ning \u00f6kos\u00fcsteemi teenustele.\r\n\t<\/li>\r\n\t<li>\r\n\t\tV\u00f5\u00f5rliikide levikupotentsiaali modelleerimine (ni\u0161\u0161imudelite kaudu) ja ruumiliste m\u00f5jude hindamine praeguste keskkonnatingimuste, tuleviku kliimastsenaariumite ja teiste olulisemate survetegurite kontekstis.\u00a0\r\n\t<\/li>\r\n\t<li>\r\n\t\tPanustatakse Eesti merestrateegia meetme saavutamisse arendades sadamate bioloogilise seire jaoks eDNA meetodit.\r\n\t<\/li>\r\n\t<li>\r\n\t\tLuuakse v\u00f5\u00f5rliikide m\u00f5jude hindamise raamistikud ja riskianal\u00fc\u00fcs l\u00e4htudes Merestrateegia raamdirektiivi ja Ballastvee konventsioonist tulenevatest vajadustest.\r\n\t<\/li>\r\n<\/ul>\r\n\r\n<p>\r\n\tProjekti k\u00e4igus kogutud uus teave (sh. merev\u00f5\u00f5rliikide sissetulekuteed, riskialad, levikukaardid, m\u00f5jualgoritmid, hindamise metoodikad) integreeritakse PlanWise4Blue kumulatiivsete m\u00f5jude hindamise veebit\u00f6\u00f6riista v\u00f5imaldades huvir\u00fchmadel anal\u00fc\u00fcsida v\u00f5\u00f5rliikide m\u00f5ju eri stsenaariumite korral ning panustada efektiivselt projektitulemuste avalikustamisse.\r\n<\/p>\r\n\r\n<p>\r\n\tProjekt k\u00e4sitleb j\u00e4rgmisi invasiivseid v\u00f5\u00f5rliike: <em>Mya arenaria<\/em>, <em>Rangia cuneata<\/em>, <em>Marenzelleria<\/em> spp., <em>Cercopagis pengoi<\/em>, <em>Amphibalanus improvisus<\/em>, <em>Gammarus tigrinus<\/em>, <em>Pontogammarus robustoides<\/em>, <em>Chelicorophium curvispinum<\/em>, <em>Dreissena polymorpha<\/em>, <em>Palaemon elegans<\/em>, <em>Eriocheir sinensis<\/em>, <em>Neogobius melanostomus<\/em>, <em>Rhithropanopeus harrisii<\/em> ja <em>Carassius gibelio<\/em> ning lisaks ka valitud teisi invasiivseid laiemalt levinud v\u00f5\u00f5rliike (esinevad \u00fcle 50% L\u00e4\u00e4nemere riikidest, AquaNIS).\r\n<\/p>\r\n<br><figure class=\"wp-block-gallery has-nested-images columns-3 is-cropped wp-block-gallery-1 is-layout-flex wp-block-gallery-is-layout-flex\"><figure class=\"wp-block-image size-large\"><a href=\"https:\/\/sisu.ut.ee\/wp-content\/uploads\/sites\/633\/img-20220822-wa0005.jpg\"><img decoding=\"async\" data-id=\"38\" src=\"https:\/\/sisu.ut.ee\/wp-content\/uploads\/sites\/633\/img-20220822-wa0005.jpg\" alt=\"\" class=\"wp-ima&lt;\/figcaption&gt;&lt;\/figure&gt;&lt;\/figure&gt;\"><\/a><\/figure><\/figure>","protected":false},"excerpt":{"rendered":"<p>V\u00f5\u00f5rliikide uuringud k\u00e4sitlevad erinevaid teemasid: Hinnatakse eraldi- ja koosm\u00f5ju eluta ja elusale keskkonnale ning \u00f6kos\u00fcsteemi teenustele. V\u00f5\u00f5rliikide levikupotentsiaali modelleerimine (ni\u0161\u0161imudelite kaudu) ja ruumiliste m\u00f5jude hindamine praeguste keskkonnatingimuste, tuleviku kliimastsenaariumite ja teiste olulisemate survetegurite kontekstis.\u00a0 Panustatakse Eesti merestrateegia meetme saavutamisse arendades &#8230;<\/p>\n","protected":false},"author":314,"featured_media":0,"parent":0,"menu_order":0,"comment_status":"closed","ping_status":"closed","template":"","meta":{"_acf_changed":false,"inline_featured_image":false,"footnotes":""},"class_list":["post-11","page","type-page","status-publish","hentry"],"acf":[],"_links":{"self":[{"href":"https:\/\/sisu.ut.ee\/v66rliikidejakliimamuutustem6ju\/wp-json\/wp\/v2\/pages\/11","targetHints":{"allow":["GET"]}}],"collection":[{"href":"https:\/\/sisu.ut.ee\/v66rliikidejakliimamuutustem6ju\/wp-json\/wp\/v2\/pages"}],"about":[{"href":"https:\/\/sisu.ut.ee\/v66rliikidejakliimamuutustem6ju\/wp-json\/wp\/v2\/types\/page"}],"author":[{"embeddable":true,"href":"https:\/\/sisu.ut.ee\/v66rliikidejakliimamuutustem6ju\/wp-json\/wp\/v2\/users\/314"}],"replies":[{"embeddable":true,"href":"https:\/\/sisu.ut.ee\/v66rliikidejakliimamuutustem6ju\/wp-json\/wp\/v2\/comments?post=11"}],"version-history":[{"count":2,"href":"https:\/\/sisu.ut.ee\/v66rliikidejakliimamuutustem6ju\/wp-json\/wp\/v2\/pages\/11\/revisions"}],"predecessor-version":[{"id":120,"href":"https:\/\/sisu.ut.ee\/v66rliikidejakliimamuutustem6ju\/wp-json\/wp\/v2\/pages\/11\/revisions\/120"}],"wp:attachment":[{"href":"https:\/\/sisu.ut.ee\/v66rliikidejakliimamuutustem6ju\/wp-json\/wp\/v2\/media?parent=11"}],"curies":[{"name":"wp","href":"https:\/\/api.w.org\/{rel}","templated":true}]}}