{"id":10,"date":"2024-04-04T08:40:06","date_gmt":"2024-04-04T05:40:06","guid":{"rendered":"https:\/\/sisu.ut.ee\/v66rliikidejakliimamuutustem6ju\/kliimamuutuste-moju\/"},"modified":"2024-04-09T11:28:01","modified_gmt":"2024-04-09T08:28:01","slug":"kliimamuutuste-moju","status":"publish","type":"page","link":"https:\/\/sisu.ut.ee\/v66rliikidejakliimamuutustem6ju\/kliimamuutuste-moju\/","title":{"rendered":"Kliimamuutuste m\u00f5ju"},"content":{"rendered":"<p>\n\tKliimamuutuste teema keskendub CO2 sidumise seisukohast v\u00e4\u00e4rtuslike mereelupaikade, merep\u00f5hja k\u00f5rgemate taimede (merihein ja muud k\u00f5rgemad taimed) koosluste leviku ja CO2 sidumispotentsiaali hindamisele.\n<\/p>\n<p>\n\t<strong>Rannikumere elupaikade CO2 sidumispotentsiaali hindamine ja selliste elupaikade taastamine.\u00a0<\/strong>\n<\/p>\n<p>\n\tMeriheina koosluste taastamise eksperiment viiakse l\u00e4bi Prangli saare l\u00e4heduses 2-5 m s\u00fcgavusel alal endise veealuse liivamaardla piirkonnas.\u00a0Koosluse taastamisel kasutatakse n\u00f6\u00f6rmeetodit. J\u00e4rgnevalt j\u00e4lgitakse kogu projekti v\u00e4ltel istutatud taimede olukorda ning kirjeldatakse uue meriheinakoosluse arengut.\u00a0Tegevuse metoodiliseks aluseks on Horizon MERCES projekti poolt koostatud Deliverable 10.6: Restoration of marine ecosystems: a manual for users. T\u00f6\u00f6 tulemusel luuakse Eesti merealal efektiivselt toimivad metoodikad, mida saab rakendada v\u00e4\u00e4rtuslike mereelupaikade taastamisel ja\/v\u00f5i seisundi parandamisel.\n<\/p>\n<p>\n\t<strong>2022 aastal teostati v\u00e4lit\u00f6\u00f6d ja koguti proove<\/strong> merep\u00f5hja suurtaimestiku koosluste s\u00fcsinikusisalduse m\u00e4\u00e4ramiseks. Koguti proove nii meriheina kooslustest (Prangli, V\u00e4inameri, Liivi laht) kui teistest k\u00f5rgemate taimede kooslustest. Eraldi m\u00e4\u00e4ratakse s\u00fcsinikusisaldus pinnases olevast koosluse osast ja veesambas olevast osast. Kogutud proovid on hetkel anal\u00fc\u00fcsitud. Kevadel kogutakse veel lisaproovid samadest kooslustest, et saada sesoonne aspekt. 2022 aasta suvel teostati Prangli saare l\u00f5unarannikul eksperiment meriheina koosluste taastamiseks (Joonis 5). Selleks koguti meriheina istutusmaterjal m\u00f5ne kilomeetri kauguselt ning istutati meriheina taimed kolmes eri asukohas. 2022 aasta s\u00fcgisel teostati ka esimene vaatluste seeria \u2013 k\u00f5ikides asukohtades oli istutusmaterjal alles.\n<\/p>\n<p>\n\t<img loading=\"lazy\" decoding=\"async\" width=\"2560\" height=\"1707\" class=\"alignnone wp-image-37\" src=\"https:\/\/sisu.ut.ee\/wp-content\/uploads\/sites\/633\/img_0262-scaled.jpg\" title=\"img_0262.jpg\" alt=\"zostera\" srcset=\"https:\/\/sisu.ut.ee\/wp-content\/uploads\/sites\/633\/img_0262-scaled.jpg 2560w, https:\/\/sisu.ut.ee\/wp-content\/uploads\/sites\/633\/img_0262-300x200.jpg 300w, https:\/\/sisu.ut.ee\/wp-content\/uploads\/sites\/633\/img_0262-1024x683.jpg 1024w, https:\/\/sisu.ut.ee\/wp-content\/uploads\/sites\/633\/img_0262-768x512.jpg 768w, https:\/\/sisu.ut.ee\/wp-content\/uploads\/sites\/633\/img_0262-1536x1024.jpg 1536w, https:\/\/sisu.ut.ee\/wp-content\/uploads\/sites\/633\/img_0262-2048x1365.jpg 2048w, https:\/\/sisu.ut.ee\/wp-content\/uploads\/sites\/633\/img_0262-1920x1280.jpg 1920w\" sizes=\"auto, (max-width: 2560px) 100vw, 2560px\">\n<\/p>\n<p>\n\tJoonis1. <em>Zostera marina<\/em> elupaiga taastamise eksperiment.\n<\/p>\n<p>\n\t<strong>2023 mais filmitud veealused kaadrid eksperimendist:<\/strong>\u00a0<span class=\"file media-element file-os-files-link\" data-file_info=\"%7B%22fid%22:%2278399%22,%22view_mode%22:%22os_files_link%22,%22type%22:%22media%22%7D\"><img decoding=\"async\" alt=\"\" class=\"file-icon\" src=\"\/profiles\/openscholar\/modules\/os\/modules\/os_files\/icons\/video-x-generic.svg\"> <a href=\"https:\/\/sisu.ut.ee\/wp-content\/uploads\/sites\/633\/mvi_0475.mov\">mvi_0475.mov<\/a><\/span><\/p>\n","protected":false},"excerpt":{"rendered":"<p>Kliimamuutuste teema keskendub CO2 sidumise seisukohast v\u00e4\u00e4rtuslike mereelupaikade, merep\u00f5hja k\u00f5rgemate taimede (merihein ja muud k\u00f5rgemad taimed) koosluste leviku ja CO2 sidumispotentsiaali hindamisele. Rannikumere elupaikade CO2 sidumispotentsiaali hindamine ja selliste elupaikade taastamine.\u00a0 Meriheina koosluste taastamise eksperiment viiakse l\u00e4bi Prangli saare l\u00e4heduses &#8230;<\/p>\n","protected":false},"author":314,"featured_media":0,"parent":0,"menu_order":0,"comment_status":"closed","ping_status":"closed","template":"","meta":{"_acf_changed":false,"inline_featured_image":false,"footnotes":""},"class_list":["post-10","page","type-page","status-publish","hentry"],"acf":[],"_links":{"self":[{"href":"https:\/\/sisu.ut.ee\/v66rliikidejakliimamuutustem6ju\/wp-json\/wp\/v2\/pages\/10","targetHints":{"allow":["GET"]}}],"collection":[{"href":"https:\/\/sisu.ut.ee\/v66rliikidejakliimamuutustem6ju\/wp-json\/wp\/v2\/pages"}],"about":[{"href":"https:\/\/sisu.ut.ee\/v66rliikidejakliimamuutustem6ju\/wp-json\/wp\/v2\/types\/page"}],"author":[{"embeddable":true,"href":"https:\/\/sisu.ut.ee\/v66rliikidejakliimamuutustem6ju\/wp-json\/wp\/v2\/users\/314"}],"replies":[{"embeddable":true,"href":"https:\/\/sisu.ut.ee\/v66rliikidejakliimamuutustem6ju\/wp-json\/wp\/v2\/comments?post=10"}],"version-history":[{"count":1,"href":"https:\/\/sisu.ut.ee\/v66rliikidejakliimamuutustem6ju\/wp-json\/wp\/v2\/pages\/10\/revisions"}],"predecessor-version":[{"id":116,"href":"https:\/\/sisu.ut.ee\/v66rliikidejakliimamuutustem6ju\/wp-json\/wp\/v2\/pages\/10\/revisions\/116"}],"wp:attachment":[{"href":"https:\/\/sisu.ut.ee\/v66rliikidejakliimamuutustem6ju\/wp-json\/wp\/v2\/media?parent=10"}],"curies":[{"name":"wp","href":"https:\/\/api.w.org\/{rel}","templated":true}]}}