{"id":25,"date":"2024-04-04T04:38:29","date_gmt":"2024-04-04T01:38:29","guid":{"rendered":"https:\/\/sisu.ut.ee\/uldine_geoloogia\/tanuavaldused\/"},"modified":"2024-04-04T04:38:37","modified_gmt":"2024-04-04T01:38:37","slug":"tanuavaldused","status":"publish","type":"page","link":"https:\/\/sisu.ut.ee\/uldine_geoloogia\/tanuavaldused\/","title":{"rendered":"T\u00e4nuavaldused"},"content":{"rendered":"<p><span>Kodulehe valmimise eest olen v\u00e4ga t\u00e4nulik kolleegidele\u00a0<\/span><strong>Juho Kirsile<\/strong><span>\u00a0ja\u00a0<\/span><strong>Maris Rattasele<\/strong><span>\u00a0(<\/span><a href=\"http:\/\/www.ut.ee\/et\/\" target=\"_blank\" rel=\"noopener\"><span style=\"color: #000000\">Tartu \u00dclikool<\/span><\/a><span>),\u00a0<\/span><strong>Tarmo Kiiplile<\/strong><span>\u00a0(<\/span><a href=\"http:\/\/www.gi.ee\/\" target=\"_blank\" rel=\"noopener\"><span style=\"color: #000000\">TT\u00dc Geoloogia Instituut<\/span><\/a><span>) ja\u00a0<\/span><strong>J\u00fcri Pladole<\/strong><span>\u00a0(<\/span><a href=\"http:\/\/www.ut.ee\/et\/\" target=\"_blank\" rel=\"noopener\"><span style=\"color: #000000\">Tartu \u00dclikool<\/span><\/a><span>). Isiklikult t\u00e4nan\u00a0<\/span><strong>Urmas Uri<\/strong><span>\u00a0ja\u00a0<\/span><strong>Ene K\u00f5ndi<\/strong><span>\u00a0(<\/span><a href=\"http:\/\/www.kobras.ee\/\" target=\"_blank\" rel=\"noopener\"><span style=\"color: #000000\">AS Kobras<\/span><\/a><span>),\u00a0<\/span><strong>Indrek Tamme<\/strong><span>\u00a0(<\/span><a href=\"http:\/\/www.maves.ee\/\" target=\"_blank\" rel=\"noopener\"><span style=\"color: #000000\">AS Maves<\/span><\/a><span>) ning koolitustel osalenud ja oma fotosid jaganud \u00f5petajaid\u00a0<\/span><strong>Anneli Lukasoni<\/strong><span>\u00a0ja\u00a0<\/span><strong>Lemmi Oravat.<\/strong><span><\/span><\/p>\n\n<p><a href=\"http:\/\/www.ut.ee\/BGGM\/yldine_geoloogia\/tanu_maris_juho.jpg\"><img decoding=\"async\" src=\"http:\/\/www.ut.ee\/BGGM\/yldine_geoloogia\/tanu_maris_juhoa.jpg\" border=\"0\"><\/a><\/p>\n<p>Maris Rattas ja Juho Kirs (vasakult esimene ja teine) r\u00e4\u00e4givad mandrij\u00e4\u00e4tumisest.\u00a0<\/p>\n<p><a href=\"http:\/\/www.ut.ee\/BGGM\/yldine_geoloogia\/tanu_tarmo.jpg\"><img decoding=\"async\" src=\"http:\/\/www.ut.ee\/BGGM\/yldine_geoloogia\/tanu_tarmoa.jpg\" border=\"0\"><\/a><\/p>\n<p>Eesti tuntuim bentoniidi uurija Tarmo Kiipli P\u00e4\u00e4sk\u00fcla blindaa\u017eide juures.<\/p>\n<p>Projekt teostus\u00a0T\u00dc geoloogiamuuseumis\u00a0(n\u00fc\u00fcd: <a href=\"natmuseum.ut.ee\" target=\"_blank\" title=\"\" data-url=\"natmuseum.ut.ee\" rel=\"noopener\">Tartu \u00dclikooli loodusmuuseum<\/a>) Keskkonnainvesteeringute Keskuse (KIK) toetusel.\u00a0<img loading=\"lazy\" decoding=\"async\" src=\"http:\/\/www.ut.ee\/BGGM\/yldine_geoloogia\/KIK_logo_RGB.jpg\" align=\"middle\" width=\"149\" height=\"163\" border=\"0\"><\/p>\n","protected":false},"excerpt":{"rendered":"<p>Kodulehe valmimise eest olen v\u00e4ga t\u00e4nulik kolleegidele\u00a0Juho Kirsile\u00a0ja\u00a0Maris Rattasele\u00a0(Tartu \u00dclikool),\u00a0Tarmo Kiiplile\u00a0(TT\u00dc Geoloogia Instituut) ja\u00a0J\u00fcri Pladole\u00a0(Tartu \u00dclikool). Isiklikult t\u00e4nan\u00a0Urmas Uri\u00a0ja\u00a0Ene K\u00f5ndi\u00a0(AS Kobras),\u00a0Indrek Tamme\u00a0(AS Maves) ning koolitustel osalenud ja oma fotosid jaganud \u00f5petajaid\u00a0Anneli Lukasoni\u00a0ja\u00a0Lemmi Oravat. Maris Rattas ja Juho Kirs (vasakult esimene &#8230;<\/p>\n","protected":false},"author":166,"featured_media":0,"parent":0,"menu_order":0,"comment_status":"closed","ping_status":"closed","template":"","meta":{"_acf_changed":false,"inline_featured_image":false,"footnotes":""},"class_list":["post-25","page","type-page","status-publish","hentry"],"acf":[],"_links":{"self":[{"href":"https:\/\/sisu.ut.ee\/uldine_geoloogia\/wp-json\/wp\/v2\/pages\/25","targetHints":{"allow":["GET"]}}],"collection":[{"href":"https:\/\/sisu.ut.ee\/uldine_geoloogia\/wp-json\/wp\/v2\/pages"}],"about":[{"href":"https:\/\/sisu.ut.ee\/uldine_geoloogia\/wp-json\/wp\/v2\/types\/page"}],"author":[{"embeddable":true,"href":"https:\/\/sisu.ut.ee\/uldine_geoloogia\/wp-json\/wp\/v2\/users\/166"}],"replies":[{"embeddable":true,"href":"https:\/\/sisu.ut.ee\/uldine_geoloogia\/wp-json\/wp\/v2\/comments?post=25"}],"version-history":[{"count":1,"href":"https:\/\/sisu.ut.ee\/uldine_geoloogia\/wp-json\/wp\/v2\/pages\/25\/revisions"}],"predecessor-version":[{"id":71,"href":"https:\/\/sisu.ut.ee\/uldine_geoloogia\/wp-json\/wp\/v2\/pages\/25\/revisions\/71"}],"wp:attachment":[{"href":"https:\/\/sisu.ut.ee\/uldine_geoloogia\/wp-json\/wp\/v2\/media?parent=25"}],"curies":[{"name":"wp","href":"https:\/\/api.w.org\/{rel}","templated":true}]}}