{"id":24,"date":"2024-04-04T04:38:29","date_gmt":"2024-04-04T01:38:29","guid":{"rendered":"https:\/\/sisu.ut.ee\/uldine_geoloogia\/kirjandust-uldisest-geoloogiast\/"},"modified":"2024-04-04T04:38:37","modified_gmt":"2024-04-04T01:38:37","slug":"kirjandust-uldisest-geoloogiast","status":"publish","type":"page","link":"https:\/\/sisu.ut.ee\/uldine_geoloogia\/kirjandust-uldisest-geoloogiast\/","title":{"rendered":"Kirjandust \u00fcldisest geoloogiast"},"content":{"rendered":"<p><strong>Aaloe, A.<\/strong>\u00a01961. Ilumetsa kraatrid. Eesti Loodus, 12, 5, 26-31<\/p>\n<p><strong>Aaloe, A.<\/strong>\u00a01979. Meteoriidikraatrid Ilumetsas. Eesti Loodus, 30, 12, 756-761<\/p>\n<p><strong>Aaloe, A., Miidel, A.<\/strong>\u00a01967. Eesti pangad ja joad. Tallinn, Eesti Raamat<\/p>\n<p><strong>Ainsaar, L., Einasto, R.<\/strong>\u00a02004. Settimine meredes. Rmt: Nestor, H., Raukas, A., Veskim\u00e4e, R. (toim). Maa universumis. M\u00f6\u00f6danik, t\u00e4nap\u00e4ev, tulevik. Tallinn, lk 92-102<\/p>\n<p><strong>Arold, I.<\/strong>\u00a01960. J\u00e4gala \u00fcmbruse geomorfoloogiast. Eesti Geograafia Seltsi Aastaraamat 1959, Tallinn, 5-20<\/p>\n<p><strong>Eesti p\u00f5hjavee kasutamine ja kaitse.<\/strong>\u00a0Karise, V., Metsur, M., Perens, R., Savitskaja, L., Tamm, I. (toim). Tallinn, 2004<\/p>\n<p><strong>Einasto, R., Mens, K.<\/strong>\u00a01996. Geoloogia. Alusp\u00f5hi. Raamatus: Kink, H., (koostaja), Miidel, A. (toimetaja). Pakri poolsaar \u2013 loodus ja inimtegevus, Tallinn, TA kirjastus, 16-23<\/p>\n<p><strong>Einasto, R., Saadre, T.<\/strong>\u00a01991. P\u00f5hja-Eesti paekallas. Eesti Loodus, 12, 690-695\u00a0<\/p>\n<p><strong>Ellmann, A.<\/strong>\u00a02004. Ettekujutusi Maa kujust l\u00e4bi aegade. Rmt: Nestor, H., Raukas, A., Veskim\u00e4e, R. (toim). Maa universumis. M\u00f6\u00f6danik, t\u00e4nap\u00e4ev, tulevik. Tallinn, lk 20-26\u00a0<\/p>\n<p><strong>G\u00fcssefeld, F. L.<\/strong>\u00a01805. Charte von den Herzogth\u00fcmern Liefland und Esthland oder den Statthalterschaften von Riga und Reval. N\u00fcrnberg, Homanus Erben.\u00a0<a href=\"http:\/\/erb.nlib.ee\/?kid=19223699&amp;oid=a4968a8a\">Internet<\/a><\/p>\n<p><strong>Heinsalu, \u00dc.<\/strong>\u00a01959. Kostivere karstiala. LUSi Aastaraamat, 51, 315-327<\/p>\n<p><strong>Heinsalu, \u00dc.<\/strong>\u00a01967. Karst Eestis. Eesti Loodus, 9, 542-547<\/p>\n<p><strong>Heinsalu, \u00dc.<\/strong>\u00a01977. Karst ja looduskeskkond Eesti NSV-s. Tallinn, Valgus<\/p>\n<p><strong>Hints, O.<\/strong>\u00a02004. Stop 1. P\u00e4\u00e4sk\u00fcla Hillock. Rmt: Hints, O., Ainsaar, L. (toim). WOGOGOB-2004 Conference Materials. Tartu, lk 115-116.<\/p>\n<p><strong>Kaljuvee, J.<\/strong>\u00a01931. J\u00e4gala joa tagasinihkumisest. Loodusvaatleja, 6, 179-182<\/p>\n<p><strong>Kalm, V., Kirs, J., Kirsim\u00e4e, K., Kurvits, T.<\/strong>\u00a01999. Mineraalid ja kivimid. Tartu, Tartu \u00dclikool, Geoloogia instituut<\/p>\n<p><strong>Kalm, V., Raukas, A.<\/strong>\u00a02004. Liustikud pinnamoe ja kliima kujundajatena. Rmt: Nestor, H., Raukas, A., Veskim\u00e4e, R. (toim). Maa universumis. M\u00f6\u00f6danik, t\u00e4nap\u00e4ev, tulevik. Tallinn, lk 110-117<\/p>\n<p><strong>Kirs, J.<\/strong>\u00a02004a. Magmakatel maap\u00f5ues. Rmt: Nestor, H., Raukas, A., Veskim\u00e4e, R. (toim). Maa universumis. M\u00f6\u00f6danik, t\u00e4nap\u00e4ev, tulevik. Tallinn, lk 57-63<\/p>\n<p><strong>Kirs, J.<\/strong>\u00a02004b. Kivimite \u00fcmbers\u00fcnd. Rmt: Nestor, H., Raukas, A., Veskim\u00e4e, R. (toim). Maa universumis. M\u00f6\u00f6danik, t\u00e4nap\u00e4ev, tulevik. Tallinn, lk 74-78<\/p>\n<p><strong>Liiva, A.<\/strong>\u00a02008. Ilumetsa kraatrid: rahvalugudest teaduseni. Eesti Loodus, 59, 8, 426-429\u00a0<a href=\"http:\/\/www.loodusajakiri.ee\/eesti_loodus\/artikkel2477_2473.html\" target=\"_blank\" rel=\"noopener\">Internet<\/a><\/p>\n<p><strong>Liiva, A., Kessel, H. Aaloe, A.<\/strong>\u00a01979. Ilumetsa kraatrite vanus. Eesti Loodus, 30, 12, 762-764<\/p>\n<p><strong>Mason, B.<\/strong>\u00a01966. Principles of Geochemistry. John Wiley and Sons, New York<\/p>\n<p><strong>Miidel, A.<\/strong>\u00a01976. P\u0151hja-Eesti jugade uurimisest. Rmt.: Viiding, H. (toim) Eesti NSV maap\u00f5ue kaitsest. Tallinn, Valgus, 96-107<\/p>\n<p><strong>Miidel, A.<\/strong>\u00a01992. Balti klindi p\u00e4ritolu. Eesti Loodus, 2, 77-81\u00a0<\/p>\n<p><strong>Miidel, A.<\/strong>\u00a01993. Miks peavad P\u00f5hja-Eesti j\u00f5ed alamjooksul r\u00fcgama. Eesti Loodus, 10, 328-330<\/p>\n<p><strong>Miidel, A.<\/strong>\u00a02004. J\u00f5gede tegevus. Rmt: Nestor, H., Raukas, A., Veskim\u00e4e, R. (toim). Maa universumis. M\u00f6\u00f6danik, t\u00e4nap\u00e4ev, tulevik. Tallinn, lk 123-128<\/p>\n<p><strong>Murdmaa, I.<\/strong>\u00a02004a. Mitmekihiline maakera. Rmt: Nestor, H., Raukas, A., Veskim\u00e4e, R. (toim). Maa universumis. M\u00f6\u00f6danik, t\u00e4nap\u00e4ev, tulevik. Tallinn, lk 27-32<\/p>\n<p><strong>Murdmaa, I.<\/strong>\u00a02004b. Ookeaniplaneet. Rmt: Nestor, H., Raukas, A., Veskim\u00e4e, R. (toim). Maa universumis. M\u00f6\u00f6danik, t\u00e4nap\u00e4ev, tulevik. Tallinn, lk 79-91<\/p>\n<p><strong>Nestor, H.<\/strong>\u00a02004a. R\u00e4ndav ja uuenev maakoor. Rmt: Nestor, H., Raukas, A., Veskim\u00e4e, R. (toim). Maa universumis. M\u00f6\u00f6danik, t\u00e4nap\u00e4ev, tulevik. Tallinn, lk 33-38<\/p>\n<p><strong>Nestor, H.<\/strong>\u00a02004b. M\u00e4slev maap\u00f5u. Rmt: Nestor, H., Raukas, A., Veskim\u00e4e, R. (toim). Maa universumis. M\u00f6\u00f6danik, t\u00e4nap\u00e4ev, tulevik. Tallinn, lk 39-48<\/p>\n<p><strong>Nestor, H.<\/strong>\u00a02004c. Tulem\u00e4ed justkui p\u00f5rgu korstnad. Rmt: Nestor, H., Raukas, A., Veskim\u00e4e, R. (toim). Maa universumis. M\u00f6\u00f6danik, t\u00e4nap\u00e4ev, tulevik. Tallinn, lk 64-73<\/p>\n<p><strong>N\u00f5lvak, J., Hints, O.<\/strong>\u00a02000. Loodus: paljandid. Rmt: Kink, H., Raukas, A. (toim). Loodusm\u00e4lestised 5. Harjumaa. Paldiski, Pakri poolsaar ja saared. Tallinn, TA Kirjastus, 15-16\u00a0<a href=\"http:\/\/www.gi.ee\/loodusmalestised\/5_Harjumaa_Paldiski-Pakri_ps_ja_saared_2000.pdf\" target=\"_blank\" rel=\"noopener\">Internet<\/a><\/p>\n<p><strong>Pirrus, E.<\/strong>\u00a02009. Eestimaa suured kivid. Suurte r\u00e4ndrahnude lugu. Tallinn.\u00a0<a href=\"http:\/\/issuu.com\/looduskalender\/docs\/rahnud?e=1147397\/2886230\" target=\"_blank\" rel=\"noopener\">Internet<\/a><\/p>\n<p><strong>Pirrus, E.<\/strong>\u00a02007. Karst Eestis. MT\u00dc GEOGuide Baltoscandia, Tallinn, 32 lk.\u00a0<a href=\"http:\/\/www.geoeducation.info\/geoturism\/karst.php\" target=\"_blank\" rel=\"noopener\">Internet<\/a><\/p>\n<p><strong>Pirrus, E.<\/strong>\u00a01995. Ts\u00f5\u00f5rikm\u00e4e meteoriidikraater. Rmt: Liivimaa geoloogia. Ekskursioonijuht, T\u00dc, EGS, Tartu, 34-35<\/p>\n<p><strong>Pirrus, E., Tiirmaa, R.<\/strong>\u00a01984. Ts\u00f5\u00f5rikm\u00e4gi \u2013 ka meteoriidikraater? Eesti Loodus, 27, 566-571, 638-642<\/p>\n<p><strong>Plado, J.<\/strong>\u00a02010. Ilumetsa kraatrid pakuvad ikka uurimisainet. Eesti Loodus, 6-7, 18-21\u00a0<a href=\"http:\/\/www.loodusajakiri.ee\/eesti_loodus\/artikkel3351_3748.html\" target=\"_blank\" rel=\"noopener\">Internet<\/a><\/p>\n<p><strong>Plado, J.<\/strong>\u00a02008. S\u00fcgav Maa: litosf\u00e4\u00e4rist tuumani. Horisont, 3, 40-41\u00a0<a href=\"http:\/\/www.horisont.ee\/node\/506\" target=\"_blank\" rel=\"noopener\">Internet<\/a><\/p>\n<p><strong>Plado, J.<\/strong>\u00a02004. T\u00e4hej\u00e4ljed Maal. Rmt: Nestor, H., Raukas, A., Veskim\u00e4e, R. (toim). Maa Universumis. M\u00f6\u00f6danik, t\u00e4nap\u00e4ev, tulevik. Tallinn, lk 149-155<\/p>\n<p><strong>Preeden, U., Ver\u0161, E., Plado, J.<\/strong>\u00a02003. Ts\u00f5\u00f5rikm\u00e4e struktuuri magnetomeetriline uuring. Rmt: Eesti geoloogide neljas \u00fclemaailmne kokkutulek, EGS, T\u00dc GI, Tartu, 64-66<\/p>\n<p><strong>Press, F., Siever, R.<\/strong>\u00a01997. Understanding Earth. Freeman, New York<\/p>\n<p><strong>Puura, I., Meidla, T.<\/strong>\u00a02003. Stratigraafia ja geokronoloogiline skaala on pidevas arengus. Eesti Loodus, 2, 26-32\u00a0<a href=\"http:\/\/www.eestiloodus.ee\/index.php?artikkel=286\" target=\"_blank\" rel=\"noopener\">Internet<\/a><\/p>\n<p><strong>Puura, V.<\/strong>\u00a02004. Praguline Eestimaa. Rmt: Nestor, H., Raukas, A., Veskim\u00e4e, R. (toim). Maa universumis. M\u00f6\u00f6danik, t\u00e4nap\u00e4ev, tulevik. Tallinn, lk 49-56<\/p>\n<p><strong>Rattas, M.<\/strong>\u00a02003. Vooremaa \u2013 geoloogiline fenomen. Rmt: Puura, I., Reier, \u00dc. (toim.). XXVI Eesti Looduseuurijate P\u00e4ev. Vooremaa loodus, Tartu, lk 8-16\u00a0<\/p>\n<p><strong>Rattas, M., Rosentau, A.<\/strong>\u00a02007. Vooremaa s\u00fcnd. Rmt: Saksing, A., Marvet, A. (toim.). Vooremaa \u2013 j\u00e4\u00e4aja vaba\u00f5humuuseum. Tartu, Eesti Loodusfoto, lk 10-20<\/p>\n<p><strong>Raukas, A., Karhima, A.<\/strong>\u00a02007. Liustike p\u00e4randus L\u00f5una-Soomes ja P\u00f5hja-Eestis. MT\u00dc GEOGuide Baltoscandia, Tallinn, 32 lk.\u00a0<a href=\"http:\/\/www.geoeducation.info\/geoturism\/liustikud.php\" target=\"_blank\" rel=\"noopener\">Internet<\/a><\/p>\n<p><strong>Raukas, A., Tiirmaa, R., Kaup, E., Kimmel, K.<\/strong>\u00a02001. The age of the Ilumetsa meteorite craters in southeast Estonia. Meteoritics &amp; Planetary Science, 36, 11, 1507-1514<\/p>\n<p><strong>R\u00f5\u00f5musoks, A., Viiding, H.<\/strong>\u00a01962. \u00dcldine geoloogia I. Tartu, T\u00dc geoloogia kateeder<\/p>\n<p><strong>Sapar, A.<\/strong>\u00a02004. Maa p\u00f5lvnemine ja s\u00fcnd. Rmt: Nestor, H., Raukas, A., Veskim\u00e4e, R. (toim). Maa universumis. M\u00f6\u00f6danik, t\u00e4nap\u00e4ev, tulevik. Tallinn, lk 11-19<\/p>\n<p><strong>Soesoo, A., Miidel, A.<\/strong>\u00a02007. Eesti r\u00e4ndkivid. MT\u00dc GEOGuide Baltoscandia, Tallinn, 32 lk.\u00a0<a href=\"http:\/\/www.geoeducation.info\/geoturism\/randkivid.php\" target=\"_blank\" rel=\"noopener\">Internet<\/a><\/p>\n<p><strong>Svendsen, J. I.,<\/strong>\u00a0Alexanderson, H., Astakhov, V. I., Demidov, I., Dowdeswell, J. A., Funder, S., Gataullin, V., Henriksen, M., Hjort, C., Houmark-Nielsen, M., Hubberten, H. W., Ingolfsson, O., Jakobsson, M., Kjaer, K. H., Larsen, E., Lokrantz, H., Lunkka, J. P., Lysa, A., Mangerud, J., Matiouchkov, A., Murray, A., Moller, P., Niessen, F., Nikolskaya, O., Polyak, L., Saarnisto, M., Siegert, C., Siegert, M. J., Spielhagen, R. F., Stein, R. 2004. Late Quaternary ice sheet history of northern Eurasia. Quaternary Science Reviews, 23, lk 1229-1271.<\/p>\n<p><strong>Tiirmaa, R.<\/strong>\u00a02002. Meteoriidid ja meteoriidikraatrid. TT\u00dc GI, Tallinn, 108 lk.<\/p>\n<p><strong>Tiirmaa, R., Puura, V., Soesoo, A., Suuroja, S.<\/strong>\u00a02006. Eesti meteoriidikraatrid. MT\u00dc GEOGuide Baltoscandia, Tallinn, 32 lk.<a href=\"http:\/\/www.geoeducation.info\/geoturism\/meteoriidikraatrid.php\" target=\"_blank\" rel=\"noopener\"><br><\/a><\/p>\n<p><strong>Vingisaar, P.<\/strong>\u00a01972. Metabentoniidikihi (d; XXII) levikust Baltoskandia keskordoviitsiumi setteis. Eesti NSV TA Toimetised. Keemia. Geoloogia. 21, 1, 62-70<\/p>\n<p><strong>\u0412\u0435\u043d\u044e\u043a\u043e\u0432, \u041f. \u041d.<\/strong>\u00a0\u041e\u0447\u0435\u0440\u043a \u043d\u0435\u043a\u043e\u0442\u043e\u0440\u044b\u0445 \u0432\u043e\u0434\u043e\u043f\u0430\u0434\u043e\u0432 \u0441\u0435\u0432\u0435\u0440\u043d\u043e\u0439 \u042d\u0441\u0442\u043b\u044f\u043d\u0434\u0438\u0438. \u0422\u0440. \u0421.-\u041f\u0435\u0442\u0435\u0440\u0431.\u043e\u0431\u0449. \u0435\u0441\u0442\u0435\u0441\u0442\u0432., 13, 1882, 229-244<\/p>\n","protected":false},"excerpt":{"rendered":"<p>Aaloe, A.\u00a01961. Ilumetsa kraatrid. Eesti Loodus, 12, 5, 26-31 Aaloe, A.\u00a01979. Meteoriidikraatrid Ilumetsas. Eesti Loodus, 30, 12, 756-761 Aaloe, A., Miidel, A.\u00a01967. Eesti pangad ja joad. Tallinn, Eesti Raamat Ainsaar, L., Einasto, R.\u00a02004. Settimine meredes. Rmt: Nestor, H., Raukas, A., &#8230;<\/p>\n","protected":false},"author":166,"featured_media":0,"parent":0,"menu_order":0,"comment_status":"closed","ping_status":"closed","template":"","meta":{"_acf_changed":false,"inline_featured_image":false,"footnotes":""},"class_list":["post-24","page","type-page","status-publish","hentry"],"acf":[],"_links":{"self":[{"href":"https:\/\/sisu.ut.ee\/uldine_geoloogia\/wp-json\/wp\/v2\/pages\/24","targetHints":{"allow":["GET"]}}],"collection":[{"href":"https:\/\/sisu.ut.ee\/uldine_geoloogia\/wp-json\/wp\/v2\/pages"}],"about":[{"href":"https:\/\/sisu.ut.ee\/uldine_geoloogia\/wp-json\/wp\/v2\/types\/page"}],"author":[{"embeddable":true,"href":"https:\/\/sisu.ut.ee\/uldine_geoloogia\/wp-json\/wp\/v2\/users\/166"}],"replies":[{"embeddable":true,"href":"https:\/\/sisu.ut.ee\/uldine_geoloogia\/wp-json\/wp\/v2\/comments?post=24"}],"version-history":[{"count":1,"href":"https:\/\/sisu.ut.ee\/uldine_geoloogia\/wp-json\/wp\/v2\/pages\/24\/revisions"}],"predecessor-version":[{"id":70,"href":"https:\/\/sisu.ut.ee\/uldine_geoloogia\/wp-json\/wp\/v2\/pages\/24\/revisions\/70"}],"wp:attachment":[{"href":"https:\/\/sisu.ut.ee\/uldine_geoloogia\/wp-json\/wp\/v2\/media?parent=24"}],"curies":[{"name":"wp","href":"https:\/\/api.w.org\/{rel}","templated":true}]}}