{"id":23,"date":"2024-04-04T04:38:29","date_gmt":"2024-04-04T01:38:29","guid":{"rendered":"https:\/\/sisu.ut.ee\/uldine_geoloogia\/maarajad-ja-oppevahendid\/"},"modified":"2024-04-04T04:38:37","modified_gmt":"2024-04-04T01:38:37","slug":"maarajad-ja-oppevahendid","status":"publish","type":"page","link":"https:\/\/sisu.ut.ee\/uldine_geoloogia\/maarajad-ja-oppevahendid\/","title":{"rendered":"M\u00e4\u00e4rajad ja \u00f5ppevahendid"},"content":{"rendered":"<p><a href=\"https:\/\/sisu.ut.ee\/wp-content\/uploads\/sites\/309\/maa_magnetvali_ja_soojusreziim.pdf\" target=\"_blank\" data-fid=\"33850\" rel=\"noopener\">Maa magnetv\u00e4li ja soojusre\u017eiim<\/a><\/p>\n<p><a href=\"https:\/\/sisu.ut.ee\/wp-content\/uploads\/sites\/309\/maa_siseehitus.pdf\" target=\"_blank\" data-fid=\"33856\" rel=\"noopener\">Maa siseehitus<\/a><\/p>\n<p><a href=\"https:\/\/sisu.ut.ee\/wp-content\/uploads\/sites\/309\/laamtektoonika.pdf\" target=\"_blank\" data-fid=\"33854\" rel=\"noopener\">Laamtektoonika<\/a><\/p>\n<p><a href=\"https:\/\/sisu.ut.ee\/wp-content\/uploads\/sites\/309\/laamade_triiv.pdf\" target=\"_blank\" data-fid=\"33853\" rel=\"noopener\">Laamade triiv<\/a><\/p>\n<p><a href=\"https:\/\/sisu.ut.ee\/wp-content\/uploads\/sites\/309\/vulkaanid.pdf\" target=\"_blank\" data-fid=\"33864\" rel=\"noopener\">Vulkaanid<\/a><\/p>\n<p><a href=\"https:\/\/sisu.ut.ee\/wp-content\/uploads\/sites\/309\/vulkaaniline_tegevus_ordoviitsiumi_ajastul_-_vulkaanilise_tuha_kihid_paaskula_blindaazides.pdf\" target=\"_blank\" data-fid=\"33865\" rel=\"noopener\">Vulkaaniline tegevus Ordoviitsiumi ajastul \u2013\u00a0<br>vulkaanilise tuha kihid P\u00e4\u00e4sk\u00fcla blindaa\u017eides<\/a><\/p>\n<p><a href=\"https:\/\/sisu.ut.ee\/wp-content\/uploads\/sites\/309\/metamorfism.pdf\" target=\"_blank\" data-fid=\"33857\" rel=\"noopener\">Metamorfism<\/a><\/p>\n<p><a href=\"https:\/\/sisu.ut.ee\/wp-content\/uploads\/sites\/309\/stratigraafia_ja_geokronoloogia.pdf\" target=\"_blank\" data-fid=\"33860\" rel=\"noopener\">Stratigraafia ja geokronoloogia<\/a><\/p>\n<p><a href=\"https:\/\/sisu.ut.ee\/wp-content\/uploads\/sites\/309\/meteoriidikraatrid_eestis.pdf\" target=\"_blank\" data-fid=\"33858\" rel=\"noopener\">Meteoriidikraatrid Eestis<\/a><\/p>\n<p><a href=\"https:\/\/sisu.ut.ee\/wp-content\/uploads\/sites\/309\/tsoorikmae_meteoriidikraater.pdf\" target=\"_blank\" data-fid=\"33861\" rel=\"noopener\">Ts\u00f5\u00f5rikm\u00e4e meteoriidikraater<\/a><\/p>\n<p><a href=\"https:\/\/sisu.ut.ee\/wp-content\/uploads\/sites\/309\/voolava_vee_tegevus_-_jagala_juga.pdf\" target=\"_blank\" data-fid=\"33862\" rel=\"noopener\">Voolava vee tegevus \u2013 J\u00e4gala juga<\/a><\/p>\n<p><a href=\"https:\/\/sisu.ut.ee\/wp-content\/uploads\/sites\/309\/karstinahtused_eestis.pdf\" target=\"_blank\" data-fid=\"33852\" rel=\"noopener\">Karstin\u00e4htused Eestis<\/a><\/p>\n<p><a href=\"https:\/\/sisu.ut.ee\/wp-content\/uploads\/sites\/309\/eesti_randkivid.pdf\" target=\"_blank\" data-fid=\"33851\" rel=\"noopener\">Eesti r\u00e4ndkivid<\/a><\/p>\n<p><a href=\"https:\/\/sisu.ut.ee\/wp-content\/uploads\/sites\/309\/voored.pdf\" target=\"_blank\" data-fid=\"33863\" rel=\"noopener\">Voored<\/a><\/p>\n<p><a href=\"https:\/\/sisu.ut.ee\/wp-content\/uploads\/sites\/309\/pakri_pank.pdf\" target=\"_blank\" data-fid=\"33859\" rel=\"noopener\">Pakri pank<\/a><\/p>\n","protected":false},"excerpt":{"rendered":"<p>Maa magnetv\u00e4li ja soojusre\u017eiim Maa siseehitus Laamtektoonika Laamade triiv Vulkaanid Vulkaaniline tegevus Ordoviitsiumi ajastul \u2013\u00a0vulkaanilise tuha kihid P\u00e4\u00e4sk\u00fcla blindaa\u017eides Metamorfism Stratigraafia ja geokronoloogia Meteoriidikraatrid Eestis Ts\u00f5\u00f5rikm\u00e4e meteoriidikraater Voolava vee tegevus \u2013 J\u00e4gala juga Karstin\u00e4htused Eestis Eesti r\u00e4ndkivid Voored Pakri pank<\/p>\n","protected":false},"author":166,"featured_media":0,"parent":0,"menu_order":0,"comment_status":"closed","ping_status":"closed","template":"","meta":{"_acf_changed":false,"inline_featured_image":false,"footnotes":""},"class_list":["post-23","page","type-page","status-publish","hentry"],"acf":[],"_links":{"self":[{"href":"https:\/\/sisu.ut.ee\/uldine_geoloogia\/wp-json\/wp\/v2\/pages\/23","targetHints":{"allow":["GET"]}}],"collection":[{"href":"https:\/\/sisu.ut.ee\/uldine_geoloogia\/wp-json\/wp\/v2\/pages"}],"about":[{"href":"https:\/\/sisu.ut.ee\/uldine_geoloogia\/wp-json\/wp\/v2\/types\/page"}],"author":[{"embeddable":true,"href":"https:\/\/sisu.ut.ee\/uldine_geoloogia\/wp-json\/wp\/v2\/users\/166"}],"replies":[{"embeddable":true,"href":"https:\/\/sisu.ut.ee\/uldine_geoloogia\/wp-json\/wp\/v2\/comments?post=23"}],"version-history":[{"count":1,"href":"https:\/\/sisu.ut.ee\/uldine_geoloogia\/wp-json\/wp\/v2\/pages\/23\/revisions"}],"predecessor-version":[{"id":69,"href":"https:\/\/sisu.ut.ee\/uldine_geoloogia\/wp-json\/wp\/v2\/pages\/23\/revisions\/69"}],"wp:attachment":[{"href":"https:\/\/sisu.ut.ee\/uldine_geoloogia\/wp-json\/wp\/v2\/media?parent=23"}],"curies":[{"name":"wp","href":"https:\/\/api.w.org\/{rel}","templated":true}]}}