{"id":11,"date":"2024-04-04T04:38:28","date_gmt":"2024-04-04T01:38:28","guid":{"rendered":"https:\/\/sisu.ut.ee\/uldine_geoloogia\/metamorfism\/"},"modified":"2024-04-04T04:38:37","modified_gmt":"2024-04-04T01:38:37","slug":"metamorfism","status":"publish","type":"page","link":"https:\/\/sisu.ut.ee\/uldine_geoloogia\/metamorfism\/","title":{"rendered":"Metamorfism"},"content":{"rendered":"<p>\n\tJ\u00e4rgides 18. sajandi l\u00f5pu \u0160oti aristokraadi James Huttoni soovitust, m\u00f5istavad geoloogid kivimite moondena maasisest ehk endogeenset mineraalide \u00fcmberkristalliseerumist.\n<\/p>\n<p>\n\t<strong>Moonde- ehk metamorfsed kivimid<\/strong>\u00a0tekivad teistest kivimt\u00fc\u00fcpidest nende mineraalide massilisel \u00fcmberkristalliseerumisel maakoores k\u00f5rgenenud temperatuuri, r\u00f5hu ja keemiliselt aktiivsete lahuste-gaaside ehk fluidide keskkonnas.\u00a0\n<\/p>\n<p>\n\t\u00fcheaegselt l\u00e4htekivimi mineraalse ainese mikroskoopilise \u00fcleslahustumisega pooriruumi fluididesse toimub seal uute, teistsuguse siseehituse v\u00f5i ka koostisega metamorfsete mineraalide kristalliseerumine tekkinud mikroruumi.\u00a0\n<\/p>\n<p>\n\tMakroskoopiliselt j\u00e4\u00e4b kivim moondel tervikuna tahkesse seisundisse, muutub vaid tema mineraalne koostis ja struktuur-tekstuur. Reeglina s\u00e4ilib oluliselt l\u00e4htekivimi lasuvusvorm, n\u00f5rgal moondel ka tekstuur, n\u00e4iteks kihilisus. Mida intensiivsem on aga moone, seda rohkem haaravad muutused kivimi p\u00f5hiomadusi.\n<\/p>\n<p>\n\tMaap\u00f5ue mattunud kivimite moonet p\u00f5hjustavad eelk\u00f5ige muutused keskkonna temperatuuris, r\u00f5hus ja kivimite pooriruumi t\u00e4itvais vedelikes \u2013\u00a0fluidides.\n<\/p>\n<p>\n\tMida poorsem ja mida rohkem keemiliselt aktiivseid mineraale sisaldav l\u00e4htekivim on, seda kergemini ta moondele allub.\u00a0\n<\/p>\n<p>\n\tEnamik moondekivimeid tekib 10-30 km s\u00fcgavusel. Maakoore keskmine geotermiline gradient on ~25-30\u00a0\u00b0C\/km ja 15 km s\u00fcgavusel on temperatuur ligikaudu 400-450\u00a0\u00b0C ning litostaatiline r\u00f5hk ulatub 4000-5000 kilobaarini.\u00a0<strong>Geotermiline gradient<\/strong>\u00a0ehk maakoore kivimite soojussisalduse t\u00f5us s\u00fcgavuse suurenedes (Celsiuse kraadides kilomeetri kohta) tuleneb nii sinna tunginud magmakolletest kui ka Maa s\u00fcvakihtidest t\u00f5usvast soojusvoost, aga ka radioaktiivsete elementide lagunemisel vabanevast soojusest.\n<\/p>\n<p>\n\tKivimite sulatamise katsetega on selgunud, et veeaurust k\u00fcllastunud pooridega t\u00fc\u00fcpilised moondekivimid, n\u00e4iteks gneisid, hakkavad 2000-8000 atmosf\u00e4\u00e4rilise r\u00f5hu juures vedelduma temperatuuridel \u00fcle 650\u00a0\u00b0C. Kuid geoloogilis-geof\u00fc\u00fcsikaliste meetoditega uurides ei t\u00e4heldata kivimite massilist \u00fclessulamist isegi s\u00fcgavustel 30 kilomeetrit ja enam, seega annab see tunnistust geotermilise astme v\u00e4henemisest maakoore s\u00fcgavamates kihtides.\n<\/p>\n<p>\n\tMaakoores valitsev staatiline r\u00f5hk t\u00f5useb s\u00fcgavuse suurenedes tempoga 270-290 atm\/km. Tegelikkuses kombineerub\u00a0<strong>staatilise r\u00f5huga<\/strong>\u00a0alati kivimmasside tektoonilistest liikumistest tulenev\u00a0<strong>d\u00fcnaamiline r\u00f5hk<\/strong>\u00a0\u2013\u00a0stress. Just see r\u00f5hu liik koos s\u00fcvasoojusega tekitab maakoorelaamade p\u00f5rkepiiridel kokkusurve olukorras kivimite plastilise kurrutuse. Laamade nihke- ja t\u00f5ukepiiridel, vastavalt k\u00fclgnihke ja venitussituatsioonides, loob stress kivimites p\u00f5hiliselt rebendrikkeid ehk\u00a0murranguid. Stressi v\u00e4\u00e4rtused maakoores ei \u00fcleta 20\u00a0000 atmosf\u00e4\u00e4ri.\n<\/p>\n<p>\n\tV\u00e4ga oluliseks moonet reguleerivaks teguriks maap\u00f5ues on sealsed vedelikud ja gaasid. Esikohal on vesi ja veeaur ning selles lahustunud s\u00fcsihappegaas koos r\u00e4ni, v\u00e4\u00e4vli ja halogeniididega. Seejuures kogu see fluidimass ei p\u00e4rine mitte niiv\u00f5rd maapinnavetest kuiv\u00f5rd maap\u00f5ues lagunenud savimineraalide, samuti karbonaatsete, sulfiidsete jt mineraalide koosseisust. Neist \u00fclek\u00fcllastunud fluididest setivad soontena moondekivimite l\u00f5hedesse kvartsi, kaltsiidi, bar\u00fc\u00fcdi, p\u00e4evakivide jt mineraalide kogumid.\n<\/p>\n<p>\n\tMoondekivimid tekivad n\u00e4iteks siis, kui kuum magma puutub kokku \u00fcmbriskivimiga \u2013\u00a0seda kutsutakse\u00a0<strong>kontaktmoondeks.<\/strong>\u00a0Enamlevinud moonde t\u00fc\u00fcbiks on\u00a0<strong>regionaalmoone,<\/strong>\u00a0mille puhul kurdm\u00e4estike maap\u00f5ues muutuvad ulatuslikud kivimkihid, olles sattunud piisavalt s\u00fcgavale k\u00f5rge r\u00f5hu ja temperatuuri tingimustesse. V\u00e4hemlevinud on\u00a0<strong>l\u00f6\u00f6kmoondega<\/strong>\u00a0seotud kivimid, mis tekivad meteoriidil\u00f6\u00f6gi tagaj\u00e4rjel. Eestis on nende p\u00e4ritolu seotud eelk\u00f5ige Neugrundi ja K\u00e4rdla kraatritega.\u00a0\n<\/p>\n<p>\n\tMaapinnal toimuvad kivimite moonde protsessid kivimite kontaktil laavavooludega (k\u00f5rgetemperatuuriline kontaktmetamorfism) v\u00f5i meteoriidi plahvatustel (l\u00f6\u00f6gi- ehk \u0161okkmetamorfism).\n<\/p>\n<p>\n\tEestis esinevatest moondekivimeist on \u00fcks levinumaid v\u00f6\u00f6dilise ilmega\u00a0<strong>gneiss,<\/strong>\u00a0mis sisaldab hulgaliselt tumedat biotiiti, v\u00e4hem esineb valge ja punakaslilla kirjut moondekivimit\u00a0<strong>helsingiiti.<\/strong>\u00a0Gneiss on tekkinud settekivimite moondel. Moondekivimite hulka kuuluvad ka tumeda v\u00e4rvusega\u00a0<strong>uraliitporf\u00fcriit<\/strong>\u00a0ja l\u00e4ikiv\u00a0<strong>amfiboliit,<\/strong>\u00a0mis on tekkinud basaltsete kivimite moondel.\u00a0<strong>Migmatiit<\/strong>\u00a0on segakivim, mis koosneb tumedatest mineraalidest rikastunud moondekivimist (gneisist v\u00f5i amfiboliidist) ning heledatest mineraalidest koosnevast magmakivimist (graniidist).\n<\/p>\n<p>\n\t<a href=\"http:\/\/www.ut.ee\/BGGM\/yldine_geoloogia\/metamorfism_migmatiit_lubeck.jpg\"><img loading=\"lazy\" decoding=\"async\" border=\"0\" height=\"390\" src=\"http:\/\/www.ut.ee\/BGGM\/yldine_geoloogia\/metamorfism_migmatiit_lubecka.jpg\" width=\"520\"><\/a><br>\u00a0\n<\/p>\n<p>\n\tMigmatiit, L\u00fcbeck, Saksamaa\n<\/p>\n<p>\n\t<a href=\"http:\/\/www.ut.ee\/BGGM\/yldine_geoloogia\/metamorfism_kahevilgugneiss.jpg\"><img decoding=\"async\" border=\"0\" src=\"http:\/\/www.ut.ee\/BGGM\/yldine_geoloogia\/metamorfism_kahevilgugneissa.jpg\" width=\"520\"><\/a>\u00a0<br>Kahevilgugneiss, Greola Bianca, Itaalia\n<\/p>\n<p>\n\t<a href=\"http:\/\/www.ut.ee\/BGGM\/yldine_geoloogia\/metamorfism_migmatiit_rootsi.jpg\"><img loading=\"lazy\" decoding=\"async\" border=\"0\" height=\"390\" src=\"http:\/\/www.ut.ee\/BGGM\/yldine_geoloogia\/metamorfism_migmatiit_rootsia.jpg\" width=\"520\"><\/a>\u00a0<br>Migmatiit, Rootsi<\/p>\n","protected":false},"excerpt":{"rendered":"<p>J\u00e4rgides 18. sajandi l\u00f5pu \u0160oti aristokraadi James Huttoni soovitust, m\u00f5istavad geoloogid kivimite moondena maasisest ehk endogeenset mineraalide \u00fcmberkristalliseerumist. Moonde- ehk metamorfsed kivimid\u00a0tekivad teistest kivimt\u00fc\u00fcpidest nende mineraalide massilisel \u00fcmberkristalliseerumisel maakoores k\u00f5rgenenud temperatuuri, r\u00f5hu ja keemiliselt aktiivsete lahuste-gaaside ehk fluidide keskkonnas.\u00a0 \u00fcheaegselt &#8230;<\/p>\n","protected":false},"author":166,"featured_media":0,"parent":0,"menu_order":0,"comment_status":"closed","ping_status":"closed","template":"","meta":{"_acf_changed":false,"inline_featured_image":false,"footnotes":""},"class_list":["post-11","page","type-page","status-publish","hentry"],"acf":[],"_links":{"self":[{"href":"https:\/\/sisu.ut.ee\/uldine_geoloogia\/wp-json\/wp\/v2\/pages\/11","targetHints":{"allow":["GET"]}}],"collection":[{"href":"https:\/\/sisu.ut.ee\/uldine_geoloogia\/wp-json\/wp\/v2\/pages"}],"about":[{"href":"https:\/\/sisu.ut.ee\/uldine_geoloogia\/wp-json\/wp\/v2\/types\/page"}],"author":[{"embeddable":true,"href":"https:\/\/sisu.ut.ee\/uldine_geoloogia\/wp-json\/wp\/v2\/users\/166"}],"replies":[{"embeddable":true,"href":"https:\/\/sisu.ut.ee\/uldine_geoloogia\/wp-json\/wp\/v2\/comments?post=11"}],"version-history":[{"count":1,"href":"https:\/\/sisu.ut.ee\/uldine_geoloogia\/wp-json\/wp\/v2\/pages\/11\/revisions"}],"predecessor-version":[{"id":74,"href":"https:\/\/sisu.ut.ee\/uldine_geoloogia\/wp-json\/wp\/v2\/pages\/11\/revisions\/74"}],"wp:attachment":[{"href":"https:\/\/sisu.ut.ee\/uldine_geoloogia\/wp-json\/wp\/v2\/media?parent=11"}],"curies":[{"name":"wp","href":"https:\/\/api.w.org\/{rel}","templated":true}]}}