{"id":9,"date":"2024-04-04T06:39:00","date_gmt":"2024-04-04T03:39:00","guid":{"rendered":"https:\/\/sisu.ut.ee\/tymripraktika\/praktikajuhend\/"},"modified":"2026-02-05T09:35:13","modified_gmt":"2026-02-05T07:35:13","slug":"praktikajuhend","status":"publish","type":"page","link":"https:\/\/sisu.ut.ee\/tymripraktika\/praktikajuhend\/","title":{"rendered":"Praktikajuhend"},"content":{"rendered":"<p>Instituudis on kaks ettev\u00f5ttepraktika ainekursust: LOMR.00.079 (6 EAP) ja LTMR.00.024 (6 EAP)<\/p>\n<h2>SISSEJUHATUS<\/h2>\n<p>Ettev\u00f5ttepraktika on magistri\u00f5ppekavade vaba- v\u00f5i valikaine.\u00a0Ettev\u00f5ttepraktika mahuks on 6 EAP, praktika l\u00f5peb praktikaaruande esitamise ja kaitsmisega. \u00d5ppeaine koosneb praktikast 120 h (akadeemiline tund) ja iseseisvast t\u00f6\u00f6st 36h (kokku 156 h). 1 EAP mahuks on 26 h t\u00f6\u00f6d.<\/p>\n<p>\u00d5ppeainele registreerumine toimub l\u00e4bi T\u00dc \u00f5ppeinfos\u00fcsteemi. Praktikale suunamisel v\u00f5etakse arvesse soovijate arvu, \u00fcli\u00f5pilase \u00fcldist \u00f5ppeedukust ning edasij\u00f5udmist magistri\u00f5pingutes. Praktikakohtade esindajad viivad praktikale soovijatega l\u00e4bi intervjuu, et hinnata \u00fcli\u00f5pilase sobivust konkreetsesse ettev\u00f5ttesse.\u00a0Praktikakohtadeks on biotehnoloogia sektori ettev\u00f5tted, teadus- ja arenduspargid, kuhu on koondunud mh inkubatsioonifaasis olevad ettev\u00f5tted, kliinikumid, riigiasutused.<br>Praktikat ei pea sooritama tingimata asutuse v\u00f5i ettev\u00f5tte laboris vaid seda v\u00f5ib teha ettev\u00f5tte v\u00e4ga erinevates osakondades \u2013 n\u00e4iteks v\u00f5ib sooritada m\u00fc\u00fcgit\u00f6\u00f6 alase praktika, v\u00e4lit\u00f6\u00f6, projektikirjutamise praktika, keskenduda v\u00f5ib ettev\u00f5tte kommunikatsioonile jne.\u00a0<\/p>\n<p>Praktikat on v\u00f5imalik sooritada ka \u00fclikooli juures n\u00e4iteks <a title=\"\" href=\"https:\/\/praktika.ut.ee\/projektipraktika\/\" target=\"_blank\" rel=\"noopener\" data-url=\"https:\/\/praktika.ut.ee\/projektipraktika\/\">projektipraktika<\/a> meeskonnas (Tartu \u00dclikool Futulab) v\u00f5i p\u00fchendades oma aega m\u00f5ne suurema \u00fcrituse korraldamisesse.<\/p>\n<p>Praktikat v\u00f5ib teha nii \u00fcksinda kui ka \u00fchiselt kuni kolmest \u00fcli\u00f5pilasest koosneva t\u00f6\u00f6r\u00fchmana (Futulabis v\u00f5ivad t\u00f6\u00f6r\u00fchmad olla suuremad).<br>\u00a0<\/p>\n<h2>EESM\u00c4RK<\/h2>\n<p>Praktika eesm\u00e4rgiks on omandada praktilise t\u00f6\u00f6 kogemusi kasutades\u00a0omandatud teoreetilisi teadmisi konkreetsete probleemide lahendamisel.<\/p>\n<p>L\u00e4binud praktika, \u00fcli\u00f5pilane:<\/p>\n<p>\u2022 teab reaalses t\u00f6\u00f6keskkonnas tegutsemisel esitatavaid n\u00f5udeid ja oskab neist l\u00e4htuda;<br>\u2022 oskab kirjeldada praktika k\u00e4igus lahendatud uurimisprobleemi;<br>\u2022 on saanud informatsiooni kogumise ja s\u00fcstematiseerimise oskuse\/kogemuse;<br>\u2022 oskab rakendada uurimisprobleemi lahendamiseks kasutatavaid v\u00f5tteid;<br>\u2022 oskab t\u00f6\u00f6 k\u00e4igus saadud tulemusi anal\u00fc\u00fcsida ja selgitada;<br>\u2022 oskab oma aega planeerida t\u00f6\u00f6\u00fclesannete t\u00e4htaegseks t\u00e4itmiseks;<br>\u2022 on omandanud oma tegevusest aru andmise oskuse;<br>\u2022 on omandanud meeskonnat\u00f6\u00f6 kogemusi.<\/p>\n<p>Praktika ajal tutvub \u00fcli\u00f5pilane esmalt praktikakohaga ning seal lahendatavate probleemide ja\/v\u00f5i t\u00e4idetavate t\u00f6\u00f6\u00fclesannetega. Seej\u00e4rel tegeleb ta oma uurimisprobleemiga, kogudes vajalikke andmeid, otsides lahendusteid ja \u2013v\u00f5tteid ning tutvustades probleemip\u00fcstitust ja selle lahendamise v\u00f5imalusi ka praktikakoha t\u00f6\u00f6tajatele.<br>\u00a0<\/p>\n<h2>DOKUMENDID<\/h2>\n<p>Enne praktika algust s\u00f5lmitakse \u00fcli\u00f5pilase, \u00fclikooli ja praktikabaasi vahel praktikaleping, mis reguleerib praktika sooritamist.\u00a0<br>\u00dcli\u00f5pilane t\u00e4idab praktika ajal praktikap\u00e4evikut ja esitab selle koos praktika aruandega instituuti peale praktika l\u00f5ppu \u00fche kuu jooksul.\u00a0<br>Praktika juhendajad t\u00e4idavad praktika tagasiside vormi.\u00a0<br>Tagasisidestamist palutakse ka \u00fcli\u00f5pilaselt.<\/p>\n<h2>\u00a0<\/h2>\n<h2>JUHENDAMINE<\/h2>\n<p>Praktikal on kaks juhendajat: \u00fclikooli poolne juhendaja, kes on tavaliselt kas magistriprojekti juhendaja v\u00f5i programmijuht\/tema poolt m\u00e4\u00e4ratud isik ja praktikabaasi poolne juhendaja.\u00a0<\/p>\n<p>\u00dclikooli poolne juhendaja peab olema v\u00e4hemalt magistrikraadiga (MSc v\u00f5i 3+2 magister) spetsialist, kellel on nii \u00fcli\u00f5pilaste juhendamise kui piisav erialane t\u00f6\u00f6kogemus.<\/p>\n<p>Praktika ettev\u00f5tte poolne juhendaja peab olema eelk\u00f5ige oma valdkonna tugev spetsialist, kellel on piisav nii ettev\u00f5ttes t\u00f6\u00f6tamise kui \u00fcli\u00f5pilastega t\u00f6\u00f6tamise kogemus.<\/p>\n<p>\u00a0<\/p>\n<p>\u00a0<\/p>\n<h2>HINDAMINE JA SOORITAMISE TINGIMUSED<\/h2>\n<p>Praktikat hinnatakse arvestatud\/mittearvestatud skaalal. Praktika loetakse arvestatuks k\u00f5ikide praktika sooritamise sammude edukal l\u00e4bimisel Moodle\u2019i keskkonnas.<br>NB! Kui teie praktikabaas on olemas ja instituudis kinnitatud, paluge programmijuhilt (Margus Leppik, margus.leppik@ut.ee) kohe endale juurdep\u00e4\u00e4s ettev\u00f5ttepraktika kursusele Moodle\u2019is.<\/p>\n<p>Juhul kui praktika toimub m\u00f5ne \u00fclikooliv\u00e4lise organisatsiooni v\u00f5i programmi toel, mis n\u00f5uab t\u00e4iendavate dokumentide esitamist, vastutab praktikant aruandluse jaoks vajalike dokumentide \u00f5igeaegse ja korrektse esitamise eest.<\/p>\n<p>Praktikat on v\u00f5imalik sooritada ka V\u00d5TA korras (varasem \u00f5pingute ja t\u00f6\u00f6kogemuse\u00a0hindamine). Selleks tuleb esitada instituudile dokumendid, mis kinnitavad t\u00f6\u00f6suhte toimumist. Praktika dokumentatsioon (aruanne, p\u00e4evik, tagasisidestamine) tuleb esitada ka praktika V\u00d5TA korras l\u00e4bimisel.<br>NB! \u00d5ppekava t\u00e4itmise mahu arvestamisel ei l\u00e4he V\u00d5TA korras saadud ainepunktid arvesse ja see v\u00f5ib m\u00f5jutada tulemusstipendiumi saamist.\u00a0<\/p>\n<h2><br>TASUSTAMINE JA T\u00d6\u00d6TINGIMUSED<\/h2>\n<p>Praktika toimub \u00fcldjuhul tasuta ning selle l\u00e4bimise eest pole rahalist kompensatsiooni ette n\u00e4htud. Kokkuleppel organisatsiooniga, kus praktika toimub, v\u00f5ib magistrant saada ka t\u00f6\u00f6tasu v\u00f5i muid rahalisi kompensatsioone.\u00a0<\/p>\n<p>T\u00f6\u00f6tingimused s\u00e4testatakse praktikalepingus.\u00a0<\/p>\n<p>\u00a0<\/p>\n<h2>LISAINFORMATSIOON<\/h2>\n<p>Praktika l\u00e4bimisega seonduvates k\u00fcsimustes p\u00f6\u00f6rdu palun instituuti:\u00a0<\/p>\n<p><img loading=\"lazy\" decoding=\"async\" width=\"1707\" height=\"2560\" class=\"alignnone wp-image-17\" style=\"width: 100px; height: 150px; float: left;\" title=\"margus_leppik.jpg\" src=\"https:\/\/sisu.ut.ee\/wp-content\/uploads\/sites\/453\/margus_leppik-scaled.jpg\" alt=\"Margus Leppik\" srcset=\"https:\/\/sisu.ut.ee\/wp-content\/uploads\/sites\/453\/margus_leppik-scaled.jpg 1707w, https:\/\/sisu.ut.ee\/wp-content\/uploads\/sites\/453\/margus_leppik-200x300.jpg 200w, https:\/\/sisu.ut.ee\/wp-content\/uploads\/sites\/453\/margus_leppik-683x1024.jpg 683w, https:\/\/sisu.ut.ee\/wp-content\/uploads\/sites\/453\/margus_leppik-768x1152.jpg 768w, https:\/\/sisu.ut.ee\/wp-content\/uploads\/sites\/453\/margus_leppik-1024x1536.jpg 1024w, https:\/\/sisu.ut.ee\/wp-content\/uploads\/sites\/453\/margus_leppik-1366x2048.jpg 1366w, https:\/\/sisu.ut.ee\/wp-content\/uploads\/sites\/453\/margus_leppik-1920x2880.jpg 1920w\" sizes=\"auto, (max-width: 1707px) 100vw, 1707px\">programmijuht\u00a0Margus Leppik (margus.leppik@ut.ee; praktika korraldus, hindamine)<\/p>\n<p>\u00a0<\/p>\n<p>\u00a0<\/p>\n<p>\u00a0<\/p>\n<p>\u00a0<\/p>\n<p>projektijuht\u00a0Teele Eensaar (teele.eensaar@ut.ee; praktikakoha leidmine, jooksev n\u00f5ustamine)\u00a0\u00a0<img loading=\"lazy\" decoding=\"async\" width=\"1606\" height=\"2272\" class=\"alignnone wp-image-16\" style=\"width: 100px; height: 141px; float: left;\" title=\"teele_eensaar_pustine.jpg\" src=\"https:\/\/sisu.ut.ee\/wp-content\/uploads\/sites\/453\/teele_eensaar_pustine.jpg\" alt=\"Teele Eensaar\" srcset=\"https:\/\/sisu.ut.ee\/wp-content\/uploads\/sites\/453\/teele_eensaar_pustine.jpg 1606w, https:\/\/sisu.ut.ee\/wp-content\/uploads\/sites\/453\/teele_eensaar_pustine-212x300.jpg 212w, https:\/\/sisu.ut.ee\/wp-content\/uploads\/sites\/453\/teele_eensaar_pustine-724x1024.jpg 724w, https:\/\/sisu.ut.ee\/wp-content\/uploads\/sites\/453\/teele_eensaar_pustine-768x1086.jpg 768w, https:\/\/sisu.ut.ee\/wp-content\/uploads\/sites\/453\/teele_eensaar_pustine-1086x1536.jpg 1086w, https:\/\/sisu.ut.ee\/wp-content\/uploads\/sites\/453\/teele_eensaar_pustine-1448x2048.jpg 1448w\" sizes=\"auto, (max-width: 1606px) 100vw, 1606px\"><\/p>\n<p>\u00a0<\/p>\n<p>\u00a0<\/p>\n<p>\u00a0<\/p>\n<p>V\u00e4lispraktika huvilistel soovitame tutvuda ka\u00a0Tartu \u00dclikooli kodulehel oleva <a title=\"\" href=\"https:\/\/www.ut.ee\/et\/oppimine\/erasmus-programmi-toel-euroopasse-praktikale\" target=\"_blank\" rel=\"noopener\" data-url=\"https:\/\/www.ut.ee\/et\/oppimine\/erasmus-programmi-toel-euroopasse-praktikale\">informatsiooniga<\/a> ning k\u00fcsimuste korral p\u00f6\u00f6rduda T\u00dc rahvusvahelise \u00f5pir\u00e4nde keskuse v\u00e4lispraktika koordinaatori poole.<\/p>\n<p>\u00a0<\/p>\n<p>\u00a0<\/p>\n<p>\u00a0<\/p>\n<p>\u00a0<\/p>\n\n\n<figure class=\"wp-block-gallery has-nested-images columns-3 is-cropped wp-block-gallery-1 is-layout-flex wp-block-gallery-is-layout-flex\"><\/figure>\n","protected":false},"excerpt":{"rendered":"<p>Instituudis on kaks ettev\u00f5ttepraktika ainekursust: LOMR.00.079 (6 EAP) ja LTMR.00.024 (6 EAP) SISSEJUHATUS Ettev\u00f5ttepraktika on magistri\u00f5ppekavade vaba- v\u00f5i valikaine.\u00a0Ettev\u00f5ttepraktika mahuks on 6 EAP, praktika l\u00f5peb praktikaaruande esitamise ja kaitsmisega. \u00d5ppeaine koosneb praktikast 120 h (akadeemiline tund) ja iseseisvast t\u00f6\u00f6st 36h &#8230;<\/p>\n","protected":false},"author":79,"featured_media":0,"parent":0,"menu_order":0,"comment_status":"closed","ping_status":"closed","template":"","meta":{"_acf_changed":false,"inline_featured_image":false,"footnotes":""},"class_list":["post-9","page","type-page","status-publish","hentry"],"acf":[],"_links":{"self":[{"href":"https:\/\/sisu.ut.ee\/tymripraktika\/wp-json\/wp\/v2\/pages\/9","targetHints":{"allow":["GET"]}}],"collection":[{"href":"https:\/\/sisu.ut.ee\/tymripraktika\/wp-json\/wp\/v2\/pages"}],"about":[{"href":"https:\/\/sisu.ut.ee\/tymripraktika\/wp-json\/wp\/v2\/types\/page"}],"author":[{"embeddable":true,"href":"https:\/\/sisu.ut.ee\/tymripraktika\/wp-json\/wp\/v2\/users\/79"}],"replies":[{"embeddable":true,"href":"https:\/\/sisu.ut.ee\/tymripraktika\/wp-json\/wp\/v2\/comments?post=9"}],"version-history":[{"count":3,"href":"https:\/\/sisu.ut.ee\/tymripraktika\/wp-json\/wp\/v2\/pages\/9\/revisions"}],"predecessor-version":[{"id":99,"href":"https:\/\/sisu.ut.ee\/tymripraktika\/wp-json\/wp\/v2\/pages\/9\/revisions\/99"}],"wp:attachment":[{"href":"https:\/\/sisu.ut.ee\/tymripraktika\/wp-json\/wp\/v2\/media?parent=9"}],"curies":[{"name":"wp","href":"https:\/\/api.w.org\/{rel}","templated":true}]}}