{"id":8,"date":"2024-04-04T06:39:00","date_gmt":"2024-04-04T03:39:00","guid":{"rendered":"https:\/\/sisu.ut.ee\/tymripraktika\/praktikapakkumised\/"},"modified":"2025-09-03T15:56:32","modified_gmt":"2025-09-03T12:56:32","slug":"praktikapakkumised","status":"publish","type":"page","link":"https:\/\/sisu.ut.ee\/tymripraktika\/praktikapakkumised\/","title":{"rendered":"Praktikapakkumised"},"content":{"rendered":"<p><strong>Eestis:<\/strong><\/p>\n<p>Hetkel kehtivaid pakkumisi ei ole.<\/p>\n<p><strong>V\u00e4lismaal:<\/strong><\/p>\n<p>V\u00e4lismaal on meie pikaaegseks koost\u00f6\u00f6partneriks Vilniuses asuv ettev\u00f5te <a title=\"\" href=\"https:\/\/jobs.thermofisher.com\/global\/en\" target=\"_blank\" rel=\"noopener\" data-url=\"https:\/\/jobs.thermofisher.com\/global\/en\">Thermo Fisher Baltics Scientific<\/a>.<\/p>\n<p>Praktika kulusid katab Erasmus+ v\u00e4lispraktika toetus.<br>\nPraktika minimaalne pikkus kaks kuud, soovitav pikkus 2-6 kuud.<br>\nThermo Fisher Baltics Scientific pakub praktikakohad ja -teemad instituudile v\u00e4lja varakevadel, nendele kohtadele toimub konkurss. Praktika leiab aset suvekuudel.<br>\nHuvi korral v\u00f5ta aasta alguses \u00fchendust teele.eensaar@ut.ee, sest ka Erasmus+ stipendiumi taotlemine v\u00f5tab aega.<\/p>\n<p>Praktikakohti saad otsida ka <a title=\"\" href=\"https:\/\/www.espauk.com\/\" target=\"_blank\" rel=\"noopener\" data-url=\"https:\/\/www.espauk.com\/\">European Student Placement Agency<\/a> vahendusel.<\/p>\n","protected":false},"excerpt":{"rendered":"<p>Eestis: Hetkel kehtivaid pakkumisi ei ole. V\u00e4lismaal: V\u00e4lismaal on meie pikaaegseks koost\u00f6\u00f6partneriks Vilniuses asuv ettev\u00f5te Thermo Fisher Baltics Scientific. Praktika kulusid katab Erasmus+ v\u00e4lispraktika toetus. Praktika minimaalne pikkus kaks kuud, soovitav pikkus 2-6 kuud. Thermo Fisher Baltics Scientific pakub praktikakohad &#8230;<\/p>\n","protected":false},"author":79,"featured_media":0,"parent":0,"menu_order":0,"comment_status":"closed","ping_status":"closed","template":"","meta":{"_acf_changed":false,"inline_featured_image":false,"footnotes":""},"class_list":["post-8","page","type-page","status-publish","hentry"],"acf":[],"_links":{"self":[{"href":"https:\/\/sisu.ut.ee\/tymripraktika\/wp-json\/wp\/v2\/pages\/8","targetHints":{"allow":["GET"]}}],"collection":[{"href":"https:\/\/sisu.ut.ee\/tymripraktika\/wp-json\/wp\/v2\/pages"}],"about":[{"href":"https:\/\/sisu.ut.ee\/tymripraktika\/wp-json\/wp\/v2\/types\/page"}],"author":[{"embeddable":true,"href":"https:\/\/sisu.ut.ee\/tymripraktika\/wp-json\/wp\/v2\/users\/79"}],"replies":[{"embeddable":true,"href":"https:\/\/sisu.ut.ee\/tymripraktika\/wp-json\/wp\/v2\/comments?post=8"}],"version-history":[{"count":10,"href":"https:\/\/sisu.ut.ee\/tymripraktika\/wp-json\/wp\/v2\/pages\/8\/revisions"}],"predecessor-version":[{"id":98,"href":"https:\/\/sisu.ut.ee\/tymripraktika\/wp-json\/wp\/v2\/pages\/8\/revisions\/98"}],"wp:attachment":[{"href":"https:\/\/sisu.ut.ee\/tymripraktika\/wp-json\/wp\/v2\/media?parent=8"}],"curies":[{"name":"wp","href":"https:\/\/api.w.org\/{rel}","templated":true}]}}