{"id":6,"date":"2024-04-04T06:39:00","date_gmt":"2024-04-04T03:39:00","guid":{"rendered":"https:\/\/sisu.ut.ee\/tymripraktika\/peale-praktikat\/"},"modified":"2024-04-04T06:39:21","modified_gmt":"2024-04-04T03:39:21","slug":"peale-praktikat","status":"publish","type":"page","link":"https:\/\/sisu.ut.ee\/tymripraktika\/peale-praktikat\/","title":{"rendered":"P\u00e4rast praktikat"},"content":{"rendered":"<p>\n\t<strong>Praktika on l\u00e4bitud ja aeg on keskenduda j\u00e4rgmistele tegevustele<\/strong>:\n<\/p>\n<p dir=\"ltr\">\n\t\u2666\u00a0Anal\u00fc\u00fcsin praktika l\u00f5ppedes oma praktika eesm\u00e4rgi, \u00fclesannete saavutamist ja enda arengut.\u00a0\n<\/p>\n<p dir=\"ltr\">\n\t\u2666\u00a0K\u00fcsin praktikabaasipoolselt juhendajalt kokkuv\u00f5tva <a data-url=\"https:\/\/sisu.ut.ee\/tymripraktika\/juhendaja-tagasiside\" href=\"https:\/\/sisu.ut.ee\/tymripraktika\/juhendaja-tagasiside\" target=\"_blank\" title=\"\" rel=\"noopener\">tagasiside<\/a>.\u00a0\n<\/p>\n<p dir=\"ltr\">\n\t\u2666 Esitan <a data-url=\"https:\/\/moodle.ut.ee\/\" href=\"https:\/\/moodle.ut.ee\/\" target=\"_blank\" title=\"\" rel=\"noopener\">Moodle\u2019i<\/a> keskkonnas\u00a0praktikap\u00e4eviku ja praktikaaruande, v\u00f5imalusel \u00fche kuu jooksul peale praktika l\u00f5ppu.\n<\/p>\n<p dir=\"ltr\">\n\t\u2666\u00a0Osalen praktikaaruande kaitsmisel.\n<\/p>\n<p dir=\"ltr\">\n\t\u2666\u00a0Annan \u00d5ISis tagasiside\u00a0praktika ainele.\u00a0\n<\/p>\n<p dir=\"ltr\">\n\t\u00a0\n<\/p>\n<p dir=\"ltr\">\n\t\u00a0<\/p>\n","protected":false},"excerpt":{"rendered":"<p>Praktika on l\u00e4bitud ja aeg on keskenduda j\u00e4rgmistele tegevustele: \u2666\u00a0Anal\u00fc\u00fcsin praktika l\u00f5ppedes oma praktika eesm\u00e4rgi, \u00fclesannete saavutamist ja enda arengut.\u00a0 \u2666\u00a0K\u00fcsin praktikabaasipoolselt juhendajalt kokkuv\u00f5tva tagasiside.\u00a0 \u2666 Esitan Moodle\u2019i keskkonnas\u00a0praktikap\u00e4eviku ja praktikaaruande, v\u00f5imalusel \u00fche kuu jooksul peale praktika l\u00f5ppu. \u2666\u00a0Osalen praktikaaruande &#8230;<\/p>\n","protected":false},"author":79,"featured_media":0,"parent":0,"menu_order":0,"comment_status":"closed","ping_status":"closed","template":"","meta":{"_acf_changed":false,"inline_featured_image":false,"footnotes":""},"class_list":["post-6","page","type-page","status-publish","hentry"],"acf":[],"_links":{"self":[{"href":"https:\/\/sisu.ut.ee\/tymripraktika\/wp-json\/wp\/v2\/pages\/6","targetHints":{"allow":["GET"]}}],"collection":[{"href":"https:\/\/sisu.ut.ee\/tymripraktika\/wp-json\/wp\/v2\/pages"}],"about":[{"href":"https:\/\/sisu.ut.ee\/tymripraktika\/wp-json\/wp\/v2\/types\/page"}],"author":[{"embeddable":true,"href":"https:\/\/sisu.ut.ee\/tymripraktika\/wp-json\/wp\/v2\/users\/79"}],"replies":[{"embeddable":true,"href":"https:\/\/sisu.ut.ee\/tymripraktika\/wp-json\/wp\/v2\/comments?post=6"}],"version-history":[{"count":1,"href":"https:\/\/sisu.ut.ee\/tymripraktika\/wp-json\/wp\/v2\/pages\/6\/revisions"}],"predecessor-version":[{"id":32,"href":"https:\/\/sisu.ut.ee\/tymripraktika\/wp-json\/wp\/v2\/pages\/6\/revisions\/32"}],"wp:attachment":[{"href":"https:\/\/sisu.ut.ee\/tymripraktika\/wp-json\/wp\/v2\/media?parent=6"}],"curies":[{"name":"wp","href":"https:\/\/api.w.org\/{rel}","templated":true}]}}