{"id":5,"date":"2024-04-04T06:39:00","date_gmt":"2024-04-04T03:39:00","guid":{"rendered":"https:\/\/sisu.ut.ee\/tymripraktika\/praktika-ajal\/"},"modified":"2024-04-04T06:39:21","modified_gmt":"2024-04-04T03:39:21","slug":"praktika-ajal","status":"publish","type":"page","link":"https:\/\/sisu.ut.ee\/tymripraktika\/praktika-ajal\/","title":{"rendered":"Praktika ajal"},"content":{"rendered":"<p>\n\t\u2666\u00a0J\u00e4lgin, et t\u00e4idan kirja pandud ja kokku lepitud eesm\u00e4rke<b>\u00a0<\/b>ja p\u00fcstitatud \u00fclesandeid.\u00a0\n<\/p>\n<p dir=\"ltr\">\n\t\u2666<b>\u00a0<\/b>Leian lahendused tekkinud probleemidele ja k\u00fcsimustele.\n<\/p>\n<p dir=\"ltr\">\n\t\u2666<b>\u00a0<\/b>K\u00fcsin praktikabaasi poolselt juhendajalt jooksvat konstruktiivset tagasisidet oma tegevustele.\n<\/p>\n<p dir=\"ltr\">\n\t\u2666<b>\u00a0<\/b>Olen motiveeritud, avatud ja n\u00e4itan \u00fcles \u00f5ppimistahet.\n<\/p>\n<p dir=\"ltr\">\n\t\u2666<b>\u00a0<\/b>Anal\u00fc\u00fcsin oma tegevusi praktika k\u00e4igus.\n<\/p>\n<p dir=\"ltr\">\n\t\u2666<b>\u00a0<\/b>K\u00e4itun heaperemehelikult minu hoolde usaldatud vahendite ja varaga.\n<\/p>\n<p dir=\"ltr\">\n\t\u2666<b>\u00a0<\/b>Pean kinni konfidentsiaalsusn\u00f5uetest.\n<\/p>\n<p dir=\"ltr\">\n\t\u2666 Praktika ajakava muudatuse korral (j\u00e4\u00e4n haigeks, midagi tuleb vahele \u00f5ppet\u00f6\u00f6s v\u00f5i isiklikus elus)\u00a0informeerin sellest koheselt praktikabaasi poolset juhendajat ning lepin kokku, kuidas edasi talitame.<\/p>\n","protected":false},"excerpt":{"rendered":"<p>\u2666\u00a0J\u00e4lgin, et t\u00e4idan kirja pandud ja kokku lepitud eesm\u00e4rke\u00a0ja p\u00fcstitatud \u00fclesandeid.\u00a0 \u2666\u00a0Leian lahendused tekkinud probleemidele ja k\u00fcsimustele. \u2666\u00a0K\u00fcsin praktikabaasi poolselt juhendajalt jooksvat konstruktiivset tagasisidet oma tegevustele. \u2666\u00a0Olen motiveeritud, avatud ja n\u00e4itan \u00fcles \u00f5ppimistahet. \u2666\u00a0Anal\u00fc\u00fcsin oma tegevusi praktika k\u00e4igus. \u2666\u00a0K\u00e4itun heaperemehelikult &#8230;<\/p>\n","protected":false},"author":79,"featured_media":0,"parent":0,"menu_order":0,"comment_status":"closed","ping_status":"closed","template":"","meta":{"_acf_changed":false,"inline_featured_image":false,"footnotes":""},"class_list":["post-5","page","type-page","status-publish","hentry"],"acf":[],"_links":{"self":[{"href":"https:\/\/sisu.ut.ee\/tymripraktika\/wp-json\/wp\/v2\/pages\/5","targetHints":{"allow":["GET"]}}],"collection":[{"href":"https:\/\/sisu.ut.ee\/tymripraktika\/wp-json\/wp\/v2\/pages"}],"about":[{"href":"https:\/\/sisu.ut.ee\/tymripraktika\/wp-json\/wp\/v2\/types\/page"}],"author":[{"embeddable":true,"href":"https:\/\/sisu.ut.ee\/tymripraktika\/wp-json\/wp\/v2\/users\/79"}],"replies":[{"embeddable":true,"href":"https:\/\/sisu.ut.ee\/tymripraktika\/wp-json\/wp\/v2\/comments?post=5"}],"version-history":[{"count":1,"href":"https:\/\/sisu.ut.ee\/tymripraktika\/wp-json\/wp\/v2\/pages\/5\/revisions"}],"predecessor-version":[{"id":31,"href":"https:\/\/sisu.ut.ee\/tymripraktika\/wp-json\/wp\/v2\/pages\/5\/revisions\/31"}],"wp:attachment":[{"href":"https:\/\/sisu.ut.ee\/tymripraktika\/wp-json\/wp\/v2\/media?parent=5"}],"curies":[{"name":"wp","href":"https:\/\/api.w.org\/{rel}","templated":true}]}}