{"id":4,"date":"2024-04-04T06:38:59","date_gmt":"2024-04-04T03:38:59","guid":{"rendered":"https:\/\/sisu.ut.ee\/tymripraktika\/enne-praktikat\/"},"modified":"2024-04-04T06:39:21","modified_gmt":"2024-04-04T03:39:21","slug":"enne-praktikat","status":"publish","type":"page","link":"https:\/\/sisu.ut.ee\/tymripraktika\/enne-praktikat\/","title":{"rendered":"Enne praktikat"},"content":{"rendered":"<p>\n\tPraktika on m\u00f5eldud eesk\u00e4tt magistri\u00f5ppe \u00fcli\u00f5pilastele, praktika ained on LOMR.00.079 ja LTMR.00.024 (m\u00f5lemad 6 EAP; 1 EAP = 26 h).\n<\/p>\n<p>\n\t\u2666 M\u00f5tlen, millised on minu huvid ja millist praktikat ma soovin sooritada;\n<\/p>\n<p>\n\t\u2666 Tutvun oma \u00f5ppekava praktika eesm\u00e4rgiga ja valin praktika liigi (nt praktika v\u00e4lismaal, praktika riigiasutuses, praktika ettev\u00f5ttes, meeskonna projektipraktika);\n<\/p>\n<p>\n\t\u2666\u00a0Tutvun praktika <a data-url=\"https:\/\/moodle.ut.ee\/\" href=\"https:\/\/moodle.ut.ee\/\" target=\"_blank\" title=\"\" rel=\"noopener\">Moodle\u2019i<\/a> keskkonna\u00a0ja praktikajuhendiga;\n<\/p>\n<p>\n\t\u2666 Valin praktikabaasi;<br>Praktikakoha leidmisel aitavad mind instituudi praktika koordinaator, praktikakoha v\u00f5in leida instituudi <a data-url=\"https:\/\/sisu.ut.ee\/tymripraktika\/praktikapakkumised\" href=\"https:\/\/sisu.ut.ee\/tymripraktika\/praktikapakkumised\" target=\"_blank\" title=\"\" rel=\"noopener\">praktikapakkumiste<\/a> alt, praktikapakkumiste <a data-url=\"https:\/\/praktika.ut.ee\/\" href=\"https:\/\/praktika.ut.ee\/\" target=\"_blank\" title=\"\" rel=\"noopener\">andmebaasist<\/a>, t\u00f6\u00f6kuulutuse p\u00f5hjal v\u00f5i tuttava abiga;<br>Olen avatud ja saadan praktikakoha p\u00e4ringu mind huvitavasse ettev\u00f5ttesse aegsasti ise \u2013 selleks koostan motivatsioonikirja, kus v\u00e4ljendan oma huvi ja eesm\u00e4rke praktikaks ning lisan sellele CV (nt <a data-url=\"https:\/\/europa.eu\/europass\/en\/create-europass-cv\" href=\"https:\/\/europa.eu\/europass\/en\/create-europass-cv\" target=\"_blank\" title=\"\" rel=\"noopener\">Europass CV<\/a>).\n<\/p>\n<p>\n\t\u2666 \u00d5ppeainele registreerumisel \u00d5IS-is aitab instituudi \u00f5ppekorralduse spetsialist\/juhiabi;\n<\/p>\n<p>\n\t\u2666\u00a0S\u00f5nastan praktika eesm\u00e4rgi ja \u00fclesanded minu arengut suunavast kahest olulisest punktist l\u00e4htuvalt:\n<\/p>\n<ol>\n<li>\n\t\tkuidas seon \u00f5pitud teoreetilised teadmised praktikaga;\n\t<\/li>\n<li>\n\t\tkuidas plaanin kasutada \u00fchte <a data-url=\"https:\/\/sisu.ut.ee\/tymripraktika\/tulevikuoskused-2025\" href=\"https:\/\/sisu.ut.ee\/tymripraktika\/tulevikuoskused-2025\" target=\"_blank\" title=\"\" rel=\"noopener\">tulevikuoskust<\/a> praktika k\u00e4igus.\n\t<\/li>\n<\/ol>\n","protected":false},"excerpt":{"rendered":"<p>Praktika on m\u00f5eldud eesk\u00e4tt magistri\u00f5ppe \u00fcli\u00f5pilastele, praktika ained on LOMR.00.079 ja LTMR.00.024 (m\u00f5lemad 6 EAP; 1 EAP = 26 h). \u2666 M\u00f5tlen, millised on minu huvid ja millist praktikat ma soovin sooritada; \u2666 Tutvun oma \u00f5ppekava praktika eesm\u00e4rgiga ja valin &#8230;<\/p>\n","protected":false},"author":79,"featured_media":0,"parent":0,"menu_order":0,"comment_status":"closed","ping_status":"closed","template":"","meta":{"_acf_changed":false,"inline_featured_image":false,"footnotes":""},"class_list":["post-4","page","type-page","status-publish","hentry"],"acf":[],"_links":{"self":[{"href":"https:\/\/sisu.ut.ee\/tymripraktika\/wp-json\/wp\/v2\/pages\/4","targetHints":{"allow":["GET"]}}],"collection":[{"href":"https:\/\/sisu.ut.ee\/tymripraktika\/wp-json\/wp\/v2\/pages"}],"about":[{"href":"https:\/\/sisu.ut.ee\/tymripraktika\/wp-json\/wp\/v2\/types\/page"}],"author":[{"embeddable":true,"href":"https:\/\/sisu.ut.ee\/tymripraktika\/wp-json\/wp\/v2\/users\/79"}],"replies":[{"embeddable":true,"href":"https:\/\/sisu.ut.ee\/tymripraktika\/wp-json\/wp\/v2\/comments?post=4"}],"version-history":[{"count":1,"href":"https:\/\/sisu.ut.ee\/tymripraktika\/wp-json\/wp\/v2\/pages\/4\/revisions"}],"predecessor-version":[{"id":40,"href":"https:\/\/sisu.ut.ee\/tymripraktika\/wp-json\/wp\/v2\/pages\/4\/revisions\/40"}],"wp:attachment":[{"href":"https:\/\/sisu.ut.ee\/tymripraktika\/wp-json\/wp\/v2\/media?parent=4"}],"curies":[{"name":"wp","href":"https:\/\/api.w.org\/{rel}","templated":true}]}}