{"id":3,"date":"2024-04-04T06:38:59","date_gmt":"2024-04-04T03:38:59","guid":{"rendered":"https:\/\/sisu.ut.ee\/tymripraktika\/avaleht\/"},"modified":"2024-04-11T23:19:58","modified_gmt":"2024-04-11T20:19:58","slug":"avaleht","status":"publish","type":"page","link":"https:\/\/sisu.ut.ee\/tymripraktika\/","title":{"rendered":"Hea \u00fcli\u00f5pilane!"},"content":{"rendered":"<div class=\"wp-block-columns is-layout-flex wp-container-core-columns-is-layout-9d6595d7 wp-block-columns-is-layout-flex\">\n<div class=\"wp-block-column is-layout-flow wp-block-column-is-layout-flow\">\n<p>Oled j\u00f5udnud Tartu \u00dclikooli molekulaar- ja rakubioloogia instituudi praktikalehele, kust saad oma esimesed ja vajalikud teadmised praktika edukaks sooritamiseks.<\/p>\n<p><strong>Sellelt lehelt saad teada:<\/strong><\/p>\n<ol>\n<li>Mis on praktika?<\/li>\n<li>Miks ma pean praktikale minekuks eesm\u00e4rgi(d) p\u00fcstitama?<\/li>\n<li>Millistest osadest praktika koosneb?<\/li>\n<li>Mida peab teadma enne praktikale minekut, praktika ajal ja peale praktikat?<\/li>\n<li>Millega praktika l\u00f5peb?<\/li>\n<\/ol>\n<p>Tutvudes, lugedes l\u00e4bi ja planeerides oma praktikat, v\u00f5id olla peaaegu kindel, et l\u00e4bid praktika edukalt ja sellest on sinu edasises karj\u00e4\u00e4ris kasu.<\/p>\n<p>J\u00f5udu ja edu!<\/p>\n<\/div>\n\n\n\n<div class=\"wp-block-column is-layout-flow wp-block-column-is-layout-flow\">\n<div class=\"ptimeline\">\n<style>\n.timeline-app {\n  font: 100% \"Rubik\", sans-serif;\n  font-weight: 300;\n  height: 100%;\n  background-color: white;\n}\n\n.timeline-app .blue-bg {\n  background-color: white;\n  color: #2d5695;\n  height: 100%;\n}\n\n.timeline-app .circle {\n  font-weight: bold;\n  padding: 15px 20px;\n  border-radius: 100px;\n  background-color: #2d5695;\n  color: white;\n  max-height: 50px;\n  z-index: 2;\n}\n.timeline-app .how-it-works.row {\n  display: flex;\n}\n\n.timeline-app .how-it-works.row .col-md-1 {\n  display: inline-flex;\n  align-self: stretch;\n  align-items: center;\n  justify-content: center;\n}\n.timeline-app .how-it-works.row .col-md-1::after {\n  content: \"\";\n  position: absolute;\n  border-left: 3px solid #faa419;\n  z-index: 1;\n}\n.timeline-app .how-it-works.row .col-md-1.bottom::after {\n  height: 50%;\n  left: 50%;\n  top: 50%;\n}\n.timeline-app .how-it-works.row .col-md-1.full::after {\n  height: 100%;\n  left: calc(50% - 3px);\n}\n.timeline-app .how-it-works.row .col-md-1.top::after {\n  height: 50%;\n  left: 50%;\n  top: 0;\n}\n.timeline-app .timeline div {\n  padding: 0;\n  height: 40px;\n}\n.timeline-app .timeline hr {\n  border-top: 3px solid #faa419;\n  margin: 0;\n  top: 17px;\n  position: relative;\n}\n\n.timeline-app .timeline .col-md-1 {\n  display: flex;\n  overflow: hidden;\n}\n.timeline-app .timeline .corner {\n  border: 3px solid #faa419;\n  width: 100%;\n  position: relative;\n  border-radius: 15px;\n}\n.timeline-app .timeline .top-right {\n  left: 50%;\n  top: -50%;\n}\n.timeline-app .timeline .left-bottom {\n  left: -50%;\n  top: calc(50% - 3px);\n}\n.timeline-app .timeline .top-left {\n  left: -50%;\n  top: -50%;\n}\n.timeline-app .timeline .right-bottom {\n  left: 50%;\n  top: calc(50% - 3px);\n}\n.timeline-app .container {\n  max-width: 98%;\n  min-width: 250px;\n}\n.timeline-app h5 {\n  width: auto;\n  border-radius: 3px;\n  font-weight: 500;\n  text-transform: uppercase;\n  color: #2d5695;\n  font-size: 16px;\n}\n\n.timeline-app.row {\n    display: -ms-flexbox;\n    display: flex;\n    -ms-flex-wrap: wrap;\n    flex-wrap: wrap;\n    margin-right: -15px;\n    margin-left: -15px;\n}\n\n.fleft {\n    float:left;\n    width: 50px;\n}\n\n.col-md-10.fleft {\n    width: calc(100% - 100px);\n}\n\n.row.align-items-center.how-it-works p {\n    color: #2d5695;\n    font-size: 15px;\n}\n\nh2.pb-3.pt-2{\n    color: #2d5695;\n    margin-bottom: 20px;\n    margin-top: -20px;\n}\n\/*.timeline-app .row.align-items-center.how-it-works:nth-child(6):hover {*\/\n.timeline-app a .row.align-items-center.how-it-works:hover {\n    background: #ff5722;\n    cursor: pointer;\n    border-radius: 4px;\n    padding: 15px;\n}\n\n.timeline-app .row.align-items-center.how-it-works {\n    transition: all .25s ease-in-out;\n}\n\n.timeline-app a {\n  text-decoration: none;\n}\n\n.timeline-app a .row.align-items-center.how-it-works:hover h5,\n.timeline-app a .row.align-items-center.how-it-works:hover p{\n  color: white;\n}\n\n<\/style>\n<div class=\"container-fluid blue-bg timeline-app\">\n  <div class=\"container\">\n    <h2 class=\"pb-3 pt-2\">Praktika k\u00e4igus pead<\/h2>\n    <!--first section-->\n<a href=\"https:\/\/moodle.ut.ee\" target=\"_blank\" rel=\"noopener\">\n    <div class=\"row align-items-center how-it-works\">\n      <div class=\"col-md-1 text-center\">\n        <div class=\"circle\">1<\/div>\n      <\/div>\n      <div class=\"col-md-8\">\n        <h5>Praktika eesm\u00e4rk<\/h5>\n        <p>S\u00f5nastama praktika eesm\u00e4rgi ja \u00fclesanded (tegevus Moodles).<\/p>\n      <\/div>\n     <div class=\"col-md-3\"><\/div>\n    <\/div>\n    <!--path between 1-2-->\n    <div class=\"row timeline\">\n      <div class=\"col-md-1 fleft\">\n        <div class=\"corner top-right\"><\/div>\n      <\/div>\n      <div class=\"col-md-10 fleft\">\n        <hr>\n      <\/div>\n      <div class=\"col-md-1 fleft\">\n        <div class=\"corner left-bottom\"><\/div>\n      <\/div>\n    <\/div><\/a>\n    <!--second section-->\n<a href=\"https:\/\/moodle.ut.ee\" target=\"_blank\" rel=\"noopener\">\n    <div class=\"row align-items-center justify-content-end how-it-works\">\n      <div class=\"col-md-3\"><\/div>\n      <div class=\"col-md-8 text-right\">\n        <h5>Eneseanal\u00fc\u00fcs<\/h5>\n        <p>Anal\u00fc\u00fcsima praktikal omandatut (enda arengut!) STARR metoodika j\u00e4rgi (tegevus Moodles).<\/p>\n      <\/div>\n      <div class=\"col-md-1 text-center\">\n        <div class=\"circle\">2<\/div>\n      <\/div>\n      \n    <\/div>\n    <!--path between 2-3-->\n    <div class=\"row timeline\">\n      <div class=\"col-md-1 fleft\">\n        <div class=\"corner right-bottom\"><\/div>\n      <\/div>\n      <div class=\"col-md-10 fleft\">\n        <hr>\n      <\/div>\n      <div class=\"col-md-1 fleft\">\n        <div class=\"corner top-left\"><\/div>\n      <\/div>\n    <\/div><\/a>\n    <!--third section-->\n<a target=\"_blank\" href=\"https:\/\/survey.ut.ee\/index.php\/225646?newtest=Y&amp;lang=et\" rel=\"noopener\">\n    <div class=\"row align-items-center how-it-works\">\n      <div class=\"col-md-1 text-center\">\n        <div class=\"circle\">3<\/div>\n      <\/div>\n      <div class=\"col-md-8\">\n        <h5>Tagasiside juhendajalt<\/h5>\n        <p>Saama tagasiside juhendajalt. Juhendaja saab praktikat tagasisidestada SIIN.<\/p>\n      <\/div>\n      <div class=\"col-md-3\"><\/div>\n    <\/div>\n    <!--path between 3-4-->\n    <div class=\"row timeline\">\n      \n      <div class=\"col-md-1 fleft\">\n        <div class=\"corner top-right\"><\/div>\n      <\/div>\n      <div class=\"col-md-10 fleft\">\n        <hr>\n      <\/div>\n      <div class=\"col-md-1 fleft\">\n        <div class=\"corner left-bottom\"><\/div>\n      <\/div>\n    <\/div>\n<\/a>\n    <!--fourth section-->\n<a target=\"_blank\" href=\"https:\/\/survey.ut.ee\/index.php\/145284?newtest=Y&amp;lang=et\" rel=\"noopener\">\n    <div class=\"row align-items-center justify-content-end how-it-works\">\n      <div class=\"col-md-3\"><\/div>\n      <div class=\"col-md-8 text-right\">\n        <h5>Tagasiside praktikale<\/h5>\n        <p>Andma tagasiside praktikale ja kogu protsessile. Tudeng saab praktikat tagasisidestada SIIN<\/p>\n      <\/div>\n      <div class=\"col-md-1 text-center\">\n        <div class=\"circle\">4<\/div>\n      <\/div>\n    <\/div>\n  <\/a><\/div>\n<\/div>\n<\/div>\n<\/div>\n<\/div>\n","protected":false},"excerpt":{"rendered":"<p>Oled j\u00f5udnud Tartu \u00dclikooli molekulaar- ja rakubioloogia instituudi praktikalehele, kust saad oma esimesed ja vajalikud teadmised praktika edukaks sooritamiseks. Sellelt lehelt saad teada: Mis on praktika? Miks ma pean praktikale minekuks eesm\u00e4rgi(d) p\u00fcstitama? Millistest osadest praktika koosneb? Mida peab teadma &#8230;<\/p>\n","protected":false},"author":79,"featured_media":46,"parent":0,"menu_order":0,"comment_status":"closed","ping_status":"closed","template":"","meta":{"_acf_changed":false,"inline_featured_image":false,"footnotes":""},"class_list":["post-3","page","type-page","status-publish","has-post-thumbnail","hentry"],"acf":[],"_links":{"self":[{"href":"https:\/\/sisu.ut.ee\/tymripraktika\/wp-json\/wp\/v2\/pages\/3","targetHints":{"allow":["GET"]}}],"collection":[{"href":"https:\/\/sisu.ut.ee\/tymripraktika\/wp-json\/wp\/v2\/pages"}],"about":[{"href":"https:\/\/sisu.ut.ee\/tymripraktika\/wp-json\/wp\/v2\/types\/page"}],"author":[{"embeddable":true,"href":"https:\/\/sisu.ut.ee\/tymripraktika\/wp-json\/wp\/v2\/users\/79"}],"replies":[{"embeddable":true,"href":"https:\/\/sisu.ut.ee\/tymripraktika\/wp-json\/wp\/v2\/comments?post=3"}],"version-history":[{"count":9,"href":"https:\/\/sisu.ut.ee\/tymripraktika\/wp-json\/wp\/v2\/pages\/3\/revisions"}],"predecessor-version":[{"id":70,"href":"https:\/\/sisu.ut.ee\/tymripraktika\/wp-json\/wp\/v2\/pages\/3\/revisions\/70"}],"wp:featuredmedia":[{"embeddable":true,"href":"https:\/\/sisu.ut.ee\/tymripraktika\/wp-json\/wp\/v2\/media\/46"}],"wp:attachment":[{"href":"https:\/\/sisu.ut.ee\/tymripraktika\/wp-json\/wp\/v2\/media?parent=3"}],"curies":[{"name":"wp","href":"https:\/\/api.w.org\/{rel}","templated":true}]}}