{"id":12,"date":"2024-04-04T06:39:00","date_gmt":"2024-04-04T03:39:00","guid":{"rendered":"https:\/\/sisu.ut.ee\/tymripraktika\/esimesed-sammud\/"},"modified":"2024-04-04T06:39:21","modified_gmt":"2024-04-04T03:39:21","slug":"esimesed-sammud","status":"publish","type":"page","link":"https:\/\/sisu.ut.ee\/tymripraktika\/esimesed-sammud\/","title":{"rendered":"Esimesed sammud"},"content":{"rendered":"<p>\n\tSuur osa meie praktikabaasidest on olnud meie heaks koost\u00f6\u00f6partneriks l\u00e4bi aastate.\u00a0\n<\/p>\n<p>\n\tSee on v\u00f5imaldanud v\u00e4lja t\u00f6\u00f6tada l\u00e4biproovitud efektiivse mehhanismi, kuidas tagada ootusp\u00e4rane praktika m\u00f5lemale osapoolele \u2013 nii praktikandile kui praktikabaasile.\n<\/p>\n<p>\n\t1. Praktikant peaks alati koostama end tutvustava materjali (miks soovin minna praktikale just sellesse asutusse, mis mind huvitab \u2013 n\u00e4iteks kas ma rahuldun \u00fclevaatepraktikaga v\u00f5i huvitab mind m\u00f5ni teema s\u00fcvitsi; kas ma olen valmis rutiinseks laborit\u00f6\u00f6ks, mille k\u00e4igus lihvin oma laborioskusi v\u00f5i ei ole rutiin minu jaoks).\n<\/p>\n<p>\n\t2. \u00d5ppeasutus n\u00f5ustab praktikanti praktikakoha valikul ja praktika ajastuse k\u00fcsimuses (nt kui \u00fcli\u00f5pilane ei j\u00f5ua edasi \u00f5ppet\u00f6\u00f6s ning ees ootab l\u00f5put\u00f6\u00f6 kokku panemine laboris,\u00a0ei ole m\u00f5tet praktikat t\u00e4iendavalt juurde v\u00f5tta; \u00fclevaatepraktika sobib \u00f5ppet\u00f6\u00f6 k\u00f5rvalt sooritamiseks, p\u00f5hjalikumat teaduslikku anal\u00fc\u00fcsi sisaldav praktikat\u00f6\u00f6 oleks m\u00f5istlik j\u00e4tta suvekuudele, mil \u00f5ppet\u00f6\u00f6d ei ole).\n<\/p>\n<p>\n\t3. Soovitame leppida k\u00f5igepealt kokku tutvumisringk\u00e4ik asutusse\/ettev\u00f5ttesse, kus on v\u00f5imalik saada selgus pakutavast\/oodatavast ning selgitada enda ootusi praktikale. Kui tutvumine kohapeal ei ole v\u00f5imalik (praktikabaas asub v\u00e4lismaal), siis soovitame teha skype-vestluse praktikajuhendajaga.\u00a0\n<\/p>\n<p>\n\tTutvumine pelgalt ettev\u00f5tte kodulehega ei anna \u00fcli\u00f5pilasele sageli \u00fclevaadet, mida selles ettev\u00f5ttes tehakse ja kas see talle huvi pakub.\n<\/p>\n<p>\n\tV\u00f5ib juhtuda, et \u00fcli\u00f5pilane ei soovi peale tutvumisringk\u00e4iku sellesse ettev\u00f5ttesse praktikale minna. Ka see on t\u00e4iesti normaalne. Praktikakohale saab kandideerida j\u00e4rgmine \u00fcli\u00f5pilane.\u00a0\n<\/p>\n<p>\n\t4. V\u00f5tame soovitusi andes arvesse \u00fcli\u00f5pilase varasemaid kogemusi labori- ja \u00f5ppet\u00f6\u00f6s (mh n\u00e4iteks \u00f5ppeprojektides osalemist, head avaliku esinemise oskust, k\u00f5rget digip\u00e4devust jms).\u00a0<\/p>\n","protected":false},"excerpt":{"rendered":"<p>Suur osa meie praktikabaasidest on olnud meie heaks koost\u00f6\u00f6partneriks l\u00e4bi aastate.\u00a0 See on v\u00f5imaldanud v\u00e4lja t\u00f6\u00f6tada l\u00e4biproovitud efektiivse mehhanismi, kuidas tagada ootusp\u00e4rane praktika m\u00f5lemale osapoolele \u2013 nii praktikandile kui praktikabaasile. 1. Praktikant peaks alati koostama end tutvustava materjali (miks soovin &#8230;<\/p>\n","protected":false},"author":79,"featured_media":0,"parent":0,"menu_order":0,"comment_status":"closed","ping_status":"closed","template":"","meta":{"_acf_changed":false,"inline_featured_image":false,"footnotes":""},"class_list":["post-12","page","type-page","status-publish","hentry"],"acf":[],"_links":{"self":[{"href":"https:\/\/sisu.ut.ee\/tymripraktika\/wp-json\/wp\/v2\/pages\/12","targetHints":{"allow":["GET"]}}],"collection":[{"href":"https:\/\/sisu.ut.ee\/tymripraktika\/wp-json\/wp\/v2\/pages"}],"about":[{"href":"https:\/\/sisu.ut.ee\/tymripraktika\/wp-json\/wp\/v2\/types\/page"}],"author":[{"embeddable":true,"href":"https:\/\/sisu.ut.ee\/tymripraktika\/wp-json\/wp\/v2\/users\/79"}],"replies":[{"embeddable":true,"href":"https:\/\/sisu.ut.ee\/tymripraktika\/wp-json\/wp\/v2\/comments?post=12"}],"version-history":[{"count":1,"href":"https:\/\/sisu.ut.ee\/tymripraktika\/wp-json\/wp\/v2\/pages\/12\/revisions"}],"predecessor-version":[{"id":38,"href":"https:\/\/sisu.ut.ee\/tymripraktika\/wp-json\/wp\/v2\/pages\/12\/revisions\/38"}],"wp:attachment":[{"href":"https:\/\/sisu.ut.ee\/tymripraktika\/wp-json\/wp\/v2\/media?parent=12"}],"curies":[{"name":"wp","href":"https:\/\/api.w.org\/{rel}","templated":true}]}}