{"id":8,"date":"2024-04-04T03:23:27","date_gmt":"2024-04-04T00:23:27","guid":{"rendered":"https:\/\/sisu.ut.ee\/turunduskommunikatsioon4\/kokkuvote\/"},"modified":"2024-04-04T03:23:32","modified_gmt":"2024-04-04T00:23:32","slug":"kokkuvote","status":"publish","type":"page","link":"https:\/\/sisu.ut.ee\/turunduskommunikatsioon4\/kokkuvote\/","title":{"rendered":"Kokkuv\u00f5te"},"content":{"rendered":"<p>Kasvavad andmeedastuskiirused mobiilsides ning Wi-Fi leviala \u00fcha suurem katvus \u00fchelt poolt ning mobiilsete seadmete kiire areng ja langevad hinnad teiselt poolt prognoosivad m-turundusele helget tulevikku. Kogu igap\u00e4evast infot haldav ja h\u00f5lpsat ligip\u00e4\u00e4su v\u00f5imaldav mobiilne seade on kujunemas keskseks kommunikatsioonikanaliks inimeste ja organisatsioonide vahelises suhtluses ning v\u00f5idavad taas need, kes varem ja operatiivsemalt kohal on.<\/p>\n<p>Seejuures peab arvestama asjaoluga, et iga uus ja murranguline rakendus on seda kuni j\u00e4rgmiste v\u00f5imalike uute ja innovaatiliste tehnoloogiate kasutuselev\u00f5tmiseni ning kanali olulisuse kommunikatsioonis pikemas perspektiivis saab m\u00e4\u00e4rata alles m\u00f5ne aja m\u00f6\u00f6dumisel. Erinevad rakendusv\u00f5imalused v\u00f5ivad tehnoloogia arengu k\u00e4igus kaduda v\u00f5i teiseneda uuteks vormideks. Kindlasti tasub aga t\u00e4nasel kommunikatsioonispetsialistil m-turunduse trendiga kursis olla.<\/p>\n","protected":false},"excerpt":{"rendered":"<p>Kasvavad andmeedastuskiirused mobiilsides ning Wi-Fi leviala \u00fcha suurem katvus \u00fchelt poolt ning mobiilsete seadmete kiire areng ja langevad hinnad teiselt poolt prognoosivad m-turundusele helget tulevikku. Kogu igap\u00e4evast infot haldav ja h\u00f5lpsat ligip\u00e4\u00e4su v\u00f5imaldav mobiilne seade on kujunemas keskseks kommunikatsioonikanaliks inimeste &#8230;<\/p>\n","protected":false},"author":13,"featured_media":0,"parent":0,"menu_order":0,"comment_status":"closed","ping_status":"closed","template":"","meta":{"_acf_changed":false,"inline_featured_image":false,"footnotes":""},"class_list":["post-8","page","type-page","status-publish","hentry"],"acf":[],"_links":{"self":[{"href":"https:\/\/sisu.ut.ee\/turunduskommunikatsioon4\/wp-json\/wp\/v2\/pages\/8","targetHints":{"allow":["GET"]}}],"collection":[{"href":"https:\/\/sisu.ut.ee\/turunduskommunikatsioon4\/wp-json\/wp\/v2\/pages"}],"about":[{"href":"https:\/\/sisu.ut.ee\/turunduskommunikatsioon4\/wp-json\/wp\/v2\/types\/page"}],"author":[{"embeddable":true,"href":"https:\/\/sisu.ut.ee\/turunduskommunikatsioon4\/wp-json\/wp\/v2\/users\/13"}],"replies":[{"embeddable":true,"href":"https:\/\/sisu.ut.ee\/turunduskommunikatsioon4\/wp-json\/wp\/v2\/comments?post=8"}],"version-history":[{"count":1,"href":"https:\/\/sisu.ut.ee\/turunduskommunikatsioon4\/wp-json\/wp\/v2\/pages\/8\/revisions"}],"predecessor-version":[{"id":45,"href":"https:\/\/sisu.ut.ee\/turunduskommunikatsioon4\/wp-json\/wp\/v2\/pages\/8\/revisions\/45"}],"wp:attachment":[{"href":"https:\/\/sisu.ut.ee\/turunduskommunikatsioon4\/wp-json\/wp\/v2\/media?parent=8"}],"curies":[{"name":"wp","href":"https:\/\/api.w.org\/{rel}","templated":true}]}}