{"id":7,"date":"2024-04-04T03:23:27","date_gmt":"2024-04-04T00:23:27","guid":{"rendered":"https:\/\/sisu.ut.ee\/turunduskommunikatsioon4\/qr-kood-quick-response-code\/"},"modified":"2024-04-27T16:58:51","modified_gmt":"2024-04-27T13:58:51","slug":"qr-kood-quick-response-code","status":"publish","type":"page","link":"https:\/\/sisu.ut.ee\/turunduskommunikatsioon4\/qr-kood-quick-response-code\/","title":{"rendered":"QR-kood (quick response code)"},"content":{"rendered":"<div id=\"id11\" class=\"FreeTextIdevice\">\n<div class=\"iDevice emphasis0\">\n<div id=\"ta11_1\" class=\"block\">\n<p><strong>\u00dclevaade<\/strong><\/p>\n<p>QR-kood (<em>Quick Response<\/em>) on edasiarendus varasemast triipkoodist kaubanduses, mis v\u00f5is sisaldada ainult numbreid. QR-kood on kahedimensiooniline ja v\u00f5ib seet\u00f5ttu sisaldada lisaks numbritele ka teksti. QR-koodi kasutamiseks mobiilse seadmega tuleb see nutitelefoni vastava rakenduse abil sisse skannida ning p\u00e4rast seda avaneb QR-koodis sisalduv kampaanialeht v\u00f5i muu seotud info. (Rannaberg 2011)<\/p>\n<p><strong>Rakendusv\u00f5imalused<\/strong><\/p>\n<p>QR-koodi abil saab edastada n\u00e4iteks kampaaniainfot, veebiaadressi, telefoninumbrit, e-maili aadressi jm soovitud s\u00f5numit. Kood on lihtne ja kiire viis (lisa)info edastamiseks tarbijale \u00fcksk\u00f5ik millisel ajahetkel ning kanalis.<\/p>\n<p>QR-koodi peamine t\u00e4htsus turunduskommunikatsiooni seisukohalt ongi otsene siduselemendi roll\u00a0<em>online<\/em>\u2013 ja\u00a0<em>offline<\/em>-meedia vahel (n\u00e4iteks suunab v\u00e4limeedias tr\u00fckitud QR-kood tarbija kohe samal hetkel mobiilsele internetilehele, kus on kogu kampaaniainfo, t\u00e4iendav lisainfo v\u00f5i \u00fcleskutse tegutsemisele (<em>call to action<\/em>)).<\/p>\n<\/div>\n<\/div>\n<\/div>\n<div id=\"id12\" class=\"valem-q\">\n<div class=\"iDevice emphasis1\"><img decoding=\"async\" class=\"iDevice_icon\" src=\"https:\/\/sisu.ut.ee\/wp-content\/uploads\/sites\/217\/icon_preknowledge.gif\" alt=\"iDevice ikoon\">\u00a0<span class=\"valem-t\">N\u00c4IDE<\/span>\n<div class=\"iDevice_inner\">\n<div id=\"ta12_33_2\" class=\"block\">\n<p><strong>QR-koodi rakendamine reklaamikampaaniates<\/strong><\/p>\n<p>Telereklaam<\/p>\n<p><img loading=\"lazy\" decoding=\"async\" src=\"https:\/\/sisu.ut.ee\/wp-content\/uploads\/sites\/217\/qr1.jpg\" width=\"478\" height=\"343\"><\/p>\n<p><em>Foto: OKIA,<\/em>\u00a0<a href=\"http:\/\/www.okia.ee\/blog\/2011\/09\/qr-koodid-online-ja-offline-maailma-uhendajad\/\" target=\"_blank\" rel=\"noopener\">http:\/\/www.okia.ee\/blog\/2011\/09\/qr-koodid-online-ja-offline-maailma-uhendajad\/<\/a>\u00a0(URLi kasutatud aprillis 2012).<\/p>\n<p>POS-lahendus<\/p>\n<p><img loading=\"lazy\" decoding=\"async\" src=\"https:\/\/sisu.ut.ee\/wp-content\/uploads\/sites\/217\/qr2.jpg\" width=\"277\" height=\"300\"><\/p>\n<p><em>Foto: OKIA,<\/em>\u00a0<a href=\"http:\/\/www.okia.ee\/blog\/2011\/09\/qr-koodid-online-ja-offline-maailma-uhendajad\/\" target=\"_blank\" rel=\"noopener\">http:\/\/www.okia.ee\/blog\/2011\/09\/qr-koodid-online-ja-offline-maailma-uhendajad\/<\/a>\u00a0(URLi kasutatud aprillis 2012).<\/p>\n<p>V\u00e4lireklaam<\/p>\n<p><img loading=\"lazy\" decoding=\"async\" src=\"https:\/\/sisu.ut.ee\/wp-content\/uploads\/sites\/217\/qr3.jpg\" width=\"478\" height=\"343\"><\/p>\n<p><em>Foto: OKIA,<\/em>\u00a0<a href=\"http:\/\/www.okia.ee\/blog\/2011\/09\/qr-koodid-online-ja-offline-maailma-uhendajad\/\" target=\"_blank\" rel=\"noopener\">http:\/\/www.okia.ee\/blog\/2011\/09\/qr-koodid-online-ja-offline-maailma-uhendajad\/\u00a0<\/a>(URLi kasutatud aprillis 2012).<\/p>\n<\/div>\n<\/div>\n<\/div>\n<\/div>\n<div id=\"id13\" class=\"valem-q\">\n<div class=\"iDevice emphasis1\"><img decoding=\"async\" class=\"iDevice_icon\" src=\"https:\/\/sisu.ut.ee\/wp-content\/uploads\/sites\/217\/icon_preknowledge.gif\" alt=\"iDevice ikoon\">\u00a0<span class=\"valem-t\">N\u00c4IDE<\/span>\n<div class=\"iDevice_inner\">\n<div id=\"ta13_34_2\" class=\"block\">\n<p>\u00a0<\/p>\n<p><strong>Pizza digitale<\/strong>\u00a0(konkursi \u201eEpica\u201d auhinnav\u00f5itja 2011)<\/p>\n<p>Kreatiivlahendus: offline + mobile + online<\/p>\n<p><img loading=\"lazy\" decoding=\"async\" src=\"https:\/\/sisu.ut.ee\/wp-content\/uploads\/sites\/217\/qr4.png\" width=\"480\" height=\"343\"><\/p>\n<p><em>Allikas: Epica Awards \u2026 2012.<\/em>\u00a0URL (kasutatud aprillis 2012) http:\/\/results.epica-awards.com\/2011\/28-02684-DM.html.<\/p>\n<p>Reklaamib\u00fcroo soovis palgata kaks uut digitaalmeedia loovjuhti. Selleks loodi koost\u00f6\u00f6s suuremate reklaamib\u00fcroode kontorite kvartalis asuva pitsarestoraniga maitsev QR-koodiga pitsa, mis lisati igale konkureerivast b\u00fcroost tulnud tellimusele tasuta. Pitsal olev QR-kood linkis mobiilsele kodulehele, kus olid kirjas konkursi tingimused. Kampaania tulemusena peeti 12 t\u00f6\u00f6vestlust ning saadi meeskonda kaks suurep\u00e4rast loovjuhti.<\/p>\n<\/div>\n<\/div>\n<\/div>\n<\/div>\n<div id=\"id14\" class=\"valem-q\">\n<div class=\"iDevice emphasis1\"><img decoding=\"async\" class=\"iDevice_icon\" src=\"https:\/\/sisu.ut.ee\/wp-content\/uploads\/sites\/217\/icon_objectives.gif\" alt=\"iDevice ikoon\">\u00a0<span class=\"valem-t\">VASTA K\u00dcSIMUSTELE!<\/span>\n<div class=\"iDevice_inner\">\n<div id=\"ta14_35_2\" class=\"block\">\n<ul>\n<li>Selgitage, miks v\u00f5ib m-turundust nimetada\u00a0<em>offline<\/em>\u2013 ja\u00a0<em>online<\/em>-turunduskommunikatsiooni \u00fchendajaks?<\/li>\n<li>Milliseid v\u00f5imalusi loob QR-koodi kasutamine turunduskommunikatsiooni-kampaanias? Tooge m\u00f5ni n\u00e4ide.<\/li>\n<\/ul>\n<\/div>\n<\/div>\n<\/div>\n<\/div>\n","protected":false},"excerpt":{"rendered":"<p>\u00dclevaade QR-kood (Quick Response) on edasiarendus varasemast triipkoodist kaubanduses, mis v\u00f5is sisaldada ainult numbreid. QR-kood on kahedimensiooniline ja v\u00f5ib seet\u00f5ttu sisaldada lisaks numbritele ka teksti. QR-koodi kasutamiseks mobiilse seadmega tuleb see nutitelefoni vastava rakenduse abil sisse skannida ning p\u00e4rast seda &#8230;<\/p>\n","protected":false},"author":13,"featured_media":0,"parent":0,"menu_order":0,"comment_status":"closed","ping_status":"closed","template":"","meta":{"_acf_changed":false,"inline_featured_image":false,"footnotes":""},"class_list":["post-7","page","type-page","status-publish","hentry"],"acf":[],"_links":{"self":[{"href":"https:\/\/sisu.ut.ee\/turunduskommunikatsioon4\/wp-json\/wp\/v2\/pages\/7","targetHints":{"allow":["GET"]}}],"collection":[{"href":"https:\/\/sisu.ut.ee\/turunduskommunikatsioon4\/wp-json\/wp\/v2\/pages"}],"about":[{"href":"https:\/\/sisu.ut.ee\/turunduskommunikatsioon4\/wp-json\/wp\/v2\/types\/page"}],"author":[{"embeddable":true,"href":"https:\/\/sisu.ut.ee\/turunduskommunikatsioon4\/wp-json\/wp\/v2\/users\/13"}],"replies":[{"embeddable":true,"href":"https:\/\/sisu.ut.ee\/turunduskommunikatsioon4\/wp-json\/wp\/v2\/comments?post=7"}],"version-history":[{"count":2,"href":"https:\/\/sisu.ut.ee\/turunduskommunikatsioon4\/wp-json\/wp\/v2\/pages\/7\/revisions"}],"predecessor-version":[{"id":59,"href":"https:\/\/sisu.ut.ee\/turunduskommunikatsioon4\/wp-json\/wp\/v2\/pages\/7\/revisions\/59"}],"wp:attachment":[{"href":"https:\/\/sisu.ut.ee\/turunduskommunikatsioon4\/wp-json\/wp\/v2\/media?parent=7"}],"curies":[{"name":"wp","href":"https:\/\/api.w.org\/{rel}","templated":true}]}}