{"id":6,"date":"2024-04-04T03:23:27","date_gmt":"2024-04-04T00:23:27","guid":{"rendered":"https:\/\/sisu.ut.ee\/turunduskommunikatsioon4\/m-turundus-kaubandussektoris\/"},"modified":"2024-04-27T16:57:42","modified_gmt":"2024-04-27T13:57:42","slug":"m-turundus-kaubandussektoris","status":"publish","type":"page","link":"https:\/\/sisu.ut.ee\/turunduskommunikatsioon4\/m-turundus-kaubandussektoris\/","title":{"rendered":"M-turundus kaubandussektoris"},"content":{"rendered":"<div id=\"id7\" class=\"FreeTextIdevice\">\n<div class=\"iDevice emphasis0\">\n<div id=\"ta7_1\" class=\"block\">\n<p><strong>Sissejuhatav \u00fclevaatevideo m-turundusest ja m-kaubandusest:<\/strong><\/p>\n<p>Sinisalu (2012) toob Euroopa Liidu ja Ameerika \u00dchendriikide m-kaubanduse trendide kokkuv\u00f5ttes v\u00e4lja asjaolu, et 50% nutitelefonide omanikest kasutab seadet kas hinnav\u00f5rdluseks v\u00f5i tooteinfo otsimiseks. Samuti ilmnes vastavast uuringust, et 62% nutitelefoni omanikest oleks huvitatud kaupluses viibimise ajal eripakkumiste saamisest oma telefoni ning 30% oleks valmis ka makseid mobiili abil sooritama. Samas peitub siin ka peamine probleem kaupmeeste jaoks: nutiseadmest saab sisuliselt hinnakalkulaator ning tarbija hakkab k\u00f5iki hindu pidevalt v\u00f5rdlema. Kuna nutiseade muudab hinnav\u00f5rdluse kiireks ja mugavaks, siis aina enam k\u00e4iakse poodides kaupu uurimas ja katsumas ning hiljem ostetakse need veebipoodidest v\u00f5i m\u00fc\u00fcgikeskkondadest (nt eBay, Amazon jm).<\/p>\n<p><strong>Rakendusv\u00f5imalused<\/strong><\/p>\n<p>Eelduste kohaselt on m-kaubandusel potentsiaali kasvada suuremaks \u00e4riks kui on e-kaubandus praegu. Seda just peamiselt info kasutusmugavuse ning mobiilsuse t\u00f5ttu. Sellest tulenevalt on oluline vaadata \u00fcle organisatsiooni turunduskommunikatsioon ka mobiilsete kanalite valguses, nt optimeerida ettev\u00f5tte koduleht ka mobiilsele seadmele v\u00f5i kaaluda, kuidas kasutada m-turunduse v\u00f5imalusi teenuse v\u00f5i toote m\u00fc\u00fcgi puhul.<\/p>\n<p>Veebip\u00f5hises \u00e4ris edukalt hakkama saavatel ettev\u00f5tetel ja e-poodidel on v\u00f5imalus m-turunduse abil oma tegevust edasi arendada ka mobiilsetes seadmetes. N\u00e4iteks \u00fcritab veebikaubamaja Amazon v\u00f5ita f\u00fc\u00fcsilistelt poodidelt kliente rakendusega Amazon PriceCheck, mis v\u00f5imaldab poes m\u00f5ne toote triipkoodi skannides kiirelt teada saada, kui palju maksab sama toode Amazonis. Samal p\u00f5him\u00f5ttel toimib nt ka ShopSavvy rakendus, mis toote triipkoodi skannimisel n\u00e4itab sama toote hindu nii e-poodides kui ka konkureerivates kauplustes. (Rannaberg 2012)<\/p>\n<p>Teisalt on nutitelefonide levik ja m-turundus just vastupidi hea v\u00f5imalus kauplustele, kes pole saanud v\u00f5i suutnud e-kaubandusega siiani kaasa minna.<\/p>\n<p>M-turundus loob jaekaupmeestele uued v\u00f5imalused siduda\u00a0<em>online<\/em>\u2013 ja\u00a0<em>offline<\/em>-tegevusi ning saata operatiivselt kaupluse l\u00e4hedal asuvatele tarbijatele huvitavat infot v\u00f5i sooduspakkumisi reaalajas, millele tarbijad saavad ka kohe reageerida.<\/p>\n<p>M\u00f5ned v\u00f5imalikud m-turunduse v\u00f5tted f\u00fc\u00fcsilistes poodides:<\/p>\n<ul>\n<li>poodi meelitamine lokaalsete mobiilsete pakkumistega (nt allahindlustest teavitamine kaubanduskeskustes);<\/li>\n<li>mobiiliseadmesse saadetavad kupongid, tarbijam\u00e4ngud, auhinnad jm;<\/li>\n<\/ul>\n<\/div>\n<\/div>\n<\/div>\n<div id=\"id8\" class=\"valem-q\">\n<div class=\"iDevice emphasis1\"><img decoding=\"async\" class=\"iDevice_icon\" src=\"https:\/\/sisu.ut.ee\/wp-content\/uploads\/sites\/217\/icon_preknowledge.gif\" alt=\"iDevice ikoon\">\u00a0<span class=\"valem-t\">N\u00c4IDE<\/span>\n<div class=\"iDevice_inner\">\n<div id=\"ta8_29_2\" class=\"block\">\n<p>Lifehack kodulehek\u00fcljel on loetletud 30 parimat hinnav\u00f5rdlusrakendust, mille abil saab hindasid v\u00f5rrelda nii online- kui tavapoodides ning paljudes erinevates toote- ja teenusekategooriates \u2013 esmatarbekaupadest hotellideni.<\/p>\n<p><a href=\"http:\/\/www.lifehack.org\/articles\/money\/30-best-price-comparison-apps-you-need-download-now.html\" target=\"_blank\" rel=\"noopener\">http:\/\/www.lifehack.org\/articles\/money\/30-best-price-comparison-apps-you-need-download-now.html<\/a> (URL kasutatud aprillis 2017)<\/p>\n<\/div>\n<\/div>\n<\/div>\n<\/div>\n<div id=\"id10\" class=\"valem-q\">\n<div class=\"iDevice emphasis1\"><img decoding=\"async\" class=\"iDevice_icon\" src=\"https:\/\/sisu.ut.ee\/wp-content\/uploads\/sites\/217\/icon_objectives.gif\" alt=\"iDevice ikoon\">\u00a0<span class=\"valem-t\">VASTA K\u00dcSIMUSTELE!<\/span>\n<div class=\"iDevice_inner\">\n<div id=\"ta10_31_2\" class=\"block\">\n<ul>\n<li>Tooge v\u00e4lja m-turunduse positiivseid ja negatiivseid aspekte jaekaupmeeste jaoks.<\/li>\n<\/ul>\n<\/div>\n<\/div>\n<\/div>\n<\/div>\n","protected":false},"excerpt":{"rendered":"<p>Sissejuhatav \u00fclevaatevideo m-turundusest ja m-kaubandusest: Sinisalu (2012) toob Euroopa Liidu ja Ameerika \u00dchendriikide m-kaubanduse trendide kokkuv\u00f5ttes v\u00e4lja asjaolu, et 50% nutitelefonide omanikest kasutab seadet kas hinnav\u00f5rdluseks v\u00f5i tooteinfo otsimiseks. Samuti ilmnes vastavast uuringust, et 62% nutitelefoni omanikest oleks huvitatud kaupluses &#8230;<\/p>\n","protected":false},"author":13,"featured_media":0,"parent":0,"menu_order":0,"comment_status":"closed","ping_status":"closed","template":"","meta":{"_acf_changed":false,"inline_featured_image":false,"footnotes":""},"class_list":["post-6","page","type-page","status-publish","hentry"],"acf":[],"_links":{"self":[{"href":"https:\/\/sisu.ut.ee\/turunduskommunikatsioon4\/wp-json\/wp\/v2\/pages\/6","targetHints":{"allow":["GET"]}}],"collection":[{"href":"https:\/\/sisu.ut.ee\/turunduskommunikatsioon4\/wp-json\/wp\/v2\/pages"}],"about":[{"href":"https:\/\/sisu.ut.ee\/turunduskommunikatsioon4\/wp-json\/wp\/v2\/types\/page"}],"author":[{"embeddable":true,"href":"https:\/\/sisu.ut.ee\/turunduskommunikatsioon4\/wp-json\/wp\/v2\/users\/13"}],"replies":[{"embeddable":true,"href":"https:\/\/sisu.ut.ee\/turunduskommunikatsioon4\/wp-json\/wp\/v2\/comments?post=6"}],"version-history":[{"count":2,"href":"https:\/\/sisu.ut.ee\/turunduskommunikatsioon4\/wp-json\/wp\/v2\/pages\/6\/revisions"}],"predecessor-version":[{"id":58,"href":"https:\/\/sisu.ut.ee\/turunduskommunikatsioon4\/wp-json\/wp\/v2\/pages\/6\/revisions\/58"}],"wp:attachment":[{"href":"https:\/\/sisu.ut.ee\/turunduskommunikatsioon4\/wp-json\/wp\/v2\/media?parent=6"}],"curies":[{"name":"wp","href":"https:\/\/api.w.org\/{rel}","templated":true}]}}