{"id":3,"date":"2024-04-04T03:23:27","date_gmt":"2024-04-04T00:23:27","guid":{"rendered":"https:\/\/sisu.ut.ee\/turunduskommunikatsioon4\/avaleht\/"},"modified":"2024-04-04T03:23:32","modified_gmt":"2024-04-04T00:23:32","slug":"avaleht","status":"publish","type":"page","link":"https:\/\/sisu.ut.ee\/turunduskommunikatsioon4\/","title":{"rendered":"Avaleht"},"content":{"rendered":"<p align=\"center\"><span style=\"color: #0d6992;font-size: x-large\" data-mce-mark=\"1\">Turunduskommunikatsioonikanalite ja -v\u00f5tete omavaheline\u00a0<\/span><span style=\"color: #0d6992;font-size: x-large\" data-mce-mark=\"1\">integreerimine<\/span><\/p>\n<p align=\"center\"><span style=\"font-size: large\">M-turundus<br><\/span><span style=\"font-size: large\">Regulatsioon ja eetika turunduskommunikatsioonis<\/span><\/p>\n<p style=\"text-align: center\">\u00a0<strong>Autor: Peeter Kruusvall, MA (kommunikatsioonijuhtimine)<br><\/strong><strong>Juhendaja: professor Triin Vihalemm (kommunikatsiooniuuringud)<\/strong><\/p>\n<p>\u00a0K\u00e4esolev iseseisva lugemise materjal kuulub aine \u201eTurunduskommunikatsioon ja tarbijak\u00e4itumine\u201d programmi. Selle l\u00e4bit\u00f6\u00f6tanud \u00fcli\u00f5pilane:<\/p>\n<ul>\n<li>tunneb n\u00fc\u00fcdisaegseid m-turunduse v\u00f5tteid ja oskab neid kasutada;<\/li>\n<li>oskab integreerida erinevaid turunduskommunikatsiooniv\u00f5tteid erinevate kanalitega ning neid loovalt rakendada;<\/li>\n<li>tunneb turunduskommunikatsiooniregulatsiooni ja -eetika p\u00f5hialuseid.<\/li>\n<\/ul>\n<p>Iseseisva lugemise materjal koosneb kahest suuremast peat\u00fckist. Esimeses peat\u00fckis antakse \u00fclevaade m-turundusest, mis v\u00f5imaldab erinevaid turunduskommunikatsiooni v\u00f5tteid ja kanaleid veelgi enam integreerida. Teises peat\u00fckis tuuakse v\u00e4lja baasl\u00e4htekohad turunduskommunikatsiooniregulatsiooni ja -eetika tundmiseks.<\/p>\n<p>Iga alateema juurde on lisatud ka materjali omandamist h\u00f5lbustavad ja selgitavad n\u00e4ited ning kordamisk\u00fcsimused. Materjali l\u00f5ppu on lisatud valikvastustega kordamisk\u00fcsimused omandatud teadmiste kontrolliks.<\/p>\n<p>Saamaks tervikpilti integreeritud turunduskommunikatsioonist erinevate turunduskommunikatsioonikanalite ja -v\u00f5tete ristkasutuse kaudu, on soovituslik lisaks tutvuda ka j\u00e4rgmiste \u00f5piobjektidega:<\/p>\n<ul>\n<li>integreeritud turunduskommunikatsioon; traditsioonilised turunduskommunikatsioonikanalid<br><a href=\"https:\/\/sisu.ut.ee\/turunduskommunikatsioon1\" target=\"_blank\" rel=\"noopener\">https:\/\/sisu.ut.ee\/turunduskommunikatsioon1<\/a>;<\/li>\n<li>veebip\u00f5hised turunduskommunikatsioonikanalid,<br><a href=\"https:\/\/sisu.ut.ee\/turunduskommunikatsioon2\" target=\"_blank\" rel=\"noopener\">https:\/\/sisu.ut.ee\/turunduskommunikatsioon2<\/a>;<\/li>\n<li>kanali\u00fclesed turunduskommunikatsiooniv\u00f5tted,<br><a href=\"https:\/\/sisu.ut.ee\/turunduskommunikatsioon3\" target=\"_blank\" rel=\"noopener\">https:\/\/sisu.ut.ee\/turunduskommunikatsioon3<\/a>.<\/li>\n<\/ul>\n<p><strong>Sihtr\u00fchm:<\/strong>\u00a0ajakirjanduse ja kommunikatsiooni bakalaureusekava ning kommunikatsioonijuhtimise magistrikava \u00fcli\u00f5pilased.<\/p>\n<p><strong>M\u00e4rks\u00f5nad:<\/strong>\u00a0turunduskommunikatsioon mobiilsetes kanalites ehk m-turundus, m-reklaam, m-turundus kaubanduses, QR-kood, kanalite ja v\u00f5tete omavaheline integreerimine, regulatsioon ja eetika turunduskommunikatsioonis, turunduskommunikatsiooni regulatsiooni p\u00f5him\u00f5tted ja peamised regulatiivaktid.<\/p>\n","protected":false},"excerpt":{"rendered":"<p>Turunduskommunikatsioonikanalite ja -v\u00f5tete omavaheline\u00a0integreerimine M-turundusRegulatsioon ja eetika turunduskommunikatsioonis \u00a0Autor: Peeter Kruusvall, MA (kommunikatsioonijuhtimine)Juhendaja: professor Triin Vihalemm (kommunikatsiooniuuringud) \u00a0K\u00e4esolev iseseisva lugemise materjal kuulub aine \u201eTurunduskommunikatsioon ja tarbijak\u00e4itumine\u201d programmi. Selle l\u00e4bit\u00f6\u00f6tanud \u00fcli\u00f5pilane: tunneb n\u00fc\u00fcdisaegseid m-turunduse v\u00f5tteid ja oskab neid kasutada; oskab integreerida &#8230;<\/p>\n","protected":false},"author":13,"featured_media":0,"parent":0,"menu_order":0,"comment_status":"closed","ping_status":"closed","template":"","meta":{"_acf_changed":false,"inline_featured_image":false,"footnotes":""},"class_list":["post-3","page","type-page","status-publish","hentry"],"acf":[],"_links":{"self":[{"href":"https:\/\/sisu.ut.ee\/turunduskommunikatsioon4\/wp-json\/wp\/v2\/pages\/3","targetHints":{"allow":["GET"]}}],"collection":[{"href":"https:\/\/sisu.ut.ee\/turunduskommunikatsioon4\/wp-json\/wp\/v2\/pages"}],"about":[{"href":"https:\/\/sisu.ut.ee\/turunduskommunikatsioon4\/wp-json\/wp\/v2\/types\/page"}],"author":[{"embeddable":true,"href":"https:\/\/sisu.ut.ee\/turunduskommunikatsioon4\/wp-json\/wp\/v2\/users\/13"}],"replies":[{"embeddable":true,"href":"https:\/\/sisu.ut.ee\/turunduskommunikatsioon4\/wp-json\/wp\/v2\/comments?post=3"}],"version-history":[{"count":1,"href":"https:\/\/sisu.ut.ee\/turunduskommunikatsioon4\/wp-json\/wp\/v2\/pages\/3\/revisions"}],"predecessor-version":[{"id":50,"href":"https:\/\/sisu.ut.ee\/turunduskommunikatsioon4\/wp-json\/wp\/v2\/pages\/3\/revisions\/50"}],"wp:attachment":[{"href":"https:\/\/sisu.ut.ee\/turunduskommunikatsioon4\/wp-json\/wp\/v2\/media?parent=3"}],"curies":[{"name":"wp","href":"https:\/\/api.w.org\/{rel}","templated":true}]}}