{"id":14,"date":"2024-04-04T03:23:28","date_gmt":"2024-04-04T00:23:28","guid":{"rendered":"https:\/\/sisu.ut.ee\/turunduskommunikatsioon4\/6-kasutatud-allikad\/"},"modified":"2024-04-04T03:23:32","modified_gmt":"2024-04-04T00:23:32","slug":"6-kasutatud-allikad","status":"publish","type":"page","link":"https:\/\/sisu.ut.ee\/turunduskommunikatsioon4\/6-kasutatud-allikad\/","title":{"rendered":"5. Kasutatud allikad"},"content":{"rendered":"<ol>\n<li>E-kaubandust k\u00e4sitlev ja reguleeriv direktiiv 2000\/31\/E\u00dc, URL (kasutatud aprillis 2017) <a href=\"http:\/\/eur-lex.europa.eu\/legal-content\/ET\/ALL\/?uri=CELEX%3A32000L0031\" target=\"_blank\" rel=\"noopener\">http:\/\/eur-lex.europa.eu\/legal-content\/ET\/ALL\/?uri=CELEX%3A32000L0031<\/a><\/li>\n<li>Epica Awardsi kodulehek\u00fclg. URL (kasutatud veebruaris 2012) http:\/\/results.epica-awards.com\/2011\/28-02684-DM.html.<\/li>\n<li>Euroopa Liidu audiovisuaalse meediateenuse direktiiv 2007\/65\/E\u00dc. URL (kasutatud aprillis 2012)\u00a0<a href=\"http:\/\/eur-lex.europa.eu\/LexUriServ\/LexUriServ.do?uri=OJ:L:2007:332:0027:0045:ET:PDF\" target=\"_blank\" rel=\"noopener\">http:\/\/eur-lex.europa.eu\/LexUriServ\/LexUriServ.do?uri=OJ:L:2007:332:0027:0045:ET:PDF<\/a>.<\/li>\n<li>Euroopa Parlamendi ja n\u00f5ukogu direktiiv 2002\/58\/E\u00dc, 12. juuli 2002, milles k\u00e4sitletakse isikuandmete t\u00f6\u00f6tlemist ja eraelu puutumatuse kaitset elektroonilise side sektoris (eraelu puutumatust ja elektroonilist sidet k\u00e4sitlev direktiiv). URL (kasutatud aprillis 2012)\u00a0<a href=\"http:\/\/eur-lex.europa.eu\/LexUriServ\/LexUriServ.do?uri=DD:13:29:32002L0058:ET:PDF\" target=\"_blank\" rel=\"noopener\">http:\/\/eur-lex.europa.eu\/LexUriServ\/LexUriServ.do?uri=DD:13:29:32002L0058:ET:PDF<\/a>.<\/li>\n<li>FCR Media kodulehek\u00fclg. URL (kasutatud aprillis 2017) <a href=\"https:\/\/www.fcrmedia.ee\/uudised\/interneti-kasutatavus-eestis-kokkuvotlik-ulevaade-oluliseimast\" target=\"_blank\" rel=\"noopener\">https:\/\/www.fcrmedia.ee\/uudised\/interneti-kasutatavus-eestis-kokkuvotlik-ulevaade-oluliseimast<\/a><\/li>\n<li>Harro-Loit, H. (2012). Autori intervjuu. Paldiski, 20. aprill.<\/li>\n<li>Haslam, R. (2010). App appeal puts marketers on track. \u2013 The Guardian. URL (kasutatud aprillis 2012)<a href=\"http:\/\/www.guardian.co.uk\/mobile-marketing\/app-appeal\" target=\"_blank\" rel=\"noopener\">http:\/\/www.guardian.co.uk\/mobile-marketing\/app-appeal<\/a>.<\/li>\n<li>Humphrey, W. F. jr, Laverie, D. A. (2011). Driving frequency with mobile social networks (MSN) and the mediating effects of price and quota promotions. \u2013 International Journal of Mobile Marketing, Vol. 6, No. 2. 46-59.<\/li>\n<li>Humphries, M. (2009). Reebok introduces shoe modding with iPhone app. URL (kasutatud aprillis 2012)<a href=\"http:\/\/www.geek.com\/articles\/apple\/reebok-introduces-shoe-modding-with-iphone-app-20090514\/\" target=\"_blank\" rel=\"noopener\">http:\/\/www.geek.com\/articles\/apple\/reebok-introduces-shoe-modding-with-iphone-app-20090514\/<\/a>.<\/li>\n<li>J\u00fcrisoo, L. (2017). Apple\u2019i nutiseadmete ops\u00fcsteem ios 11 v\u00f5ib kasutajad umbes 200 000 \u00e4pist ilma j\u00e4tta.- Delfi Forte, 20. M\u00e4rts. URL (kasutatud aprillis 2017) <a href=\"http:\/\/forte.delfi.ee\/news\/tarkvara\/applei-nutiseadmete-opsusteem-ios-11-voib-kasutajad-umbes-200-000-apist-ilma-jatta?id=77597374\" target=\"_blank\" rel=\"noopener\">http:\/\/forte.delfi.ee\/news\/tarkvara\/applei-nutiseadmete-opsusteem-ios-11-voib-kasutajad-umbes-200-000-apist-ilma-jatta?id=77597374<\/a><\/li>\n<li>Kats, R. (2012). Top 10 mobile commerce advertising campaigns of Q1. \u2013 Mobile Commerce Daily. URL (kasutatud aprillis 2012)\u00a0<a href=\"http:\/\/www.mobilecommercedaily.com\/2012\/04\/19\/top-10-mobile-commerce-advertising-campaigns-of-q1\" target=\"_blank\" rel=\"noopener\">http:\/\/www.mobilecommercedaily.com\/2012\/04\/19\/top-10-mobile-commerce-advertising-campaigns-of-q1<\/a>.<\/li>\n<li>K\u00e4rner, K. (2011). Igal viiendal eestlasel on nutitelefon. \u2013 \u00c4rip\u00e4ev, 24. mai. URL (kasutatud aprillis 2012)<a href=\"http:\/\/www.ap3.ee\/article\/2011\/5\/24\/igal-viiendal-eestlasel-on-nutitelefon\" target=\"_blank\" rel=\"noopener\">http:\/\/www.ap3.ee\/article\/2011\/5\/24\/igal-viiendal-eestlasel-on-nutitelefon<\/a>.<\/li>\n<li>Meeker, M. (2016). Internet Trends 2016. URL (kasutatud aprillis 2017)<a href=\"http:\/\/www.kpcb.com\/internet-trends\" target=\"_blank\" rel=\"noopener\">http:\/\/www.kpcb.com\/internet-trends<\/a><\/li>\n<li>MMA Glossary. Mobile Marketing Association. URL (kasutatud aprillis 2012)\u00a0<a href=\"http:\/\/www.mmaglobal.com\/wiki\/mobile-marketing\" target=\"_blank\" rel=\"noopener\">http:\/\/www.mmaglobal.com\/wiki\/mobile-marketing<\/a>.<\/li>\n<li>Ohme, R. (2012). Ettekanne. Password 2012, Tallinn, 15. m\u00e4rts.<\/li>\n<li>Rannaberg, C. (2012). M-kaubandus: 2012 aasta trend? URL (kasutatud aprillis 2012)<a href=\"http:\/\/www.okia.ee\/blog\/2012\/01\/m-kaubandus-2012-aasta-trend\/\" target=\"_blank\" rel=\"noopener\">http:\/\/www.okia.ee\/blog\/2012\/01\/m-kaubandus-2012-aasta-trend\/<\/a>.<\/li>\n<li>Rannaberg, C. (2011). QR-koodid: online ja offline maailma \u00fchendajad. URL (kasutatud aprillis 2012)<a href=\"http:\/\/www.okia.ee\/blog\/2011\/09\/qr-koodid-online-ja-offline-maailma-uhendajad\/\" target=\"_blank\" rel=\"noopener\">http:\/\/www.okia.ee\/blog\/2011\/09\/qr-koodid-online-ja-offline-maailma-uhendajad\/<\/a>.<\/li>\n<li>Rannaberg, C. (2011). Trendid nutitelefonide maailmas ehk k\u00f5ik mida tuleviku turundaja teadma peaks. URL (kasutatud aprillis 2012)\u00a0<a href=\"http:\/\/www.okia.ee\/blog\/2011\/08\/trendid-nutitelefonide-maailmas-ehk-koik-mida-tuleviku-turundaja-teadma-peaks\/\" target=\"_blank\" rel=\"noopener\">http:\/\/www.okia.ee\/blog\/2011\/08\/trendid-nutitelefonide-maailmas-ehk-koik-mida-tuleviku-turundaja-teadma-peaks\/<\/a>.<\/li>\n<li>Sinisalu, H. (2012). 9 globaalset meediatrendi. URL (kasutatud aprillis 2012)\u00a0<a href=\"http:\/\/www.best-marketing.ee\/article\/2012\/4\/19\/9_globaalset_meediatrendi\" target=\"_blank\" rel=\"noopener\">http:\/\/www.best-marketing.ee\/article\/2012\/4\/19\/9_globaalset_meediatrendi<\/a>.<\/li>\n<li>Spencer, A. (2012). Appd, Made Sence of. \u2013 Mobile Marketing Magazine. URL (kasutatud aprillis 2012)<a href=\"http:\/\/mobilemarketingmagazine.com\/content\/apps-made-sense\" target=\"_blank\" rel=\"noopener\">http:\/\/mobilemarketingmagazine.com\/content\/apps-made-sense<\/a>.<\/li>\n<li>\u00dcle poole m\u00fc\u00fcdud telefonidest on nutitelefonid. (2011). \u2013 Arvutimaailm, 1. detsember. URL (kasutatud veebruaris 2012)\u00a0<a href=\"http:\/\/www.am.ee\/node\/2392\" target=\"_blank\" rel=\"noopener\">http:\/\/www.am.ee\/node\/2392<\/a>.<\/li>\n<\/ol>\n","protected":false},"excerpt":{"rendered":"<p>E-kaubandust k\u00e4sitlev ja reguleeriv direktiiv 2000\/31\/E\u00dc, URL (kasutatud aprillis 2017) http:\/\/eur-lex.europa.eu\/legal-content\/ET\/ALL\/?uri=CELEX%3A32000L0031 Epica Awardsi kodulehek\u00fclg. URL (kasutatud veebruaris 2012) http:\/\/results.epica-awards.com\/2011\/28-02684-DM.html. Euroopa Liidu audiovisuaalse meediateenuse direktiiv 2007\/65\/E\u00dc. URL (kasutatud aprillis 2012)\u00a0http:\/\/eur-lex.europa.eu\/LexUriServ\/LexUriServ.do?uri=OJ:L:2007:332:0027:0045:ET:PDF. Euroopa Parlamendi ja n\u00f5ukogu direktiiv 2002\/58\/E\u00dc, 12. juuli 2002, milles k\u00e4sitletakse &#8230;<\/p>\n","protected":false},"author":13,"featured_media":0,"parent":0,"menu_order":0,"comment_status":"closed","ping_status":"closed","template":"","meta":{"_acf_changed":false,"inline_featured_image":false,"footnotes":""},"class_list":["post-14","page","type-page","status-publish","hentry"],"acf":[],"_links":{"self":[{"href":"https:\/\/sisu.ut.ee\/turunduskommunikatsioon4\/wp-json\/wp\/v2\/pages\/14","targetHints":{"allow":["GET"]}}],"collection":[{"href":"https:\/\/sisu.ut.ee\/turunduskommunikatsioon4\/wp-json\/wp\/v2\/pages"}],"about":[{"href":"https:\/\/sisu.ut.ee\/turunduskommunikatsioon4\/wp-json\/wp\/v2\/types\/page"}],"author":[{"embeddable":true,"href":"https:\/\/sisu.ut.ee\/turunduskommunikatsioon4\/wp-json\/wp\/v2\/users\/13"}],"replies":[{"embeddable":true,"href":"https:\/\/sisu.ut.ee\/turunduskommunikatsioon4\/wp-json\/wp\/v2\/comments?post=14"}],"version-history":[{"count":1,"href":"https:\/\/sisu.ut.ee\/turunduskommunikatsioon4\/wp-json\/wp\/v2\/pages\/14\/revisions"}],"predecessor-version":[{"id":39,"href":"https:\/\/sisu.ut.ee\/turunduskommunikatsioon4\/wp-json\/wp\/v2\/pages\/14\/revisions\/39"}],"wp:attachment":[{"href":"https:\/\/sisu.ut.ee\/turunduskommunikatsioon4\/wp-json\/wp\/v2\/media?parent=14"}],"curies":[{"name":"wp","href":"https:\/\/api.w.org\/{rel}","templated":true}]}}