{"id":13,"date":"2024-04-04T03:23:27","date_gmt":"2024-04-04T00:23:27","guid":{"rendered":"https:\/\/sisu.ut.ee\/turunduskommunikatsioon4\/kokkuvote-1\/"},"modified":"2024-04-04T03:23:32","modified_gmt":"2024-04-04T00:23:32","slug":"kokkuvote-1","status":"publish","type":"page","link":"https:\/\/sisu.ut.ee\/turunduskommunikatsioon4\/kokkuvote-1\/","title":{"rendered":"Kokkuv\u00f5te"},"content":{"rendered":"<p>Tehnoloogilised arengud loovad k\u00fcll uusi kanali- ja vormip\u00f5hiseid v\u00f5imalusi turunduskommunikatsiooniks, ent nagu ilmneb nii erinevate ekspertide kui ka praktikute arvamustest, on t\u00e4htsaim kommunikatsioonielement j\u00e4tkuvalt s\u00f5numi sisu.<\/p>\n<p>Teisalt ootavad l\u00e4hitulevikus laiemat diskussiooni paljud kogu \u00fchiskonda puudutavad k\u00fcsimused, millega tuleb silmitsi seista juba t\u00e4na:<\/p>\n<ul>\n<li>eraisiku privaatsus digitaalses ruumis;<\/li>\n<li>kommertss\u00f5numite \u00fclek\u00fcllus;<\/li>\n<li>kommertss\u00f5numite h\u00fcbridiseerumine ajakirjandusliku diskursusega, mis muudab s\u00f5numid vastuv\u00f5tjale raskesti eristatavaks ja anal\u00fc\u00fcsitavaks.<\/li>\n<\/ul>\n<p>M\u00e4rkimisv\u00e4\u00e4rne on asjaolu, et neid tendentse toovad v\u00e4lja nii eriala tippspetsialistid ja praktikud kui ka meediauurijad. J\u00e4reldus on \u00fcks: \u00fchiskonnas on juba alanud digiajastu uued diskursiivsed muutused, mida ei ole v\u00f5imalik (ega v\u00f5ib-olla ka vajalik) ainult seadustega reguleerida \u2013 vaja on laiap\u00f5hjalist \u00fchiskondlikku arutelu ja kokkuleppeid, kuidas ja millises digitaalses inforuumis me soovime elada.<\/p>\n","protected":false},"excerpt":{"rendered":"<p>Tehnoloogilised arengud loovad k\u00fcll uusi kanali- ja vormip\u00f5hiseid v\u00f5imalusi turunduskommunikatsiooniks, ent nagu ilmneb nii erinevate ekspertide kui ka praktikute arvamustest, on t\u00e4htsaim kommunikatsioonielement j\u00e4tkuvalt s\u00f5numi sisu. Teisalt ootavad l\u00e4hitulevikus laiemat diskussiooni paljud kogu \u00fchiskonda puudutavad k\u00fcsimused, millega tuleb silmitsi seista &#8230;<\/p>\n","protected":false},"author":13,"featured_media":0,"parent":0,"menu_order":0,"comment_status":"closed","ping_status":"closed","template":"","meta":{"_acf_changed":false,"inline_featured_image":false,"footnotes":""},"class_list":["post-13","page","type-page","status-publish","hentry"],"acf":[],"_links":{"self":[{"href":"https:\/\/sisu.ut.ee\/turunduskommunikatsioon4\/wp-json\/wp\/v2\/pages\/13","targetHints":{"allow":["GET"]}}],"collection":[{"href":"https:\/\/sisu.ut.ee\/turunduskommunikatsioon4\/wp-json\/wp\/v2\/pages"}],"about":[{"href":"https:\/\/sisu.ut.ee\/turunduskommunikatsioon4\/wp-json\/wp\/v2\/types\/page"}],"author":[{"embeddable":true,"href":"https:\/\/sisu.ut.ee\/turunduskommunikatsioon4\/wp-json\/wp\/v2\/users\/13"}],"replies":[{"embeddable":true,"href":"https:\/\/sisu.ut.ee\/turunduskommunikatsioon4\/wp-json\/wp\/v2\/comments?post=13"}],"version-history":[{"count":1,"href":"https:\/\/sisu.ut.ee\/turunduskommunikatsioon4\/wp-json\/wp\/v2\/pages\/13\/revisions"}],"predecessor-version":[{"id":40,"href":"https:\/\/sisu.ut.ee\/turunduskommunikatsioon4\/wp-json\/wp\/v2\/pages\/13\/revisions\/40"}],"wp:attachment":[{"href":"https:\/\/sisu.ut.ee\/turunduskommunikatsioon4\/wp-json\/wp\/v2\/media?parent=13"}],"curies":[{"name":"wp","href":"https:\/\/api.w.org\/{rel}","templated":true}]}}