{"id":12,"date":"2024-04-04T03:23:27","date_gmt":"2024-04-04T00:23:27","guid":{"rendered":"https:\/\/sisu.ut.ee\/turunduskommunikatsioon4\/kokkuvote-0\/"},"modified":"2024-04-04T03:23:32","modified_gmt":"2024-04-04T00:23:32","slug":"kokkuvote-0","status":"publish","type":"page","link":"https:\/\/sisu.ut.ee\/turunduskommunikatsioon4\/kokkuvote-0\/","title":{"rendered":"Kokkuv\u00f5te"},"content":{"rendered":"<p>Turunduskommunikatsioon tervikuna on j\u00f5udmas huvitavasse ajaj\u00e4rku, kus ees seisavad mitmed p\u00f5him\u00f5ttelised ja laiemat \u00fchiskondlikku arutelu n\u00f5udvad k\u00fcsimused.<\/p>\n<p>Infotehnoloogia kiire areng loob \u00fcha uusi kommunikatsiooniv\u00f5imalusi, kuid sellega kaasnevad ka eraisiku privaatsuse, inforuumi \u00fclek\u00fcllastumise ning (v\u00e4hese) tarbijateadlikkuse probleemid. Seet\u00f5ttu on oluline olla kursis nii olemasolevate kommunikatsioonivormide ja kanalitega kui ka tulevikuarengute ja -suundadega. Turunduskommunikatsioon puudutab v\u00e4hemal v\u00f5i rohkemal m\u00e4\u00e4ral iga avalikus inforuumis viibivat inimest ning selle omadusi, v\u00f5imalusi ja ohte peaks oskama eristada nii kommunikatsioonispetsialist kui ka tavatarbija.<\/p>\n","protected":false},"excerpt":{"rendered":"<p>Turunduskommunikatsioon tervikuna on j\u00f5udmas huvitavasse ajaj\u00e4rku, kus ees seisavad mitmed p\u00f5him\u00f5ttelised ja laiemat \u00fchiskondlikku arutelu n\u00f5udvad k\u00fcsimused. Infotehnoloogia kiire areng loob \u00fcha uusi kommunikatsiooniv\u00f5imalusi, kuid sellega kaasnevad ka eraisiku privaatsuse, inforuumi \u00fclek\u00fcllastumise ning (v\u00e4hese) tarbijateadlikkuse probleemid. Seet\u00f5ttu on oluline olla &#8230;<\/p>\n","protected":false},"author":13,"featured_media":0,"parent":0,"menu_order":0,"comment_status":"closed","ping_status":"closed","template":"","meta":{"_acf_changed":false,"inline_featured_image":false,"footnotes":""},"class_list":["post-12","page","type-page","status-publish","hentry"],"acf":[],"_links":{"self":[{"href":"https:\/\/sisu.ut.ee\/turunduskommunikatsioon4\/wp-json\/wp\/v2\/pages\/12","targetHints":{"allow":["GET"]}}],"collection":[{"href":"https:\/\/sisu.ut.ee\/turunduskommunikatsioon4\/wp-json\/wp\/v2\/pages"}],"about":[{"href":"https:\/\/sisu.ut.ee\/turunduskommunikatsioon4\/wp-json\/wp\/v2\/types\/page"}],"author":[{"embeddable":true,"href":"https:\/\/sisu.ut.ee\/turunduskommunikatsioon4\/wp-json\/wp\/v2\/users\/13"}],"replies":[{"embeddable":true,"href":"https:\/\/sisu.ut.ee\/turunduskommunikatsioon4\/wp-json\/wp\/v2\/comments?post=12"}],"version-history":[{"count":1,"href":"https:\/\/sisu.ut.ee\/turunduskommunikatsioon4\/wp-json\/wp\/v2\/pages\/12\/revisions"}],"predecessor-version":[{"id":41,"href":"https:\/\/sisu.ut.ee\/turunduskommunikatsioon4\/wp-json\/wp\/v2\/pages\/12\/revisions\/41"}],"wp:attachment":[{"href":"https:\/\/sisu.ut.ee\/turunduskommunikatsioon4\/wp-json\/wp\/v2\/media?parent=12"}],"curies":[{"name":"wp","href":"https:\/\/api.w.org\/{rel}","templated":true}]}}