{"id":10,"date":"2024-04-04T03:23:27","date_gmt":"2024-04-04T00:23:27","guid":{"rendered":"https:\/\/sisu.ut.ee\/turunduskommunikatsioon4\/3-regulatsioon-ja-eetika-turunduskommunikatsioonis\/"},"modified":"2024-04-04T03:23:32","modified_gmt":"2024-04-04T00:23:32","slug":"3-regulatsioon-ja-eetika-turunduskommunikatsioonis","status":"publish","type":"page","link":"https:\/\/sisu.ut.ee\/turunduskommunikatsioon4\/3-regulatsioon-ja-eetika-turunduskommunikatsioonis\/","title":{"rendered":"3. Regulatsioon ja eetika turunduskommunikatsioonis"},"content":{"rendered":"<p><span>K\u00e4esolev peat\u00fckk p\u00f5hineb eksperdiintervjuul professor Halliki Harro-Loidiga. Intervjuu k\u00e4sitles s\u00fcvendatult just turunduskommunikatsiooni eetilisi aspekte.<\/span><\/p>\n","protected":false},"excerpt":{"rendered":"<p>K\u00e4esolev peat\u00fckk p\u00f5hineb eksperdiintervjuul professor Halliki Harro-Loidiga. Intervjuu k\u00e4sitles s\u00fcvendatult just turunduskommunikatsiooni eetilisi aspekte.<\/p>\n","protected":false},"author":13,"featured_media":0,"parent":0,"menu_order":0,"comment_status":"closed","ping_status":"closed","template":"","meta":{"_acf_changed":false,"inline_featured_image":false,"footnotes":""},"class_list":["post-10","page","type-page","status-publish","hentry"],"acf":[],"_links":{"self":[{"href":"https:\/\/sisu.ut.ee\/turunduskommunikatsioon4\/wp-json\/wp\/v2\/pages\/10","targetHints":{"allow":["GET"]}}],"collection":[{"href":"https:\/\/sisu.ut.ee\/turunduskommunikatsioon4\/wp-json\/wp\/v2\/pages"}],"about":[{"href":"https:\/\/sisu.ut.ee\/turunduskommunikatsioon4\/wp-json\/wp\/v2\/types\/page"}],"author":[{"embeddable":true,"href":"https:\/\/sisu.ut.ee\/turunduskommunikatsioon4\/wp-json\/wp\/v2\/users\/13"}],"replies":[{"embeddable":true,"href":"https:\/\/sisu.ut.ee\/turunduskommunikatsioon4\/wp-json\/wp\/v2\/comments?post=10"}],"version-history":[{"count":1,"href":"https:\/\/sisu.ut.ee\/turunduskommunikatsioon4\/wp-json\/wp\/v2\/pages\/10\/revisions"}],"predecessor-version":[{"id":43,"href":"https:\/\/sisu.ut.ee\/turunduskommunikatsioon4\/wp-json\/wp\/v2\/pages\/10\/revisions\/43"}],"wp:attachment":[{"href":"https:\/\/sisu.ut.ee\/turunduskommunikatsioon4\/wp-json\/wp\/v2\/media?parent=10"}],"curies":[{"name":"wp","href":"https:\/\/api.w.org\/{rel}","templated":true}]}}