{"id":9,"date":"2024-04-04T03:23:21","date_gmt":"2024-04-04T00:23:21","guid":{"rendered":"https:\/\/sisu.ut.ee\/turunduskommunikatsioon3\/kliendisuhtluse-korraldamine\/"},"modified":"2024-04-27T16:34:28","modified_gmt":"2024-04-27T13:34:28","slug":"kliendisuhtluse-korraldamine","status":"publish","type":"page","link":"https:\/\/sisu.ut.ee\/turunduskommunikatsioon3\/kliendisuhtluse-korraldamine\/","title":{"rendered":"Kliendisuhtluse korraldamine"},"content":{"rendered":"<div id=\"id18\" class=\"FreeTextIdevice\">\n<div class=\"iDevice emphasis0\">\n<div id=\"ta18_1\" class=\"block\">\n<p><strong>\u00dclevaade<\/strong><\/p>\n<p>Integreeritud turunduskommunikatsioon ei ole t\u00e4nap\u00e4eval enam midagi sellist, mis valmib ruumis nimega turundusosakond v\u00f5i suhtekorraldusosakond ega isegi mitte turundus- v\u00f5i reklaamiagentuuris. Turunduss\u00f5numi kandjateks on v\u00e4hemal v\u00f5i rohkemal m\u00e4\u00e4ral k\u00f5ik ettev\u00f5tte t\u00f6\u00f6tajad otseselt v\u00f5i kaudselt, ent on m\u00e4\u00e4rava t\u00e4htsusega osata s\u00f5numeid organisatsioonis \u00fchtlustada, planeerida ja suunata. Nn taustkommunikatsioon ehk tarbijate igap\u00e4evane aktiivne v\u00f5i passiivne kokkupuude erinevate organisatsiooni tasanditega on tahes tahtmata iga kampaania osa ning m\u00f5istlik oleks need aspektid eelnevalt l\u00e4bi m\u00f5elda ka juhul, kui kommunikatsiooniplaanis seda otseselt kirjas pole.<\/p>\n<p>Kliendisuhete korraldamine e CRM (<em>customer relationship management<\/em>) on kliendisuhete juhtimise protsess, sageli seotud kliendiandmebaasiga, et monitoorida ja organiseerida igap\u00e4evast kliendisuhtlust, soovitusi, kaebusi, ostuk\u00e4itumist jm.<\/p>\n<p><strong>Rakendusv\u00f5imalused<\/strong><\/p>\n<p>Kliendisuhtlus varieerub vastavalt ettev\u00f5tte suurusele ja tegevusspetsiifikale. N\u00e4iteks kui ettev\u00f5ttel on \u00fcks suurklient, kes toob 80% k\u00e4ibest, siis v\u00f5ib kliendisuhtlus t\u00e4hendada igan\u00e4dalasi golfiringe ning personaalseid kingitusi t\u00e4htp\u00e4evadeks. Miljonite klientidega veebipood peaks aga keskenduma andmet\u00f6\u00f6tlusele ning p\u00fc\u00fcdma e-kanalite v\u00f5imalusi kasutades kliendis personaalse l\u00e4henemise tunnet tekitada (nt nimelised pakkumised s\u00fcnnip\u00e4evaks, tootega rahulolu uuring vm), mis n\u00e4itaks, et klient ei ole ettev\u00f5tte jaoks vaid anon\u00fc\u00fcmne veebikonto.<\/p>\n<p>Keskmise suurusega teenindusettev\u00f5tted peaksid kindlasti r\u00f5hku panema m\u00fc\u00fcgipersonalile ja klienditoele. Olgu selleks lisainfo jagamine v\u00f5i probleemi lahendamine \u2013 personaalne l\u00e4henemine igale probleemile v\u00f5i k\u00fcsimusele tekitab kliendis tunde, et teda v\u00e4\u00e4rtustatakse, ning hoiab seel\u00e4bi lojaalset suhet. Klienditoe\/infoliini t\u00e4htsust ei saa siin alahinnata, sest sageli saab just nimetatud suhtlus m\u00e4\u00e4ravaks, kas klient v\u00f5idetakse v\u00f5i kaotatakse. Probleemne olukord v\u00f5ib vabalt kliendisuhet ja lojaalsust isegi tugevdada, kui lahendust aitab leida abivalmis ja t\u00e4helepanelik teenindaja.<\/p>\n<p>Sotsiaalne meedia annavad aga kliendisuhtlusele ja lojaalsusprogrammidele hoopis uue m\u00f5\u00f5tme. Veelgi enam \u2013 Shih (2011) nimetab Facebooki uueks kliendisuhete korraldamise kanaliks, ning Smithi (2011) s\u00f5nul on k\u00fcmme lojaalset ja p\u00fchendunud f\u00e4nni Facebookis on rohkem v\u00e4\u00e4rt kui tuhat passiivset f\u00e4nni. On suurep\u00e4rane, kui lojaalsetest klientidest saavad br\u00e4ndijutlustajad (<em>brand ambassadors<\/em>) (vt ptk \u201eSuus\u00f5naline turundus\u201d), kes vabatahtlikult jutlustavad teie br\u00e4ndi ja\/v\u00f5i toote headusest. Samuti on lojaalsetel f\u00e4nnidel \u00fcldiselt ettev\u00f5ttev\u00e4line ja tarbijavaade ettev\u00f5ttele, seega oskavad nad luua usutavamat ja s\u00f5ltumatumat s\u00f5numit ning genereerida sisu teistele tarbijatele kohati isegi paremini kui ettev\u00f5te ise seda teeks. Nad jutlustavad filosoofiat v\u00f5i toote kasutajakogemust, mitte ei m\u00fc\u00fc!<\/p>\n<p>Ideaalne klient ei pruugi olla enam see, kes k\u00f5ige rohkem ostab, ta v\u00f5ib olla tugev m\u00f5jutaja, kes ostab juhuslikult, kuid postitab hinnanguid, \u00fclevaateid ja soovitusi ning tema kirjutised v\u00f5ivad m\u00f5jutada j\u00e4rgmist 100 potentsiaalset ostjat (Smith 2011: 17).<\/p>\n<p>Smith (2011) toob ka v\u00e4lja, et nt hinnale rajatud kliendisuhted enamasti ei p\u00fcsi, hea kliendisuhte alus on pigem t\u00e4helepanelik ja suurep\u00e4rane teenindus. Samuti toodi vaid toote hinnale rajatud kommunikatsiooni n\u00f5rkuseid v\u00e4lja WAZZAPi 2011. aasta kaubandusturunduse seminaril:<br><em>\u201eLigi 9% toodetest on pidevalt alla hinnatud. Pool pesupulbrist m\u00fc\u00fcakse 20% allahindlusega. \u201eSelge on, et pesupulbrit kampaania korras rohkem kasutama ei hakata,\u201d r\u00e4\u00e4kis uuringufirma Nielsen Eesti tegevjuht Margo Kurisoo. \u201eTihti subsideeritakse oma lojaalset tarbijat.\u201d<\/em>\u00a0[\u2014]<br><em><\/em><\/p>\n<p><em>\u201eR\u00e4\u00e4gime segmenteerimisest ja klientide vajadustest, kuid t\u00e4nap\u00e4eval on olemas nn h\u00fcbriidtarbija. Minnes Prismasse v\u00f5i m\u00f5nda ostukeskusesse, v\u00f5ivad inimesed teha 15eurose impulssostu. Samas paar riiulit eemal j\u00e4lgivad nad piima hinda sendipealt,\u201d\u00a0<\/em>m\u00e4rkis Prisma Peremarketi turundus- ja kommunikatsioonidirektor Kadri Lainas.\u201d (Pinn 2011)<\/p>\n<p>Nii v\u00f5imalusi kui ka ohtusid k\u00e4tkevad endas ka k\u00f5ikv\u00f5imalikud sooduskampaaniad, kus turundusv\u00f5tteks on suure allahindlusega v\u00f5i isegi isegi tasuta n\u00e4idistoodet lubav sooduskupong, mis tarbija m\u00fc\u00fcgikohta meelitab ning toodet\/teenust seel\u00e4bi tutvustab. Samuti loob see ettev\u00f5ttele v\u00f5imalused tarbijale lisateenuseid\/tooteid juurde m\u00fc\u00fca.<\/p>\n<p>Mida sellise esmase soodusostuga seotud kampaania puhul silmas pidada:<\/p>\n<ul>\n<li>soodsam turundusv\u00f5imalus oma toote kaudu;<\/li>\n<li>samas toote ja tootehinna devalveerimise oht;<\/li>\n<li>kliendikogemuse olulisus \u2013 suur vastutus teenindaval personalil!<\/li>\n<\/ul>\n<\/div>\n<\/div>\n<\/div>\n<div id=\"id19\" class=\"valem-q\">\n<div class=\"iDevice emphasis1\"><img decoding=\"async\" class=\"iDevice_icon\" src=\"https:\/\/sisu.ut.ee\/wp-content\/uploads\/sites\/216\/icon_preknowledge.gif\" alt=\"iDevice ikoon\">\u00a0<span class=\"valem-t\">N\u00c4IDE<\/span>\n<div class=\"iDevice_inner\">\n<div id=\"ta19_23_2\" class=\"block\">\n<p><strong>Facebook kui kliendisuhete korraldamise kanal<\/strong><\/p>\n<p>Shih (2011: 3) liitis Facebooki m\u00fc\u00fcgi- ja kliendiandmebaasiga Salesforce.com, misl\u00e4bi tekkis unikaalne s\u00fcmbioos, kus iga andmebaasis oleva nime taha tekkis n\u00e4gu \u2013 sotsiaalne taustinfo. Shih nimetas uue rakenduse Faceconnectoriks, mille abil saavad m\u00fc\u00fcgiesindajad kontaktisiku nime taga n\u00e4ha reaalset persooni ning teha anon\u00fc\u00fcmsete nn k\u00fclmade k\u00f5nede asemel paremini ette valmistatud k\u00f5nesid ning v\u00f5imalusel paluda nt tutvustamist m\u00f5nelt \u00fchiselt s\u00f5bralt. <\/p>\n<\/div>\n<\/div>\n<\/div>\n<\/div>\n<div id=\"id21\" class=\"valem-q\">\n<div class=\"iDevice emphasis1\"><img decoding=\"async\" class=\"iDevice_icon\" src=\"https:\/\/sisu.ut.ee\/wp-content\/uploads\/sites\/216\/icon_preknowledge.gif\" alt=\"iDevice ikoon\">\u00a0<span class=\"valem-t\">N\u00c4IDE<\/span>\n<div class=\"iDevice_inner\">\n<div id=\"ta21_25_2\" class=\"block\">\n<p><strong>Negatiivne kliendikogemus sooduskupongi<em> <\/em>kampaaniaga<\/strong><\/p>\n<p>N\u00e4ites kirjutab pettunud tarbija ilmekalt, kuidas\u00a0<em>voucher<\/em>\u2019i-kampaania raames ettev\u00f5ttesse tulevaid kliente koheldakse kui \u201ejuba ette saadud raha, mille p\u00e4rast enam pingutama ei pea\u201d. N\u00e4ide r\u00f5hutab ilmekalt k\u00f5igi organisatsiooni t\u00f6\u00f6tajate kaasamise vajalikkust kommunikatsiooniprotsessi. Turunduskampaaniaga saavutatud positiivne foon v\u00f5i tarbijahuvi v\u00f5ib kaduda hetkega, kui kogetakse n\u00e4iteks negatiivset klienditeenindust v\u00f5i halval tasemel toodet (eriti kui seda oli kommunikeeritud varasemalt ilustatult). Veelgi enam, negatiivse kogemuse jagamine (vt ka ptk \u201eSuus\u00f5naline turundus\u201d) loob kampaania eesm\u00e4rgile kokkuv\u00f5ttes sootuks vastupidise tulemuse.<\/p>\n<p>Vaata l\u00e4hemalt\u00a0<a href=\"http:\/\/www.myygiproff.ee\/voucheriomanik-kui-teisejarguline-kodanik\" target=\"_blank\" rel=\"noopener\">http:\/\/www.myygiproff.ee\/voucheriomanik-kui-teisejarguline-kodanik<\/a>\u00a0(URLi kasutatud m\u00e4rts 2017).<\/p>\n<\/div>\n<\/div>\n<\/div>\n<\/div>\n<div id=\"id22\" class=\"valem-q\">\n<div class=\"iDevice emphasis1\"><img decoding=\"async\" class=\"iDevice_icon\" src=\"https:\/\/sisu.ut.ee\/wp-content\/uploads\/sites\/216\/icon_preknowledge.gif\" alt=\"iDevice ikoon\">\u00a0<span class=\"valem-t\">N\u00c4IDE<\/span>\n<div class=\"iDevice_inner\">\n<div id=\"ta22_26_2\" class=\"block\">\n<p><strong>Klienditugi kui turunduskommunikatsioonikanal<\/strong><\/p>\n<p>Kliendil on mure ning ta helistab mobiilsidepakkuja klienditoele. S\u00f5bralik klienditeenindaja aitab leida lahenduse ning lisaks uurib ka \u00fcldise kliendirahulolu kohta. Saades seel\u00e4bi teada osade teenuste tarbimist takistava tehnilise n\u00fcansi, pakub ka sellele omapoolseid lahendusi. Kokkuv\u00f5ttes on klient \u00f5nnelik, et sai mitu asja korraga lahendatud, samal ajal sai operaator v\u00e4\u00e4rtuslikku klienditagasisidet ning v\u00f5imaluse pakkuda t\u00e4iendavaid tooteid ja teenuseid.<\/p>\n<p>Kliendisuhtlus pakub organisatsioonile v\u00e4ga palju v\u00f5imalusi tarbijaga suhestumiseks alates info kogumisest ja anal\u00fc\u00fcsist kuni kordus- ja lisaostude soodustamiseni. T\u00e4htsaim instrument sealjuures on t\u00e4helepanelik ja koordineeritud suhtlus organisatsiooni erinevatel tasanditel ning erinevates vormides. M\u00f6\u00f6dalaskmised organisatsiooni sisekommunikatsioonis v\u00f5i personalivalikul v\u00f5ivad aga kaasa tuua v\u00e4ga t\u00f5siseid tagaj\u00e4rgi.<\/p>\n<\/div>\n<\/div>\n<\/div>\n<\/div>\n<div id=\"id23\" class=\"valem-q\">\n<div class=\"iDevice emphasis1\"><img decoding=\"async\" class=\"iDevice_icon\" src=\"https:\/\/sisu.ut.ee\/wp-content\/uploads\/sites\/216\/icon_preknowledge.gif\" alt=\"iDevice ikoon\">\u00a0<span class=\"valem-t\">N\u00c4IDE<\/span>\n<div class=\"iDevice_inner\">\n<div id=\"ta23_27_2\" class=\"block\">\n<p><strong>Kontrollimatu t\u00f6\u00f6taja ehk \u201e<em>Dear Rich Fat Bastard<\/em>\u201c<\/strong><\/p>\n<p>\u00dche krediitkaardifirma rahulolematu t\u00f6\u00f6taja asendas ettev\u00f5tte klientidele m\u00f5eldud infokirja automaatprogrammis tervituse \u201e<em>Dear Mr\/Mrs \u2026<\/em>\u201d tervitusega \u201e<em>Dear Rich Fat Bastard<\/em>\u201d ning programm saatis infokirja laiali ettev\u00f5tte 30 000 kuldkliendile Smith (2011: 78).<\/p>\n<p>See n\u00e4itab ilmekalt, kui vastutusrikas on ettev\u00f5tte klienditeeninduse roll kogu turunduskommunikatsioonis ning kui hoolikalt tuleb protsessi koordineerida ja personaliga tegeleda.<\/p>\n<\/div>\n<\/div>\n<\/div>\n<\/div>\n<div id=\"id24\" class=\"valem-q\">\n<div class=\"iDevice emphasis1\"><img decoding=\"async\" class=\"iDevice_icon\" src=\"https:\/\/sisu.ut.ee\/wp-content\/uploads\/sites\/216\/icon_objectives.gif\" alt=\"iDevice ikoon\">\u00a0<span class=\"valem-t\">VASTA K\u00dcSIMUSTELE!<\/span>\n<div class=\"iDevice_inner\">\n<div id=\"ta24_28_2\" class=\"block\">\n<ul>\n<li>Milliste organisatsiooni tasanditega v\u00f5ib tarbija kokku puutuda? Milliseid riske ja v\u00f5imalusi see endas organisatsiooni jaoks k\u00e4tkeb?<\/li>\n<li>Milliseid v\u00f5imalusi loob rahulolematu klienditagasiside ettev\u00f5tte jaoks? Tooge m\u00f5ni n\u00e4ide.<\/li>\n<\/ul>\n<\/div>\n<\/div>\n<\/div>\n<\/div>\n","protected":false},"excerpt":{"rendered":"<p>\u00dclevaade Integreeritud turunduskommunikatsioon ei ole t\u00e4nap\u00e4eval enam midagi sellist, mis valmib ruumis nimega turundusosakond v\u00f5i suhtekorraldusosakond ega isegi mitte turundus- v\u00f5i reklaamiagentuuris. Turunduss\u00f5numi kandjateks on v\u00e4hemal v\u00f5i rohkemal m\u00e4\u00e4ral k\u00f5ik ettev\u00f5tte t\u00f6\u00f6tajad otseselt v\u00f5i kaudselt, ent on m\u00e4\u00e4rava t\u00e4htsusega osata &#8230;<\/p>\n","protected":false},"author":13,"featured_media":0,"parent":0,"menu_order":0,"comment_status":"closed","ping_status":"closed","template":"","meta":{"_acf_changed":false,"inline_featured_image":false,"footnotes":""},"class_list":["post-9","page","type-page","status-publish","hentry"],"acf":[],"_links":{"self":[{"href":"https:\/\/sisu.ut.ee\/turunduskommunikatsioon3\/wp-json\/wp\/v2\/pages\/9","targetHints":{"allow":["GET"]}}],"collection":[{"href":"https:\/\/sisu.ut.ee\/turunduskommunikatsioon3\/wp-json\/wp\/v2\/pages"}],"about":[{"href":"https:\/\/sisu.ut.ee\/turunduskommunikatsioon3\/wp-json\/wp\/v2\/types\/page"}],"author":[{"embeddable":true,"href":"https:\/\/sisu.ut.ee\/turunduskommunikatsioon3\/wp-json\/wp\/v2\/users\/13"}],"replies":[{"embeddable":true,"href":"https:\/\/sisu.ut.ee\/turunduskommunikatsioon3\/wp-json\/wp\/v2\/comments?post=9"}],"version-history":[{"count":2,"href":"https:\/\/sisu.ut.ee\/turunduskommunikatsioon3\/wp-json\/wp\/v2\/pages\/9\/revisions"}],"predecessor-version":[{"id":70,"href":"https:\/\/sisu.ut.ee\/turunduskommunikatsioon3\/wp-json\/wp\/v2\/pages\/9\/revisions\/70"}],"wp:attachment":[{"href":"https:\/\/sisu.ut.ee\/turunduskommunikatsioon3\/wp-json\/wp\/v2\/media?parent=9"}],"curies":[{"name":"wp","href":"https:\/\/api.w.org\/{rel}","templated":true}]}}