{"id":8,"date":"2024-04-04T03:23:21","date_gmt":"2024-04-04T00:23:21","guid":{"rendered":"https:\/\/sisu.ut.ee\/turunduskommunikatsioon3\/tootearendus-turunduskommunikatsioonis\/"},"modified":"2024-04-27T16:32:04","modified_gmt":"2024-04-27T13:32:04","slug":"tootearendus-turunduskommunikatsioonis","status":"publish","type":"page","link":"https:\/\/sisu.ut.ee\/turunduskommunikatsioon3\/tootearendus-turunduskommunikatsioonis\/","title":{"rendered":"Tootearendus turunduskommunikatsioonis"},"content":{"rendered":"<div id=\"id11\" class=\"FreeTextIdevice\">\n<div class=\"iDevice emphasis0\">\n<div id=\"ta11_1\" class=\"block\">\n<p><strong>\u00dclevaade<\/strong><\/p>\n<p>Tootearendus, innovatsioon ja tootedisain v\u00f5ivad olla edukalt ka turunduskommunikatsiooni t\u00f6\u00f6riistad: Br\u00e4ndide omanikud-arendajad pakuvad turundusv\u00f5ttena t\u00e4iendavaid teenuseid v\u00f5i tootearendusi reklaamkampaania osana v\u00f5i reklaami asemel, p\u00fc\u00fcdes suurendada tarbijate rahulolu lisav\u00e4\u00e4rtuse pakkumise kaudu. Nii suurendatakse \u00fchtlasi ka klientide br\u00e4ndilojaalsust.<\/p>\n<p>Ka reklaamiagentuurid peavad oma p\u00e4devusi vastavalt arendama:\u00a0<em>\u201eReklaami- ja turundusagentuurid peavad t\u00e4na olema sama palju reklaamiagentuurid kui disainiagentuurid\u201d<\/em>\u00a0(Southern 2012).<\/p>\n<p><strong>Rakendusv\u00f5imalused<\/strong><\/p>\n<p>Tootearenduse kasutamine turunduskommunikatsioonis on hea n\u00e4ide sellest, kuidas m\u00fc\u00fcgi-, arendus- ja tehnoloogiaosakonnad saavad otseselt ettev\u00f5tte turunduskommunikatsiooniprotsessis osaleda.<\/p>\n<p>Lisateenuse v\u00f5i tootearenduse kasutamine reklaamikampaania osana v\u00f5i asemel v\u00f5imaldab:<\/p>\n<ul>\n<li>suurendada kliendirahulolu;<\/li>\n<li>suurendada br\u00e4ndi tuntust;<\/li>\n<li>suurendada tarbija lojaalsust, pakkudes \u00fcha uusi lisav\u00e4\u00e4rtusi;<\/li>\n<li>suurendada tarbija lojaalsust, kaasates tarbija arendusprotsessi ning luues v\u00f5imaluse, et tarbijast saab seel\u00e4bi br\u00e4ndijutlustaja (<em>brand ambassador<\/em>) (vt ptk \u201eSuus\u00f5naline turundus\u201d);<\/li>\n<li>tuua turule uusi tooteid ja teenuseid.<\/li>\n<\/ul>\n<p>Tootearenduse ja nutikate lisav\u00e4\u00e4rtustoodete kasutamise \u00fcks eesm\u00e4rke turunduskommunikatsioonikampaanias on teha reklaam, mis ei oleks reklaam v\u00f5i v\u00e4hemalt ei tunnetaks tarbija seda reklaamina. Kui inimene saab justkui tasuta kasuliku toote v\u00f5i lisav\u00e4\u00e4rtuse, siis ta ei suhtu sellesse kui reklaami, vaid kui boonusesse ning hoiak on automaatselt positiivne (minu valitud tegevused\/s\u00f5numid vs. pealet\u00fckkivad v\u00f5i soovimatud s\u00f5numid). V\u00f5tmes\u00f5nad uute rakenduste loomisel on<em>kasulik, oluline, meeltlahutav<\/em>.<\/p>\n<p>Samuti pakub tootearendus suurep\u00e4rast v\u00f5imalust kaasata protsessi ka tarbija ning l\u00e4hendada teda seel\u00e4bi br\u00e4ndile\/tootele. Koostootmine (<em>co-production<\/em>) kui m\u00f5iste \u00fchendab endas erinevaid koost\u00f6\u00f6vorme tarbija ja organisatsiooni vahel. Erinevad vormid v\u00f5ivad h\u00f5lmata tegevusi alates ideede formuleerimisest, disainist ja tootearendusest kuni toote j\u00e4relkatsetamise ja levitamiseni. Koostootmine t\u00e4hendab tarbija osalemist \u00fches v\u00f5i mitmes neist etappidest (Etgar 2008).<\/p>\n<p>Etgar (2008: 98) eristab viit etappi koostootmise planeerimisel:<\/p>\n<ul>\n<li>eeltingimuste m\u00e4\u00e4ratlemine;<\/li>\n<li>motivaatorite arendamine, mis tarbijad protsessis osalema saaks;<\/li>\n<li>koostootmise kulude ja tulude \/ eeliste kalkulatsioon;<\/li>\n<li>m\u00e4\u00e4ratlemine, kuidas ja millal tarbijad koostootmisega liituvad;<\/li>\n<li>tulemuste ja v\u00e4ljundite hindamise p\u00f5him\u00f5tted.<\/li>\n<\/ul>\n<p align=\"center\"><em>Joonis 1.1. Tarbijasidususe redel (ladder of engagement), kus sidusus ja kaasatus organisatsiooni kommunikatsiooniprotsessi kasvab iga astmega alt \u00fcles.<\/em><\/p>\n<div><img loading=\"lazy\" decoding=\"async\" class=\"aligncenter\" style=\"margin-left: auto; margin-right: auto;\" src=\"https:\/\/sisu.ut.ee\/wp-content\/uploads\/sites\/216\/tootearendus.png\" width=\"329\" height=\"376\"><\/div>\n<p align=\"center\"><em>Allikas: Smith 2011<\/em><\/p>\n<p>Kaasamine on v\u00f5imas kliendilojaalsuse t\u00f6\u00f6riist. Kaasates kliendid nt uue toote v\u00e4ljaarendamisse v\u00f5i reklaami loomise protsessi, saab ettev\u00f5te endale k\u00f5rgelt motiveeritud ning br\u00e4ndi k\u00f5nelevad s\u00f5numikuulutajad. T\u00e4nu Web 2.0 ja sotsiaalmeedia arengutele on see lihtsam kui kunagi varem.<\/p>\n<\/div>\n<\/div>\n<\/div>\n<div id=\"id12\" class=\"valem-q\">\n<div class=\"iDevice emphasis1\"><img decoding=\"async\" class=\"iDevice_icon\" src=\"https:\/\/sisu.ut.ee\/wp-content\/uploads\/sites\/216\/icon_preknowledge.gif\" alt=\"iDevice ikoon\">\u00a0<span class=\"valem-t\">N\u00c4IDE<\/span>\n<div class=\"iDevice_inner\">\n<div id=\"ta12_33_2\" class=\"block\">\n<p><strong>Apple\u2019i rakenduste turunduskommunikatsioon<\/strong><\/p>\n<p>Apple on loonud k\u00f5ik v\u00f5imalused, et huvilised ja f\u00e4nnid saaksid h\u00f5lpsalt luua erinevaid rakendusi Apple\u2019i toodetele, ja tegelikult on Apple loonud endale sellega maailma \u00fche suurima arendus- ja turundusosakonna, kuhu p\u00f5him\u00f5tteliselt v\u00f5ib iga\u00fcks kuuluda. Suur osa neid rakendusi on tasuta ning pakuvad Apple\u2019i toodetele olulist lisav\u00e4\u00e4rtust, samal ajal kandes turunduss\u00f5numit ja edendades m\u00fc\u00fcki (nt on m\u00f5ne rakendusega \u00fchildumine oluline lisaargument iPhone\u2019i eelistamisel teistele analoogsetele nutitelefonidele).<\/p>\n<p>Seega v\u00f5ib t\u00e4iendavalt v\u00e4ita, et uued kommunikatsioonitehnoloogiad ja infotarbimise viisid soodustavad innovatsiooni ja disaini arengut: tehnoloogia &gt; kommunikatsioon &gt; innovatsioon\/disain.<\/p>\n<p>Tehnoloogia loob t\u00e4iendavaid v\u00f5imalusi uudseteks kommunikatsioonivormideks (nt tootja ja tarbija vahel), mis omakorda v\u00f5imaldab t\u00f5husamat tootearendust (nt tarbija kaasamise kaudu).<\/p>\n<\/div>\n<\/div>\n<\/div>\n<\/div>\n<div id=\"id13\" class=\"valem-q\">\n<div class=\"iDevice emphasis1\"><img decoding=\"async\" class=\"iDevice_icon\" src=\"https:\/\/sisu.ut.ee\/wp-content\/uploads\/sites\/216\/icon_preknowledge.gif\" alt=\"iDevice ikoon\">\u00a0<span class=\"valem-t\">N\u00c4IDE<\/span>\n<div class=\"iDevice_inner\">\n<div id=\"ta13_34_2\" class=\"block\">\n<p><strong>V\u00e4sttrafiku rakendus Tram Sightseeing<\/strong><\/p>\n<p>G\u00f6teborgi (Rootsi) ettev\u00f5tte V\u00e4sttrafik eesm\u00e4rk oli meelitada turiste s\u00f5itma \u00fchistranspordiga, seega loodi trammi teele j\u00e4\u00e4vate vaatamisv\u00e4\u00e4rsuste rakendus nutitelefonile, et turistid kasutaks linnatuuribusside asemel \u00fchistransporti ning kuulaks samal ajal oma telefonist giidi juttu. Suure reklaamikampaania asemel, mille s\u00f5num oleks olnud lihtsalt, et tulge s\u00f5itke trammiga ja vaadake aknast v\u00e4lja, investeeriti tootearendusse ning kampaaniat toetati v\u00e4lireklaamiga. Geolokatsiooni kasutav rakendus andis kampaaniale uue p\u00f5neva m\u00f5\u00f5tme ja vormi ning v\u00e4ljaarendatud toode j\u00e4\u00e4b lisav\u00e4\u00e4rtusena igap\u00e4evateenuseks, erinevalt traditsioonilisest reklaamikampaaniast, mis enamasti annab otseselt m\u00f5\u00f5detava efekti vaid kampaania ajal. Esimese kahe kampaanian\u00e4dalaga laaditi rakendust alla 3000 korda.<\/p>\n<p>Vaata kampaania eduloo videokokkuv\u00f5tet (URLi vaadatud m\u00e4rts 2017):<\/p>\n<p style=\"text-align: center;\"><\/p><div class=\"ratio ratio-16x9 mb-3\"><div class=\"video-placeholder-wrapper video-placeholder-wrapper--16x9\">\n\t\t\t    <div class=\"video-placeholder d-flex justify-content-center align-items-center\">\n\t\t\t        <div class=\"overlay text-white p-2 w-100 text-center d-block justify-content-center align-items-center\">\n\t\t\t            <div>Kolmandate osapoolte sisu n\u00e4gemiseks palun n\u00f5ustu k\u00fcpsistega.<\/div>\n\t\t\t            <button class=\"btn btn-secondary btn-sm mt-1 consent-change\">Muuda n\u00f5usolekut<\/button>\n\t\t\t        <\/div>\n\t\t\t    <\/div>\n\t\t\t<\/div>\n<\/div>\n<\/div>\n<\/div>\n<\/div>\n<\/div>\n<div id=\"id14\" class=\"valem-q\">\n<div class=\"iDevice emphasis1\"><img decoding=\"async\" class=\"iDevice_icon\" src=\"https:\/\/sisu.ut.ee\/wp-content\/uploads\/sites\/216\/icon_preknowledge.gif\" alt=\"iDevice ikoon\">\u00a0<span class=\"valem-t\">N\u00c4IDE<\/span>\n<div class=\"iDevice_inner\">\n<div id=\"ta14_35_2\" class=\"block\">\n<p><strong>Selveri julge lubadus<\/strong><\/p>\n<p>Traditsioonilise tootereklaami asemel valis Selver kampaania s\u00f5numiks lisav\u00e4\u00e4rtuslubaduse tarbijale, mis \u00fchelt poolt informeeris, et Selver p\u00fc\u00fcab v\u00e4ltida kassaj\u00e4rjekordi (mis on tipptundidel supermarketite probleem), ning teisalt tekitas uudishimu ja ka soovi j\u00e4rele proovida (v\u00f5imalus v\u00f5ita tasuta ostukorvi sisu).<\/p>\n<p><em>\u201eHea teeninduse kuu raames korraldame kampaania, mille eesm\u00e4rgiks on kiire klienditeenindus kassades. Juhul kui Selver ei suuda t\u00e4ita parima klienditeeninduse lubadust, on kliendil \u00f5igus tasuta ostukorvile. Kampaania kestab kaks n\u00e4dalat 19.03.-01.04.2012 k\u00f5ikides Selveri kauplustes.\u201d<\/em>\u00a0(Allikas: Youtube, vaadatud m\u00e4rts 2017)<\/p>\n<p>Vaata kampaaniat (vaadatud m\u00e4rts 2017):<\/p>\n<p style=\"text-align: center;\"><\/p><div class=\"ratio ratio-16x9 mb-3\"><div class=\"video-placeholder-wrapper video-placeholder-wrapper--16x9\">\n\t\t\t    <div class=\"video-placeholder d-flex justify-content-center align-items-center\">\n\t\t\t        <div class=\"overlay text-white p-2 w-100 text-center d-block justify-content-center align-items-center\">\n\t\t\t            <div>Kolmandate osapoolte sisu n\u00e4gemiseks palun n\u00f5ustu k\u00fcpsistega.<\/div>\n\t\t\t            <button class=\"btn btn-secondary btn-sm mt-1 consent-change\">Muuda n\u00f5usolekut<\/button>\n\t\t\t        <\/div>\n\t\t\t    <\/div>\n\t\t\t<\/div>\n<\/div>\n<p>Kommentaar Facebookis:\u00a0<em>\u201e.. \u00dclik\u00f5va lubadus ja reklaam oli. Nii \u00fcllatavalt julge, et otsisin tingimused \u00fcles. Ja no seal on pisut pettumust valmistavalt palju riske maandatud. Aga selliseid lubadusi tahaks reklaamis rohkem n\u00e4ha ..\u201d<\/em>\u00a0(Allikas: Facebook, vaadatud m\u00e4rts 2012.)<\/p>\n<\/div>\n<\/div>\n<\/div>\n<\/div>\n<div id=\"id16\" class=\"valem-q\">\n<div class=\"iDevice emphasis1\"><img decoding=\"async\" class=\"iDevice_icon\" src=\"https:\/\/sisu.ut.ee\/wp-content\/uploads\/sites\/216\/icon_objectives.gif\" alt=\"iDevice ikoon\">\u00a0<span class=\"valem-t\">VASTA K\u00dcSIMUSTELE!<\/span>\n<div class=\"iDevice_inner\">\n<div id=\"ta16_37_2\" class=\"block\">\n<ul>\n<li>Loetlege tootearenduse kui turunduskommunikatsiooniv\u00f5tte eeliseid tootereklaami ees.<\/li>\n<li>Nimetage v\u00f5imalusi, kuidas tarbijat on v\u00f5imalik kaasata ettev\u00f5tte tootearendusprotsessi. Tooge m\u00f5ni n\u00e4ide Eestist v\u00f5i maailmast.<\/li>\n<\/ul>\n<\/div>\n<\/div>\n<\/div>\n<\/div>\n","protected":false},"excerpt":{"rendered":"<p>\u00dclevaade Tootearendus, innovatsioon ja tootedisain v\u00f5ivad olla edukalt ka turunduskommunikatsiooni t\u00f6\u00f6riistad: Br\u00e4ndide omanikud-arendajad pakuvad turundusv\u00f5ttena t\u00e4iendavaid teenuseid v\u00f5i tootearendusi reklaamkampaania osana v\u00f5i reklaami asemel, p\u00fc\u00fcdes suurendada tarbijate rahulolu lisav\u00e4\u00e4rtuse pakkumise kaudu. Nii suurendatakse \u00fchtlasi ka klientide br\u00e4ndilojaalsust. Ka reklaamiagentuurid peavad &#8230;<\/p>\n","protected":false},"author":13,"featured_media":0,"parent":0,"menu_order":0,"comment_status":"closed","ping_status":"closed","template":"","meta":{"_acf_changed":false,"inline_featured_image":false,"footnotes":""},"class_list":["post-8","page","type-page","status-publish","hentry"],"acf":[],"_links":{"self":[{"href":"https:\/\/sisu.ut.ee\/turunduskommunikatsioon3\/wp-json\/wp\/v2\/pages\/8","targetHints":{"allow":["GET"]}}],"collection":[{"href":"https:\/\/sisu.ut.ee\/turunduskommunikatsioon3\/wp-json\/wp\/v2\/pages"}],"about":[{"href":"https:\/\/sisu.ut.ee\/turunduskommunikatsioon3\/wp-json\/wp\/v2\/types\/page"}],"author":[{"embeddable":true,"href":"https:\/\/sisu.ut.ee\/turunduskommunikatsioon3\/wp-json\/wp\/v2\/users\/13"}],"replies":[{"embeddable":true,"href":"https:\/\/sisu.ut.ee\/turunduskommunikatsioon3\/wp-json\/wp\/v2\/comments?post=8"}],"version-history":[{"count":11,"href":"https:\/\/sisu.ut.ee\/turunduskommunikatsioon3\/wp-json\/wp\/v2\/pages\/8\/revisions"}],"predecessor-version":[{"id":69,"href":"https:\/\/sisu.ut.ee\/turunduskommunikatsioon3\/wp-json\/wp\/v2\/pages\/8\/revisions\/69"}],"wp:attachment":[{"href":"https:\/\/sisu.ut.ee\/turunduskommunikatsioon3\/wp-json\/wp\/v2\/media?parent=8"}],"curies":[{"name":"wp","href":"https:\/\/api.w.org\/{rel}","templated":true}]}}