{"id":4,"date":"2024-04-04T03:23:21","date_gmt":"2024-04-04T00:23:21","guid":{"rendered":"https:\/\/sisu.ut.ee\/turunduskommunikatsioon3\/1-kanaliulesed-turunduskommunikatsioonivotted-ja-votete-kogumid\/"},"modified":"2024-04-04T03:23:26","modified_gmt":"2024-04-04T00:23:26","slug":"1-kanaliulesed-turunduskommunikatsioonivotted-ja-votete-kogumid","status":"publish","type":"page","link":"https:\/\/sisu.ut.ee\/turunduskommunikatsioon3\/1-kanaliulesed-turunduskommunikatsioonivotted-ja-votete-kogumid\/","title":{"rendered":"1. Kanali\u00fclesed turunduskommunikatsiooniv\u00f5tted ja v\u00f5tete kogumid"},"content":{"rendered":"<p><span>Paljud turunduskommunikatsiooni p\u00f5hivormid ja v\u00f5tted on kanali\u00fclese iseloomuga ja rakendatavad erinevates kanalites. Seet\u00f5ttu on need r\u00fchmitatud eraldi \u00f5piobjekti.<\/span><\/p>\n","protected":false},"excerpt":{"rendered":"<p>Paljud turunduskommunikatsiooni p\u00f5hivormid ja v\u00f5tted on kanali\u00fclese iseloomuga ja rakendatavad erinevates kanalites. Seet\u00f5ttu on need r\u00fchmitatud eraldi \u00f5piobjekti.<\/p>\n","protected":false},"author":13,"featured_media":0,"parent":0,"menu_order":0,"comment_status":"closed","ping_status":"closed","template":"","meta":{"_acf_changed":false,"inline_featured_image":false,"footnotes":""},"class_list":["post-4","page","type-page","status-publish","hentry"],"acf":[],"_links":{"self":[{"href":"https:\/\/sisu.ut.ee\/turunduskommunikatsioon3\/wp-json\/wp\/v2\/pages\/4","targetHints":{"allow":["GET"]}}],"collection":[{"href":"https:\/\/sisu.ut.ee\/turunduskommunikatsioon3\/wp-json\/wp\/v2\/pages"}],"about":[{"href":"https:\/\/sisu.ut.ee\/turunduskommunikatsioon3\/wp-json\/wp\/v2\/types\/page"}],"author":[{"embeddable":true,"href":"https:\/\/sisu.ut.ee\/turunduskommunikatsioon3\/wp-json\/wp\/v2\/users\/13"}],"replies":[{"embeddable":true,"href":"https:\/\/sisu.ut.ee\/turunduskommunikatsioon3\/wp-json\/wp\/v2\/comments?post=4"}],"version-history":[{"count":1,"href":"https:\/\/sisu.ut.ee\/turunduskommunikatsioon3\/wp-json\/wp\/v2\/pages\/4\/revisions"}],"predecessor-version":[{"id":47,"href":"https:\/\/sisu.ut.ee\/turunduskommunikatsioon3\/wp-json\/wp\/v2\/pages\/4\/revisions\/47"}],"wp:attachment":[{"href":"https:\/\/sisu.ut.ee\/turunduskommunikatsioon3\/wp-json\/wp\/v2\/media?parent=4"}],"curies":[{"name":"wp","href":"https:\/\/api.w.org\/{rel}","templated":true}]}}