{"id":13,"date":"2024-04-04T03:23:22","date_gmt":"2024-04-04T00:23:22","guid":{"rendered":"https:\/\/sisu.ut.ee\/turunduskommunikatsioon3\/2-kokkuvote\/"},"modified":"2024-04-04T03:23:25","modified_gmt":"2024-04-04T00:23:25","slug":"2-kokkuvote","status":"publish","type":"page","link":"https:\/\/sisu.ut.ee\/turunduskommunikatsioon3\/2-kokkuvote\/","title":{"rendered":"2. Kokkuv\u00f5te"},"content":{"rendered":"<p>Paljud turunduskommunikatsiooniv\u00f5tted on erinevaid kanaleid ja ka tegevusi integreerivad ning neid ei saa vaid kanalip\u00f5hiselt piiritleda. Siiski on turunduskommunikatsiooni planeerimisel oluline eristada ja j\u00e4lgida, millised kanalid on antud vormi jaoks k\u00f5ige efektiivsemad ning milliste kanalitega ja tegevustega neid siduda, et saavutada oodatud tulemus. Kanalite integreerimisel tuleb aga kindlasti arvestada ka erinevate kasutajaskondadega ning \u00fcle vaadata kampaanias\u00f5numi sobivus. S\u00f5num, mis t\u00f6\u00f6tab v\u00e4ga h\u00e4sti \u00fches kanalis, v\u00f5ib anda nullil\u00e4hedase v\u00f5i isegi negatiivse efekti teises kanalis. Samuti peab j\u00e4lgima, et erinevates kanalites ei kasutataks v\u00e4ga vastuolulisi s\u00f5numeid. Radikaalne viirusturunduslik s\u00f5num v\u00f5ib tuua ootamatult tugeva efekti, ent sama suur ja isegi suurem on t\u00f5en\u00e4osus organisatsiooni mainet kahjustada v\u00f5i lojaalseid kliente eksitada v\u00f5i pahandada.<\/p>\n<p>Allikaid t\u00e4iendavaks inspiratsiooniks nutikate turunduskommunikatsioonitegevuste planeerimiseks:<\/p>\n<ul>\n<li><a href=\"http:\/\/www.epica-awards.com\/\" target=\"_blank\" rel=\"noopener\">http:\/\/www.epica-awards.com<\/a><\/li>\n<li><a href=\"http:\/\/www.welovead.com\/en\/awards\" target=\"_blank\" rel=\"noopener\">http:\/\/www.welovead.com\/en\/awards<\/a><\/li>\n<li><a href=\"http:\/\/www.canneslions.com\/\" target=\"_blank\" rel=\"noopener\">http:\/\/www.canneslions.com<\/a><\/li>\n<li><a href=\"http:\/\/www.dandad.org.uk\/\" target=\"_blank\" rel=\"noopener\">http:\/\/www.dandad.org.uk<\/a><\/li>\n<li><a href=\"http:\/\/www.goldendrum.com\/\" target=\"_blank\" rel=\"noopener\">http:\/\/www.goldendrum.com<\/a><\/li>\n<li><a href=\"http:\/\/www.best-marketing.ee\/\" target=\"_blank\" rel=\"noopener\">http:\/\/www.best-marketing.ee<\/a><\/li>\n<\/ul>\n","protected":false},"excerpt":{"rendered":"<p>Paljud turunduskommunikatsiooniv\u00f5tted on erinevaid kanaleid ja ka tegevusi integreerivad ning neid ei saa vaid kanalip\u00f5hiselt piiritleda. Siiski on turunduskommunikatsiooni planeerimisel oluline eristada ja j\u00e4lgida, millised kanalid on antud vormi jaoks k\u00f5ige efektiivsemad ning milliste kanalitega ja tegevustega neid siduda, et &#8230;<\/p>\n","protected":false},"author":13,"featured_media":0,"parent":0,"menu_order":0,"comment_status":"closed","ping_status":"closed","template":"","meta":{"_acf_changed":false,"inline_featured_image":false,"footnotes":""},"class_list":["post-13","page","type-page","status-publish","hentry"],"acf":[],"_links":{"self":[{"href":"https:\/\/sisu.ut.ee\/turunduskommunikatsioon3\/wp-json\/wp\/v2\/pages\/13","targetHints":{"allow":["GET"]}}],"collection":[{"href":"https:\/\/sisu.ut.ee\/turunduskommunikatsioon3\/wp-json\/wp\/v2\/pages"}],"about":[{"href":"https:\/\/sisu.ut.ee\/turunduskommunikatsioon3\/wp-json\/wp\/v2\/types\/page"}],"author":[{"embeddable":true,"href":"https:\/\/sisu.ut.ee\/turunduskommunikatsioon3\/wp-json\/wp\/v2\/users\/13"}],"replies":[{"embeddable":true,"href":"https:\/\/sisu.ut.ee\/turunduskommunikatsioon3\/wp-json\/wp\/v2\/comments?post=13"}],"version-history":[{"count":1,"href":"https:\/\/sisu.ut.ee\/turunduskommunikatsioon3\/wp-json\/wp\/v2\/pages\/13\/revisions"}],"predecessor-version":[{"id":38,"href":"https:\/\/sisu.ut.ee\/turunduskommunikatsioon3\/wp-json\/wp\/v2\/pages\/13\/revisions\/38"}],"wp:attachment":[{"href":"https:\/\/sisu.ut.ee\/turunduskommunikatsioon3\/wp-json\/wp\/v2\/media?parent=13"}],"curies":[{"name":"wp","href":"https:\/\/api.w.org\/{rel}","templated":true}]}}