{"id":12,"date":"2024-04-04T03:23:22","date_gmt":"2024-04-04T00:23:22","guid":{"rendered":"https:\/\/sisu.ut.ee\/turunduskommunikatsioon3\/geriljaturundus\/"},"modified":"2024-04-27T16:47:39","modified_gmt":"2024-04-27T13:47:39","slug":"geriljaturundus","status":"publish","type":"page","link":"https:\/\/sisu.ut.ee\/turunduskommunikatsioon3\/geriljaturundus\/","title":{"rendered":"Geriljaturundus"},"content":{"rendered":"<div id=\"id33\" class=\"FreeTextIdevice\">\n<div class=\"iDevice emphasis0\">\n<div id=\"ta33_1\" class=\"block\">\n<p><strong>\u00dclevaade<\/strong><\/p>\n<p>Geriljaturundus (<em>guerilla marketing<\/em>) on turunduskommunikatsiooni integreeritud v\u00f5tete kogu, kus p\u00fc\u00fctakse v\u00f5imalikult v\u00e4ikese eelarvega ning ebatraditsioonilisi kanaleid ja meetodeid kasutades saavutada v\u00f5imalikult suur ja m\u00f5\u00f5detav tulemus.<\/p>\n<p><strong>Rakendusv\u00f5imalused<\/strong><\/p>\n<p>Geriljaturunduslikud kampaaniad p\u00f5hinevad nutikatel ja ootamatutel ideedel ning need viiakse ellu peamiselt aega ja energiat kulutades ning v\u00e4ikese turunduseelarvega. Enamasti on geriljakampaania eesm\u00e4rk saavutada t\u00e4helepanu ning seel\u00e4bi viirusturunduslik efekt, mis omakorda peaks saama avalikkuse ja meedia suurema t\u00e4helepanu ning kokkuv\u00f5ttes tooma meediakajastuste v\u00e4\u00e4rtuselt k\u00fcmneid ja ka sadu kordi rohkem tulu tagasi, kui olid kampaania algsed kulud. Sageli on geriljakampaaniasse kaasatud ka professionaalne suhtekorraldus. Kuigi geriljakampaania algus v\u00f5i p\u00f5his\u00fcndmus v\u00f5ib toimuda\u00a0<em>offline<\/em>-tegevusena, saavutatakse suurim efekt siiski sageli\u00a0<em>online<\/em>-kanalite ja sotsiaalv\u00f5rgustike v\u00f5imenduse kaudu.<\/p>\n<\/div>\n<\/div>\n<\/div>\n<div id=\"id35\" class=\"valem-q\">\n<div class=\"iDevice emphasis1\"><img decoding=\"async\" class=\"iDevice_icon\" src=\"https:\/\/sisu.ut.ee\/wp-content\/uploads\/sites\/216\/icon_preknowledge.gif\" alt=\"iDevice ikoon\">\u00a0<span class=\"valem-t\">N\u00c4IDE<\/span>\n<div class=\"iDevice_inner\">\n<div id=\"ta35_39_2\" class=\"block\">\n<p><strong>Kohvirecordsi plakatite aktsioon<\/strong><\/p>\n<p>Kuidas t\u00fchjana seisvast reklaamstendi taustpildist sai geriljaturunduse aktsioonina \u00fcle\u00f6\u00f6 reklaamikampaania v\u00e4ikesele alternatiivsele plaadistuudiole.<\/p>\n<p><img loading=\"lazy\" decoding=\"async\" src=\"https:\/\/sisu.ut.ee\/wp-content\/uploads\/sites\/216\/gerilja_1.jpg\" height=\"263\" width=\"350\"><\/p>\n<p><em>Foto: erakogu.<\/em><\/p>\n<p><img loading=\"lazy\" decoding=\"async\" src=\"https:\/\/sisu.ut.ee\/wp-content\/uploads\/sites\/216\/gerilja_2.jpg\" height=\"261\" width=\"350\"><\/p>\n<p><em>Foto: erakogu.<\/em><\/p>\n<p><img loading=\"lazy\" decoding=\"async\" src=\"https:\/\/sisu.ut.ee\/wp-content\/uploads\/sites\/216\/gerilja_3.png\" height=\"262\" width=\"350\"><\/p>\n<p><em>Foto: erakogu.<\/em><\/p>\n<\/div>\n<\/div>\n<\/div>\n<\/div>\n<div id=\"id34\" class=\"valem-q\">\n<div class=\"iDevice emphasis1\"><img decoding=\"async\" class=\"iDevice_icon\" src=\"https:\/\/sisu.ut.ee\/wp-content\/uploads\/sites\/216\/icon_preknowledge.gif\" alt=\"iDevice ikoon\">\u00a0<span class=\"valem-t\">N\u00c4IDE<\/span>\n<div class=\"iDevice_inner\">\n<div id=\"ta34_38_2\" class=\"block\">\n<p><strong>Heinekeni kontsert<\/strong><\/p>\n<p>Hea n\u00e4ide sellest, kuidas geriljaturunduse aktsioon on otsast l\u00f5puni filigraanselt lavastatud ja mis k\u00f5ige olulisem \u2013 kampaaniaga saavutati reaalsed ja m\u00f5\u00f5detavad tulemused.<\/p>\n<p>Vaata meeleolukat videokokkuv\u00f5tet (URLi vaadatud m\u00e4rts 2017):<\/p>\n<p style=\"text-align: center;\"><\/p><div class=\"ratio ratio-16x9 mb-3\"><div class=\"video-placeholder-wrapper video-placeholder-wrapper--16x9\">\n\t\t\t    <div class=\"video-placeholder d-flex justify-content-center align-items-center\">\n\t\t\t        <div class=\"overlay text-white p-2 w-100 text-center d-block justify-content-center align-items-center\">\n\t\t\t            <div>Kolmandate osapoolte sisu n\u00e4gemiseks palun n\u00f5ustu k\u00fcpsistega.<\/div>\n\t\t\t            <button class=\"btn btn-secondary btn-sm mt-1 consent-change\">Muuda n\u00f5usolekut<\/button>\n\t\t\t        <\/div>\n\t\t\t    <\/div>\n\t\t\t<\/div>\n<\/div>\n<\/div>\n<\/div>\n<\/div>\n<\/div>\n<div id=\"id36\" class=\"valem-q\">\n<div class=\"iDevice emphasis1\"><img decoding=\"async\" class=\"iDevice_icon\" src=\"https:\/\/sisu.ut.ee\/wp-content\/uploads\/sites\/216\/icon_objectives.gif\" alt=\"iDevice ikoon\">\u00a0<span class=\"valem-t\">VASTA K\u00dcSIMUSTELE!<\/span>\n<div class=\"iDevice_inner\">\n<div id=\"ta36_40_2\" class=\"block\">\n<ul>\n<li>Mida nimetatakse geriljaturunduseks ja mis on selle peamine eesm\u00e4rk?<\/li>\n<li>Loetlege vaadatud Heinekeni geriljaturunduse n\u00e4ite p\u00f5hjal erinevaid turunduskommunikatsioonivorme ja kanaleid, mida on kasutatud.<\/li>\n<\/ul>\n<\/div>\n<\/div>\n<\/div>\n<\/div>\n","protected":false},"excerpt":{"rendered":"<p>\u00dclevaade Geriljaturundus (guerilla marketing) on turunduskommunikatsiooni integreeritud v\u00f5tete kogu, kus p\u00fc\u00fctakse v\u00f5imalikult v\u00e4ikese eelarvega ning ebatraditsioonilisi kanaleid ja meetodeid kasutades saavutada v\u00f5imalikult suur ja m\u00f5\u00f5detav tulemus. Rakendusv\u00f5imalused Geriljaturunduslikud kampaaniad p\u00f5hinevad nutikatel ja ootamatutel ideedel ning need viiakse ellu peamiselt aega &#8230;<\/p>\n","protected":false},"author":13,"featured_media":0,"parent":0,"menu_order":0,"comment_status":"closed","ping_status":"closed","template":"","meta":{"_acf_changed":false,"inline_featured_image":false,"footnotes":""},"class_list":["post-12","page","type-page","status-publish","hentry"],"acf":[],"_links":{"self":[{"href":"https:\/\/sisu.ut.ee\/turunduskommunikatsioon3\/wp-json\/wp\/v2\/pages\/12","targetHints":{"allow":["GET"]}}],"collection":[{"href":"https:\/\/sisu.ut.ee\/turunduskommunikatsioon3\/wp-json\/wp\/v2\/pages"}],"about":[{"href":"https:\/\/sisu.ut.ee\/turunduskommunikatsioon3\/wp-json\/wp\/v2\/types\/page"}],"author":[{"embeddable":true,"href":"https:\/\/sisu.ut.ee\/turunduskommunikatsioon3\/wp-json\/wp\/v2\/users\/13"}],"replies":[{"embeddable":true,"href":"https:\/\/sisu.ut.ee\/turunduskommunikatsioon3\/wp-json\/wp\/v2\/comments?post=12"}],"version-history":[{"count":2,"href":"https:\/\/sisu.ut.ee\/turunduskommunikatsioon3\/wp-json\/wp\/v2\/pages\/12\/revisions"}],"predecessor-version":[{"id":78,"href":"https:\/\/sisu.ut.ee\/turunduskommunikatsioon3\/wp-json\/wp\/v2\/pages\/12\/revisions\/78"}],"wp:attachment":[{"href":"https:\/\/sisu.ut.ee\/turunduskommunikatsioon3\/wp-json\/wp\/v2\/media?parent=12"}],"curies":[{"name":"wp","href":"https:\/\/api.w.org\/{rel}","templated":true}]}}