{"id":9,"date":"2024-04-04T03:23:15","date_gmt":"2024-04-04T00:23:15","guid":{"rendered":"https:\/\/sisu.ut.ee\/turunduskommunikatsioon2\/fotode-ja-videote-jagamise-keskkonnad\/"},"modified":"2024-04-27T16:05:56","modified_gmt":"2024-04-27T13:05:56","slug":"fotode-ja-videote-jagamise-keskkonnad","status":"publish","type":"page","link":"https:\/\/sisu.ut.ee\/turunduskommunikatsioon2\/fotode-ja-videote-jagamise-keskkonnad\/","title":{"rendered":"Fotode ja videote jagamise keskkonnad"},"content":{"rendered":"<div id=\"id21\" class=\"FreeTextIdevice\">\n<div class=\"iDevice emphasis0\">\n<div id=\"ta21_1\" class=\"block\">\n<p><strong>\u00dclevaade<\/strong><\/p>\n<p><strong>Picasa, Flick<\/strong>r jm fotode jagamise keskkonnad internetis on oma olemuselt virtuaalsed fotoalbumid. Keskkonda on v\u00f5imalik luua oma konto, kuhu saab \u00fcles laadida teatud hulk digitaalses vormingus fotosid ning neid siis m\u00e4\u00e4ratud huvilistega jagada. Instagram (vt ka ptk \u201eSotsiaalv\u00f5rgustikud\u201d) on aga n\u00e4iteks s\u00fcmbioos fotode jagamisest teiste kasutajatega ning sotsiaalv\u00f5rgustikust, mis v\u00f5imaldab fotosid kommenteerida ning kasutajatel omavahel suhelda.<\/p>\n<p><em>\u201eKui tahate jagada vaid \u00fchte v\u00f5i kahte fotot, tasub need pigem panna blogisse v\u00f5i Facebooki, aga kui fotosid on rohkem, on m\u00f5istlik kasutada fotode jagamise keskkonda ja linkida seal asuvaid albumeid ettev\u00f5tte kodulehel, blogis, Facebookis ja\/v\u00f5i Twitteris.\u201d<\/em>\u00a0(Tammert 2010: 61)<\/p>\n<p>Videoklippide jagamise keskkonnad (nt <strong>Youtube, Vimeo<\/strong> jt) v\u00f5imaldavad iga\u00fchel \u00fcles laadida soovitud videoklipi ning seda seel\u00e4bi teistega jagada. Videoid on v\u00f5imalik kommenteerida ja meeldivaks m\u00e4rkida nii videoklippide jagamise keskkonnas kui ka nt linkida meeldiv video m\u00f5nda teise sotsiaalv\u00f5rgustikku. Sellest tulenevalt on Youtube, Vimeo jm keskkonnad v\u00e4ga t\u00f5husad viirusturunduse kanalid (vt ka III \u00f5piobjekt \u201eKanali\u00fclesed turunduskommunikatsiooniv\u00f5tted\u201d ptk \u201eViirusturundus\u201d,\u00a0<a href=\"http:\/\/dspace.utlib.ee\/dspace\/bitstream\/handle\/10062\/29805\/viirusturundus.html\" target=\"_blank\" rel=\"noopener\">http:\/\/dspace.utlib.ee\/dspace\/bitstream\/handle\/10062\/29805\/viirusturundus.html<\/a>).<\/p>\n<p><em>\u201eVideoklipp ei pea olema kallis ega pikk, k\u00fcll aga m\u00e4nguline ja l\u00f5bus. Silmapaistvalt erilise video puhul pole palju muud vajagi \u2013 inimesed, kes on seda vaadanud, hakkavad seda ise s\u00f5pradele-tuttavatele edasi saatma ja linkima (MSNis, Skype\u2019is, Facebookis, Twitteris). Muidugi tasub \u00fcles laetud videot ka ise organisatsiooni blogis, Facebooki ja Twitteri kontol ning mujal linkida.\u201d<\/em>\u00a0(Tammert 2010: 62)<\/p>\n<p><strong>Rakendusv\u00f5imalused<\/strong><\/p>\n<p>Turunduskommunikatsiooni seisukohast on nii veebip\u00f5hised fotode jagamise keskkonnad kui ka videoklippide jagamise keskkonnad samuti sotsiaalse ja viirusliku iseloomuga ning v\u00f5imaldavad br\u00e4ndiinfot atraktiivse materjali (huvitav, oluline, meelelahutuslik) kaudu jagada ning luua v\u00f5imalused selle levitamiseks teistes sotsiaalv\u00f5rgustikes. Selleks tuleb virtuaalseid fotoalbumeid v\u00f5i kampaaniafotosid albumis linkida ettev\u00f5tte kodulehel, blogis ja teisetes sotsiaalv\u00f5rgustikes.<\/p>\n<p>Tuntuimad fotode jagamise keskkonnad on Flickr, Picasa, Instagram (mobiilirakendus) jm. Turunduslik efekt lisandub l\u00e4bi sotsiaalmeedia v\u00f5imenduse (Facebook) kaudu. Tekkinud on uued ja atraktiivsed kanalite ristkasutuse v\u00f5imalused, nt iPhone + Instagram + Facebook (tootepildid, fotokonkursid jm).<\/p>\n<p>Tuntuimad videoklippide jagamise keskkonnad on Youtube, Vimeo, Viddy (mobiilirakendus), Socialcam jm, mis annavad samuti olulise turundusliku efekti sotsiaalv\u00f5rgustike kaudu, mis omakorda on parim kanal viirusturunduseks.<\/p>\n<p>Videote ja fotode jagamise keskkonnad on sageli ka hea h\u00fcppelaud peavoolumeediasse: uudistesaated,\u00a0<em>infotainment<\/em>-formaadid (\u201eRingvaade\u201d jm), meelelahutusliku sisuga saated.<\/p>\n<p>Ohupooleks on viirusturundusliku video nn \u201coma elu elama hakkamine\u201d: \u00fcmbert\u00f6\u00f6tlused, paroodiad, kontrareklaamid (vt ka IT Kolled\u017ei reklaam kontrana TT\u00dc sisseastumisreklaamile: III \u00f5piobjekt \u201eKanali\u00fclesed turunduskommunikatsiooniv\u00f5tted\u201d ptk \u201eViirusturundus\u201d,\u00a0<a href=\"http:\/\/dspace.utlib.ee\/dspace\/bitstream\/handle\/10062\/29805\/viirusturundus.html\" target=\"_blank\" rel=\"noopener\">http:\/\/dspace.utlib.ee\/dspace\/bitstream\/handle\/10062\/29805\/viirusturundus.html<\/a>).<\/p>\n<p>T\u00e4iesti omaette fenomenina on viimaste aastatega olulise populaarsuse saavutanud nn youtuberid ehk siis Youtube kanalisse videosisu postitajad, kes on suutnud erinevatel teemadel regulaarselt videopostitusi \u00fcles laadides kasvatada Eestis isegi k\u00fcmnetesse tuhandetesse ulatuvad j\u00e4lgijaskonnad. Eesti k\u00f5ige edukamaks youtuberiks asetab sotsiaalmeedia anal\u00fc\u00fcsikeskkond Socialbakers aga hoopis venelanna aliasega Estonianna, kes jagab oma videopostitustes ilun\u00f5uandeid ning kelle ca 450 videot on kokku vaadatud 78,5 miljonit korda.<\/p>\n<p><img decoding=\"async\" class=\"iDevice_icon\" src=\"https:\/\/sisu.ut.ee\/wp-content\/uploads\/sites\/215\/icon_preknowledge.gif\" alt=\"iDevice ikoon\">N\u00c4IDE<br>M\u00f6\u00f6dunud aasta l\u00f5pus Swedbanki poolt l\u00e4bi viidud Eesti parima youtuber\u2019i konkursi v\u00f5itsid noored videopostitajad: (<a href=\"http:\/\/www.bestmarketing.ee\/uudised\/2016\/09\/16\/selgusid-eesti-parimad-youtuberid)\">http:\/\/www.bestmarketing.ee\/uudised\/2016\/09\/16\/selgusid-eesti-parimad-youtuberid)<\/a><\/p>\n<\/div>\n<\/div>\n<\/div>\n<div id=\"id22\" class=\"valem-q\">\n<div class=\"iDevice emphasis1\"><img decoding=\"async\" class=\"iDevice_icon\" src=\"https:\/\/sisu.ut.ee\/wp-content\/uploads\/sites\/215\/icon_preknowledge.gif\" alt=\"iDevice ikoon\">\u00a0<span class=\"valem-t\">N\u00c4IDE<\/span>\n<div class=\"iDevice_inner\">\n<div id=\"ta22_43_2\" class=\"block\">\n<p>OKIA nutikas fotokonkurss Instagramis ning Facebookis<\/p>\n<p>Kutsudes osalejaid pildistama veidraid seiku kontoris ning neid pilte Instagramis jagama, tekitati v\u00f5imalus kampaania levikuks sotsiaalv\u00f5rgustikes. Vaata l\u00e4hemalt Instagrami ja konkursi kohta:<br><a href=\"http:\/\/www.okia.ee\/blog\/2012\/04\/instagram-fenomen-turundusvahend-okia-fotokonkurss\/\" target=\"_blank\" rel=\"noopener\">http:\/\/www.okia.ee\/blog\/2012\/04\/instagram-fenomen-turundusvahend-okia-fotokonkurss\/<\/a>\u00a0(URLi kasutatud veebruaris 2012).<\/p>\n<\/div>\n<\/div>\n<\/div>\n<\/div>\n<div id=\"id23\" class=\"valem-q\">\n<div class=\"iDevice emphasis1\"><img decoding=\"async\" class=\"iDevice_icon\" src=\"https:\/\/sisu.ut.ee\/wp-content\/uploads\/sites\/215\/icon_objectives.gif\" alt=\"iDevice ikoon\">\u00a0<span class=\"iDeviceTitle\">VASTA K\u00dcSIMUSTELE!<\/span>\n<div class=\"iDevice_inner\">\n<div id=\"ta23_44_2\" class=\"block\">\n<ul>\n<li>Kuidas aitab ettev\u00f5tte turunduskommunikatsioonile kaasa video postitamine Youtube\u2019i? Milliste riskidega peaks seejuures arvestama? (Vt ka III \u00f5piobjekt \u201eKanali\u00fclesed turunduskommunikatsiooniv\u00f5tted\u201d ptk \u201eViirusturundus\u201d,\u00a0<a href=\"http:\/\/dspace.utlib.ee\/dspace\/bitstream\/handle\/10062\/29805\/viirusturundus.html\" target=\"_blank\" rel=\"noopener\">http:\/\/dspace.utlib.ee\/dspace\/bitstream\/handle\/10062\/29805\/viirusturundus.html<\/a>).<\/li>\n<li>Mis on Instagram ja mida sellega teha saab?<\/li>\n<\/ul>\n<\/div>\n<\/div>\n<\/div>\n<\/div>\n","protected":false},"excerpt":{"rendered":"<p>\u00dclevaade Picasa, Flickr jm fotode jagamise keskkonnad internetis on oma olemuselt virtuaalsed fotoalbumid. Keskkonda on v\u00f5imalik luua oma konto, kuhu saab \u00fcles laadida teatud hulk digitaalses vormingus fotosid ning neid siis m\u00e4\u00e4ratud huvilistega jagada. Instagram (vt ka ptk \u201eSotsiaalv\u00f5rgustikud\u201d) on &#8230;<\/p>\n","protected":false},"author":13,"featured_media":0,"parent":0,"menu_order":0,"comment_status":"closed","ping_status":"closed","template":"","meta":{"_acf_changed":false,"inline_featured_image":false,"footnotes":""},"class_list":["post-9","page","type-page","status-publish","hentry"],"acf":[],"_links":{"self":[{"href":"https:\/\/sisu.ut.ee\/turunduskommunikatsioon2\/wp-json\/wp\/v2\/pages\/9","targetHints":{"allow":["GET"]}}],"collection":[{"href":"https:\/\/sisu.ut.ee\/turunduskommunikatsioon2\/wp-json\/wp\/v2\/pages"}],"about":[{"href":"https:\/\/sisu.ut.ee\/turunduskommunikatsioon2\/wp-json\/wp\/v2\/types\/page"}],"author":[{"embeddable":true,"href":"https:\/\/sisu.ut.ee\/turunduskommunikatsioon2\/wp-json\/wp\/v2\/users\/13"}],"replies":[{"embeddable":true,"href":"https:\/\/sisu.ut.ee\/turunduskommunikatsioon2\/wp-json\/wp\/v2\/comments?post=9"}],"version-history":[{"count":3,"href":"https:\/\/sisu.ut.ee\/turunduskommunikatsioon2\/wp-json\/wp\/v2\/pages\/9\/revisions"}],"predecessor-version":[{"id":65,"href":"https:\/\/sisu.ut.ee\/turunduskommunikatsioon2\/wp-json\/wp\/v2\/pages\/9\/revisions\/65"}],"wp:attachment":[{"href":"https:\/\/sisu.ut.ee\/turunduskommunikatsioon2\/wp-json\/wp\/v2\/media?parent=9"}],"curies":[{"name":"wp","href":"https:\/\/api.w.org\/{rel}","templated":true}]}}