{"id":5,"date":"2024-04-04T03:23:15","date_gmt":"2024-04-04T00:23:15","guid":{"rendered":"https:\/\/sisu.ut.ee\/turunduskommunikatsioon2\/koduleht-javoi-kampaanialeht\/"},"modified":"2024-04-27T16:04:23","modified_gmt":"2024-04-27T13:04:23","slug":"koduleht-javoi-kampaanialeht","status":"publish","type":"page","link":"https:\/\/sisu.ut.ee\/turunduskommunikatsioon2\/koduleht-javoi-kampaanialeht\/","title":{"rendered":"Koduleht ja\/v\u00f5i kampaanialeht"},"content":{"rendered":"<div id=\"id2\" class=\"FreeTextIdevice\">\n<div class=\"iDevice emphasis0\">\n<div id=\"ta2_1\" class=\"block\">\n<p><strong>\u00dclevaade<\/strong><\/p>\n<p>Koduleht (kodulehek\u00fclg, veebileht) on organisatsiooni visiitkaart internetis. See on enamasti esmane ja keskne allikas, mis organisatsioonist veebiruumis kuvandi loob. H\u00e4sti teostatud kodulehek\u00fclg annab huvilistele ja potentsiaalsetele klientidele \u00fchelt poolt vajalikku informatsiooni organisatsiooniga suhtlemiseks ning teisalt loob (esma)mulje usaldusv\u00e4\u00e4rsusest, kvaliteedist ning suhtumisest.<\/p>\n<p><em>\u201eKodulehek\u00fclg on t\u00e4nap\u00e4eval organisatsioonile ja\/v\u00f5i kaubam\u00e4rgile peaaegu kohustuslik \u2013 eriti noorema p\u00f5lvkonna puhul esineb suhtumist \u201ekui sind ei ole internetis, ei ole sind olemas\u201d. Igal juhul lisab kodulehek\u00fclg \u2013 eriti kui see on h\u00e4sti teostatud \u2013 usaldusv\u00e4\u00e4rsust ning garanteerib, et suurem hulk huvilisi ja potentsiaalseid kliente leiab tee organisatsiooni ning selle toodete-teenuste juurde.\u201d\u00a0<\/em>(Tammert 2010: 24)<\/p>\n<p>Ettev\u00f5tte n-\u00f6 visiitkaardi ja keskse infoallikana tarbijatele on kodulehe t\u00e4htsus integreeritud turunduskommunikatsiooni seisukohast \u00e4\u00e4retult oluline. Pea iga\u00a0<em>online<\/em>\u2013 ja ka\u00a0<em>offline<\/em>-turunduskampaania viitab t\u00e4nap\u00e4eval \u00fches v\u00f5i teises formaadis organisatsiooni kodulehele. Tihti on selleks kas v\u00f5i v\u00e4ikeses kirjas veebiaadress reklaami alaservas. Ent kui kampaania k\u00e4igus kodulehele j\u00f5udnud tarbija leiab sealt eest puuduliku v\u00f5i halvasti koostatud veebilehek\u00fclje, v\u00f5ib see nullida kogu \u00fclej\u00e4\u00e4nud (kuluka) kampaania v\u00f5imaliku efekti. Seega v\u00f5iks \u00fcksk\u00f5ik millisesse kanalisse planeeritud turunduskampaania ettevalmistamine alata organisatsiooni kodulehe kontrollimisest nn tarbijavaates: kuidas n\u00e4eb kodulehele sattunud (potentsiaalne) klient meie ettev\u00f5tet v\u00f5i \u00fcritust.<\/p>\n<p>Kampaanialeht on spetsiaalselt turunduskommunikatsioonikampaania jaoks loodud kodulehe alaleht v\u00f5i t\u00e4iesti uus veebileht, mis on kampaania\u00a0<em>landing page<\/em>\u00a0e maandumislehek\u00fclg, s.o lehek\u00fclg, kuhu suunatakse kas m\u00f5nes teises keskkonnas asuvalt ribareklaamilt v\u00f5i nt mobiilses seadmes olevast rakendusest. Kampaanialeht v\u00f5ib olla informatiivne v\u00f5i soovitud tegevust toetav (nt kampaaniakoodi registreerimine, ostutehing vm).<\/p>\n<p>Planeerides organisatsiooni infokanaleid erinevatele sihtr\u00fchmadele Eestis, Euroopas v\u00f5i mujal maailmas, tasub kursis olla ka vastavate riikide internetistatistikaga.<\/p>\n<p>\u00dclevaate erinevatest interneti statistilistest n\u00e4itajatest maailmas annab veebileht <a href=\"http:\/\/www.internetworldstats.com\/stats4.htm#europe%20\" target=\"_blank\" rel=\"noopener\">http:\/\/www.internetworldstats.com\/stats4.htm#europe<\/a><\/p>\n<p><img loading=\"lazy\" decoding=\"async\" width=\"2030\" height=\"1142\" class=\"alignnone wp-image-14\" title=\"tabel.png\" src=\"https:\/\/sisu.ut.ee\/wp-content\/uploads\/sites\/215\/tabel.png\" alt=\"tabel.png\" srcset=\"https:\/\/sisu.ut.ee\/wp-content\/uploads\/sites\/215\/tabel.png 2030w, https:\/\/sisu.ut.ee\/wp-content\/uploads\/sites\/215\/tabel-300x169.png 300w, https:\/\/sisu.ut.ee\/wp-content\/uploads\/sites\/215\/tabel-1024x576.png 1024w, https:\/\/sisu.ut.ee\/wp-content\/uploads\/sites\/215\/tabel-768x432.png 768w, https:\/\/sisu.ut.ee\/wp-content\/uploads\/sites\/215\/tabel-1536x864.png 1536w, https:\/\/sisu.ut.ee\/wp-content\/uploads\/sites\/215\/tabel-1920x1080.png 1920w\" sizes=\"auto, (max-width: 2030px) 100vw, 2030px\"><\/p>\n<p><em>Allikas: Internet World Stats \u2026 2017.\u00a0<\/em>(URLi kasutatud m\u00e4rts 2017).<\/p>\n<p><strong>Rakendusv\u00f5imalused<\/strong><\/p>\n<p>T\u00e4htsaimad m\u00e4rks\u00f5nad kodulehe valmistamisel:<\/p>\n<ul>\n<li>kasutusmugavus (<em>usability<\/em>):<br>\nkoduleht peab olema informatiivne, loogiliselt navigeeritav ning mugav kasutada;<\/li>\n<li>sisu (tekst, pildid jm):<br>\nveebilehe sisul on aina t\u00e4htsam roll, seda nii tarbijate (valikute paljususes on kodulehel vaid v\u00e4ga l\u00fchike aeg ennast t\u00f5estada usaldusv\u00e4\u00e4rse ja informatiivse kanalina) kui ka tehniliselt poolelt (Google\u2019i algoritmide arendamine suurendab pidevalt sisu osat\u00e4htsust valemis ning m\u00e4\u00e4rab seel\u00e4bi ka lehe positsiooni otsimootorites);<\/li>\n<li>skaleeritavus (<em>scalability<\/em>) ehk mobiilsetes seadmetes kasutamiseks sobilik formaat kodulehest.<br>\nKuna aina enam kasutajaid j\u00f5uab veebilehele mobiilse seadme kaudu, mille ekraani m\u00f5\u00f5tmed on piiratud ning ekraan puutetundlik, on oluline luua kodulehe t\u00e4iendav, nutitelefonidele optimeeritud rakendus;<\/li>\n<li>otsimootoritele optimeeritud tekstiloome (SEO\u00a0<em>copywriting<\/em>), mis t\u00e4hendab, et juba kodulehe tekste luues tuleks lisaks tulevasele kodulehe kasutajale (tarbijasihtr\u00fchmale) m\u00f5elda ka sellele, kuidas n\u00e4eb kodulehe tekst v\u00e4lja otsimootori robotitele (teksti liigendamine, oluliste m\u00e4rks\u00f5nade olemasolu tekstis jne). S\u00f5ltuvalt ettev\u00f5tte tegevusvaldkonnast, br\u00e4ndi tugevusest ja konkurentsisituatsioonist v\u00f5ib otsimootorite kaudu j\u00f5uda kodulehele enamik kodulehe k\u00fclastajaid ja\/v\u00f5i kliente (vt ka ptk \u201eOtsimootorite optimeerimine ja otsimootoriturundus\u201d).<\/li>\n<\/ul>\n<\/div>\n<\/div>\n<\/div>\n<div id=\"id5\" class=\"valem-q\">\n<div class=\"iDevice emphasis1\"><img decoding=\"async\" class=\"iDevice_icon\" src=\"https:\/\/sisu.ut.ee\/wp-content\/uploads\/sites\/215\/icon_preknowledge.gif\" alt=\"iDevice ikoon\">\u00a0<span class=\"valem-t\">N\u00c4IDE<\/span>\n<div class=\"iDevice_inner\">\n<div id=\"ta5_26_2\" class=\"block\">\n<p>V\u00f5rreldes uudisteportaali Delfi veebilehte\u00a0<a href=\"http:\/\/www.delfi.ee\/\" target=\"_blank\" rel=\"noopener\">www.delfi.ee<\/a>\u00a0ja Delfi mobiilset veebilehte m.delfi.ee, ilmneb, et info veebilehtedel on analoogne, ent lehtede \u00fclesehitus ja formaat erinevad vastavalt lugemiseks kasutatava seadme erip\u00e4rale.<\/p>\n<\/div>\n<\/div>\n<\/div>\n<\/div>\n<div id=\"id6\" class=\"valem-q\">\n<div class=\"iDevice emphasis1\"><img decoding=\"async\" class=\"iDevice_icon\" src=\"https:\/\/sisu.ut.ee\/wp-content\/uploads\/sites\/215\/icon_objectives.gif\" alt=\"iDevice ikoon\">\u00a0<span class=\"valem-t\">VASTA K\u00dcSIMUSTELE!<\/span>\n<div class=\"iDevice_inner\">\n<div id=\"ta6_27_2\" class=\"block\">\n<ul>\n<li>Miks on integreeritud turunduskommunikatsiooni seisukohast oluline, et ettev\u00f5ttel oleks korralikult l\u00e4bim\u00f5eldud ja hea teostusega koduleht?<\/li>\n<li>Loetlege v\u00e4hemalt kolm t\u00e4htsamat aspekti, mida kodulehe planeerimisel ja valmistamisel silmas pidada.<\/li>\n<li>V\u00f5rrelge lehek\u00fclgi\u00a0<a href=\"http:\/\/www.delfi.ee\/\" target=\"_blank\" rel=\"noopener\">www.delfi.ee<\/a>\u00a0ja\u00a0<a href=\"http:\/\/m.delfi.ee\/\" target=\"_blank\" rel=\"noopener\">m.delfi.ee<\/a>\u00a0ning loetlege erinevusi. Selgitage, miks on need erinevused vajalikud.<\/li>\n<\/ul>\n<\/div>\n<\/div>\n<\/div>\n<\/div>\n","protected":false},"excerpt":{"rendered":"<p>\u00dclevaade Koduleht (kodulehek\u00fclg, veebileht) on organisatsiooni visiitkaart internetis. See on enamasti esmane ja keskne allikas, mis organisatsioonist veebiruumis kuvandi loob. H\u00e4sti teostatud kodulehek\u00fclg annab huvilistele ja potentsiaalsetele klientidele \u00fchelt poolt vajalikku informatsiooni organisatsiooniga suhtlemiseks ning teisalt loob (esma)mulje usaldusv\u00e4\u00e4rsusest, kvaliteedist &#8230;<\/p>\n","protected":false},"author":13,"featured_media":0,"parent":0,"menu_order":0,"comment_status":"closed","ping_status":"closed","template":"","meta":{"_acf_changed":false,"inline_featured_image":false,"footnotes":""},"class_list":["post-5","page","type-page","status-publish","hentry"],"acf":[],"_links":{"self":[{"href":"https:\/\/sisu.ut.ee\/turunduskommunikatsioon2\/wp-json\/wp\/v2\/pages\/5","targetHints":{"allow":["GET"]}}],"collection":[{"href":"https:\/\/sisu.ut.ee\/turunduskommunikatsioon2\/wp-json\/wp\/v2\/pages"}],"about":[{"href":"https:\/\/sisu.ut.ee\/turunduskommunikatsioon2\/wp-json\/wp\/v2\/types\/page"}],"author":[{"embeddable":true,"href":"https:\/\/sisu.ut.ee\/turunduskommunikatsioon2\/wp-json\/wp\/v2\/users\/13"}],"replies":[{"embeddable":true,"href":"https:\/\/sisu.ut.ee\/turunduskommunikatsioon2\/wp-json\/wp\/v2\/comments?post=5"}],"version-history":[{"count":3,"href":"https:\/\/sisu.ut.ee\/turunduskommunikatsioon2\/wp-json\/wp\/v2\/pages\/5\/revisions"}],"predecessor-version":[{"id":61,"href":"https:\/\/sisu.ut.ee\/turunduskommunikatsioon2\/wp-json\/wp\/v2\/pages\/5\/revisions\/61"}],"wp:attachment":[{"href":"https:\/\/sisu.ut.ee\/turunduskommunikatsioon2\/wp-json\/wp\/v2\/media?parent=5"}],"curies":[{"name":"wp","href":"https:\/\/api.w.org\/{rel}","templated":true}]}}